{"id":2517,"date":"2025-03-24T07:28:04","date_gmt":"2025-03-24T07:28:04","guid":{"rendered":"https:\/\/jblcorten.com\/?post_type=product&#038;p=2517"},"modified":"2025-03-24T07:30:35","modified_gmt":"2025-03-24T07:30:35","slug":"bol-a-feu-en-acier-corten","status":"publish","type":"product","link":"https:\/\/jblcorten.com\/fr\/corten-steel-fire-bowl\/","title":{"rendered":"Bol \u00e0 feu en acier Corten"},"content":{"rendered":"<p>Un bol \u00e0 feu en acier corten rehausse l'aspect de votre patio, de votre jardin ou de votre cour. Elle est fabriqu\u00e9e en acier corten, un mat\u00e9riau particuli\u00e8rement r\u00e9sistant aux intemp\u00e9ries. Lorsqu'il est utilis\u00e9 \u00e0 l'ext\u00e9rieur, la surface de l'acier forme une couche de rouille unique au fil du temps. Ce processus naturel d'oxydation conf\u00e8re \u00e0 la vasque un aspect vintage et industriel, mais forme \u00e9galement une barri\u00e8re protectrice qui emp\u00eache toute corrosion ult\u00e9rieure, prolongeant ainsi la dur\u00e9e de vie de la vasque.<\/p>\n<p>Les bols \u00e0 feu en acier Corten ont d'excellentes propri\u00e9t\u00e9s de stockage de la chaleur. L'\u00e9paisse structure en acier absorbe et dissipe efficacement la chaleur, cr\u00e9ant ainsi une atmosph\u00e8re chaleureuse et confortable pour les rassemblements en plein air. Ces bols \u00e0 feu peuvent \u00eatre aliment\u00e9s au bois ou au charbon de bois, selon le mod\u00e8le et les besoins de l'utilisateur. Les bols \u00e0 feu de bois offrent une exp\u00e9rience de feu de camp r\u00e9aliste, avec des cr\u00e9pitements et une sensation de chaleur naturelle lorsque les flammes br\u00fblent.<\/p>\n<p><strong><span style=\"font-size: 14pt;\">Sp\u00e9cification du produit :<\/span><\/strong><\/p>\n<table>\n<tbody>\n<tr style=\"background-color: #cfcfcf;\">\n<td>Nom du produit<\/td>\n<td>Bol \u00e0 feu en acier Corten<\/td>\n<\/tr>\n<tr>\n<td>Finition de la surface<\/td>\n<td>Rouille Corrosion<\/td>\n<\/tr>\n<tr>\n<td>Type<\/td>\n<td>Foyer<\/td>\n<\/tr>\n<tr>\n<td>Mat\u00e9riau<\/td>\n<td>Acier Corten<\/td>\n<\/tr>\n<tr>\n<td>Taille du produit<\/td>\n<td>600*600*300mm\/800*800*345\/1000*1000*385mm<\/td>\n<\/tr>\n<tr>\n<td>Conception<\/td>\n<td>De nombreuses finitions sont disponibles en fonction des besoins du client.<\/td>\n<\/tr>\n<tr>\n<td>Poids<\/td>\n<td>10,3\/17,9\/38,5kg<\/td>\n<\/tr>\n<tr>\n<td>Service de conception sur mesure<\/td>\n<td>Oui<\/td>\n<\/tr>\n<tr>\n<td>D\u00e9tails de l'emballage<\/td>\n<td>Caisse en contreplaqu\u00e9 et cadre en acier<\/td>\n<\/tr>\n<tr>\n<td>Remarques<\/td>\n<td>Chaque foyer peut \u00eatre personnalis\u00e9 au niveau de la couleur, de la taille.<\/td>\n<\/tr>\n<\/tbody>\n<\/table>\n<p><strong><span style=\"font-size: 14pt;\">Acier Corten vs. acier ordinaire<\/span><\/strong><\/p>\n<p>Contrairement \u00e0 l'acier traditionnel, l'acier corten ne se corrode pas rapidement lorsqu'il est expos\u00e9 \u00e0 l'humidit\u00e9, mais forme au contraire une couche de rouille stable qui emp\u00eache toute oxydation ult\u00e9rieure. Il forme au contraire une couche de rouille stable qui emp\u00eache toute oxydation ult\u00e9rieure. Il s'agit donc d'un foyer d'ext\u00e9rieur parfait, capable de r\u00e9sister \u00e0 diverses conditions m\u00e9t\u00e9orologiques. Cette caract\u00e9ristique en fait non seulement un appareil de chauffage pratique, mais aussi un objet d\u00e9coratif qui peut \u00eatre utilis\u00e9 pendant longtemps, ajoutant un style unique \u00e0 l'espace ext\u00e9rieur.<\/p>\n<p><img fetchpriority=\"high\" decoding=\"async\" class=\"alignnone wp-image-2518\" src=\"https:\/\/jblcorten.com\/wp-content\/uploads\/2025\/03\/Corten-Steel-vs.-Regular-Steel.jpg\" alt=\"Acier Corten vs. acier ordinaire\" width=\"750\" height=\"413\" title=\"\" srcset=\"https:\/\/jblcorten.com\/wp-content\/uploads\/2025\/03\/Corten-Steel-vs.-Regular-Steel.jpg 699w, https:\/\/jblcorten.com\/wp-content\/uploads\/2025\/03\/Corten-Steel-vs.-Regular-Steel-600x330.jpg 600w, https:\/\/jblcorten.com\/wp-content\/uploads\/2025\/03\/Corten-Steel-vs.-Regular-Steel-300x165.jpg 300w, https:\/\/jblcorten.com\/wp-content\/uploads\/2025\/03\/Corten-Steel-vs.-Regular-Steel-18x10.jpg 18w\" sizes=\"(max-width: 750px) 100vw, 750px\" \/><\/p>\n<p>Selon le graphique ci-dessus, la courbe rouge repr\u00e9sente l'\u00e9volution de la corrosion de l'acier corten, et la courbe bleue repr\u00e9sente l'\u00e9volution de la corrosion de l'acier ordinaire. Au fil du temps, on constate que le taux de r\u00e9sistance \u00e0 la corrosion de l'acier corten se stabilise progressivement. On peut constater que la qualit\u00e9 de l'acier corten est due \u00e0 celle de l'acier ordinaire.<\/p>\n<p><img decoding=\"async\" class=\"alignnone wp-image-2519 size-full\" src=\"https:\/\/jblcorten.com\/wp-content\/uploads\/2025\/03\/corten-steel-material.jpg\" alt=\"\" width=\"750\" height=\"321\" title=\"\" srcset=\"https:\/\/jblcorten.com\/wp-content\/uploads\/2025\/03\/corten-steel-material.jpg 750w, https:\/\/jblcorten.com\/wp-content\/uploads\/2025\/03\/corten-steel-material-600x257.jpg 600w, https:\/\/jblcorten.com\/wp-content\/uploads\/2025\/03\/corten-steel-material-300x128.jpg 300w, https:\/\/jblcorten.com\/wp-content\/uploads\/2025\/03\/corten-steel-material-18x8.jpg 18w\" sizes=\"(max-width: 750px) 100vw, 750px\" \/><\/p>\n<p><strong><span style=\"font-size: 14pt;\">Emballage du produit :<\/span><\/strong><\/p>\n<p>Bo\u00eete en bois ou selon la demande du client.<\/p>\n<p><img decoding=\"async\" class=\"alignnone wp-image-2452\" src=\"https:\/\/jblcorten.com\/wp-content\/uploads\/2024\/08\/metal-fire-pit.jpg\" alt=\"\" width=\"750\" height=\"473\" title=\"\" srcset=\"https:\/\/jblcorten.com\/wp-content\/uploads\/2024\/08\/metal-fire-pit.jpg 711w, https:\/\/jblcorten.com\/wp-content\/uploads\/2024\/08\/metal-fire-pit-600x378.jpg 600w, https:\/\/jblcorten.com\/wp-content\/uploads\/2024\/08\/metal-fire-pit-300x189.jpg 300w, https:\/\/jblcorten.com\/wp-content\/uploads\/2024\/08\/metal-fire-pit-18x12.jpg 18w\" sizes=\"(max-width: 750px) 100vw, 750px\" \/><\/p>\n<p style=\"text-align: center;\"><span style=\"font-size: 14pt;\"><a href=\"\/fr\/nous-contacter\/\"><strong><span style=\"color: #00ccff;\">Contactez-nous pour plus de d\u00e9tails.<\/span><\/strong><\/a><\/span><\/p>","protected":false},"excerpt":{"rendered":"<p>Le bol \u00e0 feu en acier Corten poss\u00e8de d'excellentes propri\u00e9t\u00e9s de stockage de la chaleur. L'\u00e9paisse structure en acier absorbe et dissipe efficacement la chaleur, cr\u00e9ant ainsi une atmosph\u00e8re chaleureuse et confortable pour les rassemblements en plein air. La vasque \u00e0 bois offre une exp\u00e9rience de feu de camp r\u00e9aliste, avec des cr\u00e9pitements et une sensation de chaleur naturelle lorsque les flammes br\u00fblent.<\/p>","protected":false},"featured_media":2520,"template":"","meta":{"site-sidebar-layout":"default","site-content-layout":"","ast-site-content-layout":"default","site-content-style":"default","site-sidebar-style":"default","ast-global-header-display":"","ast-banner-title-visibility":"","ast-main-header-display":"","ast-hfb-above-header-display":"","ast-hfb-below-header-display":"","ast-hfb-mobile-header-display":"","site-post-title":"","ast-breadcrumbs-content":"","ast-featured-img":"","footer-sml-layout":"","ast-disable-related-posts":"","theme-transparent-header-meta":"default","adv-header-id-meta":"","stick-header-meta":"","header-above-stick-meta":"","header-main-stick-meta":"","header-below-stick-meta":"","astra-migrate-meta-layouts":"set","ast-page-background-enabled":"default","ast-page-background-meta":{"desktop":{"background-color":"var(--ast-global-color-4)","background-image":"","background-repeat":"repeat","background-position":"center center","background-size":"auto","background-attachment":"scroll","background-type":"","background-media":"","overlay-type":"","overlay-color":"","overlay-opacity":"","overlay-gradient":""},"tablet":{"background-color":"","background-image":"","background-repeat":"repeat","background-position":"center center","background-size":"auto","background-attachment":"scroll","background-type":"","background-media":"","overlay-type":"","overlay-color":"","overlay-opacity":"","overlay-gradient":""},"mobile":{"background-color":"","background-image":"","background-repeat":"repeat","background-position":"center center","background-size":"auto","background-attachment":"scroll","background-type":"","background-media":"","overlay-type":"","overlay-color":"","overlay-opacity":"","overlay-gradient":""}},"ast-content-background-meta":{"desktop":{"background-color":"var(--ast-global-color-5)","background-image":"","background-repeat":"repeat","background-position":"center center","background-size":"auto","background-attachment":"scroll","background-type":"","background-media":"","overlay-type":"","overlay-color":"","overlay-opacity":"","overlay-gradient":""},"tablet":{"background-color":"var(--ast-global-color-5)","background-image":"","background-repeat":"repeat","background-position":"center center","background-size":"auto","background-attachment":"scroll","background-type":"","background-media":"","overlay-type":"","overlay-color":"","overlay-opacity":"","overlay-gradient":""},"mobile":{"background-color":"var(--ast-global-color-5)","background-image":"","background-repeat":"repeat","background-position":"center center","background-size":"auto","background-attachment":"scroll","background-type":"","background-media":"","overlay-type":"","overlay-color":"","overlay-opacity":"","overlay-gradient":""}}},"product_brand":[],"product_cat":[29,45],"product_tag":[],"class_list":{"0":"post-2517","1":"product","2":"type-product","3":"status-publish","4":"has-post-thumbnail","6":"product_cat-fire-pit","7":"product_cat-wood-burning-fire-pit","8":"desktop-align-center","9":"tablet-align-left","10":"mobile-align-left","12":"first","13":"instock","14":"shipping-taxable","15":"product-type-simple"},"_links":{"self":[{"href":"https:\/\/jblcorten.com\/fr\/wp-json\/wp\/v2\/product\/2517","targetHints":{"allow":["GET"]}}],"collection":[{"href":"https:\/\/jblcorten.com\/fr\/wp-json\/wp\/v2\/product"}],"about":[{"href":"https:\/\/jblcorten.com\/fr\/wp-json\/wp\/v2\/types\/product"}],"wp:featuredmedia":[{"embeddable":true,"href":"https:\/\/jblcorten.com\/fr\/wp-json\/wp\/v2\/media\/2520"}],"wp:attachment":[{"href":"https:\/\/jblcorten.com\/fr\/wp-json\/wp\/v2\/media?parent=2517"}],"wp:term":[{"taxonomy":"product_brand","embeddable":true,"href":"https:\/\/jblcorten.com\/fr\/wp-json\/wp\/v2\/product_brand?post=2517"},{"taxonomy":"product_cat","embeddable":true,"href":"https:\/\/jblcorten.com\/fr\/wp-json\/wp\/v2\/product_cat?post=2517"},{"taxonomy":"product_tag","embeddable":true,"href":"https:\/\/jblcorten.com\/fr\/wp-json\/wp\/v2\/product_tag?post=2517"}],"curies":[{"name":"wp","href":"https:\/\/api.w.org\/{rel}","templated":true}]}}