{"id":2508,"date":"2025-03-21T09:02:12","date_gmt":"2025-03-21T09:02:12","guid":{"rendered":"https:\/\/jblcorten.com\/?post_type=product&#038;p=2508"},"modified":"2025-03-21T09:03:53","modified_gmt":"2025-03-21T09:03:53","slug":"poele-a-bois-grill","status":"publish","type":"product","link":"https:\/\/jblcorten.com\/fr\/wood-burning-stove-grill\/","title":{"rendered":"Po\u00eale \u00e0 bois Grill"},"content":{"rendered":"<p>Parmi les nombreux mat\u00e9riaux utilis\u00e9s pour les barbecues \u00e0 bois, l'acier corten est devenu un choix de plus en plus populaire en raison de sa grande r\u00e9sistance \u00e0 la corrosion et de sa durabilit\u00e9. En particulier, les barbecues \u00e0 bois en acier corten peuvent non seulement fournir une saveur de grillade au charbon de bois, mais aussi am\u00e9liorer l'esth\u00e9tique de l'environnement ext\u00e9rieur.<\/p>\n<p><strong><span style=\"font-size: 14pt;\">Sp\u00e9cification du produit :<\/span><\/strong><\/p>\n<table>\n<tbody>\n<tr>\n<td><strong>Nom du produit<\/strong><\/td>\n<td>Po\u00eale \u00e0 bois Grill<\/td>\n<\/tr>\n<tr>\n<td><strong>Mat\u00e9riau<\/strong><\/td>\n<td>Acier Corten,Acier au carbone<\/td>\n<\/tr>\n<tr>\n<td><strong>Couleur<\/strong><\/td>\n<td>Rusty<\/td>\n<\/tr>\n<tr>\n<td><strong>Taille et forme<\/strong><\/td>\n<td>800mm,1000mm,Standard ou sur mesure<\/td>\n<\/tr>\n<tr>\n<td><strong>\u00c9paisseur :<\/strong><\/td>\n<td>Base et bol : 2 mm. Plaque de cuisson : 10 mm<\/td>\n<\/tr>\n<\/tbody>\n<\/table>\n<p><strong><span style=\"font-size: 14pt;\">Pourquoi choisir le gril pour po\u00eale \u00e0 bois ?<\/span><\/strong><\/p>\n<ol>\n<li>Mat\u00e9riau de l'acier corten : Compar\u00e9 \u00e0 l'acier ordinaire, l'acier corten (r\u00e9sistant aux intemp\u00e9ries) peut \u00eatre utilis\u00e9 \u00e0 l'ext\u00e9rieur pendant une longue p\u00e9riode, n'est pas facile \u00e0 rouiller et une couche unique de protection contre la rouille se forme \u00e0 la surface.<\/li>\n<li>Conception d'un four \u00e0 bois : L'utilisation du bois comme combustible permet d'obtenir une saveur fum\u00e9e plus riche tout en r\u00e9duisant la d\u00e9pendance \u00e0 l'\u00e9gard de sources d'\u00e9nergie externes telles que le gaz liqu\u00e9fi\u00e9.<\/li>\n<li>Base torsad\u00e9e : La conception unique de la base torsad\u00e9e am\u00e9liore non seulement la beaut\u00e9 visuelle, mais aussi la stabilit\u00e9 de la structure globale, ce qui rend le gril plus robuste et plus durable.<\/li>\n<li>R\u00e9sistance aux temp\u00e9ratures \u00e9lev\u00e9es : L'acier r\u00e9sistant aux intemp\u00e9ries peut supporter une combustion \u00e0 haute temp\u00e9rature, n'est pas facile \u00e0 d\u00e9former et garantit la fiabilit\u00e9 d'une utilisation \u00e0 long terme.<\/li>\n<li>Respectueux de l'environnement et durable : L'utilisation du bois comme combustible est plus proche de la nature que les m\u00e9thodes de cuisson au gaz ou \u00e0 l'\u00e9lectricit\u00e9, ce qui r\u00e9duit les \u00e9missions de carbone.<\/li>\n<\/ol>\n<p><strong><span style=\"font-size: 14pt;\">D\u00e9tails du produit :<\/span><\/strong><\/p>\n<ul>\n<li>Plaque sup\u00e9rieure en acier au carbone : Cette plaque sup\u00e9rieure est fabriqu\u00e9e en acier au carbone tremp\u00e9 d'une \u00e9paisseur suffisante. Ce mat\u00e9riau \u00e9vite les d\u00e9formations \u00e0 haute temp\u00e9rature.<br \/>\nLes diam\u00e8tres sont de 1000 mm et 800 mm.  L'\u00e9paisseur est de 10 mm.<\/li>\n<li>Diam\u00e8tre de la grille centrale : 450 mm (diam\u00e8tre de 1000 mm) et 400 mm (diam\u00e8tre de 800 mm)<\/li>\n<li>Bol : Le bol est fait d'un h\u00e9misph\u00e8re pour r\u00e9sister aux temp\u00e9ratures \u00e9lev\u00e9es. L'\u00e9paisseur est de 2 mm. Le diam\u00e8tre ext\u00e9rieur est de 850 mm et 1020 mm.<\/li>\n<li>Base : acier corten de 10 mm pour r\u00e9sister aux objets lourds<\/li>\n<\/ul>\n<p><img fetchpriority=\"high\" decoding=\"async\" class=\"alignnone wp-image-2514\" src=\"https:\/\/jblcorten.com\/wp-content\/uploads\/2025\/03\/grill-corten.jpg\" alt=\"\" width=\"750\" height=\"563\" title=\"\" srcset=\"https:\/\/jblcorten.com\/wp-content\/uploads\/2025\/03\/grill-corten.jpg 1000w, https:\/\/jblcorten.com\/wp-content\/uploads\/2025\/03\/grill-corten-600x450.jpg 600w, https:\/\/jblcorten.com\/wp-content\/uploads\/2025\/03\/grill-corten-300x225.jpg 300w, https:\/\/jblcorten.com\/wp-content\/uploads\/2025\/03\/grill-corten-768x576.jpg 768w, https:\/\/jblcorten.com\/wp-content\/uploads\/2025\/03\/grill-corten-16x12.jpg 16w\" sizes=\"(max-width: 750px) 100vw, 750px\" \/><\/p>","protected":false},"excerpt":{"rendered":"<p>Qu'il s'agisse d'une r\u00e9union de famille, d'un pique-nique en camping ou d'un barbecue commercial, il peut fournir d'excellents r\u00e9sultats de grillade et une grande facilit\u00e9 d'utilisation. Si vous \u00eates \u00e0 la recherche d'une grille de barbecue durable, belle et unique, cette grille de po\u00eale \u00e0 bois est sans aucun doute un excellent choix.<\/p>","protected":false},"featured_media":2509,"template":"","meta":{"site-sidebar-layout":"default","site-content-layout":"","ast-site-content-layout":"default","site-content-style":"default","site-sidebar-style":"default","ast-global-header-display":"","ast-banner-title-visibility":"","ast-main-header-display":"","ast-hfb-above-header-display":"","ast-hfb-below-header-display":"","ast-hfb-mobile-header-display":"","site-post-title":"","ast-breadcrumbs-content":"","ast-featured-img":"","footer-sml-layout":"","ast-disable-related-posts":"","theme-transparent-header-meta":"default","adv-header-id-meta":"","stick-header-meta":"","header-above-stick-meta":"","header-main-stick-meta":"","header-below-stick-meta":"","astra-migrate-meta-layouts":"set","ast-page-background-enabled":"default","ast-page-background-meta":{"desktop":{"background-color":"var(--ast-global-color-4)","background-image":"","background-repeat":"repeat","background-position":"center center","background-size":"auto","background-attachment":"scroll","background-type":"","background-media":"","overlay-type":"","overlay-color":"","overlay-opacity":"","overlay-gradient":""},"tablet":{"background-color":"","background-image":"","background-repeat":"repeat","background-position":"center center","background-size":"auto","background-attachment":"scroll","background-type":"","background-media":"","overlay-type":"","overlay-color":"","overlay-opacity":"","overlay-gradient":""},"mobile":{"background-color":"","background-image":"","background-repeat":"repeat","background-position":"center center","background-size":"auto","background-attachment":"scroll","background-type":"","background-media":"","overlay-type":"","overlay-color":"","overlay-opacity":"","overlay-gradient":""}},"ast-content-background-meta":{"desktop":{"background-color":"var(--ast-global-color-5)","background-image":"","background-repeat":"repeat","background-position":"center center","background-size":"auto","background-attachment":"scroll","background-type":"","background-media":"","overlay-type":"","overlay-color":"","overlay-opacity":"","overlay-gradient":""},"tablet":{"background-color":"var(--ast-global-color-5)","background-image":"","background-repeat":"repeat","background-position":"center center","background-size":"auto","background-attachment":"scroll","background-type":"","background-media":"","overlay-type":"","overlay-color":"","overlay-opacity":"","overlay-gradient":""},"mobile":{"background-color":"var(--ast-global-color-5)","background-image":"","background-repeat":"repeat","background-position":"center center","background-size":"auto","background-attachment":"scroll","background-type":"","background-media":"","overlay-type":"","overlay-color":"","overlay-opacity":"","overlay-gradient":""}}},"product_brand":[],"product_cat":[25],"product_tag":[],"class_list":{"0":"post-2508","1":"product","2":"type-product","3":"status-publish","4":"has-post-thumbnail","6":"product_cat-bbq-grill","7":"desktop-align-center","8":"tablet-align-left","9":"mobile-align-left","11":"first","12":"instock","13":"shipping-taxable","14":"product-type-simple"},"_links":{"self":[{"href":"https:\/\/jblcorten.com\/fr\/wp-json\/wp\/v2\/product\/2508","targetHints":{"allow":["GET"]}}],"collection":[{"href":"https:\/\/jblcorten.com\/fr\/wp-json\/wp\/v2\/product"}],"about":[{"href":"https:\/\/jblcorten.com\/fr\/wp-json\/wp\/v2\/types\/product"}],"wp:featuredmedia":[{"embeddable":true,"href":"https:\/\/jblcorten.com\/fr\/wp-json\/wp\/v2\/media\/2509"}],"wp:attachment":[{"href":"https:\/\/jblcorten.com\/fr\/wp-json\/wp\/v2\/media?parent=2508"}],"wp:term":[{"taxonomy":"product_brand","embeddable":true,"href":"https:\/\/jblcorten.com\/fr\/wp-json\/wp\/v2\/product_brand?post=2508"},{"taxonomy":"product_cat","embeddable":true,"href":"https:\/\/jblcorten.com\/fr\/wp-json\/wp\/v2\/product_cat?post=2508"},{"taxonomy":"product_tag","embeddable":true,"href":"https:\/\/jblcorten.com\/fr\/wp-json\/wp\/v2\/product_tag?post=2508"}],"curies":[{"name":"wp","href":"https:\/\/api.w.org\/{rel}","templated":true}]}}