{"id":2489,"date":"2025-03-21T07:00:47","date_gmt":"2025-03-21T07:00:47","guid":{"rendered":"https:\/\/jblcorten.com\/?post_type=product&#038;p=2489"},"modified":"2025-03-21T07:03:23","modified_gmt":"2025-03-21T07:03:23","slug":"gril-bbq-avec-table","status":"publish","type":"product","link":"https:\/\/jblcorten.com\/fr\/bbq-grill-with-table\/","title":{"rendered":"Barbecue avec table"},"content":{"rendered":"<p>Le barbecue est l'une des activit\u00e9s de plein air pr\u00e9f\u00e9r\u00e9es, et la conception de la grille de barbecue influe directement sur l'exp\u00e9rience de l'utilisateur. Les barbecues traditionnels sont g\u00e9n\u00e9ralement des structures \u00e0 grille unique, et des tables suppl\u00e9mentaires sont n\u00e9cessaires pour placer les ingr\u00e9dients, les outils et les condiments pendant l'utilisation. Le barbecue avec table r\u00e9sout parfaitement ce probl\u00e8me. Il int\u00e8gre le four et la plate-forme d'utilisation, ce qui rend le processus de barbecue plus pratique et plus efficace.<\/p>\n<p><strong><span style=\"font-size: 14pt;\">Sp\u00e9cification du produit :<\/span><\/strong><\/p>\n<table style=\"width: 100%;\">\n<tbody>\n<tr style=\"background-color: #d3d3d3;\">\n<td style=\"width: 31.4136%;\" width=\"112\">Nom du produit<\/td>\n<td style=\"width: 68.5116%;\" width=\"251\">Barbecue avec table<\/td>\n<\/tr>\n<tr>\n<td style=\"width: 31.4136%;\" width=\"112\">Mat\u00e9riau<\/td>\n<td style=\"width: 68.5116%;\" width=\"251\">Acier au carbone, acier Corten, etc.<\/td>\n<\/tr>\n<tr>\n<td style=\"width: 31.4136%;\" width=\"112\">Finition<\/td>\n<td style=\"width: 68.5116%;\" width=\"251\">Rouill\u00e9,peint par poudrage,Naturel<\/td>\n<\/tr>\n<tr>\n<td style=\"width: 31.4136%;\" width=\"112\">Taille normale<\/td>\n<td style=\"width: 68.5116%;\" width=\"251\">165cm(D)*100cm(H)<\/td>\n<\/tr>\n<tr>\n<td style=\"width: 31.4136%;\" width=\"112\">Application<\/td>\n<td style=\"width: 68.5116%;\" width=\"251\">Chauffage et d\u00e9coration d'ext\u00e9rieur<\/td>\n<\/tr>\n<tr>\n<td style=\"width: 31.4136%;\" width=\"112\">Accessoires<\/td>\n<td style=\"width: 68.5116%;\" width=\"251\">Spatules, poign\u00e9es, couvercle, grille centrale et grille<\/td>\n<\/tr>\n<tr>\n<td style=\"width: 31.4136%;\" width=\"112\">Paquet<\/td>\n<td style=\"width: 68.5116%;\" width=\"251\">Coffret en bois<\/td>\n<\/tr>\n<\/tbody>\n<\/table>\n<p><strong><span style=\"font-size: 14pt;\">Barbecue avec table VS. Barbecue ordinaire<\/span><\/strong><\/p>\n<p>La plus grande diff\u00e9rence entre un barbecue avec table et un barbecue ordinaire est le plan de travail ou la table. Le plan de travail de ce barbecue est situ\u00e9 sur le c\u00f4t\u00e9 droit du barbecue, ce qui offre suffisamment d'espace pour les outils de cuisson, les ingr\u00e9dients et les condiments. En outre, ce barbecue est \u00e9galement \u00e9quip\u00e9 d'un casier, o\u00f9 le bois peut \u00eatre stock\u00e9.<\/p>\n<p><img fetchpriority=\"high\" decoding=\"async\" class=\"alignnone wp-image-2490 size-full\" src=\"https:\/\/jblcorten.com\/wp-content\/uploads\/2025\/03\/BBQ-grill-with-table.jpg\" alt=\"Barbecue avec table\" width=\"750\" height=\"400\" title=\"\" srcset=\"https:\/\/jblcorten.com\/wp-content\/uploads\/2025\/03\/BBQ-grill-with-table.jpg 750w, https:\/\/jblcorten.com\/wp-content\/uploads\/2025\/03\/BBQ-grill-with-table-600x320.jpg 600w, https:\/\/jblcorten.com\/wp-content\/uploads\/2025\/03\/BBQ-grill-with-table-300x160.jpg 300w, https:\/\/jblcorten.com\/wp-content\/uploads\/2025\/03\/BBQ-grill-with-table-18x10.jpg 18w\" sizes=\"(max-width: 750px) 100vw, 750px\" \/><\/p>\n<p><strong><span style=\"font-size: 14pt;\">Avantages du barbecue avec table :<\/span><\/strong><\/p>\n<p>Par rapport aux barbecues traditionnels, les barbecues avec table pr\u00e9sentent de nombreux avantages, rendant l'exp\u00e9rience du barbecue plus facile et plus agr\u00e9able.<\/p>\n<ul>\n<li>Am\u00e9liorer l'efficacit\u00e9 op\u00e9rationnelle : Le bureau peut \u00eatre utilis\u00e9 pour placer divers ingr\u00e9dients, assaisonnements et outils, ce qui r\u00e9duit le temps pass\u00e9 \u00e0 faire des allers-retours et am\u00e9liore l'efficacit\u00e9 de la cuisson.<\/li>\n<li>Am\u00e9liorer la s\u00e9curit\u00e9 : \u00c9vitez de placer les ingr\u00e9dients et les outils au hasard afin de r\u00e9duire les risques de collisions accidentelles, de br\u00fblures, etc.<\/li>\n<li>Am\u00e9liorer le confort : Il n'est pas n\u00e9cessaire d'acheter ou de construire des tables suppl\u00e9mentaires, ce qui permet de profiter pleinement du barbecue.<\/li>\n<li>Rangement pratique : La grille de barbecue dispose d'un espace de rangement qui permet de stocker les bouteilles d'assaisonnement, le charbon de bois et d'autres fournitures, ce qui rend l'emplacement du barbecue plus ordonn\u00e9.<\/li>\n<\/ul>\n<p><strong><span style=\"font-size: 14pt;\">Emballage du produit :<\/span><\/strong><\/p>\n<p><img decoding=\"async\" class=\"alignnone size-full wp-image-2491\" src=\"https:\/\/jblcorten.com\/wp-content\/uploads\/2025\/03\/outdoor-grill-table-with-storage.jpg\" alt=\"\" width=\"750\" height=\"400\" title=\"\" srcset=\"https:\/\/jblcorten.com\/wp-content\/uploads\/2025\/03\/outdoor-grill-table-with-storage.jpg 750w, https:\/\/jblcorten.com\/wp-content\/uploads\/2025\/03\/outdoor-grill-table-with-storage-600x320.jpg 600w, https:\/\/jblcorten.com\/wp-content\/uploads\/2025\/03\/outdoor-grill-table-with-storage-300x160.jpg 300w, https:\/\/jblcorten.com\/wp-content\/uploads\/2025\/03\/outdoor-grill-table-with-storage-18x10.jpg 18w\" sizes=\"(max-width: 750px) 100vw, 750px\" \/><\/p>","protected":false},"excerpt":{"rendered":"<p>La plus grande diff\u00e9rence entre un barbecue avec table et un barbecue ordinaire est le plan de travail ou la table. Le plan de travail de ce barbecue est situ\u00e9 sur le c\u00f4t\u00e9 droit du barbecue, ce qui offre suffisamment d'espace pour les outils de cuisson, les ingr\u00e9dients et les condiments. En outre, ce barbecue est \u00e9galement \u00e9quip\u00e9 d'un casier, o\u00f9 le bois peut \u00eatre stock\u00e9.<\/p>","protected":false},"featured_media":2493,"template":"","meta":{"site-sidebar-layout":"default","site-content-layout":"","ast-site-content-layout":"default","site-content-style":"default","site-sidebar-style":"default","ast-global-header-display":"","ast-banner-title-visibility":"","ast-main-header-display":"","ast-hfb-above-header-display":"","ast-hfb-below-header-display":"","ast-hfb-mobile-header-display":"","site-post-title":"","ast-breadcrumbs-content":"","ast-featured-img":"","footer-sml-layout":"","ast-disable-related-posts":"","theme-transparent-header-meta":"default","adv-header-id-meta":"","stick-header-meta":"","header-above-stick-meta":"","header-main-stick-meta":"","header-below-stick-meta":"","astra-migrate-meta-layouts":"set","ast-page-background-enabled":"default","ast-page-background-meta":{"desktop":{"background-color":"var(--ast-global-color-4)","background-image":"","background-repeat":"repeat","background-position":"center center","background-size":"auto","background-attachment":"scroll","background-type":"","background-media":"","overlay-type":"","overlay-color":"","overlay-opacity":"","overlay-gradient":""},"tablet":{"background-color":"","background-image":"","background-repeat":"repeat","background-position":"center center","background-size":"auto","background-attachment":"scroll","background-type":"","background-media":"","overlay-type":"","overlay-color":"","overlay-opacity":"","overlay-gradient":""},"mobile":{"background-color":"","background-image":"","background-repeat":"repeat","background-position":"center center","background-size":"auto","background-attachment":"scroll","background-type":"","background-media":"","overlay-type":"","overlay-color":"","overlay-opacity":"","overlay-gradient":""}},"ast-content-background-meta":{"desktop":{"background-color":"var(--ast-global-color-5)","background-image":"","background-repeat":"repeat","background-position":"center center","background-size":"auto","background-attachment":"scroll","background-type":"","background-media":"","overlay-type":"","overlay-color":"","overlay-opacity":"","overlay-gradient":""},"tablet":{"background-color":"var(--ast-global-color-5)","background-image":"","background-repeat":"repeat","background-position":"center center","background-size":"auto","background-attachment":"scroll","background-type":"","background-media":"","overlay-type":"","overlay-color":"","overlay-opacity":"","overlay-gradient":""},"mobile":{"background-color":"var(--ast-global-color-5)","background-image":"","background-repeat":"repeat","background-position":"center center","background-size":"auto","background-attachment":"scroll","background-type":"","background-media":"","overlay-type":"","overlay-color":"","overlay-opacity":"","overlay-gradient":""}}},"product_brand":[],"product_cat":[25],"product_tag":[],"class_list":{"0":"post-2489","1":"product","2":"type-product","3":"status-publish","4":"has-post-thumbnail","6":"product_cat-bbq-grill","7":"desktop-align-center","8":"tablet-align-left","9":"mobile-align-left","11":"first","12":"instock","13":"shipping-taxable","14":"product-type-simple"},"_links":{"self":[{"href":"https:\/\/jblcorten.com\/fr\/wp-json\/wp\/v2\/product\/2489","targetHints":{"allow":["GET"]}}],"collection":[{"href":"https:\/\/jblcorten.com\/fr\/wp-json\/wp\/v2\/product"}],"about":[{"href":"https:\/\/jblcorten.com\/fr\/wp-json\/wp\/v2\/types\/product"}],"wp:featuredmedia":[{"embeddable":true,"href":"https:\/\/jblcorten.com\/fr\/wp-json\/wp\/v2\/media\/2493"}],"wp:attachment":[{"href":"https:\/\/jblcorten.com\/fr\/wp-json\/wp\/v2\/media?parent=2489"}],"wp:term":[{"taxonomy":"product_brand","embeddable":true,"href":"https:\/\/jblcorten.com\/fr\/wp-json\/wp\/v2\/product_brand?post=2489"},{"taxonomy":"product_cat","embeddable":true,"href":"https:\/\/jblcorten.com\/fr\/wp-json\/wp\/v2\/product_cat?post=2489"},{"taxonomy":"product_tag","embeddable":true,"href":"https:\/\/jblcorten.com\/fr\/wp-json\/wp\/v2\/product_tag?post=2489"}],"curies":[{"name":"wp","href":"https:\/\/api.w.org\/{rel}","templated":true}]}}