{"id":2392,"date":"2025-03-20T07:03:18","date_gmt":"2025-03-20T07:03:18","guid":{"rendered":"https:\/\/jblcorten.com\/?post_type=product&#038;p=2392"},"modified":"2025-03-20T07:03:18","modified_gmt":"2025-03-20T07:03:18","slug":"gril-bbq-a-bois","status":"publish","type":"product","link":"https:\/\/jblcorten.com\/fr\/wood-burning-bbq-grill\/","title":{"rendered":"Gril BBQ au feu de bois"},"content":{"rendered":"<p><span style=\"font-size: 14pt;\"><strong>Gril BBQ au feu de bois<\/strong><\/span><\/p>\n<p>Le corps du gril bbq \u00e0 bois est fabriqu\u00e9 en acier corten de haute qualit\u00e9, qui est durable, pratique et beau, et peut ajouter un plaisir infini \u00e0 votre exp\u00e9rience de la cuisine en plein air.<\/p>\n<p>L'acier Corten, \u00e9galement connu sous le nom d'acier r\u00e9sistant aux intemp\u00e9ries, pr\u00e9sente une excellente r\u00e9sistance \u00e0 la corrosion et aux intemp\u00e9ries, ce qui le rend particuli\u00e8rement adapt\u00e9 \u00e0 une utilisation en ext\u00e9rieur. Au fil du temps, une couche de rouille unique se forme naturellement \u00e0 la surface de l'acier, ce qui conf\u00e8re au gril une texture esth\u00e9tique industrielle unique et renforce sa capacit\u00e9 \u00e0 r\u00e9sister au vent et \u00e0 la pluie.<\/p>\n<p>Ce gril bbq \u00e0 bois a \u00e9t\u00e9 con\u00e7u en pensant aux utilisateurs, en mettant l'accent sur la praticit\u00e9 et la mode. Sa structure robuste peut r\u00e9sister \u00e0 des temp\u00e9ratures \u00e9lev\u00e9es et \u00e0 une exposition prolong\u00e9e \u00e0 l'ext\u00e9rieur, ce qui permet de l'utiliser tout au long de l'ann\u00e9e. Le gril est \u00e9quip\u00e9 d'une zone de cuisson spacieuse qui peut facilement r\u00e9pondre aux besoins de cuisson des grands rassemblements. La plaque du gril est en acier au carbone, ce qui permet de chauffer rapidement les aliments et de les faire chauffer uniform\u00e9ment, qu'il s'agisse de griller rapidement un steak ou des l\u00e9gumes. La conception sp\u00e9ciale de la chambre de combustion du bois permet aux aliments d'absorber pleinement l'ar\u00f4me de la combustion naturelle du bois, ce qui apporte une exp\u00e9rience gustative compl\u00e8tement diff\u00e9rente de celle des grillades au gaz ou au charbon de bois.<\/p>\n<p>Choisir un barbecue \u00e0 bois, c'est non seulement ajouter un outil \u00e0 votre cuisine d'ext\u00e9rieur, mais aussi cr\u00e9er un centre de cuisson plein de rituels pour vos r\u00e9unions de famille et vos d\u00eeners entre amis. Il vous apportera une exp\u00e9rience in\u00e9gal\u00e9e de la cuisine en plein air et fera de chaque barbecue un souvenir inoubliable.<\/p>\n<p><span style=\"font-size: 14pt;\"><strong>Sp\u00e9cification du produit :<\/strong><\/span><\/p>\n<table style=\"border-collapse: collapse; width: 100%;\">\n<tbody>\n<tr>\n<td style=\"width: 28.2349%;\">Nom du produit<\/td>\n<td style=\"width: 71.7651%;\">Gril BBQ au feu de bois<\/td>\n<\/tr>\n<tr>\n<td style=\"width: 28.2349%;\">Mat\u00e9riau<\/td>\n<td style=\"width: 71.7651%;\">Acier Corten, Acier au carbone<\/td>\n<\/tr>\n<tr>\n<td style=\"width: 28.2349%;\">Finition<\/td>\n<td style=\"width: 71.7651%;\">Rouill\u00e9, poudr\u00e9, naturel<\/td>\n<\/tr>\n<tr>\n<td style=\"width: 28.2349%;\">Taille normale<\/td>\n<td style=\"width: 71.7651%;\">100(D)*90 (H)<\/td>\n<\/tr>\n<tr>\n<td style=\"width: 28.2349%;\">\u00c9paisseur<\/td>\n<td style=\"width: 71.7651%;\">3-20mm<\/td>\n<\/tr>\n<tr>\n<td style=\"width: 28.2349%;\">Accessoires<\/td>\n<td style=\"width: 71.7651%;\">Spatules, poign\u00e9es, couvercle, grille centrale et gril<\/td>\n<\/tr>\n<tr>\n<td style=\"width: 28.2349%;\">Paquet<\/td>\n<td style=\"width: 71.7651%;\">Caisse en bois<\/td>\n<\/tr>\n<\/tbody>\n<\/table>\n<p><strong><span style=\"font-size: 14pt;\">Accessoires du produit :<\/span><\/strong><\/p>\n<p><img fetchpriority=\"high\" decoding=\"async\" class=\"alignnone wp-image-2402 size-full\" src=\"https:\/\/jblcorten.com\/wp-content\/uploads\/2025\/03\/wood-burning-bbq-Grill-for-sale.jpg\" alt=\"\" width=\"750\" height=\"387\" title=\"\" srcset=\"https:\/\/jblcorten.com\/wp-content\/uploads\/2025\/03\/wood-burning-bbq-Grill-for-sale.jpg 750w, https:\/\/jblcorten.com\/wp-content\/uploads\/2025\/03\/wood-burning-bbq-Grill-for-sale-600x310.jpg 600w, https:\/\/jblcorten.com\/wp-content\/uploads\/2025\/03\/wood-burning-bbq-Grill-for-sale-300x155.jpg 300w, https:\/\/jblcorten.com\/wp-content\/uploads\/2025\/03\/wood-burning-bbq-Grill-for-sale-18x9.jpg 18w\" sizes=\"(max-width: 750px) 100vw, 750px\" \/><\/p>\n<p><strong><span style=\"font-size: 14pt;\">D\u00e9tails du produit :<\/span><\/strong><\/p>\n<p>Ce barbecue \u00e0 bois est dot\u00e9 d'une grille amovible et supportable.<\/p>\n<p><img decoding=\"async\" class=\"alignnone wp-image-2403 size-full\" src=\"https:\/\/jblcorten.com\/wp-content\/uploads\/2025\/03\/backyard-grill-bbq.jpg\" alt=\"\" width=\"750\" height=\"497\" title=\"\" srcset=\"https:\/\/jblcorten.com\/wp-content\/uploads\/2025\/03\/backyard-grill-bbq.jpg 750w, https:\/\/jblcorten.com\/wp-content\/uploads\/2025\/03\/backyard-grill-bbq-600x398.jpg 600w, https:\/\/jblcorten.com\/wp-content\/uploads\/2025\/03\/backyard-grill-bbq-300x199.jpg 300w, https:\/\/jblcorten.com\/wp-content\/uploads\/2025\/03\/backyard-grill-bbq-18x12.jpg 18w\" sizes=\"(max-width: 750px) 100vw, 750px\" \/><\/p>\n<p>Ce gril bbq est disponible dans des couleurs et des tailles personnalis\u00e9es.<\/p>\n<p><img decoding=\"async\" class=\"alignnone wp-image-2404\" src=\"https:\/\/jblcorten.com\/wp-content\/uploads\/2025\/03\/camping-bbq-grill.jpg\" alt=\"\" width=\"750\" height=\"394\" title=\"\" srcset=\"https:\/\/jblcorten.com\/wp-content\/uploads\/2025\/03\/camping-bbq-grill.jpg 800w, https:\/\/jblcorten.com\/wp-content\/uploads\/2025\/03\/camping-bbq-grill-600x315.jpg 600w, https:\/\/jblcorten.com\/wp-content\/uploads\/2025\/03\/camping-bbq-grill-300x158.jpg 300w, https:\/\/jblcorten.com\/wp-content\/uploads\/2025\/03\/camping-bbq-grill-768x403.jpg 768w, https:\/\/jblcorten.com\/wp-content\/uploads\/2025\/03\/camping-bbq-grill-18x9.jpg 18w\" sizes=\"(max-width: 750px) 100vw, 750px\" \/><\/p>\n<p><strong><span style=\"font-size: 14pt;\">Emballage du produit :<\/span><\/strong><\/p>\n<p><img loading=\"lazy\" decoding=\"async\" class=\"alignnone wp-image-2405 size-full\" src=\"https:\/\/jblcorten.com\/wp-content\/uploads\/2025\/03\/bbq-grills.jpg\" alt=\"\" width=\"750\" height=\"744\" title=\"\" srcset=\"https:\/\/jblcorten.com\/wp-content\/uploads\/2025\/03\/bbq-grills.jpg 750w, https:\/\/jblcorten.com\/wp-content\/uploads\/2025\/03\/bbq-grills-100x100.jpg 100w, https:\/\/jblcorten.com\/wp-content\/uploads\/2025\/03\/bbq-grills-600x595.jpg 600w, https:\/\/jblcorten.com\/wp-content\/uploads\/2025\/03\/bbq-grills-300x298.jpg 300w, https:\/\/jblcorten.com\/wp-content\/uploads\/2025\/03\/bbq-grills-150x150.jpg 150w, https:\/\/jblcorten.com\/wp-content\/uploads\/2025\/03\/bbq-grills-12x12.jpg 12w\" sizes=\"(max-width: 750px) 100vw, 750px\" \/><\/p>\n<p>&nbsp;<\/p>","protected":false},"excerpt":{"rendered":"<p>Le corps du gril bbq \u00e0 bois est fabriqu\u00e9 en acier corten de haute qualit\u00e9, qui est durable, pratique et beau, et peut ajouter un plaisir infini \u00e0 votre exp\u00e9rience de la cuisine en plein air.<\/p>","protected":false},"featured_media":2407,"template":"","meta":{"site-sidebar-layout":"default","site-content-layout":"","ast-site-content-layout":"default","site-content-style":"default","site-sidebar-style":"default","ast-global-header-display":"","ast-banner-title-visibility":"","ast-main-header-display":"","ast-hfb-above-header-display":"","ast-hfb-below-header-display":"","ast-hfb-mobile-header-display":"","site-post-title":"","ast-breadcrumbs-content":"","ast-featured-img":"","footer-sml-layout":"","ast-disable-related-posts":"","theme-transparent-header-meta":"default","adv-header-id-meta":"","stick-header-meta":"","header-above-stick-meta":"","header-main-stick-meta":"","header-below-stick-meta":"","astra-migrate-meta-layouts":"set","ast-page-background-enabled":"default","ast-page-background-meta":{"desktop":{"background-color":"var(--ast-global-color-4)","background-image":"","background-repeat":"repeat","background-position":"center center","background-size":"auto","background-attachment":"scroll","background-type":"","background-media":"","overlay-type":"","overlay-color":"","overlay-opacity":"","overlay-gradient":""},"tablet":{"background-color":"","background-image":"","background-repeat":"repeat","background-position":"center center","background-size":"auto","background-attachment":"scroll","background-type":"","background-media":"","overlay-type":"","overlay-color":"","overlay-opacity":"","overlay-gradient":""},"mobile":{"background-color":"","background-image":"","background-repeat":"repeat","background-position":"center center","background-size":"auto","background-attachment":"scroll","background-type":"","background-media":"","overlay-type":"","overlay-color":"","overlay-opacity":"","overlay-gradient":""}},"ast-content-background-meta":{"desktop":{"background-color":"var(--ast-global-color-5)","background-image":"","background-repeat":"repeat","background-position":"center center","background-size":"auto","background-attachment":"scroll","background-type":"","background-media":"","overlay-type":"","overlay-color":"","overlay-opacity":"","overlay-gradient":""},"tablet":{"background-color":"var(--ast-global-color-5)","background-image":"","background-repeat":"repeat","background-position":"center center","background-size":"auto","background-attachment":"scroll","background-type":"","background-media":"","overlay-type":"","overlay-color":"","overlay-opacity":"","overlay-gradient":""},"mobile":{"background-color":"var(--ast-global-color-5)","background-image":"","background-repeat":"repeat","background-position":"center center","background-size":"auto","background-attachment":"scroll","background-type":"","background-media":"","overlay-type":"","overlay-color":"","overlay-opacity":"","overlay-gradient":""}}},"product_brand":[],"product_cat":[25],"product_tag":[],"class_list":{"0":"post-2392","1":"product","2":"type-product","3":"status-publish","4":"has-post-thumbnail","6":"product_cat-bbq-grill","7":"desktop-align-center","8":"tablet-align-left","9":"mobile-align-left","11":"first","12":"instock","13":"shipping-taxable","14":"product-type-simple"},"_links":{"self":[{"href":"https:\/\/jblcorten.com\/fr\/wp-json\/wp\/v2\/product\/2392","targetHints":{"allow":["GET"]}}],"collection":[{"href":"https:\/\/jblcorten.com\/fr\/wp-json\/wp\/v2\/product"}],"about":[{"href":"https:\/\/jblcorten.com\/fr\/wp-json\/wp\/v2\/types\/product"}],"wp:featuredmedia":[{"embeddable":true,"href":"https:\/\/jblcorten.com\/fr\/wp-json\/wp\/v2\/media\/2407"}],"wp:attachment":[{"href":"https:\/\/jblcorten.com\/fr\/wp-json\/wp\/v2\/media?parent=2392"}],"wp:term":[{"taxonomy":"product_brand","embeddable":true,"href":"https:\/\/jblcorten.com\/fr\/wp-json\/wp\/v2\/product_brand?post=2392"},{"taxonomy":"product_cat","embeddable":true,"href":"https:\/\/jblcorten.com\/fr\/wp-json\/wp\/v2\/product_cat?post=2392"},{"taxonomy":"product_tag","embeddable":true,"href":"https:\/\/jblcorten.com\/fr\/wp-json\/wp\/v2\/product_tag?post=2392"}],"curies":[{"name":"wp","href":"https:\/\/api.w.org\/{rel}","templated":true}]}}