{"id":2288,"date":"2025-02-21T09:17:42","date_gmt":"2025-02-21T09:17:42","guid":{"rendered":"https:\/\/jblcorten.com\/?post_type=product&#038;p=2288"},"modified":"2025-02-21T09:21:13","modified_gmt":"2025-02-21T09:21:13","slug":"jardinieres-rondes-en-acier-corten","status":"publish","type":"product","link":"https:\/\/jblcorten.com\/fr\/round-corten-steel-planters\/","title":{"rendered":"Jardini\u00e8res rondes en acier Corten"},"content":{"rendered":"<p><strong>Jardini\u00e8res rondes en acier Corten<\/strong><\/p>\n<p>La jardini\u00e8re ronde en acier corten est un conteneur en acier corten destin\u00e9 \u00e0 la culture d'arbres, d'arbustes, de fleurs et d'autres plantes. Plut\u00f4t que la forme ronde traditionnelle, ce bac a une forme unique, plus large en haut et plus \u00e9troite en bas.<\/p>\n<p>Le mat\u00e9riau utilis\u00e9 pour la fabrication de la jardini\u00e8re a \u00e9t\u00e9 choisi pour ses caract\u00e9ristiques. L'acier Corten est un acier \u00e0 haute r\u00e9sistance, faiblement alli\u00e9, qui forme une couche de rouille protectrice au fil du temps, emp\u00eachant toute corrosion ult\u00e9rieure. Ce mat\u00e9riau est id\u00e9al pour une utilisation en ext\u00e9rieur et peut r\u00e9sister \u00e0 des conditions m\u00e9t\u00e9orologiques difficiles tout en conservant son int\u00e9grit\u00e9 structurelle et son esth\u00e9tique.<\/p>\n<p><strong>Sp\u00e9cification du produit :<\/strong><\/p>\n<table>\n<tbody>\n<tr>\n<td width=\"276\">nom du produit<\/td>\n<td>Jardini\u00e8res rondes en acier Corten<\/td>\n<\/tr>\n<tr>\n<td width=\"276\">Mat\u00e9riau<\/td>\n<td>Acier Corten\/ acier r\u00e9sistant aux intemp\u00e9ries<\/td>\n<\/tr>\n<tr>\n<td width=\"276\">couleur<\/td>\n<td>Rouill\u00e9 ou peint<\/td>\n<\/tr>\n<tr>\n<td width=\"276\">Taille (cm)<\/td>\n<td>D 80 * H 60 ou sur mesure<\/td>\n<\/tr>\n<tr>\n<td width=\"276\">\u00c9paisseur<\/td>\n<td>3mm<\/td>\n<\/tr>\n<tr>\n<td width=\"276\">Poids<\/td>\n<td>30 kg<\/td>\n<\/tr>\n<tr>\n<td width=\"276\">Paquet<\/td>\n<td>Int\u00e9rieur : papier mousse anti-usure, Ext\u00e9rieur : bo\u00eete en carton<\/td>\n<\/tr>\n<\/tbody>\n<\/table>\n<p><strong>Qu'est-ce que l'acier Corten ?<\/strong><\/p>\n<p>L'acier Corten, \u00e9galement connu sous le nom d'acier r\u00e9sistant \u00e0 la corrosion atmosph\u00e9rique, est un acier alli\u00e9 sp\u00e9cial. Il peut former une couche de rouille dense et stable dans l'environnement naturel. Non seulement cette couche de rouille n'aggrave pas la corrosion de l'acier interne, mais elle joue \u00e9galement un r\u00f4le protecteur, ce qui prolonge consid\u00e9rablement la dur\u00e9e de vie du pot de fleurs. Par rapport \u00e0 l'acier ordinaire, l'acier r\u00e9sistant aux intemp\u00e9ries ne n\u00e9cessite pas de rev\u00eatement anticorrosion suppl\u00e9mentaire ni d'entretien. Il peut s'adapter naturellement \u00e0 diverses conditions climatiques, qu'il s'agisse d'une saison des pluies humide ou d'un \u00e9t\u00e9 sec, il peut conserver sa texture et ses performances uniques.<\/p>\n<p><img fetchpriority=\"high\" decoding=\"async\" class=\"alignnone wp-image-2271\" src=\"https:\/\/jblcorten.com\/wp-content\/uploads\/2025\/02\/corten-steel-material.jpg\" alt=\"\" width=\"700\" height=\"280\" title=\"\" srcset=\"https:\/\/jblcorten.com\/wp-content\/uploads\/2025\/02\/corten-steel-material.jpg 750w, https:\/\/jblcorten.com\/wp-content\/uploads\/2025\/02\/corten-steel-material-600x240.jpg 600w, https:\/\/jblcorten.com\/wp-content\/uploads\/2025\/02\/corten-steel-material-300x120.jpg 300w, https:\/\/jblcorten.com\/wp-content\/uploads\/2025\/02\/corten-steel-material-18x7.jpg 18w\" sizes=\"(max-width: 700px) 100vw, 700px\" \/><\/p>\n<p><span style=\"color: #ff0000;\">\u00a0 \u00a0 \u00a0 \u00a0 \u00a0 \u00a0 \u00a0 \u00a0 \u00a0 \u00a0 \u00a0 Acier doux Vs. Acier Corten Vs. Acier peint<\/span><\/p>\n<p><strong>Affichage du produit :<\/strong><\/p>\n<p><img decoding=\"async\" class=\"alignnone wp-image-2293\" src=\"https:\/\/jblcorten.com\/wp-content\/uploads\/2025\/02\/cor-ten-steel-planter.png\" alt=\"\" width=\"348\" height=\"348\" title=\"\" srcset=\"https:\/\/jblcorten.com\/wp-content\/uploads\/2025\/02\/cor-ten-steel-planter.png 580w, https:\/\/jblcorten.com\/wp-content\/uploads\/2025\/02\/cor-ten-steel-planter-100x100.png 100w, https:\/\/jblcorten.com\/wp-content\/uploads\/2025\/02\/cor-ten-steel-planter-300x300.png 300w, https:\/\/jblcorten.com\/wp-content\/uploads\/2025\/02\/cor-ten-steel-planter-150x150.png 150w, https:\/\/jblcorten.com\/wp-content\/uploads\/2025\/02\/cor-ten-steel-planter-12x12.png 12w\" sizes=\"(max-width: 348px) 100vw, 348px\" \/> <img decoding=\"async\" class=\"alignnone wp-image-2294\" src=\"https:\/\/jblcorten.com\/wp-content\/uploads\/2025\/02\/corten-garden-planters-300x300.png\" alt=\"\" width=\"348\" height=\"348\" title=\"\" srcset=\"https:\/\/jblcorten.com\/wp-content\/uploads\/2025\/02\/corten-garden-planters-300x300.png 300w, https:\/\/jblcorten.com\/wp-content\/uploads\/2025\/02\/corten-garden-planters-100x100.png 100w, https:\/\/jblcorten.com\/wp-content\/uploads\/2025\/02\/corten-garden-planters-150x150.png 150w, https:\/\/jblcorten.com\/wp-content\/uploads\/2025\/02\/corten-garden-planters-12x12.png 12w, https:\/\/jblcorten.com\/wp-content\/uploads\/2025\/02\/corten-garden-planters.png 580w\" sizes=\"(max-width: 348px) 100vw, 348px\" \/><\/p>\n<p><img loading=\"lazy\" decoding=\"async\" class=\"alignnone wp-image-2295\" src=\"https:\/\/jblcorten.com\/wp-content\/uploads\/2025\/02\/circular-corten-steel-planters.jpg\" alt=\"\" width=\"700\" height=\"525\" title=\"\" srcset=\"https:\/\/jblcorten.com\/wp-content\/uploads\/2025\/02\/circular-corten-steel-planters.jpg 750w, https:\/\/jblcorten.com\/wp-content\/uploads\/2025\/02\/circular-corten-steel-planters-600x450.jpg 600w, https:\/\/jblcorten.com\/wp-content\/uploads\/2025\/02\/circular-corten-steel-planters-300x225.jpg 300w, https:\/\/jblcorten.com\/wp-content\/uploads\/2025\/02\/circular-corten-steel-planters-16x12.jpg 16w\" sizes=\"(max-width: 700px) 100vw, 700px\" \/><\/p>\n<p><img loading=\"lazy\" decoding=\"async\" class=\"alignnone wp-image-2297\" src=\"https:\/\/jblcorten.com\/wp-content\/uploads\/2025\/02\/round-corten-steel-planters.jpg\" alt=\"\" width=\"700\" height=\"525\" title=\"\" srcset=\"https:\/\/jblcorten.com\/wp-content\/uploads\/2025\/02\/round-corten-steel-planters.jpg 750w, https:\/\/jblcorten.com\/wp-content\/uploads\/2025\/02\/round-corten-steel-planters-600x450.jpg 600w, https:\/\/jblcorten.com\/wp-content\/uploads\/2025\/02\/round-corten-steel-planters-300x225.jpg 300w, https:\/\/jblcorten.com\/wp-content\/uploads\/2025\/02\/round-corten-steel-planters-16x12.jpg 16w\" sizes=\"(max-width: 700px) 100vw, 700px\" \/><\/p>\n<p><strong>FAQ :<\/strong><\/p>\n<p><span style=\"color: #ff6600;\"><em><strong>1) Mes jardini\u00e8res seront-elles rouill\u00e9es ?<\/strong><\/em><\/span><\/p>\n<p>Cela d\u00e9pend du client. Nous pouvons rouiller ou peindre selon les exigences du client.<\/p>\n<p><span style=\"color: #ff6600;\"><em><strong>2) Combien de temps faut-il pour que le bac \u00e0 plantes rouille ?<\/strong><\/em><\/span><\/p>\n<p>Cela d\u00e9pend des conditions m\u00e9t\u00e9orologiques, mais le processus naturel peut durer entre 3 et 12 mois.<\/p>\n<p><span style=\"color: #ff6600;\"><em><strong>3. les jardini\u00e8res ont-elles des trous de drainage ?<\/strong><\/em><\/span><\/p>\n<p>Oui, toutes les jardini\u00e8res ont un nombre minimal de trous de drainage, ce qui permet \u00e0 nos clients d'en percer davantage si n\u00e9cessaire.<\/p>\n<p><span style=\"color: #ff6600;\"><em><strong>4. fabriquez-vous des jardini\u00e8res sur mesure ?<\/strong><\/em><\/span><\/p>\n<p>Bien s\u00fbr ! Indiquez-nous simplement la taille souhait\u00e9e et nous vous enverrons un devis.<\/p>\n<p><strong><em><span style=\"color: #ff6600;\">5. pouvez-vous r\u00e9aliser notre design ?<\/span><\/em><\/strong><\/p>\n<p>Oui, nous pouvons produire votre design personnalis\u00e9. Il vous suffit de nous montrer vos dessins\/id\u00e9es\/photos.<\/p>","protected":false},"excerpt":{"rendered":"<p>Les jardini\u00e8res rondes en acier corten sont des conteneurs en acier corten destin\u00e9s \u00e0 la culture d'arbres, d'arbustes, de fleurs et d'autres plantes. Plut\u00f4t que la forme ronde traditionnelle, cette jardini\u00e8re a une forme unique qui est plus large en haut et plus \u00e9troite en bas.<\/p>","protected":false},"featured_media":2298,"template":"","meta":{"site-sidebar-layout":"default","site-content-layout":"","ast-site-content-layout":"default","site-content-style":"default","site-sidebar-style":"default","ast-global-header-display":"","ast-banner-title-visibility":"","ast-main-header-display":"","ast-hfb-above-header-display":"","ast-hfb-below-header-display":"","ast-hfb-mobile-header-display":"","site-post-title":"","ast-breadcrumbs-content":"","ast-featured-img":"","footer-sml-layout":"","ast-disable-related-posts":"","theme-transparent-header-meta":"default","adv-header-id-meta":"","stick-header-meta":"","header-above-stick-meta":"","header-main-stick-meta":"","header-below-stick-meta":"","astra-migrate-meta-layouts":"set","ast-page-background-enabled":"default","ast-page-background-meta":{"desktop":{"background-color":"var(--ast-global-color-4)","background-image":"","background-repeat":"repeat","background-position":"center center","background-size":"auto","background-attachment":"scroll","background-type":"","background-media":"","overlay-type":"","overlay-color":"","overlay-opacity":"","overlay-gradient":""},"tablet":{"background-color":"","background-image":"","background-repeat":"repeat","background-position":"center center","background-size":"auto","background-attachment":"scroll","background-type":"","background-media":"","overlay-type":"","overlay-color":"","overlay-opacity":"","overlay-gradient":""},"mobile":{"background-color":"","background-image":"","background-repeat":"repeat","background-position":"center center","background-size":"auto","background-attachment":"scroll","background-type":"","background-media":"","overlay-type":"","overlay-color":"","overlay-opacity":"","overlay-gradient":""}},"ast-content-background-meta":{"desktop":{"background-color":"var(--ast-global-color-5)","background-image":"","background-repeat":"repeat","background-position":"center center","background-size":"auto","background-attachment":"scroll","background-type":"","background-media":"","overlay-type":"","overlay-color":"","overlay-opacity":"","overlay-gradient":""},"tablet":{"background-color":"var(--ast-global-color-5)","background-image":"","background-repeat":"repeat","background-position":"center center","background-size":"auto","background-attachment":"scroll","background-type":"","background-media":"","overlay-type":"","overlay-color":"","overlay-opacity":"","overlay-gradient":""},"mobile":{"background-color":"var(--ast-global-color-5)","background-image":"","background-repeat":"repeat","background-position":"center center","background-size":"auto","background-attachment":"scroll","background-type":"","background-media":"","overlay-type":"","overlay-color":"","overlay-opacity":"","overlay-gradient":""}}},"product_brand":[],"product_cat":[34],"product_tag":[],"class_list":{"0":"post-2288","1":"product","2":"type-product","3":"status-publish","4":"has-post-thumbnail","6":"product_cat-planter-pots","7":"desktop-align-center","8":"tablet-align-left","9":"mobile-align-left","11":"first","12":"instock","13":"shipping-taxable","14":"product-type-simple"},"_links":{"self":[{"href":"https:\/\/jblcorten.com\/fr\/wp-json\/wp\/v2\/product\/2288","targetHints":{"allow":["GET"]}}],"collection":[{"href":"https:\/\/jblcorten.com\/fr\/wp-json\/wp\/v2\/product"}],"about":[{"href":"https:\/\/jblcorten.com\/fr\/wp-json\/wp\/v2\/types\/product"}],"wp:featuredmedia":[{"embeddable":true,"href":"https:\/\/jblcorten.com\/fr\/wp-json\/wp\/v2\/media\/2298"}],"wp:attachment":[{"href":"https:\/\/jblcorten.com\/fr\/wp-json\/wp\/v2\/media?parent=2288"}],"wp:term":[{"taxonomy":"product_brand","embeddable":true,"href":"https:\/\/jblcorten.com\/fr\/wp-json\/wp\/v2\/product_brand?post=2288"},{"taxonomy":"product_cat","embeddable":true,"href":"https:\/\/jblcorten.com\/fr\/wp-json\/wp\/v2\/product_cat?post=2288"},{"taxonomy":"product_tag","embeddable":true,"href":"https:\/\/jblcorten.com\/fr\/wp-json\/wp\/v2\/product_tag?post=2288"}],"curies":[{"name":"wp","href":"https:\/\/api.w.org\/{rel}","templated":true}]}}