{"id":2279,"date":"2025-02-21T05:58:23","date_gmt":"2025-02-21T05:58:23","guid":{"rendered":"https:\/\/jblcorten.com\/?post_type=product&#038;p=2279"},"modified":"2025-02-21T05:58:23","modified_gmt":"2025-02-21T05:58:23","slug":"jardiniere-carree-en-acier-corten","status":"publish","type":"product","link":"https:\/\/jblcorten.com\/fr\/square-corten-steel-planter\/","title":{"rendered":"Jardini\u00e8re carr\u00e9e en acier Corten"},"content":{"rendered":"<p><strong>Jardini\u00e8re carr\u00e9e en acier Corten<\/strong><\/p>\n<p>La jardini\u00e8re carr\u00e9e en acier corten est un bac \u00e0 plantes moderne et durable, fabriqu\u00e9 \u00e0 partir d'un acier de haute qualit\u00e9 r\u00e9sistant aux intemp\u00e9ries. Ce mat\u00e9riau m\u00e9tallique sp\u00e9cial d\u00e9veloppe une couche unique de protection contre la rouille apr\u00e8s exposition \u00e0 l'air et \u00e0 l'humidit\u00e9, ce qui donne non seulement au bac une esth\u00e9tique de style industriel, mais emp\u00eache aussi efficacement toute corrosion ult\u00e9rieure. Contrairement \u00e0 l'acier traditionnel, l'acier corten ne se d\u00e9t\u00e9riore pas progressivement au fil du temps, mais s'appuie sur cette couche d'oxyde stable pour prot\u00e9ger la structure interne, garantissant ainsi son utilisation \u00e0 long terme dans des environnements ext\u00e9rieurs.<\/p>\n<p>Le design carr\u00e9 donne \u00e0 ce bac un effet visuel \u00e9quilibr\u00e9 et sym\u00e9trique, ce qui en fait un choix id\u00e9al pour une vari\u00e9t\u00e9 d'am\u00e9nagements paysagers. Qu'il soit plac\u00e9 seul ou en groupe, ses lignes g\u00e9om\u00e9triques simples donneront un aspect moderne aux patios, aux terrasses, aux jardins et aux espaces commerciaux. En m\u00eame temps, la structure carr\u00e9e permet de maximiser l'utilisation de l'espace et s'int\u00e8gre facilement dans divers environnements, qu'il s'agisse d'un petit ou d'un grand projet de jardinage.<\/p>\n<p><strong>Sp\u00e9cification du produit :<\/strong><\/p>\n<table>\n<tbody>\n<tr>\n<td width=\"276\">nom du produit<\/td>\n<td>Jardini\u00e8re carr\u00e9e en acier Corten<\/td>\n<\/tr>\n<tr>\n<td width=\"276\">Mat\u00e9riau<\/td>\n<td>Acier Corten\/ acier r\u00e9sistant aux intemp\u00e9ries<\/td>\n<\/tr>\n<tr>\n<td width=\"276\">couleur<\/td>\n<td>Rouill\u00e9 ou peint<\/td>\n<\/tr>\n<tr>\n<td width=\"276\">taille<\/td>\n<td>Standard ou sur mesure<\/td>\n<\/tr>\n<tr>\n<td width=\"276\">\u00c9paisseur<\/td>\n<td>2mm<\/td>\n<\/tr>\n<tr>\n<td width=\"276\">Paquet<\/td>\n<td>Int\u00e9rieur : papier mousse anti-usure, Ext\u00e9rieur : bo\u00eete en carton<\/td>\n<\/tr>\n<\/tbody>\n<\/table>\n<p><strong>Qu'est-ce que l'acier Corten ?<\/strong><\/p>\n<p>L'acier Corten, \u00e9galement connu sous le nom d'acier r\u00e9sistant \u00e0 la corrosion atmosph\u00e9rique, est un acier alli\u00e9 sp\u00e9cial. Il peut former une couche de rouille dense et stable dans l'environnement naturel. Non seulement cette couche de rouille n'aggrave pas la corrosion de l'acier interne, mais elle joue \u00e9galement un r\u00f4le protecteur, ce qui prolonge consid\u00e9rablement la dur\u00e9e de vie du pot de fleurs. Par rapport \u00e0 l'acier ordinaire, l'acier r\u00e9sistant aux intemp\u00e9ries ne n\u00e9cessite pas de rev\u00eatement anticorrosion suppl\u00e9mentaire ni d'entretien. Il peut s'adapter naturellement \u00e0 diverses conditions climatiques, qu'il s'agisse d'une saison des pluies humide ou d'un \u00e9t\u00e9 sec, il peut conserver sa texture et ses performances uniques.<\/p>\n<p><img fetchpriority=\"high\" decoding=\"async\" class=\"alignnone wp-image-2271\" src=\"https:\/\/jblcorten.com\/wp-content\/uploads\/2025\/02\/corten-steel-material.jpg\" alt=\"\" width=\"700\" height=\"280\" title=\"\" srcset=\"https:\/\/jblcorten.com\/wp-content\/uploads\/2025\/02\/corten-steel-material.jpg 750w, https:\/\/jblcorten.com\/wp-content\/uploads\/2025\/02\/corten-steel-material-600x240.jpg 600w, https:\/\/jblcorten.com\/wp-content\/uploads\/2025\/02\/corten-steel-material-300x120.jpg 300w, https:\/\/jblcorten.com\/wp-content\/uploads\/2025\/02\/corten-steel-material-18x7.jpg 18w\" sizes=\"(max-width: 700px) 100vw, 700px\" \/><\/p>\n<p><span style=\"color: #ff0000;\">\u00a0 \u00a0 \u00a0 \u00a0 \u00a0 \u00a0 \u00a0 \u00a0 \u00a0 \u00a0 \u00a0Acier doux Vs. Acier Corten Vs. Acier peint<\/span><\/p>\n<p><strong>Pourquoi choisir notre bac \u00e0 plantes en acier corten carr\u00e9 ?<\/strong><\/p>\n<ul>\n<li>Design carr\u00e9 :<br \/>\nLes pots de fleurs carr\u00e9s en acier r\u00e9sistant aux intemp\u00e9ries adoptent des formes g\u00e9om\u00e9triques simples et des lignes fortes. Le design carr\u00e9 n'est pas seulement beau, il permet aussi d'utiliser efficacement l'espace et convient \u00e0 divers environnements int\u00e9rieurs et ext\u00e9rieurs.<\/li>\n<li>Structure stable :<br \/>\nLes pots de fleurs carr\u00e9s en acier r\u00e9sistant aux intemp\u00e9ries sont g\u00e9n\u00e9ralement soud\u00e9s, avec une structure stable, capable de supporter un poids et une pression \u00e9lev\u00e9s. Ils conviennent pour la plantation de grandes plantes ou comme d\u00e9coration paysag\u00e8re.<\/li>\n<li>Syst\u00e8me de drainage :<br \/>\nDes trous de drainage sont pr\u00e9vus au fond du pot de fleurs pour \u00e9viter que les racines des plantes ne pourrissent \u00e0 cause de l'accumulation d'eau.<\/li>\n<li>Polyvalence :<br \/>\nLes pots de fleurs carr\u00e9s en acier sont non seulement adapt\u00e9s au jardinage domestique, mais peuvent \u00e9galement \u00eatre utilis\u00e9s dans les paysages publics, les espaces commerciaux et d'autres occasions pour r\u00e9pondre aux besoins des diff\u00e9rents utilisateurs.<\/li>\n<li>Choix de la taille :<br \/>\nChoisissez la taille appropri\u00e9e du pot de fleurs en fonction du type et de la quantit\u00e9 de plantes \u00e0 planter. La taille de nos pots de fleurs est personnalisable.<\/li>\n<\/ul>\n<p><img decoding=\"async\" class=\"alignnone wp-image-2286\" src=\"https:\/\/jblcorten.com\/wp-content\/uploads\/2025\/02\/corten-steel-garden-boxes.jpg\" alt=\"\" width=\"700\" height=\"393\" title=\"\" srcset=\"https:\/\/jblcorten.com\/wp-content\/uploads\/2025\/02\/corten-steel-garden-boxes.jpg 750w, https:\/\/jblcorten.com\/wp-content\/uploads\/2025\/02\/corten-steel-garden-boxes-600x337.jpg 600w, https:\/\/jblcorten.com\/wp-content\/uploads\/2025\/02\/corten-steel-garden-boxes-300x168.jpg 300w, https:\/\/jblcorten.com\/wp-content\/uploads\/2025\/02\/corten-steel-garden-boxes-18x10.jpg 18w\" sizes=\"(max-width: 700px) 100vw, 700px\" \/><\/p>\n<p><img decoding=\"async\" class=\"alignnone wp-image-2285\" src=\"https:\/\/jblcorten.com\/wp-content\/uploads\/2025\/02\/corten-garden-planters.jpg\" alt=\"\" width=\"700\" height=\"393\" title=\"\" srcset=\"https:\/\/jblcorten.com\/wp-content\/uploads\/2025\/02\/corten-garden-planters.jpg 750w, https:\/\/jblcorten.com\/wp-content\/uploads\/2025\/02\/corten-garden-planters-600x337.jpg 600w, https:\/\/jblcorten.com\/wp-content\/uploads\/2025\/02\/corten-garden-planters-300x168.jpg 300w, https:\/\/jblcorten.com\/wp-content\/uploads\/2025\/02\/corten-garden-planters-18x10.jpg 18w\" sizes=\"(max-width: 700px) 100vw, 700px\" \/><\/p>\n<p><img loading=\"lazy\" decoding=\"async\" class=\"alignnone wp-image-2284\" src=\"https:\/\/jblcorten.com\/wp-content\/uploads\/2025\/02\/cheap-corten-steel-planters.jpg\" alt=\"\" width=\"700\" height=\"456\" title=\"\" srcset=\"https:\/\/jblcorten.com\/wp-content\/uploads\/2025\/02\/cheap-corten-steel-planters.jpg 750w, https:\/\/jblcorten.com\/wp-content\/uploads\/2025\/02\/cheap-corten-steel-planters-600x391.jpg 600w, https:\/\/jblcorten.com\/wp-content\/uploads\/2025\/02\/cheap-corten-steel-planters-300x196.jpg 300w, https:\/\/jblcorten.com\/wp-content\/uploads\/2025\/02\/cheap-corten-steel-planters-18x12.jpg 18w\" sizes=\"(max-width: 700px) 100vw, 700px\" \/><\/p>\n<p><strong>FAQ :<\/strong><\/p>\n<p><span style=\"color: #ff6600;\"><em><strong>1) Mes jardini\u00e8res seront-elles rouill\u00e9es ?<\/strong><\/em><\/span><\/p>\n<p>Cela d\u00e9pend du client. Nous pouvons rouiller ou peindre selon les exigences du client.<\/p>\n<p><span style=\"color: #ff6600;\"><em><strong>2) Combien de temps faut-il pour que le bac \u00e0 plantes rouille ?<\/strong><\/em><\/span><\/p>\n<p>Cela d\u00e9pend des conditions m\u00e9t\u00e9orologiques, mais le processus naturel peut durer entre 3 et 12 mois.<\/p>\n<p><span style=\"color: #ff6600;\"><em><strong>3. les jardini\u00e8res ont-elles des trous de drainage ?<\/strong><\/em><\/span><\/p>\n<p>Oui, toutes les jardini\u00e8res ont un nombre minimal de trous de drainage, ce qui permet \u00e0 nos clients d'en percer davantage si n\u00e9cessaire.<\/p>\n<p><span style=\"color: #ff6600;\"><em><strong>4. fabriquez-vous des jardini\u00e8res sur mesure ?<\/strong><\/em><\/span><\/p>\n<p>Bien s\u00fbr ! Indiquez-nous simplement la taille souhait\u00e9e et nous vous enverrons un devis.<\/p>","protected":false},"excerpt":{"rendered":"<p>Le design carr\u00e9 de la jardini\u00e8re carr\u00e9e en acier corten lui conf\u00e8re un effet visuel \u00e9quilibr\u00e9 et sym\u00e9trique, ce qui en fait un choix id\u00e9al pour une vari\u00e9t\u00e9 d'am\u00e9nagements paysagers. Qu'il soit plac\u00e9 seul ou en groupe, ses lignes g\u00e9om\u00e9triques simples donneront un aspect moderne aux patios, aux terrasses, aux jardins et aux espaces commerciaux. En m\u00eame temps, la structure carr\u00e9e permet de maximiser l'utilisation de l'espace et s'int\u00e8gre facilement dans divers environnements, qu'il s'agisse d'un petit ou d'un grand projet de jardinage.<\/p>","protected":false},"featured_media":2280,"template":"","meta":{"site-sidebar-layout":"default","site-content-layout":"","ast-site-content-layout":"default","site-content-style":"default","site-sidebar-style":"default","ast-global-header-display":"","ast-banner-title-visibility":"","ast-main-header-display":"","ast-hfb-above-header-display":"","ast-hfb-below-header-display":"","ast-hfb-mobile-header-display":"","site-post-title":"","ast-breadcrumbs-content":"","ast-featured-img":"","footer-sml-layout":"","ast-disable-related-posts":"","theme-transparent-header-meta":"default","adv-header-id-meta":"","stick-header-meta":"","header-above-stick-meta":"","header-main-stick-meta":"","header-below-stick-meta":"","astra-migrate-meta-layouts":"set","ast-page-background-enabled":"default","ast-page-background-meta":{"desktop":{"background-color":"var(--ast-global-color-4)","background-image":"","background-repeat":"repeat","background-position":"center center","background-size":"auto","background-attachment":"scroll","background-type":"","background-media":"","overlay-type":"","overlay-color":"","overlay-opacity":"","overlay-gradient":""},"tablet":{"background-color":"","background-image":"","background-repeat":"repeat","background-position":"center center","background-size":"auto","background-attachment":"scroll","background-type":"","background-media":"","overlay-type":"","overlay-color":"","overlay-opacity":"","overlay-gradient":""},"mobile":{"background-color":"","background-image":"","background-repeat":"repeat","background-position":"center center","background-size":"auto","background-attachment":"scroll","background-type":"","background-media":"","overlay-type":"","overlay-color":"","overlay-opacity":"","overlay-gradient":""}},"ast-content-background-meta":{"desktop":{"background-color":"var(--ast-global-color-5)","background-image":"","background-repeat":"repeat","background-position":"center center","background-size":"auto","background-attachment":"scroll","background-type":"","background-media":"","overlay-type":"","overlay-color":"","overlay-opacity":"","overlay-gradient":""},"tablet":{"background-color":"var(--ast-global-color-5)","background-image":"","background-repeat":"repeat","background-position":"center center","background-size":"auto","background-attachment":"scroll","background-type":"","background-media":"","overlay-type":"","overlay-color":"","overlay-opacity":"","overlay-gradient":""},"mobile":{"background-color":"var(--ast-global-color-5)","background-image":"","background-repeat":"repeat","background-position":"center center","background-size":"auto","background-attachment":"scroll","background-type":"","background-media":"","overlay-type":"","overlay-color":"","overlay-opacity":"","overlay-gradient":""}}},"product_brand":[],"product_cat":[34],"product_tag":[],"class_list":{"0":"post-2279","1":"product","2":"type-product","3":"status-publish","4":"has-post-thumbnail","6":"product_cat-planter-pots","7":"desktop-align-center","8":"tablet-align-left","9":"mobile-align-left","11":"first","12":"instock","13":"shipping-taxable","14":"product-type-simple"},"_links":{"self":[{"href":"https:\/\/jblcorten.com\/fr\/wp-json\/wp\/v2\/product\/2279","targetHints":{"allow":["GET"]}}],"collection":[{"href":"https:\/\/jblcorten.com\/fr\/wp-json\/wp\/v2\/product"}],"about":[{"href":"https:\/\/jblcorten.com\/fr\/wp-json\/wp\/v2\/types\/product"}],"wp:featuredmedia":[{"embeddable":true,"href":"https:\/\/jblcorten.com\/fr\/wp-json\/wp\/v2\/media\/2280"}],"wp:attachment":[{"href":"https:\/\/jblcorten.com\/fr\/wp-json\/wp\/v2\/media?parent=2279"}],"wp:term":[{"taxonomy":"product_brand","embeddable":true,"href":"https:\/\/jblcorten.com\/fr\/wp-json\/wp\/v2\/product_brand?post=2279"},{"taxonomy":"product_cat","embeddable":true,"href":"https:\/\/jblcorten.com\/fr\/wp-json\/wp\/v2\/product_cat?post=2279"},{"taxonomy":"product_tag","embeddable":true,"href":"https:\/\/jblcorten.com\/fr\/wp-json\/wp\/v2\/product_tag?post=2279"}],"curies":[{"name":"wp","href":"https:\/\/api.w.org\/{rel}","templated":true}]}}