{"id":2266,"date":"2025-02-20T08:06:43","date_gmt":"2025-02-20T08:06:43","guid":{"rendered":"https:\/\/jblcorten.com\/?post_type=product&#038;p=2266"},"modified":"2025-04-01T02:08:30","modified_gmt":"2025-04-01T02:08:30","slug":"serie-acier-corten-jardiniere-a-long-bac","status":"publish","type":"product","link":"https:\/\/jblcorten.com\/fr\/corten-steel-series-long-box-planter\/","title":{"rendered":"S\u00e9rie acier Corten Jardini\u00e8re \u00e0 caisse longue"},"content":{"rendered":"<p><strong>S\u00e9rie acier Corten Jardini\u00e8re \u00e0 caisse longue<\/strong><\/p>\n<p>Le bac \u00e0 fleurs en acier corten est un pot de fleurs pratique et artistique con\u00e7u pour le jardinage moderne et l'am\u00e9nagement paysager. Il est fabriqu\u00e9 en acier Corten, qui pr\u00e9sente une excellente r\u00e9sistance \u00e0 la corrosion et peut former naturellement une couche de rouille stable, ce qui non seulement prolonge la dur\u00e9e de vie, mais donne \u00e9galement au pot de fleurs un style industriel r\u00e9tro unique.<\/p>\n<p>Avec le temps, la surface du pot de fleurs prend une couleur orange rouille, qui s'int\u00e8gre parfaitement \u00e0 l'environnement naturel et devient un \u00e9l\u00e9ment phare de la cour, du balcon ou de l'espace public. La conception de la longue bande convient \u00e0 la plantation d'une vari\u00e9t\u00e9 de combinaisons de plantes, qu'il s'agisse de fleurs, de plantes grasses ou de petits arbustes, elles peuvent s'y \u00e9panouir. Le bac \u00e0 plantes en acier corten n'est pas seulement un contenant de plantation, mais aussi une \u0153uvre d'art, ajoutant une beaut\u00e9 naturelle et industrielle \u00e0 votre espace vert.<\/p>\n<p><strong>Sp\u00e9cification du produit :<\/strong><\/p>\n<table>\n<tbody>\n<tr>\n<td><strong><b>Nom du produit<\/b><\/strong><\/td>\n<td>S\u00e9rie acier Corten Jardini\u00e8re \u00e0 caisse longue<\/td>\n<\/tr>\n<tr>\n<td><strong><b>Type<\/b><\/strong><\/td>\n<td>Pots et jardini\u00e8res<\/td>\n<\/tr>\n<tr>\n<td><strong><b>Mat\u00e9riau<\/b><\/strong><\/td>\n<td>Acier Corten \/ Acier r\u00e9sistant aux intemp\u00e9ries<\/td>\n<\/tr>\n<tr>\n<td><strong><b>Taille<\/b><\/strong><\/td>\n<td>Sur mesure<\/td>\n<\/tr>\n<tr>\n<td><strong><b>Technologie<\/b><\/strong><\/td>\n<td>\u00c9preuve, d\u00e9coupe au laser, pliage, poin\u00e7onnage, soudage, rouille<\/td>\n<\/tr>\n<tr>\n<td><strong><b>Traitement de surface<\/b><\/strong><\/td>\n<td>Pr\u00e9-rouill\u00e9, peint en noir, peut \u00eatre personnalis\u00e9<\/td>\n<\/tr>\n<tr>\n<td><strong><b>OEM ET ODM<\/b><\/strong><\/td>\n<td>Un service personnalis\u00e9 est disponible.<\/td>\n<\/tr>\n<\/tbody>\n<\/table>\n<p><strong>Qu'est-ce que l'acier Corten ?<\/strong><\/p>\n<p>L'acier Corten, \u00e9galement connu sous le nom d'acier r\u00e9sistant \u00e0 la corrosion atmosph\u00e9rique, est un acier alli\u00e9 sp\u00e9cial. Il peut former une couche de rouille dense et stable dans l'environnement naturel. Non seulement cette couche de rouille n'aggrave pas la corrosion de l'acier interne, mais elle joue \u00e9galement un r\u00f4le protecteur, ce qui prolonge consid\u00e9rablement la dur\u00e9e de vie du pot de fleurs. Par rapport \u00e0 l'acier ordinaire, l'acier r\u00e9sistant aux intemp\u00e9ries ne n\u00e9cessite pas de rev\u00eatement anticorrosion suppl\u00e9mentaire ni d'entretien. Il peut s'adapter naturellement \u00e0 diverses conditions climatiques, qu'il s'agisse d'une saison des pluies humide ou d'un \u00e9t\u00e9 sec, il peut conserver sa texture et ses performances uniques.<\/p>\n<p><img fetchpriority=\"high\" decoding=\"async\" class=\"alignnone wp-image-2271\" src=\"https:\/\/jblcorten.com\/wp-content\/uploads\/2025\/02\/corten-steel-material.jpg\" alt=\"mat\u00e9riau en acier corten\" width=\"700\" height=\"280\" title=\"\" srcset=\"https:\/\/jblcorten.com\/wp-content\/uploads\/2025\/02\/corten-steel-material.jpg 750w, https:\/\/jblcorten.com\/wp-content\/uploads\/2025\/02\/corten-steel-material-600x240.jpg 600w, https:\/\/jblcorten.com\/wp-content\/uploads\/2025\/02\/corten-steel-material-300x120.jpg 300w, https:\/\/jblcorten.com\/wp-content\/uploads\/2025\/02\/corten-steel-material-18x7.jpg 18w\" sizes=\"(max-width: 700px) 100vw, 700px\" \/><\/p>\n<p style=\"text-align: left;\">\u00a0 \u00a0 \u00a0 \u00a0 \u00a0 \u00a0 \u00a0 \u00a0 \u00a0 \u00a0 \u00a0 \u00a0 <span style=\"color: #ff0000;\">Acier doux Vs. Acier Corten Vs. Acier peint<\/span><\/p>\n<p><span style=\"color: #000000;\"><strong>Pourquoi choisir le planteur long en acier corten ?<\/strong><\/span><\/p>\n<p>Le design de la longue bande du bac \u00e0 fleurs en acier corten n'est pas seulement beau et g\u00e9n\u00e9reux, mais aussi pratique et peut r\u00e9pondre \u00e0 une vari\u00e9t\u00e9 de besoins en mati\u00e8re de plantation. La longueur du pot de fleurs peut \u00eatre personnalis\u00e9e en fonction du sc\u00e9nario d'utilisation r\u00e9el. Il convient \u00e0 la plantation de diverses combinaisons de plantes, telles que des fleurs aromatiques, des plantes succulentes, de petits arbustes, etc. Qu'il soit plac\u00e9 seul ou utilis\u00e9 en combinaison, il peut ajouter un sens de la hi\u00e9rarchie et de l'art \u00e0 votre espace de jardinage.<\/p>\n<p>Les bords des pots de fleurs ont \u00e9t\u00e9 finement polis, lisses et arrondis, ce qui garantit non seulement la s\u00e9curit\u00e9 d'utilisation, mais rehausse \u00e9galement la texture g\u00e9n\u00e9rale. Le fond est dot\u00e9 de trous de drainage, ce qui permet d'\u00e9viter efficacement l'accumulation d'eau et d'assurer une croissance saine des racines de la plante.<\/p>\n<p><img decoding=\"async\" class=\"alignnone wp-image-2272\" src=\"https:\/\/jblcorten.com\/wp-content\/uploads\/2025\/02\/large-corten-steel-planters-1.jpg\" alt=\"\" width=\"700\" height=\"464\" title=\"\" srcset=\"https:\/\/jblcorten.com\/wp-content\/uploads\/2025\/02\/large-corten-steel-planters-1.jpg 750w, https:\/\/jblcorten.com\/wp-content\/uploads\/2025\/02\/large-corten-steel-planters-1-600x398.jpg 600w, https:\/\/jblcorten.com\/wp-content\/uploads\/2025\/02\/large-corten-steel-planters-1-300x199.jpg 300w, https:\/\/jblcorten.com\/wp-content\/uploads\/2025\/02\/large-corten-steel-planters-1-18x12.jpg 18w\" sizes=\"(max-width: 700px) 100vw, 700px\" \/><\/p>\n<p><img decoding=\"async\" class=\"alignnone wp-image-2273\" style=\"font-style: inherit; font-weight: inherit;\" src=\"https:\/\/jblcorten.com\/wp-content\/uploads\/2025\/02\/planter-pot.jpg\" alt=\"\" width=\"700\" height=\"420\" title=\"\" srcset=\"https:\/\/jblcorten.com\/wp-content\/uploads\/2025\/02\/planter-pot.jpg 500w, https:\/\/jblcorten.com\/wp-content\/uploads\/2025\/02\/planter-pot-300x180.jpg 300w, https:\/\/jblcorten.com\/wp-content\/uploads\/2025\/02\/planter-pot-18x12.jpg 18w\" sizes=\"(max-width: 700px) 100vw, 700px\" \/><\/p>\n<p><img loading=\"lazy\" decoding=\"async\" class=\"alignnone wp-image-2274\" style=\"font-style: inherit; font-weight: inherit;\" src=\"https:\/\/jblcorten.com\/wp-content\/uploads\/2025\/02\/rusted-steel-planters.jpg\" alt=\"\" width=\"700\" height=\"525\" title=\"\" srcset=\"https:\/\/jblcorten.com\/wp-content\/uploads\/2025\/02\/rusted-steel-planters.jpg 1706w, https:\/\/jblcorten.com\/wp-content\/uploads\/2025\/02\/rusted-steel-planters-600x450.jpg 600w, https:\/\/jblcorten.com\/wp-content\/uploads\/2025\/02\/rusted-steel-planters-300x225.jpg 300w, https:\/\/jblcorten.com\/wp-content\/uploads\/2025\/02\/rusted-steel-planters-1024x768.jpg 1024w, https:\/\/jblcorten.com\/wp-content\/uploads\/2025\/02\/rusted-steel-planters-768x576.jpg 768w, https:\/\/jblcorten.com\/wp-content\/uploads\/2025\/02\/rusted-steel-planters-1536x1152.jpg 1536w, https:\/\/jblcorten.com\/wp-content\/uploads\/2025\/02\/rusted-steel-planters-16x12.jpg 16w\" sizes=\"(max-width: 700px) 100vw, 700px\" \/><\/p>\n<p><strong>FAQ :<\/strong><\/p>\n<p><em><strong><span style=\"color: #ff6600;\">1) Mes jardini\u00e8res seront-elles rouill\u00e9es ?<\/span><\/strong><\/em><\/p>\n<p><span style=\"color: #000000;\">Cela d\u00e9pend du client. Nous pouvons rouiller ou peindre selon les exigences du client.<\/span><\/p>\n<p><em><strong><span style=\"color: #ff6600;\">2) Combien de temps faut-il pour que le bac \u00e0 plantes rouille ?<\/span><\/strong><\/em><\/p>\n<p><span style=\"color: #000000;\">Cela d\u00e9pend des conditions m\u00e9t\u00e9orologiques, mais le processus naturel peut durer entre 3 et 12 mois.<\/span><\/p>\n<p><em><strong><span style=\"color: #ff6600;\">3. les jardini\u00e8res ont-elles des trous de drainage ?<\/span><\/strong><\/em><\/p>\n<p><span style=\"color: #000000;\">Oui, toutes les jardini\u00e8res ont un nombre minimal de trous de drainage, ce qui permet \u00e0 nos clients d'en percer davantage si n\u00e9cessaire.<\/span><\/p>\n<p><em><strong><span style=\"color: #ff6600;\">4. fabriquez-vous des jardini\u00e8res sur mesure ?<\/span><\/strong><\/em><\/p>\n<p><span style=\"color: #000000;\">Bien s\u00fbr ! Indiquez-nous simplement la taille souhait\u00e9e et nous vous enverrons un devis.<\/span><\/p>","protected":false},"excerpt":{"rendered":"<p>Le bac \u00e0 fleurs en acier corten est un pot de fleurs pratique et artistique con\u00e7u pour le jardinage moderne et l'am\u00e9nagement paysager. Il est fabriqu\u00e9 en acier Corten, qui pr\u00e9sente une excellente r\u00e9sistance \u00e0 la corrosion et peut former naturellement une couche de rouille stable, ce qui non seulement prolonge la dur\u00e9e de vie, mais donne \u00e9galement au pot de fleurs un style industriel r\u00e9tro unique.<\/p>","protected":false},"featured_media":2267,"template":"","meta":{"site-sidebar-layout":"default","site-content-layout":"","ast-site-content-layout":"default","site-content-style":"default","site-sidebar-style":"default","ast-global-header-display":"","ast-banner-title-visibility":"","ast-main-header-display":"","ast-hfb-above-header-display":"","ast-hfb-below-header-display":"","ast-hfb-mobile-header-display":"","site-post-title":"","ast-breadcrumbs-content":"","ast-featured-img":"","footer-sml-layout":"","ast-disable-related-posts":"","theme-transparent-header-meta":"default","adv-header-id-meta":"","stick-header-meta":"","header-above-stick-meta":"","header-main-stick-meta":"","header-below-stick-meta":"","astra-migrate-meta-layouts":"set","ast-page-background-enabled":"default","ast-page-background-meta":{"desktop":{"background-color":"var(--ast-global-color-4)","background-image":"","background-repeat":"repeat","background-position":"center center","background-size":"auto","background-attachment":"scroll","background-type":"","background-media":"","overlay-type":"","overlay-color":"","overlay-opacity":"","overlay-gradient":""},"tablet":{"background-color":"","background-image":"","background-repeat":"repeat","background-position":"center center","background-size":"auto","background-attachment":"scroll","background-type":"","background-media":"","overlay-type":"","overlay-color":"","overlay-opacity":"","overlay-gradient":""},"mobile":{"background-color":"","background-image":"","background-repeat":"repeat","background-position":"center center","background-size":"auto","background-attachment":"scroll","background-type":"","background-media":"","overlay-type":"","overlay-color":"","overlay-opacity":"","overlay-gradient":""}},"ast-content-background-meta":{"desktop":{"background-color":"var(--ast-global-color-5)","background-image":"","background-repeat":"repeat","background-position":"center center","background-size":"auto","background-attachment":"scroll","background-type":"","background-media":"","overlay-type":"","overlay-color":"","overlay-opacity":"","overlay-gradient":""},"tablet":{"background-color":"var(--ast-global-color-5)","background-image":"","background-repeat":"repeat","background-position":"center center","background-size":"auto","background-attachment":"scroll","background-type":"","background-media":"","overlay-type":"","overlay-color":"","overlay-opacity":"","overlay-gradient":""},"mobile":{"background-color":"var(--ast-global-color-5)","background-image":"","background-repeat":"repeat","background-position":"center center","background-size":"auto","background-attachment":"scroll","background-type":"","background-media":"","overlay-type":"","overlay-color":"","overlay-opacity":"","overlay-gradient":""}}},"product_brand":[],"product_cat":[34],"product_tag":[],"class_list":{"0":"post-2266","1":"product","2":"type-product","3":"status-publish","4":"has-post-thumbnail","6":"product_cat-planter-pots","7":"desktop-align-center","8":"tablet-align-left","9":"mobile-align-left","11":"first","12":"instock","13":"featured","14":"shipping-taxable","15":"product-type-simple"},"_links":{"self":[{"href":"https:\/\/jblcorten.com\/fr\/wp-json\/wp\/v2\/product\/2266","targetHints":{"allow":["GET"]}}],"collection":[{"href":"https:\/\/jblcorten.com\/fr\/wp-json\/wp\/v2\/product"}],"about":[{"href":"https:\/\/jblcorten.com\/fr\/wp-json\/wp\/v2\/types\/product"}],"wp:featuredmedia":[{"embeddable":true,"href":"https:\/\/jblcorten.com\/fr\/wp-json\/wp\/v2\/media\/2267"}],"wp:attachment":[{"href":"https:\/\/jblcorten.com\/fr\/wp-json\/wp\/v2\/media?parent=2266"}],"wp:term":[{"taxonomy":"product_brand","embeddable":true,"href":"https:\/\/jblcorten.com\/fr\/wp-json\/wp\/v2\/product_brand?post=2266"},{"taxonomy":"product_cat","embeddable":true,"href":"https:\/\/jblcorten.com\/fr\/wp-json\/wp\/v2\/product_cat?post=2266"},{"taxonomy":"product_tag","embeddable":true,"href":"https:\/\/jblcorten.com\/fr\/wp-json\/wp\/v2\/product_tag?post=2266"}],"curies":[{"name":"wp","href":"https:\/\/api.w.org\/{rel}","templated":true}]}}