{"id":2242,"date":"2025-01-21T08:48:31","date_gmt":"2025-01-21T08:48:31","guid":{"rendered":"https:\/\/jblcorten.com\/?post_type=product&#038;p=2242"},"modified":"2025-03-27T08:47:27","modified_gmt":"2025-03-27T08:47:27","slug":"cheminee-murale-a-bois","status":"publish","type":"product","link":"https:\/\/jblcorten.com\/fr\/wall-mounted-wood-fireplace\/","title":{"rendered":"Chemin\u00e9e murale \u00e0 bois"},"content":{"rendered":"<h2 style=\"text-align: center;\"><span style=\"font-size: 14pt;\"><strong>Chemin\u00e9e murale \u00e0 bois<\/strong><\/span><\/h2>\n<p>La chemin\u00e9e \u00e0 bois murale est un appareil de chauffage moderne qui allie beaut\u00e9 et praticit\u00e9. Cette chemin\u00e9e unique se distingue par son aspect rond et sa forme de pneu, c'est pourquoi on l'appelle aussi po\u00eale \u00e0 pneu. Ce po\u00eale a non seulement d'excellentes fonctions de chauffage, mais il r\u00e9pond \u00e9galement aux besoins quotidiens de faire bouillir de l'eau et de cuire des patates douces. C'est un choix id\u00e9al pour le chauffage domestique et une utilisation multifonctionnelle.<\/p>\n<p><strong>Conception de l'apparence\uff1a<\/strong><\/p>\n<p>Le po\u00eale \u00e0 pneu adopte un design rond et ressemble \u00e0 un pneu accroch\u00e9 au mur. La m\u00e9thode d'installation murale l'\u00e9loigne du sol, ce qui permet non seulement d'\u00e9conomiser de l'espace mais aussi d'ajouter une touche de modernit\u00e9 et de style \u00e0 la maison. L'avant du po\u00eale est \u00e9quip\u00e9 d'une porte en verre de haute qualit\u00e9 r\u00e9sistant aux temp\u00e9ratures \u00e9lev\u00e9es, \u00e0 travers laquelle vous pouvez clairement voir les flammes flamboyantes dans le four, cr\u00e9ant ainsi une atmosph\u00e8re chaleureuse dans la maison.<\/p>\n<p><span style=\"font-size: 14pt;\"><strong>Sp\u00e9cification du produit :<\/strong><\/span><\/p>\n<table style=\"height: 409px; width: 100%;\" width=\"1309\">\n<tbody>\n<tr>\n<td style=\"width: 21.4659%;\"><strong><b>Nom du produit<\/b><\/strong><\/td>\n<td style=\"width: 78.3845%;\" colspan=\"3\">Chemin\u00e9e murale \u00e0 bois<\/td>\n<\/tr>\n<tr>\n<td style=\"width: 21.4659%;\"><strong><b>\u00c9paisseur de l'acier<\/b><\/strong><\/td>\n<td style=\"width: 28.5715%;\">6 mm, selon les besoins<\/td>\n<td style=\"width: 24.8317%;\" width=\"126\"><strong><b>Couleur<\/b><\/strong><\/td>\n<td style=\"width: 24.9813%;\" width=\"155\">Noir ou personnalis\u00e9<\/td>\n<\/tr>\n<tr>\n<td style=\"width: 21.4659%;\"><strong><b>Carburant<\/b><\/strong><\/td>\n<td style=\"width: 28.5715%;\">Bois ou alcool \u00e9thylique<\/td>\n<td style=\"width: 24.8317%;\" width=\"126\"><strong><b>Mat\u00e9riau<\/b><\/strong><\/td>\n<td style=\"width: 24.9813%;\" width=\"155\">Acier au carbone\/acier inoxydable, etc.<\/td>\n<\/tr>\n<tr>\n<td style=\"width: 21.4659%;\"><strong><b>Avantage<\/b><\/strong><\/td>\n<td style=\"width: 28.5715%;\">\u00c9cologique, installation facile<\/td>\n<td style=\"width: 24.8317%;\" width=\"126\"><strong><b>Modes d'emballage<\/b><\/strong><\/td>\n<td style=\"width: 24.9813%;\" width=\"155\">Palette\/caisse en bois, etc.<\/td>\n<\/tr>\n<tr>\n<td style=\"width: 21.4659%;\"><strong><b>Taille<\/b><\/strong><\/td>\n<td style=\"width: 28.5715%;\">Rond 80cm\/ 100cm\/ etc<\/td>\n<td style=\"width: 24.8317%;\" width=\"126\"><strong><b>Style<\/b><\/strong><\/td>\n<td style=\"width: 24.9813%;\" width=\"155\">Chemin\u00e9e moderne<\/td>\n<\/tr>\n<\/tbody>\n<\/table>\n<p><span style=\"font-size: 14pt;\"><strong>D\u00e9tails du produit :<\/strong><\/span><\/p>\n<p><img fetchpriority=\"high\" decoding=\"async\" class=\"alignnone wp-image-1634\" src=\"https:\/\/jblcorten.com\/wp-content\/uploads\/2024\/11\/wall-mounted-wood-burning-stove-1-300x205.jpg\" alt=\"\" width=\"700\" height=\"479\" title=\"\" srcset=\"https:\/\/jblcorten.com\/wp-content\/uploads\/2024\/11\/wall-mounted-wood-burning-stove-1-300x205.jpg 300w, https:\/\/jblcorten.com\/wp-content\/uploads\/2024\/11\/wall-mounted-wood-burning-stove-1-600x410.jpg 600w, https:\/\/jblcorten.com\/wp-content\/uploads\/2024\/11\/wall-mounted-wood-burning-stove-1-1024x701.jpg 1024w, https:\/\/jblcorten.com\/wp-content\/uploads\/2024\/11\/wall-mounted-wood-burning-stove-1-768x525.jpg 768w, https:\/\/jblcorten.com\/wp-content\/uploads\/2024\/11\/wall-mounted-wood-burning-stove-1.jpg 1124w\" sizes=\"(max-width: 700px) 100vw, 700px\" \/><\/p>\n<p><img decoding=\"async\" class=\"alignleft wp-image-2244\" src=\"https:\/\/jblcorten.com\/wp-content\/uploads\/2025\/01\/wall-hung-log-burner-225x300.jpg\" alt=\"\" width=\"340\" height=\"453\" title=\"\" srcset=\"https:\/\/jblcorten.com\/wp-content\/uploads\/2025\/01\/wall-hung-log-burner-225x300.jpg 225w, https:\/\/jblcorten.com\/wp-content\/uploads\/2025\/01\/wall-hung-log-burner-600x800.jpg 600w, https:\/\/jblcorten.com\/wp-content\/uploads\/2025\/01\/wall-hung-log-burner-768x1024.jpg 768w, https:\/\/jblcorten.com\/wp-content\/uploads\/2025\/01\/wall-hung-log-burner-9x12.jpg 9w, https:\/\/jblcorten.com\/wp-content\/uploads\/2025\/01\/wall-hung-log-burner.jpg 900w\" sizes=\"(max-width: 340px) 100vw, 340px\" \/><img decoding=\"async\" class=\"alignleft wp-image-2245\" src=\"https:\/\/jblcorten.com\/wp-content\/uploads\/2025\/01\/wall-mounted-wood-fireplace-225x300.png\" alt=\"\" width=\"340\" height=\"453\" title=\"\" srcset=\"https:\/\/jblcorten.com\/wp-content\/uploads\/2025\/01\/wall-mounted-wood-fireplace-225x300.png 225w, https:\/\/jblcorten.com\/wp-content\/uploads\/2025\/01\/wall-mounted-wood-fireplace-600x800.png 600w, https:\/\/jblcorten.com\/wp-content\/uploads\/2025\/01\/wall-mounted-wood-fireplace-9x12.png 9w, https:\/\/jblcorten.com\/wp-content\/uploads\/2025\/01\/wall-mounted-wood-fireplace.png 750w\" sizes=\"(max-width: 340px) 100vw, 340px\" \/><\/p>","protected":false},"excerpt":{"rendered":"<p>Le po\u00eale \u00e0 pneu adopte un design rond et ressemble \u00e0 un pneu accroch\u00e9 au mur. La m\u00e9thode d'installation murale l'\u00e9loigne du sol, ce qui permet non seulement d'\u00e9conomiser de l'espace mais aussi d'ajouter une touche de modernit\u00e9 et de style \u00e0 la maison. L'avant de la chemin\u00e9e \u00e0 bois murale est \u00e9quip\u00e9 d'une porte en verre de haute qualit\u00e9 r\u00e9sistant aux temp\u00e9ratures \u00e9lev\u00e9es, \u00e0 travers laquelle vous pouvez clairement voir les flammes flamboyantes dans le four, cr\u00e9ant une atmosph\u00e8re chaleureuse dans la maison.<\/p>","protected":false},"featured_media":1457,"template":"","meta":{"site-sidebar-layout":"default","site-content-layout":"","ast-site-content-layout":"default","site-content-style":"default","site-sidebar-style":"default","ast-global-header-display":"","ast-banner-title-visibility":"","ast-main-header-display":"","ast-hfb-above-header-display":"","ast-hfb-below-header-display":"","ast-hfb-mobile-header-display":"","site-post-title":"","ast-breadcrumbs-content":"","ast-featured-img":"","footer-sml-layout":"","ast-disable-related-posts":"","theme-transparent-header-meta":"default","adv-header-id-meta":"","stick-header-meta":"","header-above-stick-meta":"","header-main-stick-meta":"","header-below-stick-meta":"","astra-migrate-meta-layouts":"set","ast-page-background-enabled":"default","ast-page-background-meta":{"desktop":{"background-color":"var(--ast-global-color-4)","background-image":"","background-repeat":"repeat","background-position":"center center","background-size":"auto","background-attachment":"scroll","background-type":"","background-media":"","overlay-type":"","overlay-color":"","overlay-opacity":"","overlay-gradient":""},"tablet":{"background-color":"","background-image":"","background-repeat":"repeat","background-position":"center center","background-size":"auto","background-attachment":"scroll","background-type":"","background-media":"","overlay-type":"","overlay-color":"","overlay-opacity":"","overlay-gradient":""},"mobile":{"background-color":"","background-image":"","background-repeat":"repeat","background-position":"center center","background-size":"auto","background-attachment":"scroll","background-type":"","background-media":"","overlay-type":"","overlay-color":"","overlay-opacity":"","overlay-gradient":""}},"ast-content-background-meta":{"desktop":{"background-color":"var(--ast-global-color-5)","background-image":"","background-repeat":"repeat","background-position":"center center","background-size":"auto","background-attachment":"scroll","background-type":"","background-media":"","overlay-type":"","overlay-color":"","overlay-opacity":"","overlay-gradient":""},"tablet":{"background-color":"var(--ast-global-color-5)","background-image":"","background-repeat":"repeat","background-position":"center center","background-size":"auto","background-attachment":"scroll","background-type":"","background-media":"","overlay-type":"","overlay-color":"","overlay-opacity":"","overlay-gradient":""},"mobile":{"background-color":"var(--ast-global-color-5)","background-image":"","background-repeat":"repeat","background-position":"center center","background-size":"auto","background-attachment":"scroll","background-type":"","background-media":"","overlay-type":"","overlay-color":"","overlay-opacity":"","overlay-gradient":""}}},"product_brand":[],"product_cat":[30],"product_tag":[],"class_list":{"0":"post-2242","1":"product","2":"type-product","3":"status-publish","4":"has-post-thumbnail","6":"product_cat-fireplace","7":"desktop-align-center","8":"tablet-align-left","9":"mobile-align-left","11":"first","12":"instock","13":"featured","14":"shipping-taxable","15":"product-type-simple"},"_links":{"self":[{"href":"https:\/\/jblcorten.com\/fr\/wp-json\/wp\/v2\/product\/2242","targetHints":{"allow":["GET"]}}],"collection":[{"href":"https:\/\/jblcorten.com\/fr\/wp-json\/wp\/v2\/product"}],"about":[{"href":"https:\/\/jblcorten.com\/fr\/wp-json\/wp\/v2\/types\/product"}],"wp:featuredmedia":[{"embeddable":true,"href":"https:\/\/jblcorten.com\/fr\/wp-json\/wp\/v2\/media\/1457"}],"wp:attachment":[{"href":"https:\/\/jblcorten.com\/fr\/wp-json\/wp\/v2\/media?parent=2242"}],"wp:term":[{"taxonomy":"product_brand","embeddable":true,"href":"https:\/\/jblcorten.com\/fr\/wp-json\/wp\/v2\/product_brand?post=2242"},{"taxonomy":"product_cat","embeddable":true,"href":"https:\/\/jblcorten.com\/fr\/wp-json\/wp\/v2\/product_cat?post=2242"},{"taxonomy":"product_tag","embeddable":true,"href":"https:\/\/jblcorten.com\/fr\/wp-json\/wp\/v2\/product_tag?post=2242"}],"curies":[{"name":"wp","href":"https:\/\/api.w.org\/{rel}","templated":true}]}}