{"id":1311,"date":"2024-11-08T09:16:41","date_gmt":"2024-11-08T09:16:41","guid":{"rendered":"https:\/\/jblcorten.com\/?post_type=product&#038;p=1311"},"modified":"2025-04-01T02:08:38","modified_gmt":"2025-04-01T02:08:38","slug":"jardinieres-en-acier-corten","status":"publish","type":"product","link":"https:\/\/jblcorten.com\/fr\/corten-steel-planters\/","title":{"rendered":"Jardini\u00e8res en acier Corten"},"content":{"rendered":"<p><strong><span style=\"font-size: 14pt;\">Jardini\u00e8res en acier Corten<\/span><\/strong><\/p>\n<p>Les fleurs en acier corten sont des pots de fleurs fabriqu\u00e9s en acier corten (r\u00e9sistant aux intemp\u00e9ries), qui sont appr\u00e9ci\u00e9s pour leur aspect unique et leur excellente durabilit\u00e9. L'acier corten, \u00e9galement connu sous le nom d'acier r\u00e9sistant \u00e0 la corrosion, est un mat\u00e9riau en acier qui peut naturellement former une couche de rouille protectrice \u00e0 la surface. Cette couche de rouille a non seulement une fonction anticorrosion, mais elle donne \u00e9galement \u00e0 l'acier corten un ton naturel unique et chaud, lui conf\u00e9rant un aspect rustique et textur\u00e9, qui convient parfaitement \u00e0 la d\u00e9coration de jardin et d'ext\u00e9rieur.<\/p>\n<p><strong><span style=\"font-size: 14pt;\">Sp\u00e9cification du produit :<\/span><\/strong><\/p>\n<table>\n<tbody>\n<tr>\n<td><strong><b>Nom du produit<\/b><\/strong><\/td>\n<td>Pot de fleurs en acier Corten<\/td>\n<\/tr>\n<tr>\n<td><strong><b>Type<\/b><\/strong><\/td>\n<td>Pots et jardini\u00e8res<\/td>\n<\/tr>\n<tr>\n<td><strong><b>Mat\u00e9riau<\/b><\/strong><\/td>\n<td>Acier Corten \/ Acier r\u00e9sistant aux intemp\u00e9ries<\/td>\n<\/tr>\n<tr>\n<td><strong><b>Taille<\/b><\/strong><\/td>\n<td>Sur mesure<\/td>\n<\/tr>\n<tr>\n<td><strong><b>Technologie<\/b><\/strong><\/td>\n<td>\u00c9preuve, d\u00e9coupe au laser, pliage, poin\u00e7onnage, soudage, rouille<\/td>\n<\/tr>\n<tr>\n<td><strong><b>Traitement de surface<\/b><\/strong><\/td>\n<td>Pr\u00e9-rouill\u00e9, peint en noir, peut \u00eatre personnalis\u00e9<\/td>\n<\/tr>\n<tr>\n<td><strong><b>MOQ<\/b><\/strong><\/td>\n<td>1 pi\u00e8ce<\/td>\n<\/tr>\n<tr>\n<td><strong><b>OEM ET ODM<\/b><\/strong><\/td>\n<td>Un service personnalis\u00e9 est disponible.<\/td>\n<\/tr>\n<\/tbody>\n<\/table>\n<p><strong><span style=\"font-size: 14pt;\">D\u00e9tails du produit :<\/span><\/strong><\/p>\n<p><img fetchpriority=\"high\" decoding=\"async\" class=\"alignnone wp-image-1324 size-full\" src=\"https:\/\/jblcorten.com\/wp-content\/uploads\/2024\/11\/2024_05_24_16_23_IMG_9896.jpg\" alt=\"\" width=\"750\" height=\"562\" title=\"\" srcset=\"https:\/\/jblcorten.com\/wp-content\/uploads\/2024\/11\/2024_05_24_16_23_IMG_9896.jpg 750w, https:\/\/jblcorten.com\/wp-content\/uploads\/2024\/11\/2024_05_24_16_23_IMG_9896-600x450.jpg 600w, https:\/\/jblcorten.com\/wp-content\/uploads\/2024\/11\/2024_05_24_16_23_IMG_9896-300x225.jpg 300w\" sizes=\"(max-width: 750px) 100vw, 750px\" \/><\/p>\n<p><img decoding=\"async\" class=\"alignleft wp-image-1325\" src=\"https:\/\/jblcorten.com\/wp-content\/uploads\/2024\/11\/planter-pot-1-225x300.jpg\" alt=\"\" width=\"233\" height=\"311\" title=\"\" srcset=\"https:\/\/jblcorten.com\/wp-content\/uploads\/2024\/11\/planter-pot-1-225x300.jpg 225w, https:\/\/jblcorten.com\/wp-content\/uploads\/2024\/11\/planter-pot-1-600x800.jpg 600w, https:\/\/jblcorten.com\/wp-content\/uploads\/2024\/11\/planter-pot-1.jpg 750w\" sizes=\"(max-width: 233px) 100vw, 233px\" \/> <img decoding=\"async\" class=\"alignleft wp-image-1326\" src=\"https:\/\/jblcorten.com\/wp-content\/uploads\/2024\/11\/planter-pot-2-225x300.jpg\" alt=\"\" width=\"233\" height=\"311\" title=\"\" srcset=\"https:\/\/jblcorten.com\/wp-content\/uploads\/2024\/11\/planter-pot-2-225x300.jpg 225w, https:\/\/jblcorten.com\/wp-content\/uploads\/2024\/11\/planter-pot-2-600x800.jpg 600w, https:\/\/jblcorten.com\/wp-content\/uploads\/2024\/11\/planter-pot-2.jpg 750w\" sizes=\"(max-width: 233px) 100vw, 233px\" \/> <img loading=\"lazy\" decoding=\"async\" class=\"alignleft wp-image-1327\" src=\"https:\/\/jblcorten.com\/wp-content\/uploads\/2024\/11\/planter-pot-3-225x300.jpg\" alt=\"\" width=\"233\" height=\"311\" title=\"\" srcset=\"https:\/\/jblcorten.com\/wp-content\/uploads\/2024\/11\/planter-pot-3-225x300.jpg 225w, https:\/\/jblcorten.com\/wp-content\/uploads\/2024\/11\/planter-pot-3-600x800.jpg 600w, https:\/\/jblcorten.com\/wp-content\/uploads\/2024\/11\/planter-pot-3.jpg 750w\" sizes=\"(max-width: 233px) 100vw, 233px\" \/><\/p>","protected":false},"excerpt":{"rendered":"<p>Si vous \u00eates \u00e0 la recherche d'une belle jardini\u00e8re durable, ne cherchez pas plus loin que les jardini\u00e8res en acier corten. Ces jardini\u00e8res sont fabriqu\u00e9es en acier corten, un type d'acier qui r\u00e9siste \u00e0 la rouille et forme une couche protectrice qui prot\u00e8ge la jardini\u00e8re et prolonge sa dur\u00e9e de vie.<\/p>","protected":false},"featured_media":1322,"template":"","meta":{"site-sidebar-layout":"default","site-content-layout":"","ast-site-content-layout":"default","site-content-style":"default","site-sidebar-style":"default","ast-global-header-display":"","ast-banner-title-visibility":"","ast-main-header-display":"","ast-hfb-above-header-display":"","ast-hfb-below-header-display":"","ast-hfb-mobile-header-display":"","site-post-title":"","ast-breadcrumbs-content":"","ast-featured-img":"","footer-sml-layout":"","ast-disable-related-posts":"","theme-transparent-header-meta":"default","adv-header-id-meta":"","stick-header-meta":"","header-above-stick-meta":"","header-main-stick-meta":"","header-below-stick-meta":"","astra-migrate-meta-layouts":"set","ast-page-background-enabled":"default","ast-page-background-meta":{"desktop":{"background-color":"var(--ast-global-color-4)","background-image":"","background-repeat":"repeat","background-position":"center center","background-size":"auto","background-attachment":"scroll","background-type":"","background-media":"","overlay-type":"","overlay-color":"","overlay-opacity":"","overlay-gradient":""},"tablet":{"background-color":"","background-image":"","background-repeat":"repeat","background-position":"center center","background-size":"auto","background-attachment":"scroll","background-type":"","background-media":"","overlay-type":"","overlay-color":"","overlay-opacity":"","overlay-gradient":""},"mobile":{"background-color":"","background-image":"","background-repeat":"repeat","background-position":"center center","background-size":"auto","background-attachment":"scroll","background-type":"","background-media":"","overlay-type":"","overlay-color":"","overlay-opacity":"","overlay-gradient":""}},"ast-content-background-meta":{"desktop":{"background-color":"var(--ast-global-color-5)","background-image":"","background-repeat":"repeat","background-position":"center center","background-size":"auto","background-attachment":"scroll","background-type":"","background-media":"","overlay-type":"","overlay-color":"","overlay-opacity":"","overlay-gradient":""},"tablet":{"background-color":"var(--ast-global-color-5)","background-image":"","background-repeat":"repeat","background-position":"center center","background-size":"auto","background-attachment":"scroll","background-type":"","background-media":"","overlay-type":"","overlay-color":"","overlay-opacity":"","overlay-gradient":""},"mobile":{"background-color":"var(--ast-global-color-5)","background-image":"","background-repeat":"repeat","background-position":"center center","background-size":"auto","background-attachment":"scroll","background-type":"","background-media":"","overlay-type":"","overlay-color":"","overlay-opacity":"","overlay-gradient":""}}},"product_brand":[],"product_cat":[34],"product_tag":[],"class_list":{"0":"post-1311","1":"product","2":"type-product","3":"status-publish","4":"has-post-thumbnail","6":"product_cat-planter-pots","7":"desktop-align-center","8":"tablet-align-left","9":"mobile-align-left","11":"first","12":"instock","13":"shipping-taxable","14":"product-type-simple"},"_links":{"self":[{"href":"https:\/\/jblcorten.com\/fr\/wp-json\/wp\/v2\/product\/1311","targetHints":{"allow":["GET"]}}],"collection":[{"href":"https:\/\/jblcorten.com\/fr\/wp-json\/wp\/v2\/product"}],"about":[{"href":"https:\/\/jblcorten.com\/fr\/wp-json\/wp\/v2\/types\/product"}],"wp:featuredmedia":[{"embeddable":true,"href":"https:\/\/jblcorten.com\/fr\/wp-json\/wp\/v2\/media\/1322"}],"wp:attachment":[{"href":"https:\/\/jblcorten.com\/fr\/wp-json\/wp\/v2\/media?parent=1311"}],"wp:term":[{"taxonomy":"product_brand","embeddable":true,"href":"https:\/\/jblcorten.com\/fr\/wp-json\/wp\/v2\/product_brand?post=1311"},{"taxonomy":"product_cat","embeddable":true,"href":"https:\/\/jblcorten.com\/fr\/wp-json\/wp\/v2\/product_cat?post=1311"},{"taxonomy":"product_tag","embeddable":true,"href":"https:\/\/jblcorten.com\/fr\/wp-json\/wp\/v2\/product_tag?post=1311"}],"curies":[{"name":"wp","href":"https:\/\/api.w.org\/{rel}","templated":true}]}}