{"id":1310,"date":"2024-11-15T08:33:31","date_gmt":"2024-11-15T08:33:31","guid":{"rendered":"https:\/\/jblcorten.com\/?post_type=product&#038;p=1310"},"modified":"2025-03-20T07:08:51","modified_gmt":"2025-03-20T07:08:51","slug":"pot-de-fleurs-en-acier","status":"publish","type":"product","link":"https:\/\/jblcorten.com\/fr\/steel-planter-pot\/","title":{"rendered":"Pot de fleurs en acier"},"content":{"rendered":"<p><span style=\"font-size: 14pt;\"><strong>Pot de fleurs en acier<\/strong><\/span><\/p>\n<p>Les bacs \u00e0 plantes en acier sont des r\u00e9cipients en acier utilis\u00e9s pour faire pousser des plantes. Nos jardini\u00e8res en acier sont fabriqu\u00e9es en acier corten, ce qui les rend solides et durables. Elles sont donc parfaites pour une utilisation en ext\u00e9rieur, dans le jardin ou sur la terrasse. Les pots en acier pr\u00e9sentent des avantages par rapport aux autres types de pots en bois, en terre cuite ou en plastique. Ils sont polyvalents, \u00e9l\u00e9gants et disponibles dans une grande vari\u00e9t\u00e9 de tailles, de formes et de designs.<\/p>\n<p><strong><span style=\"font-size: 14pt;\">Sp\u00e9cification du produit :<\/span><\/strong><\/p>\n<table>\n<tbody>\n<tr>\n<td width=\"223\">Nom du produit<\/td>\n<td width=\"520\">Pot de fleurs en acier<\/td>\n<\/tr>\n<tr>\n<td width=\"223\">Mat\u00e9riau<\/td>\n<td width=\"520\">Acier corten<\/td>\n<\/tr>\n<tr>\n<td width=\"223\">\u00c9paisseur<\/td>\n<td width=\"520\">2.0-10mm<\/td>\n<\/tr>\n<tr>\n<td width=\"223\">Forme<\/td>\n<td width=\"520\">Rond<\/td>\n<\/tr>\n<tr>\n<td width=\"223\">traitement de surface<\/td>\n<td width=\"520\">Noir ou pr\u00e9-rouill\u00e9<\/td>\n<\/tr>\n<tr>\n<td width=\"223\">Utilisation<\/td>\n<td width=\"520\">Plantes et d\u00e9corations<\/td>\n<\/tr>\n<tr>\n<td width=\"223\">Paquet<\/td>\n<td width=\"520\">Coffret en bois<\/td>\n<\/tr>\n<tr>\n<td width=\"223\">Remarques<\/td>\n<td width=\"520\">Chaque pot de fleurs peut \u00eatre personnalis\u00e9 en termes de couleur, de taille et de motif.<\/td>\n<\/tr>\n<\/tbody>\n<\/table>\n<p><strong><span style=\"font-size: 14pt;\">D\u00e9tails du produit :<\/span><\/strong><\/p>\n<p><img fetchpriority=\"high\" decoding=\"async\" class=\"alignnone wp-image-1364\" src=\"https:\/\/jblcorten.com\/wp-content\/uploads\/2024\/11\/garden-containers.jpg\" alt=\"\" width=\"750\" height=\"563\" title=\"\" srcset=\"https:\/\/jblcorten.com\/wp-content\/uploads\/2024\/11\/garden-containers.jpg 800w, https:\/\/jblcorten.com\/wp-content\/uploads\/2024\/11\/garden-containers-600x450.jpg 600w, https:\/\/jblcorten.com\/wp-content\/uploads\/2024\/11\/garden-containers-300x225.jpg 300w, https:\/\/jblcorten.com\/wp-content\/uploads\/2024\/11\/garden-containers-768x576.jpg 768w\" sizes=\"(max-width: 750px) 100vw, 750px\" \/><\/p>\n<p><img decoding=\"async\" class=\"alignnone wp-image-1362\" src=\"https:\/\/jblcorten.com\/wp-content\/uploads\/2024\/11\/plant-containers.jpg\" alt=\"\" width=\"372\" height=\"279\" title=\"\" srcset=\"https:\/\/jblcorten.com\/wp-content\/uploads\/2024\/11\/plant-containers.jpg 800w, https:\/\/jblcorten.com\/wp-content\/uploads\/2024\/11\/plant-containers-600x450.jpg 600w, https:\/\/jblcorten.com\/wp-content\/uploads\/2024\/11\/plant-containers-300x225.jpg 300w, https:\/\/jblcorten.com\/wp-content\/uploads\/2024\/11\/plant-containers-768x576.jpg 768w\" sizes=\"(max-width: 372px) 100vw, 372px\" \/> <img decoding=\"async\" class=\"alignnone wp-image-1365\" src=\"https:\/\/jblcorten.com\/wp-content\/uploads\/2024\/11\/modern-outdoor-planters.jpg\" alt=\"\" width=\"372\" height=\"279\" title=\"\" srcset=\"https:\/\/jblcorten.com\/wp-content\/uploads\/2024\/11\/modern-outdoor-planters.jpg 800w, https:\/\/jblcorten.com\/wp-content\/uploads\/2024\/11\/modern-outdoor-planters-600x450.jpg 600w, https:\/\/jblcorten.com\/wp-content\/uploads\/2024\/11\/modern-outdoor-planters-300x225.jpg 300w, https:\/\/jblcorten.com\/wp-content\/uploads\/2024\/11\/modern-outdoor-planters-768x576.jpg 768w\" sizes=\"(max-width: 372px) 100vw, 372px\" \/><\/p>\n<p><img loading=\"lazy\" decoding=\"async\" class=\"alignnone wp-image-1368\" src=\"https:\/\/jblcorten.com\/wp-content\/uploads\/2024\/11\/big-pots-for-plants.jpg\" alt=\"\" width=\"372\" height=\"495\" title=\"\" srcset=\"https:\/\/jblcorten.com\/wp-content\/uploads\/2024\/11\/big-pots-for-plants.jpg 800w, https:\/\/jblcorten.com\/wp-content\/uploads\/2024\/11\/big-pots-for-plants-600x799.jpg 600w, https:\/\/jblcorten.com\/wp-content\/uploads\/2024\/11\/big-pots-for-plants-225x300.jpg 225w, https:\/\/jblcorten.com\/wp-content\/uploads\/2024\/11\/big-pots-for-plants-769x1024.jpg 769w, https:\/\/jblcorten.com\/wp-content\/uploads\/2024\/11\/big-pots-for-plants-768x1022.jpg 768w\" sizes=\"(max-width: 372px) 100vw, 372px\" \/> <img loading=\"lazy\" decoding=\"async\" class=\"alignnone wp-image-1367\" src=\"https:\/\/jblcorten.com\/wp-content\/uploads\/2024\/11\/corten-steel-planter-pot.jpg\" alt=\"\" width=\"372\" height=\"496\" title=\"\" srcset=\"https:\/\/jblcorten.com\/wp-content\/uploads\/2024\/11\/corten-steel-planter-pot.jpg 800w, https:\/\/jblcorten.com\/wp-content\/uploads\/2024\/11\/corten-steel-planter-pot-600x800.jpg 600w, https:\/\/jblcorten.com\/wp-content\/uploads\/2024\/11\/corten-steel-planter-pot-225x300.jpg 225w, https:\/\/jblcorten.com\/wp-content\/uploads\/2024\/11\/corten-steel-planter-pot-768x1023.jpg 768w\" sizes=\"(max-width: 372px) 100vw, 372px\" \/><\/p>\n<p>&nbsp;<\/p>","protected":false},"excerpt":{"rendered":"<p>Compar\u00e9 \u00e0 d'autres types de pots, le pot en acier peut ajouter de la beaut\u00e9 \u00e0 votre espace de jardin ext\u00e9rieur ou int\u00e9rieur. Si vous souhaitez embellir votre jardin avec des pots durables mais \u00e9l\u00e9gants, le pot en acier est le choix id\u00e9al pour vous.<\/p>","protected":false},"featured_media":1355,"template":"","meta":{"site-sidebar-layout":"default","site-content-layout":"","ast-site-content-layout":"default","site-content-style":"default","site-sidebar-style":"default","ast-global-header-display":"","ast-banner-title-visibility":"","ast-main-header-display":"","ast-hfb-above-header-display":"","ast-hfb-below-header-display":"","ast-hfb-mobile-header-display":"","site-post-title":"","ast-breadcrumbs-content":"","ast-featured-img":"","footer-sml-layout":"","ast-disable-related-posts":"","theme-transparent-header-meta":"default","adv-header-id-meta":"","stick-header-meta":"","header-above-stick-meta":"","header-main-stick-meta":"","header-below-stick-meta":"","astra-migrate-meta-layouts":"set","ast-page-background-enabled":"default","ast-page-background-meta":{"desktop":{"background-color":"var(--ast-global-color-4)","background-image":"","background-repeat":"repeat","background-position":"center center","background-size":"auto","background-attachment":"scroll","background-type":"","background-media":"","overlay-type":"","overlay-color":"","overlay-opacity":"","overlay-gradient":""},"tablet":{"background-color":"","background-image":"","background-repeat":"repeat","background-position":"center center","background-size":"auto","background-attachment":"scroll","background-type":"","background-media":"","overlay-type":"","overlay-color":"","overlay-opacity":"","overlay-gradient":""},"mobile":{"background-color":"","background-image":"","background-repeat":"repeat","background-position":"center center","background-size":"auto","background-attachment":"scroll","background-type":"","background-media":"","overlay-type":"","overlay-color":"","overlay-opacity":"","overlay-gradient":""}},"ast-content-background-meta":{"desktop":{"background-color":"var(--ast-global-color-5)","background-image":"","background-repeat":"repeat","background-position":"center center","background-size":"auto","background-attachment":"scroll","background-type":"","background-media":"","overlay-type":"","overlay-color":"","overlay-opacity":"","overlay-gradient":""},"tablet":{"background-color":"var(--ast-global-color-5)","background-image":"","background-repeat":"repeat","background-position":"center center","background-size":"auto","background-attachment":"scroll","background-type":"","background-media":"","overlay-type":"","overlay-color":"","overlay-opacity":"","overlay-gradient":""},"mobile":{"background-color":"var(--ast-global-color-5)","background-image":"","background-repeat":"repeat","background-position":"center center","background-size":"auto","background-attachment":"scroll","background-type":"","background-media":"","overlay-type":"","overlay-color":"","overlay-opacity":"","overlay-gradient":""}}},"product_brand":[],"product_cat":[34],"product_tag":[],"class_list":{"0":"post-1310","1":"product","2":"type-product","3":"status-publish","4":"has-post-thumbnail","6":"product_cat-planter-pots","7":"desktop-align-center","8":"tablet-align-left","9":"mobile-align-left","11":"first","12":"instock","13":"shipping-taxable","14":"product-type-simple"},"_links":{"self":[{"href":"https:\/\/jblcorten.com\/fr\/wp-json\/wp\/v2\/product\/1310","targetHints":{"allow":["GET"]}}],"collection":[{"href":"https:\/\/jblcorten.com\/fr\/wp-json\/wp\/v2\/product"}],"about":[{"href":"https:\/\/jblcorten.com\/fr\/wp-json\/wp\/v2\/types\/product"}],"wp:featuredmedia":[{"embeddable":true,"href":"https:\/\/jblcorten.com\/fr\/wp-json\/wp\/v2\/media\/1355"}],"wp:attachment":[{"href":"https:\/\/jblcorten.com\/fr\/wp-json\/wp\/v2\/media?parent=1310"}],"wp:term":[{"taxonomy":"product_brand","embeddable":true,"href":"https:\/\/jblcorten.com\/fr\/wp-json\/wp\/v2\/product_brand?post=1310"},{"taxonomy":"product_cat","embeddable":true,"href":"https:\/\/jblcorten.com\/fr\/wp-json\/wp\/v2\/product_cat?post=1310"},{"taxonomy":"product_tag","embeddable":true,"href":"https:\/\/jblcorten.com\/fr\/wp-json\/wp\/v2\/product_tag?post=1310"}],"curies":[{"name":"wp","href":"https:\/\/api.w.org\/{rel}","templated":true}]}}