{"id":863,"date":"2024-10-08T09:12:07","date_gmt":"2024-10-08T09:12:07","guid":{"rendered":"https:\/\/jblcorten.com\/?post_type=product&#038;p=863"},"modified":"2025-03-20T07:35:29","modified_gmt":"2025-03-20T07:35:29","slug":"cortina-de-lluvia-de-acero-corten","status":"publish","type":"product","link":"https:\/\/jblcorten.com\/es\/corten-steel-rain-curtain\/","title":{"rendered":"Cortina de lluvia de acero corten"},"content":{"rendered":"<p><strong><span style=\"color: #000000; font-size: 14pt;\">Cortina de lluvia de acero corten<\/span><\/strong><\/p>\n<p><span style=\"color: #000000;\">La cortina de lluvia de acero corten es una obra de arte para exteriores que puede encontrarse en diversos lugares p\u00fablicos como plazas, parques y universidades. Esta ic\u00f3nica obra de arte est\u00e1 hecha de acero corten, un tipo especial de acero con propiedades \u00fanicas que lo hacen perfecto para hacer esculturas al aire libre. El acero corten es un tipo de acero fabricado a partir de una combinaci\u00f3n de aleaciones como cobre, cromo y n\u00edquel. En la superficie del acero corten se forma una capa protectora antioxidante que impide que la humedad entre en contacto con el acero y evita que siga oxid\u00e1ndose.<\/span><\/p>\n<p><span style=\"color: #000000;\">Las chapas de acero corten se cortan y moldean para crear diversas formas, y esta cortina de agua es independiente. El acero corten utilizado para fabricar la cortina de lluvia tiene un color marr\u00f3n \u00f3xido \u00fanico que contribuye a la belleza art\u00edstica de la pieza. El color liso del metal ayuda a que la escultura se integre con naturalidad en su entorno. La cortina de lluvia representa la combinaci\u00f3n perfecta de forma y funci\u00f3n. Las gruesas l\u00e1minas de acero no s\u00f3lo crean un impresionante impacto visual, sino que tambi\u00e9n ayudan a reducir la contaminaci\u00f3n ac\u00fastica. El sonido del agua que gotea de las l\u00e1minas de acero crea una sensaci\u00f3n de calma, lo que la convierte en la instalaci\u00f3n art\u00edstica perfecta para espacios p\u00fablicos.<\/span><\/p>\n<p><strong><span style=\"font-size: 14pt;\">Especificaci\u00f3n del producto:<\/span><\/strong><\/p>\n<table>\n<tbody>\n<tr>\n<td width=\"136\"><span style=\"color: #000000;\">Nombre del producto<\/span><\/td>\n<td width=\"766\"><span style=\"color: #000000;\">Cortina de lluvia de acero corten<\/span><\/td>\n<\/tr>\n<tr>\n<td width=\"136\"><span style=\"color: #000000;\">Tipo<\/span><\/td>\n<td width=\"766\"><span style=\"color: #000000;\">Fuente<\/span><\/td>\n<\/tr>\n<tr>\n<td width=\"136\"><span style=\"color: #000000;\">Material<\/span><\/td>\n<td width=\"766\"><span style=\"color: #000000;\">Acero corten<\/span><\/td>\n<\/tr>\n<tr>\n<td width=\"136\"><span style=\"color: #000000;\">Espesor<\/span><\/td>\n<td width=\"766\"><span style=\"color: #000000;\">2~3mm<\/span><\/td>\n<\/tr>\n<tr>\n<td width=\"136\"><span style=\"color: #000000;\">Superficie<\/span><\/td>\n<td width=\"766\"><span style=\"color: #000000;\">tratado con acabado r\u00fastico, recubierto de polvo<\/span><\/td>\n<\/tr>\n<tr>\n<td width=\"136\"><span style=\"color: #000000;\">Color<\/span><\/td>\n<td width=\"766\"><span style=\"color: #000000;\">rojo \u00f3xido, negro<\/span><\/td>\n<\/tr>\n<tr>\n<td width=\"136\"><span style=\"color: #000000;\">Proceso<\/span><\/td>\n<td width=\"766\"><span style=\"color: #000000;\">Corte por l\u00e1ser &gt; plegado &gt; soldadura y pulido&gt; tratamiento de superficies&gt; componentes ensamblados y embalaje<\/span><\/td>\n<\/tr>\n<tr>\n<td width=\"136\"><span style=\"color: #000000;\">Aplicaci\u00f3n<\/span><\/td>\n<td width=\"766\"><span style=\"color: #000000;\">Decoraci\u00f3n paisaj\u00edstica<\/span><\/td>\n<\/tr>\n<\/tbody>\n<\/table>\n<p><span style=\"color: #000000; font-size: 14pt;\"><strong>Fotograf\u00edas de cortinas de lluvia de acero corten:<\/strong><\/span><\/p>\n<p><img fetchpriority=\"high\" decoding=\"async\" class=\"alignnone wp-image-2417\" src=\"https:\/\/jblcorten.com\/wp-content\/uploads\/2024\/10\/corten-water-fountain.jpg\" alt=\"\" width=\"750\" height=\"667\" title=\"\" srcset=\"https:\/\/jblcorten.com\/wp-content\/uploads\/2024\/10\/corten-water-fountain.jpg 900w, https:\/\/jblcorten.com\/wp-content\/uploads\/2024\/10\/corten-water-fountain-600x533.jpg 600w, https:\/\/jblcorten.com\/wp-content\/uploads\/2024\/10\/corten-water-fountain-300x267.jpg 300w, https:\/\/jblcorten.com\/wp-content\/uploads\/2024\/10\/corten-water-fountain-768x683.jpg 768w, https:\/\/jblcorten.com\/wp-content\/uploads\/2024\/10\/corten-water-fountain-14x12.jpg 14w\" sizes=\"(max-width: 750px) 100vw, 750px\" \/> <img decoding=\"async\" class=\"alignnone wp-image-2418\" src=\"https:\/\/jblcorten.com\/wp-content\/uploads\/2024\/10\/rust-water-feature.jpg\" alt=\"\" width=\"750\" height=\"563\" title=\"\" srcset=\"https:\/\/jblcorten.com\/wp-content\/uploads\/2024\/10\/rust-water-feature.jpg 1000w, https:\/\/jblcorten.com\/wp-content\/uploads\/2024\/10\/rust-water-feature-600x450.jpg 600w, https:\/\/jblcorten.com\/wp-content\/uploads\/2024\/10\/rust-water-feature-300x225.jpg 300w, https:\/\/jblcorten.com\/wp-content\/uploads\/2024\/10\/rust-water-feature-768x576.jpg 768w, https:\/\/jblcorten.com\/wp-content\/uploads\/2024\/10\/rust-water-feature-16x12.jpg 16w\" sizes=\"(max-width: 750px) 100vw, 750px\" \/><\/p>\n<p>Esta cortina de lluvia de acero corten se puede instalar en su jard\u00edn, y luego a\u00f1adir algunas luces, el efecto es el siguiente:<\/p>\n<p><img decoding=\"async\" class=\"alignnone wp-image-2419\" src=\"https:\/\/jblcorten.com\/wp-content\/uploads\/2024\/10\/rusted-metal-water-features.jpg\" alt=\"\" width=\"750\" height=\"641\" title=\"\" srcset=\"https:\/\/jblcorten.com\/wp-content\/uploads\/2024\/10\/rusted-metal-water-features.jpg 1000w, https:\/\/jblcorten.com\/wp-content\/uploads\/2024\/10\/rusted-metal-water-features-600x512.jpg 600w, https:\/\/jblcorten.com\/wp-content\/uploads\/2024\/10\/rusted-metal-water-features-300x256.jpg 300w, https:\/\/jblcorten.com\/wp-content\/uploads\/2024\/10\/rusted-metal-water-features-768x656.jpg 768w, https:\/\/jblcorten.com\/wp-content\/uploads\/2024\/10\/rusted-metal-water-features-14x12.jpg 14w\" sizes=\"(max-width: 750px) 100vw, 750px\" \/><\/p>\n<p>&nbsp;<\/p>","protected":false},"excerpt":{"rendered":"<p>Las chapas de acero de la cortina de lluvia de acero corten se cortan y moldean para crear una gran variedad de formas, y esta cortina de agua es independiente. El acero corten utilizado para fabricar la cortina de lluvia tiene un color marr\u00f3n \u00f3xido \u00fanico que contribuye a la belleza art\u00edstica de la pieza. El color liso del metal ayuda a que la escultura se integre con naturalidad en su entorno.<\/p>","protected":false},"featured_media":2415,"template":"","meta":{"site-sidebar-layout":"default","site-content-layout":"","ast-site-content-layout":"default","site-content-style":"default","site-sidebar-style":"default","ast-global-header-display":"","ast-banner-title-visibility":"","ast-main-header-display":"","ast-hfb-above-header-display":"","ast-hfb-below-header-display":"","ast-hfb-mobile-header-display":"","site-post-title":"","ast-breadcrumbs-content":"","ast-featured-img":"","footer-sml-layout":"","ast-disable-related-posts":"","theme-transparent-header-meta":"default","adv-header-id-meta":"","stick-header-meta":"","header-above-stick-meta":"","header-main-stick-meta":"","header-below-stick-meta":"","astra-migrate-meta-layouts":"set","ast-page-background-enabled":"default","ast-page-background-meta":{"desktop":{"background-color":"var(--ast-global-color-4)","background-image":"","background-repeat":"repeat","background-position":"center center","background-size":"auto","background-attachment":"scroll","background-type":"","background-media":"","overlay-type":"","overlay-color":"","overlay-opacity":"","overlay-gradient":""},"tablet":{"background-color":"","background-image":"","background-repeat":"repeat","background-position":"center center","background-size":"auto","background-attachment":"scroll","background-type":"","background-media":"","overlay-type":"","overlay-color":"","overlay-opacity":"","overlay-gradient":""},"mobile":{"background-color":"","background-image":"","background-repeat":"repeat","background-position":"center center","background-size":"auto","background-attachment":"scroll","background-type":"","background-media":"","overlay-type":"","overlay-color":"","overlay-opacity":"","overlay-gradient":""}},"ast-content-background-meta":{"desktop":{"background-color":"var(--ast-global-color-5)","background-image":"","background-repeat":"repeat","background-position":"center center","background-size":"auto","background-attachment":"scroll","background-type":"","background-media":"","overlay-type":"","overlay-color":"","overlay-opacity":"","overlay-gradient":""},"tablet":{"background-color":"var(--ast-global-color-5)","background-image":"","background-repeat":"repeat","background-position":"center center","background-size":"auto","background-attachment":"scroll","background-type":"","background-media":"","overlay-type":"","overlay-color":"","overlay-opacity":"","overlay-gradient":""},"mobile":{"background-color":"var(--ast-global-color-5)","background-image":"","background-repeat":"repeat","background-position":"center center","background-size":"auto","background-attachment":"scroll","background-type":"","background-media":"","overlay-type":"","overlay-color":"","overlay-opacity":"","overlay-gradient":""}}},"product_brand":[],"product_cat":[40],"product_tag":[],"class_list":{"0":"post-863","1":"product","2":"type-product","3":"status-publish","4":"has-post-thumbnail","6":"product_cat-water-feature","7":"desktop-align-center","8":"tablet-align-left","9":"mobile-align-left","11":"first","12":"instock","13":"featured","14":"shipping-taxable","15":"product-type-simple"},"_links":{"self":[{"href":"https:\/\/jblcorten.com\/es\/wp-json\/wp\/v2\/product\/863","targetHints":{"allow":["GET"]}}],"collection":[{"href":"https:\/\/jblcorten.com\/es\/wp-json\/wp\/v2\/product"}],"about":[{"href":"https:\/\/jblcorten.com\/es\/wp-json\/wp\/v2\/types\/product"}],"wp:featuredmedia":[{"embeddable":true,"href":"https:\/\/jblcorten.com\/es\/wp-json\/wp\/v2\/media\/2415"}],"wp:attachment":[{"href":"https:\/\/jblcorten.com\/es\/wp-json\/wp\/v2\/media?parent=863"}],"wp:term":[{"taxonomy":"product_brand","embeddable":true,"href":"https:\/\/jblcorten.com\/es\/wp-json\/wp\/v2\/product_brand?post=863"},{"taxonomy":"product_cat","embeddable":true,"href":"https:\/\/jblcorten.com\/es\/wp-json\/wp\/v2\/product_cat?post=863"},{"taxonomy":"product_tag","embeddable":true,"href":"https:\/\/jblcorten.com\/es\/wp-json\/wp\/v2\/product_tag?post=863"}],"curies":[{"name":"wp","href":"https:\/\/api.w.org\/{rel}","templated":true}]}}