{"id":701,"date":"2024-09-26T09:20:44","date_gmt":"2024-09-26T09:20:44","guid":{"rendered":"https:\/\/jblcorten.com\/?post_type=product&#038;p=701"},"modified":"2025-03-20T08:09:33","modified_gmt":"2025-03-20T08:09:33","slug":"pantallas-de-jardin-de-corten","status":"publish","type":"product","link":"https:\/\/jblcorten.com\/es\/corten-garden-screens\/","title":{"rendered":"Mamparas de jard\u00edn Corten"},"content":{"rendered":"<p><strong><span style=\"font-size: 14pt;\">Mamparas de jard\u00edn Corten<\/span><\/strong><\/p>\n<p>Una jardiner\u00eda que combine belleza, funcionalidad y durabilidad es algo m\u00e1s que cultivar plantas y flores. Tambi\u00e9n se puede conseguir instalando hermosas pantallas de jard\u00edn. Cuando se trata de dise\u00f1o de exteriores, las pantallas de jard\u00edn Corten pueden llevar su jard\u00edn al siguiente nivel.<\/p>\n<p>El acero corten es un tipo de acero que adquiere un aspecto similar al \u00f3xido cuando se somete a la intemperie. Esto crea un aspecto \u00fanico y natural que combina muy bien con el exterior. Las ventajas del acero corten van m\u00e1s all\u00e1 de su aspecto. Este acero tambi\u00e9n es extremadamente duradero y puede soportar una amplia gama de condiciones clim\u00e1ticas exteriores.<\/p>\n<p>Las pantallas de jard\u00edn de corten pueden utilizarse para dividir distintas zonas de su espacio exterior. Pueden utilizarse como vallas, separadores o incluso como piezas decorativas de pared para a\u00f1adir profundidad y textura a su jard\u00edn. Adem\u00e1s, nuestros biombos de jard\u00edn est\u00e1n disponibles en distintos dise\u00f1os y tama\u00f1os, y puede elegir entre una gran variedad de motivos, como dise\u00f1os florales, geom\u00e9tricos y abstractos.<\/p>\n<p><strong><span style=\"font-size: 14pt;\">Corten Garden Screens Especificaci\u00f3n:<\/span><\/strong><\/p>\n<table style=\"width: 100%;\">\n<tbody>\n<tr>\n<td style=\"width: 22.6627%;\" width=\"284\">Nombre del producto<\/td>\n<td style=\"width: 77.2625%;\" width=\"284\">Mamparas de jard\u00edn Corten<\/td>\n<\/tr>\n<tr>\n<td style=\"width: 22.6627%;\" width=\"284\">Material<\/td>\n<td style=\"width: 77.2625%;\" width=\"284\">Acero corten<\/td>\n<\/tr>\n<tr>\n<td style=\"width: 22.6627%;\" width=\"284\">Color<\/td>\n<td style=\"width: 77.2625%;\" width=\"284\">Rojo \u00f3xido<\/td>\n<\/tr>\n<tr>\n<td style=\"width: 22.6627%;\" width=\"284\">T\u00e9cnica<\/td>\n<td style=\"width: 77.2625%;\" width=\"284\">Corte por l\u00e1ser y plegado<\/td>\n<\/tr>\n<tr>\n<td style=\"width: 22.6627%;\" width=\"284\">Talla<\/td>\n<td style=\"width: 77.2625%;\" width=\"284\">Personalizado<\/td>\n<\/tr>\n<tr>\n<td style=\"width: 22.6627%;\" width=\"284\">Forma<\/td>\n<td style=\"width: 77.2625%;\" width=\"284\">Rectangular<\/td>\n<\/tr>\n<\/tbody>\n<\/table>\n<p><strong><span style=\"font-size: 14pt;\">Nuestros servicios t\u00e9cnicos:<\/span><\/strong><\/p>\n<p>Servicio de corte por l\u00e1ser, Servicio de plegado, Servicio de soldadura, Servicio de grabado, Servicio de montaje, Servicio de embalaje<\/p>\n<p><img fetchpriority=\"high\" decoding=\"async\" class=\"alignnone wp-image-2424\" src=\"https:\/\/jblcorten.com\/wp-content\/uploads\/2024\/09\/garden-screen-panel.jpg\" alt=\"\" width=\"750\" height=\"567\" title=\"\" srcset=\"https:\/\/jblcorten.com\/wp-content\/uploads\/2024\/09\/garden-screen-panel.jpg 719w, https:\/\/jblcorten.com\/wp-content\/uploads\/2024\/09\/garden-screen-panel-600x454.jpg 600w, https:\/\/jblcorten.com\/wp-content\/uploads\/2024\/09\/garden-screen-panel-300x227.jpg 300w, https:\/\/jblcorten.com\/wp-content\/uploads\/2024\/09\/garden-screen-panel-16x12.jpg 16w\" sizes=\"(max-width: 750px) 100vw, 750px\" \/><\/p>\n<p><strong><span style=\"font-size: 14pt;\">Detalles del producto:<\/span><\/strong><\/p>\n<p><img decoding=\"async\" class=\"alignnone wp-image-2429 size-full\" src=\"https:\/\/jblcorten.com\/wp-content\/uploads\/2024\/09\/bamboo-privacy-screen.png\" alt=\"\" width=\"750\" height=\"484\" title=\"\" srcset=\"https:\/\/jblcorten.com\/wp-content\/uploads\/2024\/09\/bamboo-privacy-screen.png 750w, https:\/\/jblcorten.com\/wp-content\/uploads\/2024\/09\/bamboo-privacy-screen-600x387.png 600w, https:\/\/jblcorten.com\/wp-content\/uploads\/2024\/09\/bamboo-privacy-screen-300x194.png 300w, https:\/\/jblcorten.com\/wp-content\/uploads\/2024\/09\/bamboo-privacy-screen-18x12.png 18w\" sizes=\"(max-width: 750px) 100vw, 750px\" \/><\/p>\n<p><img decoding=\"async\" class=\"alignnone wp-image-2428\" src=\"https:\/\/jblcorten.com\/wp-content\/uploads\/2024\/09\/metal-privacy-screen-scaled.jpg\" alt=\"\" width=\"750\" height=\"563\" title=\"\" srcset=\"https:\/\/jblcorten.com\/wp-content\/uploads\/2024\/09\/metal-privacy-screen-scaled.jpg 2560w, https:\/\/jblcorten.com\/wp-content\/uploads\/2024\/09\/metal-privacy-screen-scaled-600x450.jpg 600w, https:\/\/jblcorten.com\/wp-content\/uploads\/2024\/09\/metal-privacy-screen-300x225.jpg 300w, https:\/\/jblcorten.com\/wp-content\/uploads\/2024\/09\/metal-privacy-screen-1024x768.jpg 1024w, https:\/\/jblcorten.com\/wp-content\/uploads\/2024\/09\/metal-privacy-screen-768x576.jpg 768w, https:\/\/jblcorten.com\/wp-content\/uploads\/2024\/09\/metal-privacy-screen-1536x1152.jpg 1536w, https:\/\/jblcorten.com\/wp-content\/uploads\/2024\/09\/metal-privacy-screen-2048x1536.jpg 2048w, https:\/\/jblcorten.com\/wp-content\/uploads\/2024\/09\/metal-privacy-screen-16x12.jpg 16w\" sizes=\"(max-width: 750px) 100vw, 750px\" \/><\/p>\n<p><img loading=\"lazy\" decoding=\"async\" class=\"alignnone wp-image-2426 size-full\" src=\"https:\/\/jblcorten.com\/wp-content\/uploads\/2024\/09\/metal-garden-screens.jpg\" alt=\"\" width=\"750\" height=\"553\" title=\"\" srcset=\"https:\/\/jblcorten.com\/wp-content\/uploads\/2024\/09\/metal-garden-screens.jpg 750w, https:\/\/jblcorten.com\/wp-content\/uploads\/2024\/09\/metal-garden-screens-600x442.jpg 600w, https:\/\/jblcorten.com\/wp-content\/uploads\/2024\/09\/metal-garden-screens-300x221.jpg 300w, https:\/\/jblcorten.com\/wp-content\/uploads\/2024\/09\/metal-garden-screens-16x12.jpg 16w\" sizes=\"(max-width: 750px) 100vw, 750px\" \/><\/p>\n<p>&nbsp;<\/p>","protected":false},"excerpt":{"rendered":"<p>Si desea crear un espacio exterior hermoso y \u00fanico, considere la posibilidad de a\u00f1adir pantallas de jard\u00edn Corten a su dise\u00f1o.<\/p>\n<p>A\u00f1adir\u00e1n profundidad, textura y calidez a su jard\u00edn y le proporcionar\u00e1n una soluci\u00f3n duradera y rentable.<\/p>","protected":false},"featured_media":1459,"template":"","meta":{"site-sidebar-layout":"default","site-content-layout":"","ast-site-content-layout":"default","site-content-style":"default","site-sidebar-style":"default","ast-global-header-display":"","ast-banner-title-visibility":"","ast-main-header-display":"","ast-hfb-above-header-display":"","ast-hfb-below-header-display":"","ast-hfb-mobile-header-display":"","site-post-title":"","ast-breadcrumbs-content":"","ast-featured-img":"","footer-sml-layout":"","ast-disable-related-posts":"","theme-transparent-header-meta":"default","adv-header-id-meta":"","stick-header-meta":"","header-above-stick-meta":"","header-main-stick-meta":"","header-below-stick-meta":"","astra-migrate-meta-layouts":"set","ast-page-background-enabled":"default","ast-page-background-meta":{"desktop":{"background-color":"var(--ast-global-color-4)","background-image":"","background-repeat":"repeat","background-position":"center center","background-size":"auto","background-attachment":"scroll","background-type":"","background-media":"","overlay-type":"","overlay-color":"","overlay-opacity":"","overlay-gradient":""},"tablet":{"background-color":"","background-image":"","background-repeat":"repeat","background-position":"center center","background-size":"auto","background-attachment":"scroll","background-type":"","background-media":"","overlay-type":"","overlay-color":"","overlay-opacity":"","overlay-gradient":""},"mobile":{"background-color":"","background-image":"","background-repeat":"repeat","background-position":"center center","background-size":"auto","background-attachment":"scroll","background-type":"","background-media":"","overlay-type":"","overlay-color":"","overlay-opacity":"","overlay-gradient":""}},"ast-content-background-meta":{"desktop":{"background-color":"var(--ast-global-color-5)","background-image":"","background-repeat":"repeat","background-position":"center center","background-size":"auto","background-attachment":"scroll","background-type":"","background-media":"","overlay-type":"","overlay-color":"","overlay-opacity":"","overlay-gradient":""},"tablet":{"background-color":"var(--ast-global-color-5)","background-image":"","background-repeat":"repeat","background-position":"center center","background-size":"auto","background-attachment":"scroll","background-type":"","background-media":"","overlay-type":"","overlay-color":"","overlay-opacity":"","overlay-gradient":""},"mobile":{"background-color":"var(--ast-global-color-5)","background-image":"","background-repeat":"repeat","background-position":"center center","background-size":"auto","background-attachment":"scroll","background-type":"","background-media":"","overlay-type":"","overlay-color":"","overlay-opacity":"","overlay-gradient":""}}},"product_brand":[],"product_cat":[31],"product_tag":[],"class_list":{"0":"post-701","1":"product","2":"type-product","3":"status-publish","4":"has-post-thumbnail","6":"product_cat-garden-screens","7":"desktop-align-center","8":"tablet-align-left","9":"mobile-align-left","11":"first","12":"instock","13":"featured","14":"shipping-taxable","15":"product-type-simple"},"_links":{"self":[{"href":"https:\/\/jblcorten.com\/es\/wp-json\/wp\/v2\/product\/701","targetHints":{"allow":["GET"]}}],"collection":[{"href":"https:\/\/jblcorten.com\/es\/wp-json\/wp\/v2\/product"}],"about":[{"href":"https:\/\/jblcorten.com\/es\/wp-json\/wp\/v2\/types\/product"}],"wp:featuredmedia":[{"embeddable":true,"href":"https:\/\/jblcorten.com\/es\/wp-json\/wp\/v2\/media\/1459"}],"wp:attachment":[{"href":"https:\/\/jblcorten.com\/es\/wp-json\/wp\/v2\/media?parent=701"}],"wp:term":[{"taxonomy":"product_brand","embeddable":true,"href":"https:\/\/jblcorten.com\/es\/wp-json\/wp\/v2\/product_brand?post=701"},{"taxonomy":"product_cat","embeddable":true,"href":"https:\/\/jblcorten.com\/es\/wp-json\/wp\/v2\/product_cat?post=701"},{"taxonomy":"product_tag","embeddable":true,"href":"https:\/\/jblcorten.com\/es\/wp-json\/wp\/v2\/product_tag?post=701"}],"curies":[{"name":"wp","href":"https:\/\/api.w.org\/{rel}","templated":true}]}}