{"id":679,"date":"2024-09-25T09:59:37","date_gmt":"2024-09-25T09:59:37","guid":{"rendered":"https:\/\/jblcorten.com\/?post_type=product&#038;p=679"},"modified":"2025-03-20T08:31:35","modified_gmt":"2025-03-20T08:31:35","slug":"biombos-decorativos-de-jardin","status":"publish","type":"product","link":"https:\/\/jblcorten.com\/es\/decorative-garden-screens\/","title":{"rendered":"Biombos decorativos de jard\u00edn"},"content":{"rendered":"<p>Los biombos de jard\u00edn decorativos pueden transformar cualquier espacio exterior en un hermoso paisaje. Suelen utilizarse para proporcionar intimidad, crear divisiones o a\u00f1adir textura a un muro de jard\u00edn. Adem\u00e1s, cuando se utilizan como decoraci\u00f3n de muros de jard\u00edn, pueden instalarse con luces para crear un efecto diferente por la noche.<\/p>\n<p>Con la creciente demanda de espacios al aire libre, las pantallas decorativas de jard\u00edn se han convertido en un elemento esencial en el dise\u00f1o de jardines modernos. Los biombos met\u00e1licos, como los de acero corten, son populares por su durabilidad y por no necesitar mantenimiento. Se pueden personalizar en una gran variedad de dise\u00f1os y estilos para a\u00f1adir inter\u00e9s visual a un muro o valla de jard\u00edn.<\/p>\n<p><strong><span style=\"font-size: 14pt;\">Pantallas de jard\u00edn decorativas Especificaci\u00f3n:<\/span><\/strong><\/p>\n<table class=\"has-title all magic-11\">\n<tbody>\n<tr>\n<td>\n<div class=\"magic-12\" data-spm-anchor-id=\"a2700.details.0.i39.28c95b87OsAW1C\"><span style=\"font-size: medium;\">Nombre del producto<\/span><\/div>\n<\/td>\n<td>\n<div class=\"magic-13\">Biombos decorativos de jard\u00edn<\/div>\n<\/td>\n<\/tr>\n<tr>\n<td>\n<div class=\"magic-14\"><span style=\"font-size: medium;\">Material<\/span><\/div>\n<\/td>\n<td>\n<div class=\"magic-15\"><span style=\"font-size: medium;\">Acero corten<\/span><\/div>\n<\/td>\n<\/tr>\n<tr>\n<td>\n<div class=\"magic-14\"><span style=\"font-size: medium;\">Color<\/span><\/div>\n<\/td>\n<td>\n<div class=\"magic-15\"><span style=\"font-size: medium;\">Original o rojo \u00f3xido<\/span><\/div>\n<\/td>\n<\/tr>\n<tr>\n<td>\n<div class=\"magic-14\"><span style=\"font-size: medium;\">Talla<\/span><\/div>\n<\/td>\n<td>\n<div class=\"magic-15\"><span style=\"font-size: medium;\">1500mm*100mm*10mm o como requisito modificado para requisitos particulares<\/span><\/div>\n<\/td>\n<\/tr>\n<tr>\n<td>\n<div class=\"magic-14\"><span style=\"font-size: medium;\">Aplicaci\u00f3n<\/span><\/div>\n<\/td>\n<td>\n<div class=\"magic-15\"><span style=\"font-size: medium;\">cortina de pared,pantalla de jard\u00edn,paneles de valla<\/span><\/div>\n<\/td>\n<\/tr>\n<\/tbody>\n<\/table>\n<p><span style=\"font-size: 14pt;\"><strong>\u00bfPor qu\u00e9 elegir los biombos decorativos de jard\u00edn?<\/strong><\/span><\/p>\n<p>Los biombos decorativos de jard\u00edn pueden desempe\u00f1ar distintas funciones en el dise\u00f1o de jardines.<\/p>\n<ul>\n<li>Proporcionan intimidad: Las pantallas de jard\u00edn se instalan en la valla para bloquear la vista de las casas o calles vecinas, al tiempo que permiten que la luz natural fluya hacia el espacio exterior.<\/li>\n<li>Cree espacios de separaci\u00f3n: Los biombos pueden colocarse en distintas zonas del jard\u00edn, como comedores al aire libre o rincones de lectura.<\/li>\n<li>Decora la pared: Montando una pantalla decorativa de jard\u00edn en una pared e instalando despu\u00e9s una luz nocturna, la pantalla puede utilizarse como tel\u00f3n de fondo para la iluminaci\u00f3n exterior, creando un efecto luminoso espectacular e impactante por la noche.<\/li>\n<\/ul>\n<p><span style=\"font-size: 14pt;\"><strong>Detalles del producto:<\/strong><\/span><\/p>\n<p><img fetchpriority=\"high\" decoding=\"async\" class=\"alignnone wp-image-2429 size-full\" src=\"https:\/\/jblcorten.com\/wp-content\/uploads\/2024\/09\/bamboo-privacy-screen.png\" alt=\"\" width=\"750\" height=\"484\" title=\"\" srcset=\"https:\/\/jblcorten.com\/wp-content\/uploads\/2024\/09\/bamboo-privacy-screen.png 750w, https:\/\/jblcorten.com\/wp-content\/uploads\/2024\/09\/bamboo-privacy-screen-600x387.png 600w, https:\/\/jblcorten.com\/wp-content\/uploads\/2024\/09\/bamboo-privacy-screen-300x194.png 300w, https:\/\/jblcorten.com\/wp-content\/uploads\/2024\/09\/bamboo-privacy-screen-18x12.png 18w\" sizes=\"(max-width: 750px) 100vw, 750px\" \/><\/p>\n<p><strong><span style=\"font-size: 14pt;\">PREGUNTAS FRECUENTES:<\/span><\/strong><\/p>\n<p>1.P.\u00bfPara qu\u00e9 se utilizan las pantallas decorativas cortadas por l\u00e1ser?<br \/>\nR.Nuestras pantallas tienen una amplia gama de usos, tanto si necesita pantallas de privacidad cortadas por l\u00e1ser, remates de vallas cortados por l\u00e1ser, vallas decorativas para piscinas o paredes cortadas por l\u00e1ser, tenemos una soluci\u00f3n para usted.<\/p>\n<p>2.P:\u00bfEs usted una empresa comercial o un fabricante?<br \/>\nR: Tenemos nuestra propia f\u00e1brica.<\/p>\n<p>3.Q:\u00bfHacen productos personalizados basados en nuestros dibujos de dise\u00f1o o ideas?<br \/>\nR: S\u00ed, somos una f\u00e1brica profesional de fabricaci\u00f3n de acero corten con un equipo de ingenier\u00eda con experiencia para hacer productos personalizados de acuerdo a los dibujos y las ideas de los clientes.<\/p>","protected":false},"excerpt":{"rendered":"<p>Las pantallas decorativas de jard\u00edn son un elemento esencial en el dise\u00f1o de jardines modernos. Pueden proporcionar privacidad, crear divisiones, a\u00f1adir textura a las paredes del jard\u00edn y mucho m\u00e1s.<\/p>\n<p>Con una amplia variedad de estilos, texturas y dise\u00f1os entre los que elegir, los biombos de jard\u00edn ofrecen infinitas posibilidades para transformar cualquier espacio exterior en un hermoso lugar de celebraci\u00f3n.<\/p>","protected":false},"featured_media":2422,"template":"","meta":{"site-sidebar-layout":"default","site-content-layout":"","ast-site-content-layout":"default","site-content-style":"default","site-sidebar-style":"default","ast-global-header-display":"","ast-banner-title-visibility":"","ast-main-header-display":"","ast-hfb-above-header-display":"","ast-hfb-below-header-display":"","ast-hfb-mobile-header-display":"","site-post-title":"","ast-breadcrumbs-content":"","ast-featured-img":"","footer-sml-layout":"","ast-disable-related-posts":"","theme-transparent-header-meta":"default","adv-header-id-meta":"","stick-header-meta":"","header-above-stick-meta":"","header-main-stick-meta":"","header-below-stick-meta":"","astra-migrate-meta-layouts":"set","ast-page-background-enabled":"default","ast-page-background-meta":{"desktop":{"background-color":"var(--ast-global-color-4)","background-image":"","background-repeat":"repeat","background-position":"center center","background-size":"auto","background-attachment":"scroll","background-type":"","background-media":"","overlay-type":"","overlay-color":"","overlay-opacity":"","overlay-gradient":""},"tablet":{"background-color":"","background-image":"","background-repeat":"repeat","background-position":"center center","background-size":"auto","background-attachment":"scroll","background-type":"","background-media":"","overlay-type":"","overlay-color":"","overlay-opacity":"","overlay-gradient":""},"mobile":{"background-color":"","background-image":"","background-repeat":"repeat","background-position":"center center","background-size":"auto","background-attachment":"scroll","background-type":"","background-media":"","overlay-type":"","overlay-color":"","overlay-opacity":"","overlay-gradient":""}},"ast-content-background-meta":{"desktop":{"background-color":"var(--ast-global-color-5)","background-image":"","background-repeat":"repeat","background-position":"center center","background-size":"auto","background-attachment":"scroll","background-type":"","background-media":"","overlay-type":"","overlay-color":"","overlay-opacity":"","overlay-gradient":""},"tablet":{"background-color":"var(--ast-global-color-5)","background-image":"","background-repeat":"repeat","background-position":"center center","background-size":"auto","background-attachment":"scroll","background-type":"","background-media":"","overlay-type":"","overlay-color":"","overlay-opacity":"","overlay-gradient":""},"mobile":{"background-color":"var(--ast-global-color-5)","background-image":"","background-repeat":"repeat","background-position":"center center","background-size":"auto","background-attachment":"scroll","background-type":"","background-media":"","overlay-type":"","overlay-color":"","overlay-opacity":"","overlay-gradient":""}}},"product_brand":[],"product_cat":[31],"product_tag":[],"class_list":{"0":"post-679","1":"product","2":"type-product","3":"status-publish","4":"has-post-thumbnail","6":"product_cat-garden-screens","7":"desktop-align-center","8":"tablet-align-left","9":"mobile-align-left","11":"first","12":"instock","13":"shipping-taxable","14":"product-type-simple"},"_links":{"self":[{"href":"https:\/\/jblcorten.com\/es\/wp-json\/wp\/v2\/product\/679","targetHints":{"allow":["GET"]}}],"collection":[{"href":"https:\/\/jblcorten.com\/es\/wp-json\/wp\/v2\/product"}],"about":[{"href":"https:\/\/jblcorten.com\/es\/wp-json\/wp\/v2\/types\/product"}],"wp:featuredmedia":[{"embeddable":true,"href":"https:\/\/jblcorten.com\/es\/wp-json\/wp\/v2\/media\/2422"}],"wp:attachment":[{"href":"https:\/\/jblcorten.com\/es\/wp-json\/wp\/v2\/media?parent=679"}],"wp:term":[{"taxonomy":"product_brand","embeddable":true,"href":"https:\/\/jblcorten.com\/es\/wp-json\/wp\/v2\/product_brand?post=679"},{"taxonomy":"product_cat","embeddable":true,"href":"https:\/\/jblcorten.com\/es\/wp-json\/wp\/v2\/product_cat?post=679"},{"taxonomy":"product_tag","embeddable":true,"href":"https:\/\/jblcorten.com\/es\/wp-json\/wp\/v2\/product_tag?post=679"}],"curies":[{"name":"wp","href":"https:\/\/api.w.org\/{rel}","templated":true}]}}