{"id":672,"date":"2024-09-25T09:15:00","date_gmt":"2024-09-25T09:15:00","guid":{"rendered":"https:\/\/jblcorten.com\/?post_type=product&#038;p=672"},"modified":"2025-03-20T08:48:55","modified_gmt":"2025-03-20T08:48:55","slug":"fuente-de-agua-de-acero-corten","status":"publish","type":"product","link":"https:\/\/jblcorten.com\/es\/corten-steel-water-feature\/","title":{"rendered":"Fuente de agua de acero corten"},"content":{"rendered":"<p>Cuando se trata de decoraci\u00f3n de exteriores, las fuentes de agua suelen ser una opci\u00f3n muy popular. Tanto si se trata de una peque\u00f1a fuente como de una cortina de agua, el relajante sonido del agua puede a\u00f1adir una atm\u00f3sfera tranquilizadora a cualquier espacio. Las fuentes que fabricamos suelen ser de acero corten.<\/p>\n<p><strong>Acero corten Material:<\/strong><\/p>\n<p>El acero corten, tambi\u00e9n conocido como acero resistente a la intemperie, es un tipo de acero que se oxida cuando se expone a la intemperie. Esta propiedad \u00fanica no s\u00f3lo crea un aspecto bello y natural, sino que tambi\u00e9n proporciona una capa protectora al acero, haci\u00e9ndolo muy duradero y resistente a la corrosi\u00f3n. Cuando se combina con el agua, el acero corten crea un sorprendente contraste entre el metal oxidado y el agua que fluye.<\/p>\n<p><span style=\"font-size: 14pt;\"><strong>Especificaci\u00f3n del producto:<\/strong><\/span><\/p>\n<table style=\"width: 100%;\" width=\"1178\">\n<tbody>\n<tr>\n<td style=\"width: 23.9342%;\" width=\"284\">Nombre del producto<\/td>\n<td style=\"width: 75.991%;\" width=\"284\">Fuente de agua de acero corten<\/td>\n<\/tr>\n<tr>\n<td style=\"width: 23.9342%;\" width=\"284\">Longitud<\/td>\n<td style=\"width: 75.991%;\" width=\"284\">800 mm o seg\u00fan sus necesidades.<\/td>\n<\/tr>\n<tr>\n<td style=\"width: 23.9342%;\" width=\"284\">Altura<\/td>\n<td style=\"width: 75.991%;\" width=\"284\">300-500mm, o como su requisito.<\/td>\n<\/tr>\n<tr>\n<td style=\"width: 23.9342%;\" width=\"284\">Forma<\/td>\n<td style=\"width: 75.991%;\" width=\"284\">Rectangular, cuadrado, redondo, etc.<\/td>\n<\/tr>\n<tr>\n<td style=\"width: 23.9342%;\" width=\"284\">Material<\/td>\n<td style=\"width: 75.991%;\" width=\"284\">Acero corten<\/td>\n<\/tr>\n<tr>\n<td style=\"width: 23.9342%;\" width=\"284\">Color<\/td>\n<td style=\"width: 75.991%;\" width=\"284\">Rojo \u00f3xido<\/td>\n<\/tr>\n<tr>\n<td style=\"width: 23.9342%;\" width=\"284\">Usado<\/td>\n<td style=\"width: 75.991%;\" width=\"284\">Adornos de jard\u00edn para exteriores.<\/td>\n<\/tr>\n<\/tbody>\n<\/table>\n<p><span style=\"font-size: 14pt;\"><strong>Detalles del producto:<\/strong><\/span><\/p>\n<p><img fetchpriority=\"high\" decoding=\"async\" class=\"alignnone wp-image-2437\" src=\"https:\/\/jblcorten.com\/wp-content\/uploads\/2024\/09\/pond-fountains-for-sale.jpg\" alt=\"\" width=\"700\" height=\"629\" title=\"\" srcset=\"https:\/\/jblcorten.com\/wp-content\/uploads\/2024\/09\/pond-fountains-for-sale.jpg 570w, https:\/\/jblcorten.com\/wp-content\/uploads\/2024\/09\/pond-fountains-for-sale-300x269.jpg 300w, https:\/\/jblcorten.com\/wp-content\/uploads\/2024\/09\/pond-fountains-for-sale-13x12.jpg 13w\" sizes=\"(max-width: 700px) 100vw, 700px\" \/><\/p>\n<p><img decoding=\"async\" class=\"alignnone wp-image-2436\" src=\"https:\/\/jblcorten.com\/wp-content\/uploads\/2024\/09\/garden-fountains-for-sale.jpg\" alt=\"\" width=\"700\" height=\"456\" title=\"\" srcset=\"https:\/\/jblcorten.com\/wp-content\/uploads\/2024\/09\/garden-fountains-for-sale.jpg 500w, https:\/\/jblcorten.com\/wp-content\/uploads\/2024\/09\/garden-fountains-for-sale-300x196.jpg 300w, https:\/\/jblcorten.com\/wp-content\/uploads\/2024\/09\/garden-fountains-for-sale-18x12.jpg 18w\" sizes=\"(max-width: 700px) 100vw, 700px\" \/><\/p>","protected":false},"excerpt":{"rendered":"<p>La fuente est\u00e1 fabricada en acero corten y es adecuada para balcones, terrazas o jardines.<\/p>\n<p>La fuente de agua de acero corten s\u00f3lo necesita conectarse a la fuente de alimentaci\u00f3n y conectarse a la tuber\u00eda de agua interna, y puede utilizarse inmediatamente.<\/p>","protected":false},"featured_media":2430,"template":"","meta":{"site-sidebar-layout":"default","site-content-layout":"","ast-site-content-layout":"default","site-content-style":"default","site-sidebar-style":"default","ast-global-header-display":"","ast-banner-title-visibility":"","ast-main-header-display":"","ast-hfb-above-header-display":"","ast-hfb-below-header-display":"","ast-hfb-mobile-header-display":"","site-post-title":"","ast-breadcrumbs-content":"","ast-featured-img":"","footer-sml-layout":"","ast-disable-related-posts":"","theme-transparent-header-meta":"default","adv-header-id-meta":"","stick-header-meta":"","header-above-stick-meta":"","header-main-stick-meta":"","header-below-stick-meta":"","astra-migrate-meta-layouts":"set","ast-page-background-enabled":"default","ast-page-background-meta":{"desktop":{"background-color":"var(--ast-global-color-4)","background-image":"","background-repeat":"repeat","background-position":"center center","background-size":"auto","background-attachment":"scroll","background-type":"","background-media":"","overlay-type":"","overlay-color":"","overlay-opacity":"","overlay-gradient":""},"tablet":{"background-color":"","background-image":"","background-repeat":"repeat","background-position":"center center","background-size":"auto","background-attachment":"scroll","background-type":"","background-media":"","overlay-type":"","overlay-color":"","overlay-opacity":"","overlay-gradient":""},"mobile":{"background-color":"","background-image":"","background-repeat":"repeat","background-position":"center center","background-size":"auto","background-attachment":"scroll","background-type":"","background-media":"","overlay-type":"","overlay-color":"","overlay-opacity":"","overlay-gradient":""}},"ast-content-background-meta":{"desktop":{"background-color":"var(--ast-global-color-5)","background-image":"","background-repeat":"repeat","background-position":"center center","background-size":"auto","background-attachment":"scroll","background-type":"","background-media":"","overlay-type":"","overlay-color":"","overlay-opacity":"","overlay-gradient":""},"tablet":{"background-color":"var(--ast-global-color-5)","background-image":"","background-repeat":"repeat","background-position":"center center","background-size":"auto","background-attachment":"scroll","background-type":"","background-media":"","overlay-type":"","overlay-color":"","overlay-opacity":"","overlay-gradient":""},"mobile":{"background-color":"var(--ast-global-color-5)","background-image":"","background-repeat":"repeat","background-position":"center center","background-size":"auto","background-attachment":"scroll","background-type":"","background-media":"","overlay-type":"","overlay-color":"","overlay-opacity":"","overlay-gradient":""}}},"product_brand":[],"product_cat":[40],"product_tag":[],"class_list":{"0":"post-672","1":"product","2":"type-product","3":"status-publish","4":"has-post-thumbnail","6":"product_cat-water-feature","7":"desktop-align-center","8":"tablet-align-left","9":"mobile-align-left","11":"first","12":"instock","13":"shipping-taxable","14":"product-type-simple"},"_links":{"self":[{"href":"https:\/\/jblcorten.com\/es\/wp-json\/wp\/v2\/product\/672","targetHints":{"allow":["GET"]}}],"collection":[{"href":"https:\/\/jblcorten.com\/es\/wp-json\/wp\/v2\/product"}],"about":[{"href":"https:\/\/jblcorten.com\/es\/wp-json\/wp\/v2\/types\/product"}],"wp:featuredmedia":[{"embeddable":true,"href":"https:\/\/jblcorten.com\/es\/wp-json\/wp\/v2\/media\/2430"}],"wp:attachment":[{"href":"https:\/\/jblcorten.com\/es\/wp-json\/wp\/v2\/media?parent=672"}],"wp:term":[{"taxonomy":"product_brand","embeddable":true,"href":"https:\/\/jblcorten.com\/es\/wp-json\/wp\/v2\/product_brand?post=672"},{"taxonomy":"product_cat","embeddable":true,"href":"https:\/\/jblcorten.com\/es\/wp-json\/wp\/v2\/product_cat?post=672"},{"taxonomy":"product_tag","embeddable":true,"href":"https:\/\/jblcorten.com\/es\/wp-json\/wp\/v2\/product_tag?post=672"}],"curies":[{"name":"wp","href":"https:\/\/api.w.org\/{rel}","templated":true}]}}