{"id":407,"date":"2024-08-28T09:10:16","date_gmt":"2024-08-28T09:10:16","guid":{"rendered":"https:\/\/jblcorten.com\/?post_type=product&#038;p=407"},"modified":"2025-03-20T08:54:29","modified_gmt":"2025-03-20T08:54:29","slug":"parrilla-retractil-de-pared","status":"publish","type":"product","link":"https:\/\/jblcorten.com\/es\/retractable-wall-mounted-grill\/","title":{"rendered":"Parrilla mural retr\u00e1ctil"},"content":{"rendered":"<p class=\"prodetails-name\"><span style=\"font-size: 14pt;\"><strong>Parrilla retr\u00e1ctil de pared - Perfecta para asar al aire libre<\/strong><\/span><\/p>\n<p class=\"prodetails-name\">La barbacoa siempre ha sido una forma popular de cocinar los alimentos, sobre todo en verano.<\/p>\n<p class=\"prodetails-name\">Las parrillas de exterior tradicionales son voluminosas y suelen ocupar demasiado espacio. Adem\u00e1s, requieren mucho mantenimiento, lo que puede resultar molesto. En este punto, es muy necesario elegir una parrilla retr\u00e1ctil montada en la pared. Su dise\u00f1o es montado en la pared, y tambi\u00e9n es plegable. La parrilla retr\u00e1ctil de pared puede instalarse en cualquier pared exterior con pernos o tornillos, y cuando no se utiliza, puede plegarse en la pared sin ocupar demasiado espacio.<\/p>\n<p class=\"prodetails-name\">El grill retr\u00e1ctil de pared puede utilizarse para asar diversos alimentos, como verduras y carne. El dise\u00f1o del grill tambi\u00e9n garantiza una cocci\u00f3n uniforme, lo que significa que los alimentos pueden cocinarse siempre de forma impecable.<\/p>\n<p><strong><span style=\"font-size: 14pt;\">Especificaci\u00f3n del producto:<\/span><\/strong><\/p>\n<div class=\"table-responsive\">\n<table>\n<tbody>\n<tr>\n<td>Nombre del producto<\/td>\n<td>Parrilla mural retr\u00e1ctil<\/td>\n<\/tr>\n<tr>\n<td>Material<\/td>\n<td>Acero corten \/ Acero para intemperie<\/td>\n<\/tr>\n<tr>\n<td>Talla<\/td>\n<td>Dia\uff1a600\/800\/900\/1000mm, Grosor: 2mm<\/td>\n<\/tr>\n<tr>\n<td>Paquete<\/td>\n<td>Interior: Papel de espuma antidesgaste, Exterior: Caja de cart\u00f3n<\/td>\n<\/tr>\n<tr>\n<td>Tratamiento de superficies<\/td>\n<td>Preoxidado, personalizable<\/td>\n<\/tr>\n<\/tbody>\n<\/table>\n<\/div>\n<p><img fetchpriority=\"high\" decoding=\"async\" class=\"alignnone wp-image-411 size-full\" src=\"https:\/\/jblcorten.com\/wp-content\/uploads\/2024\/08\/Retractable-Wall-Mounted-Grill-2.jpg\" alt=\"estufa barbacoa\" width=\"700\" height=\"292\" title=\"\" srcset=\"https:\/\/jblcorten.com\/wp-content\/uploads\/2024\/08\/Retractable-Wall-Mounted-Grill-2.jpg 700w, https:\/\/jblcorten.com\/wp-content\/uploads\/2024\/08\/Retractable-Wall-Mounted-Grill-2-600x250.jpg 600w, https:\/\/jblcorten.com\/wp-content\/uploads\/2024\/08\/Retractable-Wall-Mounted-Grill-2-300x125.jpg 300w\" sizes=\"(max-width: 700px) 100vw, 700px\" \/><\/p>\n<p><img decoding=\"async\" class=\"alignnone wp-image-412 size-full\" src=\"https:\/\/jblcorten.com\/wp-content\/uploads\/2024\/08\/Retractable-Wall-Mounted-Grill.jpg\" alt=\"\" width=\"700\" height=\"470\" title=\"\" srcset=\"https:\/\/jblcorten.com\/wp-content\/uploads\/2024\/08\/Retractable-Wall-Mounted-Grill.jpg 700w, https:\/\/jblcorten.com\/wp-content\/uploads\/2024\/08\/Retractable-Wall-Mounted-Grill-600x403.jpg 600w, https:\/\/jblcorten.com\/wp-content\/uploads\/2024\/08\/Retractable-Wall-Mounted-Grill-300x201.jpg 300w\" sizes=\"(max-width: 700px) 100vw, 700px\" \/><\/p>","protected":false},"excerpt":{"rendered":"<p>Las barbacoas de pared retr\u00e1ctiles son una opci\u00f3n muy superior a las barbacoas tradicionales.<br \/>\n1. Ahorra espacio: Se instala en la pared, por lo que no se derribar\u00e1 accidentalmente y no ocupa demasiado espacio.<br \/>\n2. Ahorro de tiempo y esfuerzo: Al hacer una barbacoa, no es necesario agacharse porque la parrilla se puede instalar de acuerdo con nuestros h\u00e1bitos de barbacoa.<\/p>","protected":false},"featured_media":2438,"template":"","meta":{"site-sidebar-layout":"default","site-content-layout":"","ast-site-content-layout":"default","site-content-style":"default","site-sidebar-style":"default","ast-global-header-display":"","ast-banner-title-visibility":"","ast-main-header-display":"","ast-hfb-above-header-display":"","ast-hfb-below-header-display":"","ast-hfb-mobile-header-display":"","site-post-title":"","ast-breadcrumbs-content":"","ast-featured-img":"","footer-sml-layout":"","ast-disable-related-posts":"","theme-transparent-header-meta":"default","adv-header-id-meta":"","stick-header-meta":"","header-above-stick-meta":"","header-main-stick-meta":"","header-below-stick-meta":"","astra-migrate-meta-layouts":"set","ast-page-background-enabled":"default","ast-page-background-meta":{"desktop":{"background-color":"var(--ast-global-color-4)","background-image":"","background-repeat":"repeat","background-position":"center center","background-size":"auto","background-attachment":"scroll","background-type":"","background-media":"","overlay-type":"","overlay-color":"","overlay-opacity":"","overlay-gradient":""},"tablet":{"background-color":"","background-image":"","background-repeat":"repeat","background-position":"center center","background-size":"auto","background-attachment":"scroll","background-type":"","background-media":"","overlay-type":"","overlay-color":"","overlay-opacity":"","overlay-gradient":""},"mobile":{"background-color":"","background-image":"","background-repeat":"repeat","background-position":"center center","background-size":"auto","background-attachment":"scroll","background-type":"","background-media":"","overlay-type":"","overlay-color":"","overlay-opacity":"","overlay-gradient":""}},"ast-content-background-meta":{"desktop":{"background-color":"var(--ast-global-color-5)","background-image":"","background-repeat":"repeat","background-position":"center center","background-size":"auto","background-attachment":"scroll","background-type":"","background-media":"","overlay-type":"","overlay-color":"","overlay-opacity":"","overlay-gradient":""},"tablet":{"background-color":"var(--ast-global-color-5)","background-image":"","background-repeat":"repeat","background-position":"center center","background-size":"auto","background-attachment":"scroll","background-type":"","background-media":"","overlay-type":"","overlay-color":"","overlay-opacity":"","overlay-gradient":""},"mobile":{"background-color":"var(--ast-global-color-5)","background-image":"","background-repeat":"repeat","background-position":"center center","background-size":"auto","background-attachment":"scroll","background-type":"","background-media":"","overlay-type":"","overlay-color":"","overlay-opacity":"","overlay-gradient":""}}},"product_brand":[],"product_cat":[25],"product_tag":[],"class_list":{"0":"post-407","1":"product","2":"type-product","3":"status-publish","4":"has-post-thumbnail","6":"product_cat-bbq-grill","7":"desktop-align-center","8":"tablet-align-left","9":"mobile-align-left","11":"first","12":"instock","13":"featured","14":"shipping-taxable","15":"product-type-simple"},"_links":{"self":[{"href":"https:\/\/jblcorten.com\/es\/wp-json\/wp\/v2\/product\/407","targetHints":{"allow":["GET"]}}],"collection":[{"href":"https:\/\/jblcorten.com\/es\/wp-json\/wp\/v2\/product"}],"about":[{"href":"https:\/\/jblcorten.com\/es\/wp-json\/wp\/v2\/types\/product"}],"wp:featuredmedia":[{"embeddable":true,"href":"https:\/\/jblcorten.com\/es\/wp-json\/wp\/v2\/media\/2438"}],"wp:attachment":[{"href":"https:\/\/jblcorten.com\/es\/wp-json\/wp\/v2\/media?parent=407"}],"wp:term":[{"taxonomy":"product_brand","embeddable":true,"href":"https:\/\/jblcorten.com\/es\/wp-json\/wp\/v2\/product_brand?post=407"},{"taxonomy":"product_cat","embeddable":true,"href":"https:\/\/jblcorten.com\/es\/wp-json\/wp\/v2\/product_cat?post=407"},{"taxonomy":"product_tag","embeddable":true,"href":"https:\/\/jblcorten.com\/es\/wp-json\/wp\/v2\/product_tag?post=407"}],"curies":[{"name":"wp","href":"https:\/\/api.w.org\/{rel}","templated":true}]}}