{"id":395,"date":"2024-08-23T08:59:14","date_gmt":"2024-08-23T08:59:14","guid":{"rendered":"https:\/\/jblcorten.com\/?post_type=product&#038;p=395"},"modified":"2025-03-21T01:33:16","modified_gmt":"2025-03-21T01:33:16","slug":"hoguera-de-corten","status":"publish","type":"product","link":"https:\/\/jblcorten.com\/es\/corten-fire-pit\/","title":{"rendered":"Fog\u00f3n de Corten"},"content":{"rendered":"<p><strong><span style=\"font-size: 14pt;\">Fog\u00f3n de Corten<\/span><\/strong><\/p>\n<p>Nuestras hogueras est\u00e1n fabricadas con acero corten de alta calidad. El acero corten es un tipo de acero que desarrolla una p\u00e1tina natural cuando se expone a la intemperie. Con el tiempo, ir\u00e1 adquiriendo un color rojo oxidado.<\/p>\n<p>La base de nuestro pozo de fuego viene con un soporte para garantizar su estabilidad y seguridad mientras se utiliza. Tambi\u00e9n es f\u00e1cil de manejar. S\u00f3lo tiene que poner le\u00f1a en la hoguera y encender las llamas. Por la noche, podr\u00e1 charlar con sus amigos o familiares alrededor del fuego.<\/p>\n<p><strong><span style=\"font-size: 14pt;\">Especificaci\u00f3n del producto:<\/span><\/strong><\/p>\n<table class=\"has-title is-zebra hight-light-first-column all magic-28\" style=\"height: 383px;\" width=\"899\">\n<tbody>\n<tr>\n<td colspan=\"1\" rowspan=\"1\">\n<div class=\"magic-29\" data-spm-anchor-id=\"a2700.details.0.i40.dc561892pzJoXG\">Nombre del producto<\/div>\n<\/td>\n<td colspan=\"1\" rowspan=\"1\">\n<div class=\"magic-30\">Fog\u00f3n de Corten<\/div>\n<\/td>\n<\/tr>\n<tr>\n<td colspan=\"1\" rowspan=\"1\">\n<div class=\"magic-29\">Material<\/div>\n<\/td>\n<td colspan=\"1\" rowspan=\"1\">\n<div class=\"magic-30\">Acero corten<\/div>\n<\/td>\n<\/tr>\n<tr>\n<td colspan=\"1\" rowspan=\"1\">\n<div class=\"magic-31\">tipo de combustible<\/div>\n<\/td>\n<td colspan=\"1\" rowspan=\"1\">\n<div class=\"magic-32\">Madera<\/div>\n<\/td>\n<\/tr>\n<tr>\n<td colspan=\"1\" rowspan=\"1\">\n<div class=\"magic-29\">Di\u00e1metro<\/div>\n<\/td>\n<td colspan=\"1\" rowspan=\"1\">\n<div class=\"magic-30\">60 cm, 70 cm, 80 cm, 90 cm, 100 cm, 110 cm, 120 cm, etc.<\/div>\n<\/td>\n<\/tr>\n<tr>\n<td colspan=\"1\" rowspan=\"1\">\n<div class=\"magic-29\">color<\/div>\n<\/td>\n<td colspan=\"1\" rowspan=\"1\">\n<div class=\"magic-30\">Color natural<\/div>\n<\/td>\n<\/tr>\n<tr>\n<td colspan=\"1\" rowspan=\"1\">\n<div class=\"magic-29\">espesor<\/div>\n<\/td>\n<td colspan=\"1\" rowspan=\"1\">\n<div class=\"magic-30\">2mm , 3mm<\/div>\n<\/td>\n<\/tr>\n<tr>\n<td colspan=\"1\" rowspan=\"1\">\n<div class=\"magic-29\">Aplicaci\u00f3n<\/div>\n<\/td>\n<td colspan=\"1\" rowspan=\"1\">\n<div class=\"magic-30\">Calefacci\u00f3n\/Decoraci\u00f3n<\/div>\n<\/td>\n<\/tr>\n<tr>\n<td colspan=\"1\" rowspan=\"1\">\n<div class=\"magic-31\">paquete<\/div>\n<\/td>\n<td colspan=\"1\" rowspan=\"1\">\n<div class=\"magic-32\">Pal\u00e9 de acero \/ Caja de cart\u00f3n<\/div>\n<\/td>\n<\/tr>\n<\/tbody>\n<\/table>\n<p><span style=\"font-size: 14pt;\"><strong>\u00bfQu\u00e9 es el acero corten?<\/strong><\/span><\/p>\n<p>El acero corten es una aleaci\u00f3n de acero de alta resistencia que puede soportar cualquier condici\u00f3n clim\u00e1tica exterior. Est\u00e1 hecho de una mezcla de cobre, cromo y n\u00edquel que forma una capa exterior oxidada, que no s\u00f3lo le da una textura \u00fanica, sino que tambi\u00e9n act\u00faa como una capa protectora para evitar una mayor corrosi\u00f3n. A medida que el \u00f3xido se desarrolla, forma una capa protectora que sella el acero y lo hace muy resistente a la intemperie.<\/p>\n<p><span style=\"font-size: 14pt;\"><strong>Detalles del producto:<\/strong><\/span><\/p>\n<p><img fetchpriority=\"high\" decoding=\"async\" class=\"alignnone wp-image-2448 size-full\" src=\"https:\/\/jblcorten.com\/wp-content\/uploads\/2024\/08\/fire-bowl.jpg\" alt=\"\" width=\"750\" height=\"500\" title=\"\" srcset=\"https:\/\/jblcorten.com\/wp-content\/uploads\/2024\/08\/fire-bowl.jpg 750w, https:\/\/jblcorten.com\/wp-content\/uploads\/2024\/08\/fire-bowl-600x400.jpg 600w, https:\/\/jblcorten.com\/wp-content\/uploads\/2024\/08\/fire-bowl-300x200.jpg 300w, https:\/\/jblcorten.com\/wp-content\/uploads\/2024\/08\/fire-bowl-18x12.jpg 18w\" sizes=\"(max-width: 750px) 100vw, 750px\" \/><\/p>\n<p>Somos fabricantes de pozos de fuego de acero corten y nuestros pozos de fuego son personalizables.<\/p>\n<p><img decoding=\"async\" class=\"alignnone wp-image-2450 size-full\" src=\"https:\/\/jblcorten.com\/wp-content\/uploads\/2024\/08\/round-fire-pit.jpg\" alt=\"\" width=\"750\" height=\"562\" title=\"\" srcset=\"https:\/\/jblcorten.com\/wp-content\/uploads\/2024\/08\/round-fire-pit.jpg 750w, https:\/\/jblcorten.com\/wp-content\/uploads\/2024\/08\/round-fire-pit-600x450.jpg 600w, https:\/\/jblcorten.com\/wp-content\/uploads\/2024\/08\/round-fire-pit-300x225.jpg 300w, https:\/\/jblcorten.com\/wp-content\/uploads\/2024\/08\/round-fire-pit-16x12.jpg 16w\" sizes=\"(max-width: 750px) 100vw, 750px\" \/><\/p>\n<p><strong><span style=\"font-size: 14pt;\">Embalaje del producto:<\/span><\/strong><\/p>\n<p><img decoding=\"async\" class=\"alignnone wp-image-2452\" src=\"https:\/\/jblcorten.com\/wp-content\/uploads\/2024\/08\/metal-fire-pit.jpg\" alt=\"\" width=\"750\" height=\"473\" title=\"\" srcset=\"https:\/\/jblcorten.com\/wp-content\/uploads\/2024\/08\/metal-fire-pit.jpg 711w, https:\/\/jblcorten.com\/wp-content\/uploads\/2024\/08\/metal-fire-pit-600x378.jpg 600w, https:\/\/jblcorten.com\/wp-content\/uploads\/2024\/08\/metal-fire-pit-300x189.jpg 300w, https:\/\/jblcorten.com\/wp-content\/uploads\/2024\/08\/metal-fire-pit-18x12.jpg 18w\" sizes=\"(max-width: 750px) 100vw, 750px\" \/><\/p>\n<p>&nbsp;<\/p>","protected":false},"excerpt":{"rendered":"<p>Nuestras hogueras de acero corten est\u00e1n fabricadas con acero corten de alta calidad. El acero corten es un tipo de acero que desarrolla una p\u00e1tina natural cuando se expone a la intemperie. Con el tiempo, ir\u00e1 adquiriendo un color rojo oxidado.<\/p>","protected":false},"featured_media":1456,"template":"","meta":{"site-sidebar-layout":"default","site-content-layout":"","ast-site-content-layout":"default","site-content-style":"default","site-sidebar-style":"default","ast-global-header-display":"","ast-banner-title-visibility":"","ast-main-header-display":"","ast-hfb-above-header-display":"","ast-hfb-below-header-display":"","ast-hfb-mobile-header-display":"","site-post-title":"","ast-breadcrumbs-content":"","ast-featured-img":"","footer-sml-layout":"","ast-disable-related-posts":"","theme-transparent-header-meta":"default","adv-header-id-meta":"","stick-header-meta":"","header-above-stick-meta":"","header-main-stick-meta":"","header-below-stick-meta":"","astra-migrate-meta-layouts":"set","ast-page-background-enabled":"default","ast-page-background-meta":{"desktop":{"background-color":"var(--ast-global-color-4)","background-image":"","background-repeat":"repeat","background-position":"center center","background-size":"auto","background-attachment":"scroll","background-type":"","background-media":"","overlay-type":"","overlay-color":"","overlay-opacity":"","overlay-gradient":""},"tablet":{"background-color":"","background-image":"","background-repeat":"repeat","background-position":"center center","background-size":"auto","background-attachment":"scroll","background-type":"","background-media":"","overlay-type":"","overlay-color":"","overlay-opacity":"","overlay-gradient":""},"mobile":{"background-color":"","background-image":"","background-repeat":"repeat","background-position":"center center","background-size":"auto","background-attachment":"scroll","background-type":"","background-media":"","overlay-type":"","overlay-color":"","overlay-opacity":"","overlay-gradient":""}},"ast-content-background-meta":{"desktop":{"background-color":"var(--ast-global-color-5)","background-image":"","background-repeat":"repeat","background-position":"center center","background-size":"auto","background-attachment":"scroll","background-type":"","background-media":"","overlay-type":"","overlay-color":"","overlay-opacity":"","overlay-gradient":""},"tablet":{"background-color":"var(--ast-global-color-5)","background-image":"","background-repeat":"repeat","background-position":"center center","background-size":"auto","background-attachment":"scroll","background-type":"","background-media":"","overlay-type":"","overlay-color":"","overlay-opacity":"","overlay-gradient":""},"mobile":{"background-color":"var(--ast-global-color-5)","background-image":"","background-repeat":"repeat","background-position":"center center","background-size":"auto","background-attachment":"scroll","background-type":"","background-media":"","overlay-type":"","overlay-color":"","overlay-opacity":"","overlay-gradient":""}}},"product_brand":[],"product_cat":[29,45],"product_tag":[],"class_list":{"0":"post-395","1":"product","2":"type-product","3":"status-publish","4":"has-post-thumbnail","6":"product_cat-fire-pit","7":"product_cat-wood-burning-fire-pit","8":"desktop-align-center","9":"tablet-align-left","10":"mobile-align-left","12":"first","13":"instock","14":"featured","15":"shipping-taxable","16":"product-type-simple"},"_links":{"self":[{"href":"https:\/\/jblcorten.com\/es\/wp-json\/wp\/v2\/product\/395","targetHints":{"allow":["GET"]}}],"collection":[{"href":"https:\/\/jblcorten.com\/es\/wp-json\/wp\/v2\/product"}],"about":[{"href":"https:\/\/jblcorten.com\/es\/wp-json\/wp\/v2\/types\/product"}],"wp:featuredmedia":[{"embeddable":true,"href":"https:\/\/jblcorten.com\/es\/wp-json\/wp\/v2\/media\/1456"}],"wp:attachment":[{"href":"https:\/\/jblcorten.com\/es\/wp-json\/wp\/v2\/media?parent=395"}],"wp:term":[{"taxonomy":"product_brand","embeddable":true,"href":"https:\/\/jblcorten.com\/es\/wp-json\/wp\/v2\/product_brand?post=395"},{"taxonomy":"product_cat","embeddable":true,"href":"https:\/\/jblcorten.com\/es\/wp-json\/wp\/v2\/product_cat?post=395"},{"taxonomy":"product_tag","embeddable":true,"href":"https:\/\/jblcorten.com\/es\/wp-json\/wp\/v2\/product_tag?post=395"}],"curies":[{"name":"wp","href":"https:\/\/api.w.org\/{rel}","templated":true}]}}