{"id":3828,"date":"2025-07-25T15:48:08","date_gmt":"2025-07-25T07:48:08","guid":{"rendered":"https:\/\/jblcorten.com\/?post_type=product&#038;p=3828"},"modified":"2025-07-25T15:48:08","modified_gmt":"2025-07-25T07:48:08","slug":"chimenea-flotante","status":"publish","type":"product","link":"https:\/\/jblcorten.com\/es\/floating-fireplace\/","title":{"rendered":"Chimenea flotante"},"content":{"rendered":"<p style=\"text-align: center;\"><strong><span style=\"font-size: 14pt;\">Chimenea flotante<\/span><\/strong><\/p>\n<p>Nuestra chimenea flotante utiliza una innovadora tecnolog\u00eda de campana colgante y un dise\u00f1o de hogar abierto. La campana semicircular no s\u00f3lo tiene una excelente funci\u00f3n de salida de humos, sino que tambi\u00e9n se convierte en el centro art\u00edstico del espacio. El hogar redondo abierto permite visualizar la llama en 360 grados, creando un ambiente c\u00e1lido y rom\u00e1ntico. Fabricada en acero de alta calidad, la superficie est\u00e1 especialmente tratada con anticorrosi\u00f3n para garantizar un uso prolongado sin decoloraci\u00f3n. El \u00e1ngulo y la altura de la campana, calculados con precisi\u00f3n, garantizan el efecto de escape al tiempo que maximizan la disipaci\u00f3n del calor, para que todo el espacio se sienta c\u00e1lido.<\/p>\n<p><img fetchpriority=\"high\" decoding=\"async\" class=\"alignnone size-full wp-image-3835\" src=\"https:\/\/jblcorten.com\/wp-content\/uploads\/2025\/07\/floating-wall-mount-fireplace.jpg\" alt=\"chimenea mural flotante\" width=\"750\" height=\"400\" title=\"\" srcset=\"https:\/\/jblcorten.com\/wp-content\/uploads\/2025\/07\/floating-wall-mount-fireplace.jpg 750w, https:\/\/jblcorten.com\/wp-content\/uploads\/2025\/07\/floating-wall-mount-fireplace-300x160.jpg 300w, https:\/\/jblcorten.com\/wp-content\/uploads\/2025\/07\/floating-wall-mount-fireplace-18x10.jpg 18w, https:\/\/jblcorten.com\/wp-content\/uploads\/2025\/07\/floating-wall-mount-fireplace-600x320.jpg 600w\" sizes=\"(max-width: 750px) 100vw, 750px\" \/><\/p>\n<p><strong><span style=\"font-size: 14pt;\">Especificaci\u00f3n del producto:<\/span><\/strong><\/p>\n<table style=\"border-collapse: collapse; width: 100%;\">\n<tbody>\n<tr>\n<td style=\"width: 28.2349%; background-color: #f5f5f5;\">Nombre del producto<\/td>\n<td style=\"width: 71.7651%;\">Chimenea flotante<\/td>\n<\/tr>\n<tr>\n<td style=\"width: 28.2349%; background-color: #f5f5f5;\">Material<\/td>\n<td style=\"width: 71.7651%;\">Acero al carbono<\/td>\n<\/tr>\n<tr>\n<td style=\"width: 28.2349%; background-color: #f5f5f5;\">Color<\/td>\n<td style=\"width: 71.7651%;\">Negro mate<\/td>\n<\/tr>\n<tr>\n<td style=\"width: 28.2349%; background-color: #f5f5f5;\">Dimensi\u00f3n<\/td>\n<td style=\"width: 71.7651%;\">Di\u00e1metro 800\/900\/1000 \/1100mm (a medida)<\/td>\n<\/tr>\n<tr>\n<td style=\"width: 28.2349%; background-color: #f5f5f5;\">Chimenea<\/td>\n<td style=\"width: 71.7651%;\">Di\u00e1metro 219 mm, altura est\u00e1ndar 2000-2200 mm<\/td>\n<\/tr>\n<tr>\n<td style=\"width: 28.2349%; background-color: #f5f5f5;\">\u00c1rea de calor<\/td>\n<td style=\"width: 71.7651%;\">120-150\u33a1<\/td>\n<\/tr>\n<\/tbody>\n<\/table>\n<p><strong><span style=\"font-size: 14pt;\">Garant\u00eda de calidad:<\/span><\/strong><\/p>\n<p>La chimenea flotante est\u00e1 fabricada con metal industrial de alta resistencia y se trata con aerosol o pintura resistente a altas temperaturas para garantizar que no cambie de color ni se deforme con el uso a largo plazo. Nuestra chimenea flotante se pule mediante una combinaci\u00f3n de procesos mec\u00e1nicos y manuales para mejorar la textura general. Cada producto se somete a estrictas pruebas de temperatura, pruebas de seguridad y evaluaci\u00f3n de estabilidad estructural antes de salir de f\u00e1brica para garantizar una excelente calidad.<\/p>\n<p><img decoding=\"async\" class=\"alignnone size-full wp-image-3834\" src=\"https:\/\/jblcorten.com\/wp-content\/uploads\/2025\/07\/suspended-fireplace-for-sale.jpg\" alt=\"chimenea suspendida en venta\" width=\"750\" height=\"345\" title=\"\" srcset=\"https:\/\/jblcorten.com\/wp-content\/uploads\/2025\/07\/suspended-fireplace-for-sale.jpg 750w, https:\/\/jblcorten.com\/wp-content\/uploads\/2025\/07\/suspended-fireplace-for-sale-300x138.jpg 300w, https:\/\/jblcorten.com\/wp-content\/uploads\/2025\/07\/suspended-fireplace-for-sale-18x8.jpg 18w, https:\/\/jblcorten.com\/wp-content\/uploads\/2025\/07\/suspended-fireplace-for-sale-600x276.jpg 600w\" sizes=\"(max-width: 750px) 100vw, 750px\" \/><\/p>\n<p><img decoding=\"async\" class=\"alignnone size-full wp-image-3833\" src=\"https:\/\/jblcorten.com\/wp-content\/uploads\/2025\/07\/black-floating-fireplace.jpg\" alt=\"chimenea flotante negra\" width=\"750\" height=\"345\" title=\"\" srcset=\"https:\/\/jblcorten.com\/wp-content\/uploads\/2025\/07\/black-floating-fireplace.jpg 750w, https:\/\/jblcorten.com\/wp-content\/uploads\/2025\/07\/black-floating-fireplace-300x138.jpg 300w, https:\/\/jblcorten.com\/wp-content\/uploads\/2025\/07\/black-floating-fireplace-18x8.jpg 18w, https:\/\/jblcorten.com\/wp-content\/uploads\/2025\/07\/black-floating-fireplace-600x276.jpg 600w\" sizes=\"(max-width: 750px) 100vw, 750px\" \/><\/p>\n<p><strong><span style=\"font-size: 14pt;\">Qui\u00e9nes somos:<\/span><\/strong><\/p>\n<p><span style=\"color: #00ccff;\"><strong>Henan Jinbailai Industrial Co.<\/strong> <span style=\"color: #000000;\">se fund\u00f3 en 2008 y est\u00e1 situada en Anyang, una de las ocho capitales antiguas de China. La empresa se centra en el procesamiento y la producci\u00f3n de acero para intemperie. Con m\u00e1s de diez a\u00f1os de experiencia en la industria, no solo contamos con avanzados equipos de producci\u00f3n, sino que tambi\u00e9n disponemos de un experimentado equipo t\u00e9cnico dedicado a proporcionar a los clientes productos de acero corten de alta calidad.<\/span><\/span><\/p>\n<p><span style=\"color: #000000;\">Con un excelente rendimiento y una calidad fiable, nuestros productos se exportan a m\u00e1s de 60 pa\u00edses, incluidos Estados Unidos, Reino Unido, Italia, Australia, etc., y han obtenido un amplio reconocimiento por parte de clientes nacionales y extranjeros.<\/span><\/p>\n<p><img loading=\"lazy\" decoding=\"async\" class=\"alignnone wp-image-1464\" src=\"https:\/\/jblcorten.com\/wp-content\/uploads\/2024\/10\/HNJBL.jpg\" alt=\"HNJBL\" width=\"750\" height=\"422\" title=\"\" srcset=\"https:\/\/jblcorten.com\/wp-content\/uploads\/2024\/10\/HNJBL.jpg 800w, https:\/\/jblcorten.com\/wp-content\/uploads\/2024\/10\/HNJBL-600x338.jpg 600w, https:\/\/jblcorten.com\/wp-content\/uploads\/2024\/10\/HNJBL-300x169.jpg 300w, https:\/\/jblcorten.com\/wp-content\/uploads\/2024\/10\/HNJBL-768x432.jpg 768w\" sizes=\"(max-width: 750px) 100vw, 750px\" \/><img loading=\"lazy\" decoding=\"async\" class=\"alignnone size-full wp-image-3648\" src=\"https:\/\/jblcorten.com\/wp-content\/uploads\/2025\/07\/certification.jpg\" alt=\"\" width=\"750\" height=\"695\" title=\"\" srcset=\"https:\/\/jblcorten.com\/wp-content\/uploads\/2025\/07\/certification.jpg 750w, https:\/\/jblcorten.com\/wp-content\/uploads\/2025\/07\/certification-300x278.jpg 300w, https:\/\/jblcorten.com\/wp-content\/uploads\/2025\/07\/certification-13x12.jpg 13w, https:\/\/jblcorten.com\/wp-content\/uploads\/2025\/07\/certification-600x556.jpg 600w\" sizes=\"(max-width: 750px) 100vw, 750px\" \/><img loading=\"lazy\" decoding=\"async\" class=\"alignnone size-full wp-image-3647\" src=\"https:\/\/jblcorten.com\/wp-content\/uploads\/2025\/07\/HNJBL-exhibition.jpg\" alt=\"\" width=\"750\" height=\"540\" title=\"\" srcset=\"https:\/\/jblcorten.com\/wp-content\/uploads\/2025\/07\/HNJBL-exhibition.jpg 750w, https:\/\/jblcorten.com\/wp-content\/uploads\/2025\/07\/HNJBL-exhibition-300x216.jpg 300w, https:\/\/jblcorten.com\/wp-content\/uploads\/2025\/07\/HNJBL-exhibition-18x12.jpg 18w, https:\/\/jblcorten.com\/wp-content\/uploads\/2025\/07\/HNJBL-exhibition-600x432.jpg 600w\" sizes=\"(max-width: 750px) 100vw, 750px\" \/><img loading=\"lazy\" decoding=\"async\" class=\"alignnone size-full wp-image-3646\" src=\"https:\/\/jblcorten.com\/wp-content\/uploads\/2025\/07\/customer-visit.jpg\" alt=\"\" width=\"750\" height=\"440\" title=\"\" srcset=\"https:\/\/jblcorten.com\/wp-content\/uploads\/2025\/07\/customer-visit.jpg 750w, https:\/\/jblcorten.com\/wp-content\/uploads\/2025\/07\/customer-visit-300x176.jpg 300w, https:\/\/jblcorten.com\/wp-content\/uploads\/2025\/07\/customer-visit-18x12.jpg 18w, https:\/\/jblcorten.com\/wp-content\/uploads\/2025\/07\/customer-visit-600x352.jpg 600w\" sizes=\"(max-width: 750px) 100vw, 750px\" \/><\/p>\n<p><span style=\"font-size: 14pt;\"><strong>PREGUNTAS FRECUENTES:<\/strong><\/span><\/p>\n<p><strong>P1: \u00bfEs segura la chimenea flotante? \u00bfSe caer\u00e1 si est\u00e1 suspendida en el aire?<\/strong><br \/>\nR: Nuestros productos adoptan una estructura de elevaci\u00f3n de grado industrial, y el dise\u00f1o de soporte de carga supera con creces el peso de la chimenea. Se ha sometido a m\u00faltiples pruebas de seguridad. Siempre que se instale de acuerdo con las especificaciones, es completamente seguro y fiable.<\/p>\n<p><strong>P2: \u00bfEs necesaria una chimenea o un respiradero?<\/strong><br \/>\nR: La chimenea colgante de le\u00f1a debe utilizarse con un sistema de salida de humos, que es f\u00e1cil de instalar.<\/p>\n<p><strong>P3: \u00bfSe pueden personalizar diferentes colores o materiales?<\/strong><br \/>\nR: Por supuesto. Ofrecemos servicios personalizados en una gran variedad de colores, revestimientos y materiales de carcasa. <a href=\"\/es\/contacto\/\">P\u00f3ngase en contacto con nosotros.<\/a><\/p>\n<p><strong>P4: \u00bfEs compatible con el transporte al extranjero?<\/strong><br \/>\nR: Admite env\u00edos globales y proporciona documentos de orientaci\u00f3n sobre embalaje anticolisi\u00f3n y resistente a la presi\u00f3n e instalaci\u00f3n.<\/p>","protected":false},"excerpt":{"rendered":"<p>Esta moderna chimenea flotante adopta un dise\u00f1o de estilo industrial minimalista, una forma semiesf\u00e9rica negra y un excelente efecto de calefacci\u00f3n envolvente de 360\u00b0. Es ideal para espacios de alto nivel, como villas, casas de madera y casas de vacaciones, para crear un esquema de decoraci\u00f3n interior que tenga tanto un enfoque visual como un ambiente c\u00e1lido.<\/p>","protected":false},"featured_media":3830,"template":"","meta":{"site-sidebar-layout":"default","site-content-layout":"","ast-site-content-layout":"default","site-content-style":"default","site-sidebar-style":"default","ast-global-header-display":"","ast-banner-title-visibility":"","ast-main-header-display":"","ast-hfb-above-header-display":"","ast-hfb-below-header-display":"","ast-hfb-mobile-header-display":"","site-post-title":"","ast-breadcrumbs-content":"","ast-featured-img":"","footer-sml-layout":"","ast-disable-related-posts":"","theme-transparent-header-meta":"default","adv-header-id-meta":"","stick-header-meta":"","header-above-stick-meta":"","header-main-stick-meta":"","header-below-stick-meta":"","astra-migrate-meta-layouts":"set","ast-page-background-enabled":"default","ast-page-background-meta":{"desktop":{"background-color":"var(--ast-global-color-4)","background-image":"","background-repeat":"repeat","background-position":"center center","background-size":"auto","background-attachment":"scroll","background-type":"","background-media":"","overlay-type":"","overlay-color":"","overlay-opacity":"","overlay-gradient":""},"tablet":{"background-color":"","background-image":"","background-repeat":"repeat","background-position":"center center","background-size":"auto","background-attachment":"scroll","background-type":"","background-media":"","overlay-type":"","overlay-color":"","overlay-opacity":"","overlay-gradient":""},"mobile":{"background-color":"","background-image":"","background-repeat":"repeat","background-position":"center center","background-size":"auto","background-attachment":"scroll","background-type":"","background-media":"","overlay-type":"","overlay-color":"","overlay-opacity":"","overlay-gradient":""}},"ast-content-background-meta":{"desktop":{"background-color":"var(--ast-global-color-5)","background-image":"","background-repeat":"repeat","background-position":"center center","background-size":"auto","background-attachment":"scroll","background-type":"","background-media":"","overlay-type":"","overlay-color":"","overlay-opacity":"","overlay-gradient":""},"tablet":{"background-color":"var(--ast-global-color-5)","background-image":"","background-repeat":"repeat","background-position":"center center","background-size":"auto","background-attachment":"scroll","background-type":"","background-media":"","overlay-type":"","overlay-color":"","overlay-opacity":"","overlay-gradient":""},"mobile":{"background-color":"var(--ast-global-color-5)","background-image":"","background-repeat":"repeat","background-position":"center center","background-size":"auto","background-attachment":"scroll","background-type":"","background-media":"","overlay-type":"","overlay-color":"","overlay-opacity":"","overlay-gradient":""}}},"product_brand":[],"product_cat":[30],"product_tag":[88,86,87],"class_list":{"0":"post-3828","1":"product","2":"type-product","3":"status-publish","4":"has-post-thumbnail","6":"product_cat-fireplace","7":"product_tag-floating-fireplace","8":"product_tag-hanging-fireplace","9":"product_tag-suspended-fireplace","10":"desktop-align-center","11":"tablet-align-left","12":"mobile-align-left","14":"first","15":"instock","16":"shipping-taxable","17":"product-type-simple"},"_links":{"self":[{"href":"https:\/\/jblcorten.com\/es\/wp-json\/wp\/v2\/product\/3828","targetHints":{"allow":["GET"]}}],"collection":[{"href":"https:\/\/jblcorten.com\/es\/wp-json\/wp\/v2\/product"}],"about":[{"href":"https:\/\/jblcorten.com\/es\/wp-json\/wp\/v2\/types\/product"}],"wp:featuredmedia":[{"embeddable":true,"href":"https:\/\/jblcorten.com\/es\/wp-json\/wp\/v2\/media\/3830"}],"wp:attachment":[{"href":"https:\/\/jblcorten.com\/es\/wp-json\/wp\/v2\/media?parent=3828"}],"wp:term":[{"taxonomy":"product_brand","embeddable":true,"href":"https:\/\/jblcorten.com\/es\/wp-json\/wp\/v2\/product_brand?post=3828"},{"taxonomy":"product_cat","embeddable":true,"href":"https:\/\/jblcorten.com\/es\/wp-json\/wp\/v2\/product_cat?post=3828"},{"taxonomy":"product_tag","embeddable":true,"href":"https:\/\/jblcorten.com\/es\/wp-json\/wp\/v2\/product_tag?post=3828"}],"curies":[{"name":"wp","href":"https:\/\/api.w.org\/{rel}","templated":true}]}}