{"id":3821,"date":"2025-07-25T10:55:26","date_gmt":"2025-07-25T02:55:26","guid":{"rendered":"https:\/\/jblcorten.com\/?post_type=product&#038;p=3821"},"modified":"2025-07-25T10:55:27","modified_gmt":"2025-07-25T02:55:27","slug":"jardinera-de-metal-oxidado","status":"publish","type":"product","link":"https:\/\/jblcorten.com\/es\/rust-metal-planter\/","title":{"rendered":"Macetero de metal oxidado"},"content":{"rendered":"<h2 style=\"text-align: center;\"><span style=\"font-size: 14pt;\">Macetero de metal oxidado<\/span><\/h2>\n<p>Esta jardinera de metal oxidado est\u00e1 fabricada en acero de alta calidad resistente a la intemperie. Tiene una moderna forma cuadrada y un c\u00e1lido tono marr\u00f3n de \u00f3xido natural en la superficie, combinando estilos retro y moderno. Las propiedades materiales \u00fanicas del acero de intemperie le permiten formar de forma natural una capa protectora en entornos exteriores, que no es f\u00e1cil de oxidar ni corroer, y es adecuado para un uso prolongado en jardines, balcones o espacios comerciales.<\/p>\n<p>La maceta est\u00e1 disponible en varios tama\u00f1os, peque\u00f1o, grande y personalizado, para adaptarse a diferentes escenarios y necesidades de plantaci\u00f3n. Dispone de orificios de drenaje en la parte inferior para garantizar que las ra\u00edces de las plantas est\u00e9n secas y transpirables, lo que favorece un crecimiento sano. Tanto si se utiliza para cultivar plantas verdes y flores, como si es un elemento \u00fanico para la decoraci\u00f3n del jard\u00edn, es una opci\u00f3n ideal para realzar la belleza del espacio.<\/p>\n<p><img fetchpriority=\"high\" decoding=\"async\" class=\"alignnone size-full wp-image-3822\" src=\"https:\/\/jblcorten.com\/wp-content\/uploads\/2025\/07\/rust-metal-planter.jpg\" alt=\"jardinera de metal oxidado\" width=\"750\" height=\"500\" title=\"\" srcset=\"https:\/\/jblcorten.com\/wp-content\/uploads\/2025\/07\/rust-metal-planter.jpg 750w, https:\/\/jblcorten.com\/wp-content\/uploads\/2025\/07\/rust-metal-planter-300x200.jpg 300w, https:\/\/jblcorten.com\/wp-content\/uploads\/2025\/07\/rust-metal-planter-18x12.jpg 18w, https:\/\/jblcorten.com\/wp-content\/uploads\/2025\/07\/rust-metal-planter-600x400.jpg 600w\" sizes=\"(max-width: 750px) 100vw, 750px\" \/><\/p>\n<p><strong><span style=\"font-size: 14pt;\">\u00bfPor qu\u00e9 elegir el acero corten?<\/span><\/strong><\/p>\n<p>El acero Corten (intemperizado) tiene una excelente resistencia a la corrosi\u00f3n. La mayor caracter\u00edstica del acero de intemperie es que el \u00f3xido en la superficie se formar\u00e1 naturalmente con el tiempo, formando una densa capa de \u00f3xido en el ambiente atmosf\u00e9rico. Esta capa de \"\u00f3xido\" no se desprender\u00e1, sino que desempe\u00f1ar\u00e1 una funci\u00f3n antioxidante, evitando una mayor corrosi\u00f3n, garantizando que las macetas sigan siendo duraderas, bellas y generosas en el entorno exterior sin demasiado mantenimiento.<\/p>\n<p><img decoding=\"async\" class=\"alignnone size-full wp-image-2519\" src=\"https:\/\/jblcorten.com\/wp-content\/uploads\/2025\/03\/corten-steel-material.jpg\" alt=\"material de acero corten\" width=\"750\" height=\"321\" title=\"\" srcset=\"https:\/\/jblcorten.com\/wp-content\/uploads\/2025\/03\/corten-steel-material.jpg 750w, https:\/\/jblcorten.com\/wp-content\/uploads\/2025\/03\/corten-steel-material-600x257.jpg 600w, https:\/\/jblcorten.com\/wp-content\/uploads\/2025\/03\/corten-steel-material-300x128.jpg 300w, https:\/\/jblcorten.com\/wp-content\/uploads\/2025\/03\/corten-steel-material-18x8.jpg 18w\" sizes=\"(max-width: 750px) 100vw, 750px\" \/><\/p>\n<p><strong><span style=\"font-size: 14pt;\">Especificaci\u00f3n del producto:<\/span><\/strong><\/p>\n<table style=\"border-collapse: collapse; width: 100%;\">\n<tbody>\n<tr>\n<td style=\"width: 26.365%; background-color: #f5f5f5;\">Nombre del producto<\/td>\n<td style=\"width: 73.635%; background-color: #f5f5f5;\">Macetero de metal oxidado<\/td>\n<\/tr>\n<tr>\n<td style=\"width: 26.365%;\">Material<\/td>\n<td style=\"width: 73.635%;\">Acero corten\/ Acero para intemperie<\/td>\n<\/tr>\n<tr>\n<td style=\"width: 26.365%; background-color: #f5f5f5;\">Color<\/td>\n<td style=\"width: 73.635%; background-color: #f5f5f5;\">\u00d3xido natural<\/td>\n<\/tr>\n<tr>\n<td style=\"width: 26.365%;\">Forma<\/td>\n<td style=\"width: 73.635%;\">Cuadrado o a medida<\/td>\n<\/tr>\n<tr>\n<td style=\"width: 26.365%; background-color: #f5f5f5;\">Talla<\/td>\n<td style=\"width: 73.635%; background-color: #f5f5f5;\">50 cm \u00d7 50 cm \u00d7 50 cm<\/td>\n<\/tr>\n<\/tbody>\n<\/table>\n<p><strong><span style=\"font-size: 14pt;\">Caracter\u00edsticas del producto:<\/span><\/strong><\/p>\n<ul>\n<li><strong>Material:<\/strong> Acero de alta calidad resistente a la intemperie, anticorrosi\u00f3n y a la oxidaci\u00f3n, apto para uso prolongado en exteriores<\/li>\n<li><strong>Apariencia:<\/strong> superficie de color \u00f3xido natural, que muestra una textura \u00fanica con el paso del tiempo<\/li>\n<li><strong>Forma:<\/strong> dise\u00f1o cuadrado sencillo, estilo vers\u00e1til<\/li>\n<li><strong>Tama\u00f1o opcional:<\/strong> Varios tama\u00f1os y formas disponibles, con posibilidad de personalizar el tama\u00f1o.<\/li>\n<li><strong>Dise\u00f1o del drenaje:<\/strong> se reservan orificios de drenaje en la parte inferior para facilitar el crecimiento sano de las plantas<\/li>\n<li><strong>Amplia gama de usos:<\/strong> adecuado para jardines, terrazas, balcones, zonas verdes comerciales, etc.<\/li>\n<\/ul>\n<p><strong><span style=\"font-size: 14pt;\">Paquete del producto:<\/span><\/strong><\/p>\n<p>Utilizamos pal\u00e9s y film estirable para envolver las macetas.<\/p>\n<p><img decoding=\"async\" class=\"alignnone size-full wp-image-3827\" src=\"https:\/\/jblcorten.com\/wp-content\/uploads\/2025\/07\/corten-steel-planter-pot-package.jpg\" alt=\"macetero de acero corten -paquete\" width=\"750\" height=\"700\" title=\"\" srcset=\"https:\/\/jblcorten.com\/wp-content\/uploads\/2025\/07\/corten-steel-planter-pot-package.jpg 750w, https:\/\/jblcorten.com\/wp-content\/uploads\/2025\/07\/corten-steel-planter-pot-package-300x280.jpg 300w, https:\/\/jblcorten.com\/wp-content\/uploads\/2025\/07\/corten-steel-planter-pot-package-13x12.jpg 13w, https:\/\/jblcorten.com\/wp-content\/uploads\/2025\/07\/corten-steel-planter-pot-package-600x560.jpg 600w\" sizes=\"(max-width: 750px) 100vw, 750px\" \/><\/p>\n<p><strong><span style=\"font-size: 14pt;\">PREGUNTAS FRECUENTES:<\/span><\/strong><\/p>\n<p><strong>P1: \u00bfSeguir\u00e1 oxid\u00e1ndose la jardinera met\u00e1lica oxidada? \u00bfDa\u00f1ar\u00e1 a las plantas?<\/strong><br \/>\nR: En la superficie del acero intemperizado se formar\u00e1 una capa de \u00f3xido estable, que no seguir\u00e1 corroy\u00e9ndose y no da\u00f1ar\u00e1 las plantas ni el suelo.<\/p>\n<p><strong>P2: \u00bfSe puede utilizar la maceta en interiores?<\/strong><br \/>\nR: S\u00ed, pero se recomienda utilizarlo con una bandeja para evitar que las manchas de agua contaminen el suelo.<\/p>\n<p><strong>P3: \u00bfCu\u00e1nto tiempo tarda en formarse un aspecto oxidado?<\/strong><br \/>\nR: Normalmente se tarda de 2 a 6 semanas en formar un color de \u00f3xido natural en un entorno exterior. Si el efecto es urgente, tambi\u00e9n ofrecemos servicios de tratamiento de oxidaci\u00f3n acelerada.<\/p>\n<p><strong>P4: \u00bfPuedo comprar al por mayor?<\/strong><br \/>\nR: Por supuesto. Apoyamos la personalizaci\u00f3n a granel y la cooperaci\u00f3n del OEM, recepci\u00f3n para consultar para la cita.<\/p>","protected":false},"excerpt":{"rendered":"<p>La jardinera de metal oxidado est\u00e1 hecha de acero envejecido y tiene una belleza oxidada \u00fanica y natural. Hay disponibles tama\u00f1os y estilos personalizables, adecuados para jardines exteriores, balcones y decoraciones de jardiner\u00eda de espacios comerciales.<\/p>\n<ul>\n<li>Material: Acero Corten<\/li>\n<li>Color: \u00d3xido natural<\/li>\n<li>Forma: Cuadrada<\/li>\n<li>Tama\u00f1o: 50 cm \u00d7 50 cm \u00d7 50 cm<\/li>\n<\/ul>","protected":false},"featured_media":3826,"template":"","meta":{"site-sidebar-layout":"default","site-content-layout":"","ast-site-content-layout":"default","site-content-style":"default","site-sidebar-style":"default","ast-global-header-display":"","ast-banner-title-visibility":"","ast-main-header-display":"","ast-hfb-above-header-display":"","ast-hfb-below-header-display":"","ast-hfb-mobile-header-display":"","site-post-title":"","ast-breadcrumbs-content":"","ast-featured-img":"","footer-sml-layout":"","ast-disable-related-posts":"","theme-transparent-header-meta":"default","adv-header-id-meta":"","stick-header-meta":"","header-above-stick-meta":"","header-main-stick-meta":"","header-below-stick-meta":"","astra-migrate-meta-layouts":"set","ast-page-background-enabled":"default","ast-page-background-meta":{"desktop":{"background-color":"var(--ast-global-color-4)","background-image":"","background-repeat":"repeat","background-position":"center center","background-size":"auto","background-attachment":"scroll","background-type":"","background-media":"","overlay-type":"","overlay-color":"","overlay-opacity":"","overlay-gradient":""},"tablet":{"background-color":"","background-image":"","background-repeat":"repeat","background-position":"center center","background-size":"auto","background-attachment":"scroll","background-type":"","background-media":"","overlay-type":"","overlay-color":"","overlay-opacity":"","overlay-gradient":""},"mobile":{"background-color":"","background-image":"","background-repeat":"repeat","background-position":"center center","background-size":"auto","background-attachment":"scroll","background-type":"","background-media":"","overlay-type":"","overlay-color":"","overlay-opacity":"","overlay-gradient":""}},"ast-content-background-meta":{"desktop":{"background-color":"var(--ast-global-color-5)","background-image":"","background-repeat":"repeat","background-position":"center center","background-size":"auto","background-attachment":"scroll","background-type":"","background-media":"","overlay-type":"","overlay-color":"","overlay-opacity":"","overlay-gradient":""},"tablet":{"background-color":"var(--ast-global-color-5)","background-image":"","background-repeat":"repeat","background-position":"center center","background-size":"auto","background-attachment":"scroll","background-type":"","background-media":"","overlay-type":"","overlay-color":"","overlay-opacity":"","overlay-gradient":""},"mobile":{"background-color":"var(--ast-global-color-5)","background-image":"","background-repeat":"repeat","background-position":"center center","background-size":"auto","background-attachment":"scroll","background-type":"","background-media":"","overlay-type":"","overlay-color":"","overlay-opacity":"","overlay-gradient":""}}},"product_brand":[],"product_cat":[34],"product_tag":[85,84],"class_list":{"0":"post-3821","1":"product","2":"type-product","3":"status-publish","4":"has-post-thumbnail","6":"product_cat-planter-pots","7":"product_tag-corten-flower-pot","8":"product_tag-corten-planter-pot","9":"desktop-align-center","10":"tablet-align-left","11":"mobile-align-left","13":"first","14":"instock","15":"shipping-taxable","16":"product-type-simple"},"_links":{"self":[{"href":"https:\/\/jblcorten.com\/es\/wp-json\/wp\/v2\/product\/3821","targetHints":{"allow":["GET"]}}],"collection":[{"href":"https:\/\/jblcorten.com\/es\/wp-json\/wp\/v2\/product"}],"about":[{"href":"https:\/\/jblcorten.com\/es\/wp-json\/wp\/v2\/types\/product"}],"wp:featuredmedia":[{"embeddable":true,"href":"https:\/\/jblcorten.com\/es\/wp-json\/wp\/v2\/media\/3826"}],"wp:attachment":[{"href":"https:\/\/jblcorten.com\/es\/wp-json\/wp\/v2\/media?parent=3821"}],"wp:term":[{"taxonomy":"product_brand","embeddable":true,"href":"https:\/\/jblcorten.com\/es\/wp-json\/wp\/v2\/product_brand?post=3821"},{"taxonomy":"product_cat","embeddable":true,"href":"https:\/\/jblcorten.com\/es\/wp-json\/wp\/v2\/product_cat?post=3821"},{"taxonomy":"product_tag","embeddable":true,"href":"https:\/\/jblcorten.com\/es\/wp-json\/wp\/v2\/product_tag?post=3821"}],"curies":[{"name":"wp","href":"https:\/\/api.w.org\/{rel}","templated":true}]}}