{"id":382,"date":"2024-08-21T09:46:50","date_gmt":"2024-08-21T09:46:50","guid":{"rendered":"https:\/\/jblcorten.com\/?post_type=product&#038;p=382"},"modified":"2025-03-21T01:57:56","modified_gmt":"2025-03-21T01:57:56","slug":"parrilla-de-acero-corten","status":"publish","type":"product","link":"https:\/\/jblcorten.com\/es\/corten-steel-bbq-grill\/","title":{"rendered":"Parrilla de acero corten"},"content":{"rendered":"<p><span style=\"font-size: 14pt;\"><strong>Parrilla de acero corten<\/strong><\/span><\/p>\n<p><span style=\"color: #000000;\">Esta parrilla est\u00e1 fabricada con acero corten de alta calidad, que es un tipo especial de acero. A diferencia del acero tradicional, que puede oxidarse y corroerse f\u00e1cilmente cuando se expone a la humedad, el acero corten desarrolla una capa protectora antioxidante que ayuda a evitar da\u00f1os mayores.<\/span><\/p>\n<p><span style=\"color: #000000;\">Nuestras parrillas est\u00e1n fabricadas en acero corten y las bandejas en acero al carbono, que tiene una conductividad t\u00e9rmica muy buena y es capaz de disipar el calor r\u00e1pida y uniformemente. Esto es esencial para un calentamiento uniforme durante el asado, ayudando a garantizar que los alimentos se cocinen uniformemente.<\/span><\/p>\n<p><span style=\"font-size: 14pt;\"><strong><span style=\"color: #000000;\">Especificaci\u00f3n del producto:<\/span><\/strong><\/span><\/p>\n<table class=\"all magic-13\" style=\"height: 222px;\" width=\"956\">\n<tbody>\n<tr>\n<td colspan=\"1\" rowspan=\"1\">\n<div class=\"magic-14\" data-spm-anchor-id=\"a2700.details.0.i39.15d757daizIfsu\"><span style=\"color: #000000;\">Nombre del producto<\/span><\/div>\n<\/td>\n<td colspan=\"1\" rowspan=\"1\">\n<div class=\"magic-15\"><span style=\"color: #000000;\">Parrilla de acero corten<\/span><\/div>\n<\/td>\n<\/tr>\n<tr>\n<td colspan=\"1\" rowspan=\"1\">\n<div class=\"magic-14\"><span style=\"color: #000000;\">Color<\/span><\/div>\n<\/td>\n<td colspan=\"1\" rowspan=\"1\">\n<div class=\"magic-15\"><span style=\"color: #000000;\">Oxidado o pintado<\/span><\/div>\n<\/td>\n<\/tr>\n<tr>\n<td colspan=\"1\" rowspan=\"1\">\n<div class=\"magic-14\"><span style=\"color: #000000;\">Talla<\/span><\/div>\n<\/td>\n<td colspan=\"1\" rowspan=\"1\">\n<div class=\"magic-15\"><span style=\"color: #000000;\">800mm,1000mm,Est\u00e1ndar o Personalizado<\/span><\/div>\n<\/td>\n<\/tr>\n<tr>\n<td colspan=\"1\" rowspan=\"1\">\n<div class=\"magic-14\"><span style=\"color: #000000;\">Logotipo<\/span><\/div>\n<\/td>\n<td colspan=\"1\" rowspan=\"1\">\n<div class=\"magic-15\"><span style=\"color: #000000;\">Personalizable<\/span><\/div>\n<\/td>\n<\/tr>\n<tr>\n<td colspan=\"1\" rowspan=\"1\">\n<div class=\"magic-14\"><span style=\"color: #000000;\">Material<\/span><\/div>\n<\/td>\n<td colspan=\"1\" rowspan=\"1\">\n<div class=\"magic-15\"><span style=\"color: #000000;\">Acero corten, acero dulce, inoxidable, etc.<\/span><\/div>\n<\/td>\n<\/tr>\n<\/tbody>\n<\/table>\n<p><span style=\"font-size: 14pt;\"><strong><span style=\"color: #000000;\">Detalles del producto:<\/span><\/strong><\/span><\/p>\n<p>Esta barbacoa de acero corten es port\u00e1til. Desmontar e instalar la barbacoa es f\u00e1cil.<\/p>\n<p><img fetchpriority=\"high\" decoding=\"async\" class=\"alignnone wp-image-2459 size-full\" src=\"https:\/\/jblcorten.com\/wp-content\/uploads\/2024\/08\/metal-grill.jpg\" alt=\"parrilla met\u00e1lica\" width=\"750\" height=\"295\" title=\"\" srcset=\"https:\/\/jblcorten.com\/wp-content\/uploads\/2024\/08\/metal-grill.jpg 750w, https:\/\/jblcorten.com\/wp-content\/uploads\/2024\/08\/metal-grill-600x236.jpg 600w, https:\/\/jblcorten.com\/wp-content\/uploads\/2024\/08\/metal-grill-300x118.jpg 300w, https:\/\/jblcorten.com\/wp-content\/uploads\/2024\/08\/metal-grill-18x7.jpg 18w\" sizes=\"(max-width: 750px) 100vw, 750px\" \/> <img decoding=\"async\" class=\"alignnone wp-image-2460\" src=\"https:\/\/jblcorten.com\/wp-content\/uploads\/2024\/08\/wood-burning-barbecue-grills.jpg\" alt=\"barbacoas de le\u00f1a\" width=\"750\" height=\"370\" title=\"\" srcset=\"https:\/\/jblcorten.com\/wp-content\/uploads\/2024\/08\/wood-burning-barbecue-grills.jpg 1166w, https:\/\/jblcorten.com\/wp-content\/uploads\/2024\/08\/wood-burning-barbecue-grills-600x296.jpg 600w, https:\/\/jblcorten.com\/wp-content\/uploads\/2024\/08\/wood-burning-barbecue-grills-300x148.jpg 300w, https:\/\/jblcorten.com\/wp-content\/uploads\/2024\/08\/wood-burning-barbecue-grills-1024x506.jpg 1024w, https:\/\/jblcorten.com\/wp-content\/uploads\/2024\/08\/wood-burning-barbecue-grills-768x379.jpg 768w, https:\/\/jblcorten.com\/wp-content\/uploads\/2024\/08\/wood-burning-barbecue-grills-18x9.jpg 18w\" sizes=\"(max-width: 750px) 100vw, 750px\" \/><\/p>\n<p><strong><span style=\"font-size: 14pt;\">Embalaje del producto:<\/span><\/strong><\/p>\n<p><img decoding=\"async\" class=\"alignnone wp-image-2461 size-full\" src=\"https:\/\/jblcorten.com\/wp-content\/uploads\/2024\/08\/wood-burning-stove-grill.jpg\" alt=\"estufa de le\u00f1a grill\" width=\"750\" height=\"285\" title=\"\" srcset=\"https:\/\/jblcorten.com\/wp-content\/uploads\/2024\/08\/wood-burning-stove-grill.jpg 750w, https:\/\/jblcorten.com\/wp-content\/uploads\/2024\/08\/wood-burning-stove-grill-600x228.jpg 600w, https:\/\/jblcorten.com\/wp-content\/uploads\/2024\/08\/wood-burning-stove-grill-300x114.jpg 300w, https:\/\/jblcorten.com\/wp-content\/uploads\/2024\/08\/wood-burning-stove-grill-18x7.jpg 18w\" sizes=\"(max-width: 750px) 100vw, 750px\" \/><\/p>\n<p><span style=\"font-size: 14pt;\"><strong>PREGUNTAS FRECUENTES:<\/strong><\/span><\/p>\n<p>1.P:\u00bfEs usted una empresa comercial o un fabricante?<br \/>\nR: Tenemos nuestra propia f\u00e1brica.<\/p>\n<p>2.P:\u00bfCu\u00e1l es el plazo de entrega?<br \/>\nR: Dentro de 10-20 d\u00edas despu\u00e9s de recibir el dep\u00f3sito o LC a la vista. Tambi\u00e9n depende de la cantidad de los productos.<\/p>\n<p>3.Q:\u00bfHacen productos personalizados basados en nuestros dibujos de dise\u00f1o o ideas?<br \/>\nR: S\u00ed, somos una f\u00e1brica profesional de fabricaci\u00f3n de acero corten con un equipo de ingenier\u00eda con experiencia para hacer productos personalizados de acuerdo a los dibujos y las ideas de los clientes.<\/p>","protected":false},"excerpt":{"rendered":"<p>La barbacoa de acero corten est\u00e1 fabricada en acero corten de alta calidad para resistir las inclemencias del tiempo y proporcionar a\u00f1os de uso fiable.<\/p>\n<p>El dise\u00f1o \u00fanico de la barbacoa la convierte en una pieza destacada que impresionar\u00e1 a los invitados de cualquier fiesta.<\/p>","protected":false},"featured_media":2453,"template":"","meta":{"site-sidebar-layout":"left-sidebar","site-content-layout":"","ast-site-content-layout":"default","site-content-style":"unboxed","site-sidebar-style":"unboxed","ast-global-header-display":"","ast-banner-title-visibility":"","ast-main-header-display":"","ast-hfb-above-header-display":"","ast-hfb-below-header-display":"","ast-hfb-mobile-header-display":"","site-post-title":"","ast-breadcrumbs-content":"","ast-featured-img":"","footer-sml-layout":"","ast-disable-related-posts":"","theme-transparent-header-meta":"default","adv-header-id-meta":"","stick-header-meta":"","header-above-stick-meta":"","header-main-stick-meta":"","header-below-stick-meta":"","astra-migrate-meta-layouts":"set","ast-page-background-enabled":"default","ast-page-background-meta":{"desktop":{"background-color":"var(--ast-global-color-4)","background-image":"","background-repeat":"repeat","background-position":"center center","background-size":"auto","background-attachment":"scroll","background-type":"","background-media":"","overlay-type":"","overlay-color":"","overlay-opacity":"","overlay-gradient":""},"tablet":{"background-color":"","background-image":"","background-repeat":"repeat","background-position":"center center","background-size":"auto","background-attachment":"scroll","background-type":"","background-media":"","overlay-type":"","overlay-color":"","overlay-opacity":"","overlay-gradient":""},"mobile":{"background-color":"","background-image":"","background-repeat":"repeat","background-position":"center center","background-size":"auto","background-attachment":"scroll","background-type":"","background-media":"","overlay-type":"","overlay-color":"","overlay-opacity":"","overlay-gradient":""}},"ast-content-background-meta":{"desktop":{"background-color":"var(--ast-global-color-5)","background-image":"","background-repeat":"repeat","background-position":"center center","background-size":"auto","background-attachment":"scroll","background-type":"","background-media":"","overlay-type":"","overlay-color":"","overlay-opacity":"","overlay-gradient":""},"tablet":{"background-color":"var(--ast-global-color-5)","background-image":"","background-repeat":"repeat","background-position":"center center","background-size":"auto","background-attachment":"scroll","background-type":"","background-media":"","overlay-type":"","overlay-color":"","overlay-opacity":"","overlay-gradient":""},"mobile":{"background-color":"var(--ast-global-color-5)","background-image":"","background-repeat":"repeat","background-position":"center center","background-size":"auto","background-attachment":"scroll","background-type":"","background-media":"","overlay-type":"","overlay-color":"","overlay-opacity":"","overlay-gradient":""}}},"product_brand":[],"product_cat":[25],"product_tag":[27,28],"class_list":{"0":"post-382","1":"product","2":"type-product","3":"status-publish","4":"has-post-thumbnail","6":"product_cat-bbq-grill","7":"product_tag-bbq-grill","8":"product_tag-corten-steel-grill","9":"desktop-align-center","10":"tablet-align-left","11":"mobile-align-left","13":"first","14":"instock","15":"featured","16":"shipping-taxable","17":"product-type-simple"},"_links":{"self":[{"href":"https:\/\/jblcorten.com\/es\/wp-json\/wp\/v2\/product\/382","targetHints":{"allow":["GET"]}}],"collection":[{"href":"https:\/\/jblcorten.com\/es\/wp-json\/wp\/v2\/product"}],"about":[{"href":"https:\/\/jblcorten.com\/es\/wp-json\/wp\/v2\/types\/product"}],"wp:featuredmedia":[{"embeddable":true,"href":"https:\/\/jblcorten.com\/es\/wp-json\/wp\/v2\/media\/2453"}],"wp:attachment":[{"href":"https:\/\/jblcorten.com\/es\/wp-json\/wp\/v2\/media?parent=382"}],"wp:term":[{"taxonomy":"product_brand","embeddable":true,"href":"https:\/\/jblcorten.com\/es\/wp-json\/wp\/v2\/product_brand?post=382"},{"taxonomy":"product_cat","embeddable":true,"href":"https:\/\/jblcorten.com\/es\/wp-json\/wp\/v2\/product_cat?post=382"},{"taxonomy":"product_tag","embeddable":true,"href":"https:\/\/jblcorten.com\/es\/wp-json\/wp\/v2\/product_tag?post=382"}],"curies":[{"name":"wp","href":"https:\/\/api.w.org\/{rel}","templated":true}]}}