{"id":3802,"date":"2025-07-23T14:51:52","date_gmt":"2025-07-23T06:51:52","guid":{"rendered":"https:\/\/jblcorten.com\/?post_type=product&#038;p=3802"},"modified":"2025-07-23T14:52:58","modified_gmt":"2025-07-23T06:52:58","slug":"chimenea-colgante-de-techo","status":"publish","type":"product","link":"https:\/\/jblcorten.com\/es\/ceiling-hanging-fireplace\/","title":{"rendered":"Chimenea colgante de techo"},"content":{"rendered":"<h2 style=\"text-align: center;\"><span style=\"font-size: 14pt;\">Chimenea colgante de techo<\/span><\/h2>\n<p>A diferencia de la chimenea tradicional colocada contra la pared, la chimenea colgante de techo consigue el efecto visual de llamas ardiendo libremente en el aire al colgar del techo, creando una sensaci\u00f3n sin precedentes de centro espacial y atm\u00f3sfera de arte arquitect\u00f3nico. Ya sea en el sal\u00f3n de una villa, en un hotel o en una sala de exposiciones de alto nivel, puede convertirse en un punto focal que atraiga la atenci\u00f3n y cree ambiente. La llama visible en 360\u00b0, el dise\u00f1o escultural y una variedad de opciones de combustible respetuosas con el medio ambiente hacen que no s\u00f3lo sea un dispositivo de calefacci\u00f3n, sino tambi\u00e9n una obra de arte.<\/p>\n<p><img fetchpriority=\"high\" decoding=\"async\" class=\"alignnone size-full wp-image-3807\" src=\"https:\/\/jblcorten.com\/wp-content\/uploads\/2025\/07\/ceiling-hanging-fireplace.jpg\" alt=\"chimenea colgante de techo\" width=\"750\" height=\"450\" title=\"\" srcset=\"https:\/\/jblcorten.com\/wp-content\/uploads\/2025\/07\/ceiling-hanging-fireplace.jpg 750w, https:\/\/jblcorten.com\/wp-content\/uploads\/2025\/07\/ceiling-hanging-fireplace-300x180.jpg 300w, https:\/\/jblcorten.com\/wp-content\/uploads\/2025\/07\/ceiling-hanging-fireplace-18x12.jpg 18w, https:\/\/jblcorten.com\/wp-content\/uploads\/2025\/07\/ceiling-hanging-fireplace-600x360.jpg 600w\" sizes=\"(max-width: 750px) 100vw, 750px\" \/><\/p>\n<p>Cada chimenea colgante es la cristalizaci\u00f3n del dise\u00f1o y la artesan\u00eda. El revestimiento exterior es de acero de alta calidad, pulido a alta temperatura o a mano, y el tratamiento de la superficie es delicado y texturizado. Se ofrecen de serie varias opciones de tratamiento de la superficie, como negro mate, blanco cer\u00e1mico, gris esmerilado, cepillado met\u00e1lico, etc. Los usuarios tambi\u00e9n pueden personalizar los colores est\u00e1ndar RAL seg\u00fan el estilo del espacio. La forma de la chimenea combina el minimalismo moderno y el estilo de escultura arquitect\u00f3nica, y puede ser redonda, el\u00edptica, c\u00f3nica, hiperb\u00f3lica y otras apariencias para garantizar su perfecta integraci\u00f3n en espacios de diferentes estilos.<\/p>\n<p><strong><span style=\"font-size: 14pt;\">Especificaci\u00f3n del producto:<\/span><\/strong><\/p>\n<table style=\"border-collapse: collapse; width: 100%; height: 318px;\">\n<tbody>\n<tr style=\"height: 53px;\">\n<td style=\"width: 26.4398%; height: 53px; background-color: #f5f5f5;\">Nombre del producto<\/td>\n<td style=\"width: 73.5602%; height: 53px;\">Chimenea colgante de techo<\/td>\n<\/tr>\n<tr style=\"height: 53px;\">\n<td style=\"width: 26.4398%; height: 53px; background-color: #f5f5f5;\">Material<\/td>\n<td style=\"width: 73.5602%; height: 53px;\">Acero al carbono, Acero<\/td>\n<\/tr>\n<tr style=\"height: 53px;\">\n<td style=\"width: 26.4398%; height: 53px; background-color: #f5f5f5;\">Talla<\/td>\n<td style=\"width: 73.5602%; height: 53px;\">\u03c6600 \/ \u03c6700\/personalizado<\/td>\n<\/tr>\n<tr style=\"height: 53px;\">\n<td style=\"width: 26.4398%; height: 53px; background-color: #f5f5f5;\">Combustible<\/td>\n<td style=\"width: 73.5602%; height: 53px;\">Madera o etanol<\/td>\n<\/tr>\n<tr style=\"height: 53px;\">\n<td style=\"width: 26.4398%; height: 53px; background-color: #f5f5f5;\">\u00c1rea de calor<\/td>\n<td style=\"width: 73.5602%; height: 53px;\">120-150\u33a1<\/td>\n<\/tr>\n<tr style=\"height: 53px;\">\n<td style=\"width: 26.4398%; background-color: #f5f5f5; height: 53px;\">Tratamiento de superficies<\/td>\n<td style=\"width: 73.5602%; height: 53px;\">Negro mate anti alta temperatura o personalizado<\/td>\n<\/tr>\n<\/tbody>\n<\/table>\n<p><strong><span style=\"font-size: 14pt;\">Chimenea colgante de techo Escenario de uso\uff1a<\/span><\/strong><\/p>\n<ul>\n<li>Sal\u00f3n moderno: El dise\u00f1o de la chimenea suspendida ahorra espacio en el suelo, se convierte en el centro visual del sal\u00f3n y crea un ambiente c\u00e1lido y confortable.<\/li>\n<li>Restaurantes y cafeter\u00edas: A\u00f1ade un estilo decorativo \u00fanico y calidez a restaurantes o cafeter\u00edas, permitiendo a los clientes disfrutar de la comida y la comunicaci\u00f3n en un ambiente c\u00e1lido.<\/li>\n<li>Espacio comercial: Adecuado para vest\u00edbulos de hoteles, salas de estar de oficinas, etc., para realzar el grado del espacio y crear un ambiente elegante y acogedor.<\/li>\n<li>Balc\u00f3n interior o terraza: La instalaci\u00f3n en un balc\u00f3n semiexterior o cerrado garantiza calidez, a\u00f1ade belleza moderna y prolonga la temporada de ocio.<\/li>\n<\/ul>\n<p><img decoding=\"async\" class=\"alignnone size-full wp-image-3808\" src=\"https:\/\/jblcorten.com\/wp-content\/uploads\/2025\/07\/Ceiling-Hanging-Fireplace-Use-scenario.jpg\" alt=\"Chimenea colgante de techo Escenario de uso\" width=\"750\" height=\"400\" title=\"\" srcset=\"https:\/\/jblcorten.com\/wp-content\/uploads\/2025\/07\/Ceiling-Hanging-Fireplace-Use-scenario.jpg 750w, https:\/\/jblcorten.com\/wp-content\/uploads\/2025\/07\/Ceiling-Hanging-Fireplace-Use-scenario-300x160.jpg 300w, https:\/\/jblcorten.com\/wp-content\/uploads\/2025\/07\/Ceiling-Hanging-Fireplace-Use-scenario-18x10.jpg 18w, https:\/\/jblcorten.com\/wp-content\/uploads\/2025\/07\/Ceiling-Hanging-Fireplace-Use-scenario-600x320.jpg 600w\" sizes=\"(max-width: 750px) 100vw, 750px\" \/><\/p>\n<p><strong><span style=\"font-size: 14pt;\">Paquete del producto:<\/span><\/strong><\/p>\n<p>Utilizamos cajas de madera reforzadas de doble capa para garantizar un transporte seguro; el interior est\u00e1 envuelto por espuma gruesa, y todas las piezas se embalan por separado.<\/p>\n<p><img decoding=\"async\" class=\"alignnone size-full wp-image-3535\" src=\"https:\/\/jblcorten.com\/wp-content\/uploads\/2025\/06\/hanging-fireplace-for-sale.jpg\" alt=\"venta de chimeneas colgantes\" width=\"750\" height=\"562\" title=\"\" srcset=\"https:\/\/jblcorten.com\/wp-content\/uploads\/2025\/06\/hanging-fireplace-for-sale.jpg 750w, https:\/\/jblcorten.com\/wp-content\/uploads\/2025\/06\/hanging-fireplace-for-sale-300x225.jpg 300w, https:\/\/jblcorten.com\/wp-content\/uploads\/2025\/06\/hanging-fireplace-for-sale-16x12.jpg 16w, https:\/\/jblcorten.com\/wp-content\/uploads\/2025\/06\/hanging-fireplace-for-sale-600x450.jpg 600w\" sizes=\"(max-width: 750px) 100vw, 750px\" \/><\/p>\n<p><img loading=\"lazy\" decoding=\"async\" class=\"alignnone size-full wp-image-3536\" src=\"https:\/\/jblcorten.com\/wp-content\/uploads\/2025\/06\/Hanging-Fireplace.jpg\" alt=\"Chimenea colgante\" width=\"750\" height=\"562\" title=\"\" srcset=\"https:\/\/jblcorten.com\/wp-content\/uploads\/2025\/06\/Hanging-Fireplace.jpg 750w, https:\/\/jblcorten.com\/wp-content\/uploads\/2025\/06\/Hanging-Fireplace-300x225.jpg 300w, https:\/\/jblcorten.com\/wp-content\/uploads\/2025\/06\/Hanging-Fireplace-16x12.jpg 16w, https:\/\/jblcorten.com\/wp-content\/uploads\/2025\/06\/Hanging-Fireplace-600x450.jpg 600w\" sizes=\"(max-width: 750px) 100vw, 750px\" \/><\/p>\n<p><strong><span style=\"font-size: 14pt;\">PREGUNTAS FRECUENTES:<\/span><\/strong><\/p>\n<p>P1: \u00bfEs usted fabricante?<br \/>\nR: S\u00ed, tenemos nuestra propia f\u00e1brica.<\/p>\n<p>P2: \u00bfSe puede personalizar el color o el aspecto?<br \/>\nR: Se admiten colores personalizados, formas de concha y longitudes de varilla para colgar. P\u00f3ngase en contacto con el servicio de atenci\u00f3n al cliente para obtener soluciones personalizadas.<\/p>\n<p>P3: \u00bfEs real la llama?<br \/>\nR: S\u00ed, esta chimenea es de le\u00f1a y proporciona llamas realmente c\u00e1lidas. Adem\u00e1s, nuestro n\u00facleo de horno admite la personalizaci\u00f3n.<\/p>","protected":false},"excerpt":{"rendered":"<p>Esta chimenea colgante de techo adopta un dise\u00f1o visual de 360\u00b0, con llamas que arden desde el aire, creando una atm\u00f3sfera de llamas flotantes de ensue\u00f1o. El cuerpo principal de la chimenea se fija a la estructura del techo mediante varillas met\u00e1licas de alta resistencia, lo que resulta firme y seguro, sin perder de vista el estilo sencillo. El n\u00facleo del horno admite la personalizaci\u00f3n para satisfacer las necesidades de diferentes espacios.<\/p>\n<ul>\n<li>Tipo de producto: Chimenea colgante<\/li>\n<li>Material: Acero al carbono<\/li>\n<li>Color: Negro<\/li>\n<li>Combustible: Madera<\/li>\n<\/ul>","protected":false},"featured_media":3803,"template":"","meta":{"site-sidebar-layout":"default","site-content-layout":"","ast-site-content-layout":"default","site-content-style":"default","site-sidebar-style":"default","ast-global-header-display":"","ast-banner-title-visibility":"","ast-main-header-display":"","ast-hfb-above-header-display":"","ast-hfb-below-header-display":"","ast-hfb-mobile-header-display":"","site-post-title":"","ast-breadcrumbs-content":"","ast-featured-img":"","footer-sml-layout":"","ast-disable-related-posts":"","theme-transparent-header-meta":"default","adv-header-id-meta":"","stick-header-meta":"","header-above-stick-meta":"","header-main-stick-meta":"","header-below-stick-meta":"","astra-migrate-meta-layouts":"set","ast-page-background-enabled":"default","ast-page-background-meta":{"desktop":{"background-color":"var(--ast-global-color-4)","background-image":"","background-repeat":"repeat","background-position":"center center","background-size":"auto","background-attachment":"scroll","background-type":"","background-media":"","overlay-type":"","overlay-color":"","overlay-opacity":"","overlay-gradient":""},"tablet":{"background-color":"","background-image":"","background-repeat":"repeat","background-position":"center center","background-size":"auto","background-attachment":"scroll","background-type":"","background-media":"","overlay-type":"","overlay-color":"","overlay-opacity":"","overlay-gradient":""},"mobile":{"background-color":"","background-image":"","background-repeat":"repeat","background-position":"center center","background-size":"auto","background-attachment":"scroll","background-type":"","background-media":"","overlay-type":"","overlay-color":"","overlay-opacity":"","overlay-gradient":""}},"ast-content-background-meta":{"desktop":{"background-color":"var(--ast-global-color-5)","background-image":"","background-repeat":"repeat","background-position":"center center","background-size":"auto","background-attachment":"scroll","background-type":"","background-media":"","overlay-type":"","overlay-color":"","overlay-opacity":"","overlay-gradient":""},"tablet":{"background-color":"var(--ast-global-color-5)","background-image":"","background-repeat":"repeat","background-position":"center center","background-size":"auto","background-attachment":"scroll","background-type":"","background-media":"","overlay-type":"","overlay-color":"","overlay-opacity":"","overlay-gradient":""},"mobile":{"background-color":"var(--ast-global-color-5)","background-image":"","background-repeat":"repeat","background-position":"center center","background-size":"auto","background-attachment":"scroll","background-type":"","background-media":"","overlay-type":"","overlay-color":"","overlay-opacity":"","overlay-gradient":""}}},"product_brand":[],"product_cat":[30],"product_tag":[],"class_list":{"0":"post-3802","1":"product","2":"type-product","3":"status-publish","4":"has-post-thumbnail","6":"product_cat-fireplace","7":"desktop-align-center","8":"tablet-align-left","9":"mobile-align-left","11":"first","12":"instock","13":"shipping-taxable","14":"product-type-simple"},"_links":{"self":[{"href":"https:\/\/jblcorten.com\/es\/wp-json\/wp\/v2\/product\/3802","targetHints":{"allow":["GET"]}}],"collection":[{"href":"https:\/\/jblcorten.com\/es\/wp-json\/wp\/v2\/product"}],"about":[{"href":"https:\/\/jblcorten.com\/es\/wp-json\/wp\/v2\/types\/product"}],"wp:featuredmedia":[{"embeddable":true,"href":"https:\/\/jblcorten.com\/es\/wp-json\/wp\/v2\/media\/3803"}],"wp:attachment":[{"href":"https:\/\/jblcorten.com\/es\/wp-json\/wp\/v2\/media?parent=3802"}],"wp:term":[{"taxonomy":"product_brand","embeddable":true,"href":"https:\/\/jblcorten.com\/es\/wp-json\/wp\/v2\/product_brand?post=3802"},{"taxonomy":"product_cat","embeddable":true,"href":"https:\/\/jblcorten.com\/es\/wp-json\/wp\/v2\/product_cat?post=3802"},{"taxonomy":"product_tag","embeddable":true,"href":"https:\/\/jblcorten.com\/es\/wp-json\/wp\/v2\/product_tag?post=3802"}],"curies":[{"name":"wp","href":"https:\/\/api.w.org\/{rel}","templated":true}]}}