{"id":3785,"date":"2025-07-21T14:54:43","date_gmt":"2025-07-21T06:54:43","guid":{"rendered":"https:\/\/jblcorten.com\/?post_type=product&#038;p=3785"},"modified":"2025-07-21T14:54:43","modified_gmt":"2025-07-21T06:54:43","slug":"hoguera-sin-humo","status":"publish","type":"product","link":"https:\/\/jblcorten.com\/es\/smokeless-fire-pit\/","title":{"rendered":"Hoguera sin humo"},"content":{"rendered":"<h2 style=\"text-align: center;\"><span style=\"font-size: 14pt;\">Hoguera sin humo<\/span><\/h2>\n<p>Esta hoguera sin humo est\u00e1 fabricada en acero corten de alta calidad. Con el tiempo, se formar\u00e1 de forma natural una capa protectora estable contra el \u00f3xido en la superficie del material. No s\u00f3lo es anticorrosivo y antioxidante, sino que tambi\u00e9n muestra un estilo industrial \u00fanico. La parte superior est\u00e1 equipada con un quemador rectangular de acero inoxidable 304, que ha sido procesado con precisi\u00f3n y puede utilizarse con piedras volc\u00e1nicas. La llama se distribuye uniformemente, el fuego es estable y tiene un gran valor ornamental.<\/p>\n<p>Hay disponibles deflectores opcionales de cristal templado transparente alrededor de la zona del quemador para evitar eficazmente el viento, a la vez que mejoran la estratificaci\u00f3n visual general y hacen que la llama sea m\u00e1s atmosf\u00e9rica por la noche. La estructura interna del pozo de fuego est\u00e1 inteligentemente dise\u00f1ada, con un amplio espacio reservado debajo para el almacenamiento conveniente de los tanques de gas propano, y el dise\u00f1o oculto hace que la apariencia general sea m\u00e1s concisa y suave.<\/p>\n<p><img fetchpriority=\"high\" decoding=\"async\" class=\"alignnone size-full wp-image-2574\" src=\"https:\/\/jblcorten.com\/wp-content\/uploads\/2025\/03\/rectangular-propane-fire-pit-with-tank-inside.jpg\" alt=\"\" width=\"750\" height=\"499\" title=\"\" srcset=\"https:\/\/jblcorten.com\/wp-content\/uploads\/2025\/03\/rectangular-propane-fire-pit-with-tank-inside.jpg 750w, https:\/\/jblcorten.com\/wp-content\/uploads\/2025\/03\/rectangular-propane-fire-pit-with-tank-inside-600x399.jpg 600w, https:\/\/jblcorten.com\/wp-content\/uploads\/2025\/03\/rectangular-propane-fire-pit-with-tank-inside-300x200.jpg 300w, https:\/\/jblcorten.com\/wp-content\/uploads\/2025\/03\/rectangular-propane-fire-pit-with-tank-inside-18x12.jpg 18w\" sizes=\"(max-width: 750px) 100vw, 750px\" \/><\/p>\n<p>Gracias al sistema de encendido por bot\u00f3n incorporado, los usuarios pueden encenderlo con un solo bot\u00f3n y ajustar f\u00e1cilmente el tama\u00f1o de la llama. Todo el sistema funciona de forma silenciosa, eficiente y sin humos, y la experiencia del usuario supera con creces la de las hogueras de le\u00f1a tradicionales. No es necesario limpiar las cenizas ni preocuparse por la interferencia del humo.<\/p>\n<p><strong><span style=\"font-size: 14pt;\">Especificaci\u00f3n del producto:<\/span><\/strong><\/p>\n<table style=\"border-collapse: collapse; width: 100%;\">\n<tbody>\n<tr>\n<td style=\"width: 25.9162%; background-color: #f5f5f5;\">Tipo de producto<\/td>\n<td style=\"width: 74.0838%; background-color: #f5f5f5;\">Fog\u00f3n de gas<\/td>\n<\/tr>\n<tr>\n<td style=\"width: 25.9162%;\">Material<\/td>\n<td style=\"width: 74.0838%;\">Acero corten, acero inoxidable<\/td>\n<\/tr>\n<tr>\n<td style=\"width: 25.9162%; background-color: #f5f5f5;\">Combustible<\/td>\n<td style=\"width: 74.0838%; background-color: #f5f5f5;\">Propano, gas natural<\/td>\n<\/tr>\n<tr>\n<td style=\"width: 25.9162%;\">Talla<\/td>\n<td style=\"width: 74.0838%;\">L 1200 mm \u00d7 A 500 mm \u00d7 A 600 mm<\/td>\n<\/tr>\n<tr>\n<td style=\"width: 25.9162%; background-color: #f5f5f5;\">Forma<\/td>\n<td style=\"width: 74.0838%; background-color: #f5f5f5;\">Rectangular<\/td>\n<\/tr>\n<\/tbody>\n<\/table>\n<p><strong><span style=\"font-size: 14pt;\">Caracter\u00edsticas del producto:<\/span><\/strong><\/p>\n<p><span style=\"color: #ff9900;\"><strong>1.Dise\u00f1o sin humos:<\/strong> <\/span>Utiliza energ\u00eda limpia (propano\/gas natural) para decir adi\u00f3s a los problemas del humo de le\u00f1a<\/p>\n<p><span style=\"color: #ff9900;\"><strong>2. Estructura de acero resistente a la intemperie:<\/strong><\/span> Resistente y duradero, apto para diversos entornos interiores o exteriores, y presenta un color \u00f3xido natural con el paso del tiempo<\/p>\n<p><span style=\"color: #ff9900;\"><strong>3.Quemador de acero inoxidable:<\/strong> <\/span>Resistente al calor y a la corrosi\u00f3n, estable y eficaz<\/p>\n<p><span style=\"color: #ff9900;\"><strong>4.F\u00e1cil de mantener:<\/strong><\/span> No es necesario limpiar la ceniza de madera, se quema limpiamente sin dejar residuos<\/p>\n<p><span style=\"color: #ff9900;\"><strong>5.Dise\u00f1o de almacenamiento de gas oculto:<\/strong> <\/span>Hay espacio en el interior, y el dep\u00f3sito de propano se puede guardar debajo para mantener el aspecto ordenado.<\/p>\n<p><span style=\"color: #ff9900;\"><strong>6.Conviven lo decorativo y lo pr\u00e1ctico:<\/strong><\/span> la piedra volc\u00e1nica y los deflectores de cristal pueden mejorar la experiencia visual y funcional<\/p>\n<p><strong><span style=\"font-size: 14pt;\">Detalles del producto:<\/span><\/strong><\/p>\n<p>Este pozo de fuego sin humo se basa principalmente en gas o propano, dejando espacio para el dep\u00f3sito de combustible, realizando realmente un dise\u00f1o oculto.<\/p>\n<p><img decoding=\"async\" class=\"alignnone size-full wp-image-3788\" src=\"https:\/\/jblcorten.com\/wp-content\/uploads\/2025\/07\/smokeless-fire-pit.jpg\" alt=\"hoguera sin humo\" width=\"750\" height=\"469\" title=\"\" srcset=\"https:\/\/jblcorten.com\/wp-content\/uploads\/2025\/07\/smokeless-fire-pit.jpg 750w, https:\/\/jblcorten.com\/wp-content\/uploads\/2025\/07\/smokeless-fire-pit-300x188.jpg 300w, https:\/\/jblcorten.com\/wp-content\/uploads\/2025\/07\/smokeless-fire-pit-18x12.jpg 18w, https:\/\/jblcorten.com\/wp-content\/uploads\/2025\/07\/smokeless-fire-pit-600x375.jpg 600w\" sizes=\"(max-width: 750px) 100vw, 750px\" \/><\/p>\n<p>Roca de lava: puede colocarse sobre el quemador como decoraci\u00f3n.<\/p>\n<p><img decoding=\"async\" class=\"alignnone size-full wp-image-3790\" src=\"https:\/\/jblcorten.com\/wp-content\/uploads\/2025\/07\/gas-fire-pit-lava-rock.png\" alt=\"fog\u00f3n de gas roca de lava\" width=\"750\" height=\"750\" title=\"\" srcset=\"https:\/\/jblcorten.com\/wp-content\/uploads\/2025\/07\/gas-fire-pit-lava-rock.png 750w, https:\/\/jblcorten.com\/wp-content\/uploads\/2025\/07\/gas-fire-pit-lava-rock-300x300.png 300w, https:\/\/jblcorten.com\/wp-content\/uploads\/2025\/07\/gas-fire-pit-lava-rock-150x150.png 150w, https:\/\/jblcorten.com\/wp-content\/uploads\/2025\/07\/gas-fire-pit-lava-rock-12x12.png 12w, https:\/\/jblcorten.com\/wp-content\/uploads\/2025\/07\/gas-fire-pit-lava-rock-600x600.png 600w, https:\/\/jblcorten.com\/wp-content\/uploads\/2025\/07\/gas-fire-pit-lava-rock-100x100.png 100w\" sizes=\"(max-width: 750px) 100vw, 750px\" \/><\/p>\n<p><strong><span style=\"font-size: 14pt;\">Paquete del producto:<\/span><\/strong><\/p>\n<p>Nuestros pozos de fuego de gas se embalan con doble embalaje: cart\u00f3n + caja de madera. Adem\u00e1s, el pozo de fuego y los accesorios se embalan por separado.<\/p>\n<p><img loading=\"lazy\" decoding=\"async\" class=\"alignnone size-full wp-image-3791\" src=\"https:\/\/jblcorten.com\/wp-content\/uploads\/2025\/07\/gas-fire-pit-for-sale.jpg\" alt=\"venta de hogueras de gas\" width=\"750\" height=\"400\" title=\"\" srcset=\"https:\/\/jblcorten.com\/wp-content\/uploads\/2025\/07\/gas-fire-pit-for-sale.jpg 750w, https:\/\/jblcorten.com\/wp-content\/uploads\/2025\/07\/gas-fire-pit-for-sale-300x160.jpg 300w, https:\/\/jblcorten.com\/wp-content\/uploads\/2025\/07\/gas-fire-pit-for-sale-18x10.jpg 18w, https:\/\/jblcorten.com\/wp-content\/uploads\/2025\/07\/gas-fire-pit-for-sale-600x320.jpg 600w\" sizes=\"(max-width: 750px) 100vw, 750px\" \/><\/p>\n<p><span style=\"font-size: 14pt;\"><strong>PREGUNTAS FRECUENTES:<\/strong><\/span><\/p>\n<p>P1: \u00bfSe puede utilizar gas natural?<br \/>\nR1: S\u00ed, ofrecemos versiones tanto de propano como de gas natural. Por favor, confirme sus necesidades antes de realizar un pedido.<\/p>\n<p>P2: \u00bfEs duradero el quemador?<br \/>\nA2: Fabricado en acero inoxidable 304, es resistente a las altas temperaturas y a la corrosi\u00f3n, y es apto para un uso prolongado en interiores o exteriores.<\/p>\n<p>P3: \u00bfPuede sustituirse la piedra volc\u00e1nica?<br \/>\nA4: S\u00ed, puede optar por sustituirla por piedra de vidrio, piedra decorativa de cer\u00e1mica, etc. seg\u00fan sus preferencias personales.<\/p>","protected":false},"excerpt":{"rendered":"<p>Con un aspecto sencillo y hermosas llamas, este pozo de fuego sin humo admite un dise\u00f1o de almacenamiento de propano oculto, combina material de acero resistente a la intemperie y decoraci\u00f3n de piedra volc\u00e1nica, a\u00f1adiendo una experiencia de calefacci\u00f3n segura y sin humo a espacios interiores y exteriores.<\/p>","protected":false},"featured_media":3786,"template":"","meta":{"site-sidebar-layout":"default","site-content-layout":"","ast-site-content-layout":"default","site-content-style":"default","site-sidebar-style":"default","ast-global-header-display":"","ast-banner-title-visibility":"","ast-main-header-display":"","ast-hfb-above-header-display":"","ast-hfb-below-header-display":"","ast-hfb-mobile-header-display":"","site-post-title":"","ast-breadcrumbs-content":"","ast-featured-img":"","footer-sml-layout":"","ast-disable-related-posts":"","theme-transparent-header-meta":"default","adv-header-id-meta":"","stick-header-meta":"","header-above-stick-meta":"","header-main-stick-meta":"","header-below-stick-meta":"","astra-migrate-meta-layouts":"set","ast-page-background-enabled":"default","ast-page-background-meta":{"desktop":{"background-color":"var(--ast-global-color-4)","background-image":"","background-repeat":"repeat","background-position":"center center","background-size":"auto","background-attachment":"scroll","background-type":"","background-media":"","overlay-type":"","overlay-color":"","overlay-opacity":"","overlay-gradient":""},"tablet":{"background-color":"","background-image":"","background-repeat":"repeat","background-position":"center center","background-size":"auto","background-attachment":"scroll","background-type":"","background-media":"","overlay-type":"","overlay-color":"","overlay-opacity":"","overlay-gradient":""},"mobile":{"background-color":"","background-image":"","background-repeat":"repeat","background-position":"center center","background-size":"auto","background-attachment":"scroll","background-type":"","background-media":"","overlay-type":"","overlay-color":"","overlay-opacity":"","overlay-gradient":""}},"ast-content-background-meta":{"desktop":{"background-color":"var(--ast-global-color-5)","background-image":"","background-repeat":"repeat","background-position":"center center","background-size":"auto","background-attachment":"scroll","background-type":"","background-media":"","overlay-type":"","overlay-color":"","overlay-opacity":"","overlay-gradient":""},"tablet":{"background-color":"var(--ast-global-color-5)","background-image":"","background-repeat":"repeat","background-position":"center center","background-size":"auto","background-attachment":"scroll","background-type":"","background-media":"","overlay-type":"","overlay-color":"","overlay-opacity":"","overlay-gradient":""},"mobile":{"background-color":"var(--ast-global-color-5)","background-image":"","background-repeat":"repeat","background-position":"center center","background-size":"auto","background-attachment":"scroll","background-type":"","background-media":"","overlay-type":"","overlay-color":"","overlay-opacity":"","overlay-gradient":""}}},"product_brand":[],"product_cat":[29,47],"product_tag":[],"class_list":{"0":"post-3785","1":"product","2":"type-product","3":"status-publish","4":"has-post-thumbnail","6":"product_cat-fire-pit","7":"product_cat-gas-fire-pit","8":"desktop-align-center","9":"tablet-align-left","10":"mobile-align-left","12":"first","13":"instock","14":"shipping-taxable","15":"product-type-simple"},"_links":{"self":[{"href":"https:\/\/jblcorten.com\/es\/wp-json\/wp\/v2\/product\/3785","targetHints":{"allow":["GET"]}}],"collection":[{"href":"https:\/\/jblcorten.com\/es\/wp-json\/wp\/v2\/product"}],"about":[{"href":"https:\/\/jblcorten.com\/es\/wp-json\/wp\/v2\/types\/product"}],"wp:featuredmedia":[{"embeddable":true,"href":"https:\/\/jblcorten.com\/es\/wp-json\/wp\/v2\/media\/3786"}],"wp:attachment":[{"href":"https:\/\/jblcorten.com\/es\/wp-json\/wp\/v2\/media?parent=3785"}],"wp:term":[{"taxonomy":"product_brand","embeddable":true,"href":"https:\/\/jblcorten.com\/es\/wp-json\/wp\/v2\/product_brand?post=3785"},{"taxonomy":"product_cat","embeddable":true,"href":"https:\/\/jblcorten.com\/es\/wp-json\/wp\/v2\/product_cat?post=3785"},{"taxonomy":"product_tag","embeddable":true,"href":"https:\/\/jblcorten.com\/es\/wp-json\/wp\/v2\/product_tag?post=3785"}],"curies":[{"name":"wp","href":"https:\/\/api.w.org\/{rel}","templated":true}]}}