{"id":3730,"date":"2025-07-16T17:19:24","date_gmt":"2025-07-16T09:19:24","guid":{"rendered":"https:\/\/jblcorten.com\/?post_type=product&#038;p=3730"},"modified":"2025-07-16T17:19:24","modified_gmt":"2025-07-16T09:19:24","slug":"paneles-de-acero-corten-cortados-por-laser","status":"publish","type":"product","link":"https:\/\/jblcorten.com\/es\/corten-steel-laser-cut-panels\/","title":{"rendered":"Paneles de acero corten cortados por l\u00e1ser"},"content":{"rendered":"<h2 style=\"text-align: center;\"><span style=\"font-size: 14pt;\">Paneles de acero corten cortados por l\u00e1ser<\/span><\/h2>\n<p>El panel de acero corten cortado por l\u00e1ser est\u00e1 hecho de acero de alto rendimiento para intemperie y es procesado por equipos de corte l\u00e1ser CNC de alta precisi\u00f3n para el grabado de patrones. Es adecuado para varios proyectos de decoraci\u00f3n de interiores y exteriores y de ingenier\u00eda paisaj\u00edstica. La superficie de los paneles de acero corten cortados por l\u00e1ser es oxidada naturalmente o acelerada artificialmente para formar una capa protectora uniforme y estable de color rojo \u00f3xido, que tiene buena resistencia a la corrosi\u00f3n y a la intemperie.<\/p>\n<p>La estructura general del panel de acero corten es estable, el contorno del patr\u00f3n es claro, el borde de corte es limpio y plano, y no es f\u00e1cil de deformar. Puede ser ampliamente utilizado en escenas tales como particiones del patio, paredes de fondo del paisaje, fachadas decorativas, paneles de la cerca, etc. Apoyamos la personalizaci\u00f3n integral de tama\u00f1o, grosor y patr\u00f3n, y podemos proporcionar servicios de procesamiento de ventanilla \u00fanica, como el sellado de aceite, la soldadura de marcos, la instalaci\u00f3n de piezas incrustadas y la combinaci\u00f3n de iluminaci\u00f3n seg\u00fan las necesidades del cliente.<\/p>\n<p><img fetchpriority=\"high\" decoding=\"async\" class=\"alignnone size-full wp-image-3736\" src=\"https:\/\/jblcorten.com\/wp-content\/uploads\/2025\/07\/corten-laser-cut-screens.jpg\" alt=\"pantallas corten cortadas por l\u00e1ser\" width=\"750\" height=\"379\" title=\"\" srcset=\"https:\/\/jblcorten.com\/wp-content\/uploads\/2025\/07\/corten-laser-cut-screens.jpg 750w, https:\/\/jblcorten.com\/wp-content\/uploads\/2025\/07\/corten-laser-cut-screens-300x152.jpg 300w, https:\/\/jblcorten.com\/wp-content\/uploads\/2025\/07\/corten-laser-cut-screens-18x9.jpg 18w, https:\/\/jblcorten.com\/wp-content\/uploads\/2025\/07\/corten-laser-cut-screens-600x303.jpg 600w\" sizes=\"(max-width: 750px) 100vw, 750px\" \/><\/p>\n<p><strong><span style=\"font-size: 14pt;\">Especificaci\u00f3n del producto:<\/span><\/strong><\/p>\n<table style=\"border-collapse: collapse; width: 100%; height: 265px;\">\n<tbody>\n<tr style=\"height: 53px;\">\n<td style=\"width: 30.7031%; height: 53px; background-color: #f5f5f5;\">Nombre del producto<\/td>\n<td style=\"width: 69.2969%; height: 53px; background-color: #f5f5f5;\">Paneles de acero corten cortados por l\u00e1ser<\/td>\n<\/tr>\n<tr style=\"height: 53px;\">\n<td style=\"width: 30.7031%; height: 53px;\">Material<\/td>\n<td style=\"width: 69.2969%; height: 53px;\">Acero corten\/acero resistente a la intemperie<\/td>\n<\/tr>\n<tr style=\"height: 53px;\">\n<td style=\"width: 30.7031%; height: 53px; background-color: #f5f5f5;\">Talla<\/td>\n<td style=\"width: 69.2969%; height: 53px; background-color: #f5f5f5;\">H 1800 \u00d7 L 900 o a medida<\/td>\n<\/tr>\n<tr style=\"height: 53px;\">\n<td style=\"width: 30.7031%; height: 53px;\">Espesor<\/td>\n<td style=\"width: 69.2969%; height: 53px;\">2-10 mm<\/td>\n<\/tr>\n<tr style=\"height: 53px;\">\n<td style=\"width: 30.7031%; height: 53px; background-color: #f5f5f5;\">Aplicaci\u00f3n<\/td>\n<td style=\"width: 69.2969%; height: 53px; background-color: #f5f5f5;\">Dividido, Privacidad, Decoraci\u00f3n, etc.<\/td>\n<\/tr>\n<\/tbody>\n<\/table>\n<p><strong><span style=\"font-size: 14pt;\">\u00bfQu\u00e9 es el acero corten?<\/span><\/strong><\/p>\n<p><strong>Acero corten<\/strong>, tambi\u00e9n conocido como acero resistente a la intemperie, es un tipo especial de acero que desarrolla un aspecto similar al \u00f3xido cuando se expone a la intemperie. Esta propiedad \u00fanica lo convierte en un material ideal para pantallas y mamparas de exterior.<\/p>\n<p>A diferencia del acero normal, que puede oxidarse y deteriorarse con el tiempo, el acero resistente a la intemperie forma una capa protectora que impide que siga oxid\u00e1ndose y degrad\u00e1ndose.<\/p>\n<p><img decoding=\"async\" class=\"alignnone size-full wp-image-3735\" src=\"https:\/\/jblcorten.com\/wp-content\/uploads\/2025\/07\/corten-steel-plate.jpg\" alt=\"chapa de acero corten\" width=\"750\" height=\"479\" title=\"\" srcset=\"https:\/\/jblcorten.com\/wp-content\/uploads\/2025\/07\/corten-steel-plate.jpg 750w, https:\/\/jblcorten.com\/wp-content\/uploads\/2025\/07\/corten-steel-plate-300x192.jpg 300w, https:\/\/jblcorten.com\/wp-content\/uploads\/2025\/07\/corten-steel-plate-18x12.jpg 18w, https:\/\/jblcorten.com\/wp-content\/uploads\/2025\/07\/corten-steel-plate-600x383.jpg 600w\" sizes=\"(max-width: 750px) 100vw, 750px\" \/><\/p>\n<p><img decoding=\"async\" class=\"alignnone size-full wp-image-2519\" src=\"https:\/\/jblcorten.com\/wp-content\/uploads\/2025\/03\/corten-steel-material.jpg\" alt=\"material de acero corten\" width=\"750\" height=\"321\" title=\"\" srcset=\"https:\/\/jblcorten.com\/wp-content\/uploads\/2025\/03\/corten-steel-material.jpg 750w, https:\/\/jblcorten.com\/wp-content\/uploads\/2025\/03\/corten-steel-material-600x257.jpg 600w, https:\/\/jblcorten.com\/wp-content\/uploads\/2025\/03\/corten-steel-material-300x128.jpg 300w, https:\/\/jblcorten.com\/wp-content\/uploads\/2025\/03\/corten-steel-material-18x8.jpg 18w\" sizes=\"(max-width: 750px) 100vw, 750px\" \/><\/p>\n<p><strong><span style=\"font-size: 14pt;\">Proceso de producci\u00f3n<\/span><\/strong><\/p>\n<p><img loading=\"lazy\" decoding=\"async\" class=\"alignnone wp-image-2424\" src=\"https:\/\/jblcorten.com\/wp-content\/uploads\/2024\/09\/garden-screen-panel.jpg\" alt=\"panel de pantalla de jard\u00edn\" width=\"750\" height=\"567\" title=\"\" srcset=\"https:\/\/jblcorten.com\/wp-content\/uploads\/2024\/09\/garden-screen-panel.jpg 719w, https:\/\/jblcorten.com\/wp-content\/uploads\/2024\/09\/garden-screen-panel-600x454.jpg 600w, https:\/\/jblcorten.com\/wp-content\/uploads\/2024\/09\/garden-screen-panel-300x227.jpg 300w, https:\/\/jblcorten.com\/wp-content\/uploads\/2024\/09\/garden-screen-panel-16x12.jpg 16w\" sizes=\"(max-width: 750px) 100vw, 750px\" \/><\/p>\n<p><strong><span style=\"font-size: 14pt;\">PREGUNTAS FRECUENTES:<\/span><\/strong><\/p>\n<p><span style=\"color: #ff9900;\"><strong>P1: \u00bfSe puede personalizar el patr\u00f3n del panel de la pantalla?<\/strong><\/span><br \/>\nR: S\u00ed, tenemos nuestra propia f\u00e1brica y podemos personalizar el tama\u00f1o y el patr\u00f3n seg\u00fan los requisitos del cliente.<\/p>\n<p><strong><span style=\"color: #ff9900;\">P2: \u00bfSe puede realizar un tratamiento acelerado contra la oxidaci\u00f3n?<\/span><\/strong><br \/>\nR: S\u00ed, proporcionamos un tratamiento de oxidaci\u00f3n acelerada para formar un color de \u00f3xido estable antes de salir de la f\u00e1brica para evitar un largo per\u00edodo de oxidaci\u00f3n natural.<\/p>\n<p><span style=\"color: #ff9900;\"><strong>P3: \u00bfSe deformar\u00e1 la superficie de la placa despu\u00e9s del corte por l\u00e1ser?<\/strong><\/span><br \/>\nR: Ajustamos razonablemente el grosor del tablero y la potencia de corte, y la superficie de corte es limpia y lisa, y no es f\u00e1cil de deformar.<\/p>","protected":false},"excerpt":{"rendered":"<p>Fabricado en acero corten de alta calidad, este panel de acero corten cortado por l\u00e1ser es duradero, bonito y altamente personalizable. La tecnolog\u00eda de corte por l\u00e1ser crea bordes n\u00edtidos y detalles finos para una variedad de espacios exteriores o interiores, creando un fuerte efecto visual.<\/p>","protected":false},"featured_media":3731,"template":"","meta":{"site-sidebar-layout":"default","site-content-layout":"","ast-site-content-layout":"default","site-content-style":"default","site-sidebar-style":"default","ast-global-header-display":"","ast-banner-title-visibility":"","ast-main-header-display":"","ast-hfb-above-header-display":"","ast-hfb-below-header-display":"","ast-hfb-mobile-header-display":"","site-post-title":"","ast-breadcrumbs-content":"","ast-featured-img":"","footer-sml-layout":"","ast-disable-related-posts":"","theme-transparent-header-meta":"default","adv-header-id-meta":"","stick-header-meta":"","header-above-stick-meta":"","header-main-stick-meta":"","header-below-stick-meta":"","astra-migrate-meta-layouts":"set","ast-page-background-enabled":"default","ast-page-background-meta":{"desktop":{"background-color":"var(--ast-global-color-4)","background-image":"","background-repeat":"repeat","background-position":"center center","background-size":"auto","background-attachment":"scroll","background-type":"","background-media":"","overlay-type":"","overlay-color":"","overlay-opacity":"","overlay-gradient":""},"tablet":{"background-color":"","background-image":"","background-repeat":"repeat","background-position":"center center","background-size":"auto","background-attachment":"scroll","background-type":"","background-media":"","overlay-type":"","overlay-color":"","overlay-opacity":"","overlay-gradient":""},"mobile":{"background-color":"","background-image":"","background-repeat":"repeat","background-position":"center center","background-size":"auto","background-attachment":"scroll","background-type":"","background-media":"","overlay-type":"","overlay-color":"","overlay-opacity":"","overlay-gradient":""}},"ast-content-background-meta":{"desktop":{"background-color":"var(--ast-global-color-5)","background-image":"","background-repeat":"repeat","background-position":"center center","background-size":"auto","background-attachment":"scroll","background-type":"","background-media":"","overlay-type":"","overlay-color":"","overlay-opacity":"","overlay-gradient":""},"tablet":{"background-color":"var(--ast-global-color-5)","background-image":"","background-repeat":"repeat","background-position":"center center","background-size":"auto","background-attachment":"scroll","background-type":"","background-media":"","overlay-type":"","overlay-color":"","overlay-opacity":"","overlay-gradient":""},"mobile":{"background-color":"var(--ast-global-color-5)","background-image":"","background-repeat":"repeat","background-position":"center center","background-size":"auto","background-attachment":"scroll","background-type":"","background-media":"","overlay-type":"","overlay-color":"","overlay-opacity":"","overlay-gradient":""}}},"product_brand":[],"product_cat":[31],"product_tag":[],"class_list":{"0":"post-3730","1":"product","2":"type-product","3":"status-publish","4":"has-post-thumbnail","6":"product_cat-garden-screens","7":"desktop-align-center","8":"tablet-align-left","9":"mobile-align-left","11":"first","12":"instock","13":"shipping-taxable","14":"product-type-simple"},"_links":{"self":[{"href":"https:\/\/jblcorten.com\/es\/wp-json\/wp\/v2\/product\/3730","targetHints":{"allow":["GET"]}}],"collection":[{"href":"https:\/\/jblcorten.com\/es\/wp-json\/wp\/v2\/product"}],"about":[{"href":"https:\/\/jblcorten.com\/es\/wp-json\/wp\/v2\/types\/product"}],"wp:featuredmedia":[{"embeddable":true,"href":"https:\/\/jblcorten.com\/es\/wp-json\/wp\/v2\/media\/3731"}],"wp:attachment":[{"href":"https:\/\/jblcorten.com\/es\/wp-json\/wp\/v2\/media?parent=3730"}],"wp:term":[{"taxonomy":"product_brand","embeddable":true,"href":"https:\/\/jblcorten.com\/es\/wp-json\/wp\/v2\/product_brand?post=3730"},{"taxonomy":"product_cat","embeddable":true,"href":"https:\/\/jblcorten.com\/es\/wp-json\/wp\/v2\/product_cat?post=3730"},{"taxonomy":"product_tag","embeddable":true,"href":"https:\/\/jblcorten.com\/es\/wp-json\/wp\/v2\/product_tag?post=3730"}],"curies":[{"name":"wp","href":"https:\/\/api.w.org\/{rel}","templated":true}]}}