{"id":3720,"date":"2025-07-16T15:34:36","date_gmt":"2025-07-16T07:34:36","guid":{"rendered":"https:\/\/jblcorten.com\/?post_type=product&#038;p=3720"},"modified":"2025-07-16T15:34:36","modified_gmt":"2025-07-16T07:34:36","slug":"hoguera-tripode","status":"publish","type":"product","link":"https:\/\/jblcorten.com\/es\/tripod-fire-pit\/","title":{"rendered":"Tr\u00edpode Fogata"},"content":{"rendered":"<h2 style=\"text-align: center;\"><span style=\"font-size: 14pt;\">Tr\u00edpode Fogata<\/span><\/h2>\n<p>El cuerpo principal de la hoguera tr\u00edpode es de acero de alta resistencia y est\u00e1 tratado con pulverizaci\u00f3n negra resistente a altas temperaturas. No s\u00f3lo puede resistir el asado continuo de las llamas abiertas a alta temperatura, sino que tambi\u00e9n tiene una buena capacidad antioxidante y anticorrosi\u00f3n. El brasero se cuelga en el centro del tr\u00edpode mediante una cadena. La longitud de la cadena puede ajustarse seg\u00fan las necesidades. El usuario puede controlar f\u00e1cilmente la altura del brasero para conseguir diferentes usos: como elevarlo para calentar y bajarlo para cocinar.<\/p>\n<p>La estructura del tr\u00edpode adopta un dise\u00f1o de mec\u00e1nica de ingenier\u00eda para garantizar que pueda mantenerse estable en terrenos exteriores irregulares como playas, barro y hierba, lo que garantiza un uso seguro. Su dise\u00f1o de estructura enchufable permite desmontar e instalar r\u00e1pidamente todo el sistema de brasero sin necesidad de herramientas, lo que facilita su transporte, almacenamiento y uso sobre el terreno.<\/p>\n<p><img fetchpriority=\"high\" decoding=\"async\" class=\"alignnone size-full wp-image-3721\" src=\"https:\/\/jblcorten.com\/wp-content\/uploads\/2025\/07\/tripod-fire-pit.jpg\" alt=\"hoguera tr\u00edpode\" width=\"750\" height=\"400\" title=\"\" srcset=\"https:\/\/jblcorten.com\/wp-content\/uploads\/2025\/07\/tripod-fire-pit.jpg 750w, https:\/\/jblcorten.com\/wp-content\/uploads\/2025\/07\/tripod-fire-pit-300x160.jpg 300w, https:\/\/jblcorten.com\/wp-content\/uploads\/2025\/07\/tripod-fire-pit-18x10.jpg 18w, https:\/\/jblcorten.com\/wp-content\/uploads\/2025\/07\/tripod-fire-pit-600x320.jpg 600w\" sizes=\"(max-width: 750px) 100vw, 750px\" \/><\/p>\n<p><strong><span style=\"font-size: 14pt;\">Especificaci\u00f3n del producto:<\/span><\/strong><\/p>\n<table style=\"border-collapse: collapse; width: 100%;\">\n<tbody>\n<tr>\n<td style=\"width: 30.2543%; background-color: #f5f5f5;\">Nombre del producto<\/td>\n<td style=\"width: 69.7457%; background-color: #f5f5f5;\">Tr\u00edpode Fogata<\/td>\n<\/tr>\n<tr>\n<td style=\"width: 30.2543%;\">Material<\/td>\n<td style=\"width: 69.7457%;\">Metal, acero<\/td>\n<\/tr>\n<tr>\n<td style=\"width: 30.2543%; background-color: #f5f5f5;\">Color<\/td>\n<td style=\"width: 69.7457%; background-color: #f5f5f5;\">Negro<\/td>\n<\/tr>\n<tr>\n<td style=\"width: 30.2543%;\">Di\u00e1metro<\/td>\n<td style=\"width: 69.7457%;\">800 mm<\/td>\n<\/tr>\n<tr>\n<td style=\"width: 30.2543%; background-color: #f5f5f5;\">Espesor<\/td>\n<td style=\"width: 69.7457%; background-color: #f5f5f5;\">4 mm \/ Calibre 8<\/td>\n<\/tr>\n<\/tbody>\n<\/table>\n<p><strong><span style=\"font-size: 14pt;\">Ventajas del producto:<\/span><\/strong><\/p>\n<ul>\n<li><span style=\"color: #ff9900;\"><strong>Estructura resistente a las altas temperaturas y a la intemperie:<\/strong><\/span> El acero grueso seleccionado, con revestimiento profesional resistente a altas temperaturas en la superficie, puede soportar la combusti\u00f3n continua con llama abierta, y sigue siendo fuerte y duradero incluso en entornos adversos como el viento, la arena y la humedad.<\/li>\n<li><strong><span style=\"color: #ff9900;\">Dise\u00f1o triangular estable:<\/span> <\/strong>La estructura de tr\u00edpode dise\u00f1ada con estructura de ingenier\u00eda tiene una fuerza uniforme y es adecuada para terrenos irregulares como hierba, barro y playas. No es f\u00e1cil de volcar y garantiza un uso seguro.<\/li>\n<li><strong><span style=\"color: #ff9900;\">Sistema flexible de ajuste de la cadena:<\/span><\/strong> La olla de fuego se cuelga del tr\u00edpode mediante una cadena met\u00e1lica de alta resistencia, y la longitud de la cadena puede ajustarse libremente para satisfacer las distintas necesidades de cocci\u00f3n o distancias de calentamiento.<\/li>\n<li><strong><span style=\"color: #ff9900;\">Estructura desmontable y port\u00e1til:<\/span> <\/strong>Cada componente puede desmontarse y almacenarse f\u00e1cilmente, con un peso moderado y f\u00e1cil de transportar, lo que constituye una opci\u00f3n ideal para los aficionados profesionales al camping y los usuarios dom\u00e9sticos.<\/li>\n<li><strong><span style=\"color: #ff9900;\">Aplicable a m\u00faltiples escenarios:<\/span><\/strong> Ya sea para barbacoas en el jard\u00edn, acampadas al aire libre, reuniones familiares o como decoraci\u00f3n paisaj\u00edstica, puede aportar el doble disfrute de calidez y visi\u00f3n.<\/li>\n<\/ul>\n<p><strong><span style=\"font-size: 14pt;\">Detalles del producto:<\/span><\/strong><\/p>\n<p>\u221a Este pozo de fuego tr\u00edpode es personalizable, con tama\u00f1os generales de 800 mm, 900 mm y 1000 mm.<\/p>\n<p><img decoding=\"async\" class=\"alignnone size-full wp-image-3727\" src=\"https:\/\/jblcorten.com\/wp-content\/uploads\/2025\/07\/tripod-bbq-fire-pit.jpg\" alt=\"\" width=\"750\" height=\"750\" title=\"\" srcset=\"https:\/\/jblcorten.com\/wp-content\/uploads\/2025\/07\/tripod-bbq-fire-pit.jpg 750w, https:\/\/jblcorten.com\/wp-content\/uploads\/2025\/07\/tripod-bbq-fire-pit-300x300.jpg 300w, https:\/\/jblcorten.com\/wp-content\/uploads\/2025\/07\/tripod-bbq-fire-pit-150x150.jpg 150w, https:\/\/jblcorten.com\/wp-content\/uploads\/2025\/07\/tripod-bbq-fire-pit-12x12.jpg 12w, https:\/\/jblcorten.com\/wp-content\/uploads\/2025\/07\/tripod-bbq-fire-pit-600x600.jpg 600w, https:\/\/jblcorten.com\/wp-content\/uploads\/2025\/07\/tripod-bbq-fire-pit-100x100.jpg 100w\" sizes=\"(max-width: 750px) 100vw, 750px\" \/><\/p>\n<p>\u221a Los accesorios de este pozo de fuego incluyen cuenco de fuego, parrilla, soporte, cadena, etc.<\/p>\n<p><img decoding=\"async\" class=\"alignnone size-full wp-image-3726\" src=\"https:\/\/jblcorten.com\/wp-content\/uploads\/2025\/07\/hanging-fire-pit.jpg\" alt=\"\" width=\"750\" height=\"500\" title=\"\" srcset=\"https:\/\/jblcorten.com\/wp-content\/uploads\/2025\/07\/hanging-fire-pit.jpg 750w, https:\/\/jblcorten.com\/wp-content\/uploads\/2025\/07\/hanging-fire-pit-300x200.jpg 300w, https:\/\/jblcorten.com\/wp-content\/uploads\/2025\/07\/hanging-fire-pit-18x12.jpg 18w, https:\/\/jblcorten.com\/wp-content\/uploads\/2025\/07\/hanging-fire-pit-600x400.jpg 600w\" sizes=\"(max-width: 750px) 100vw, 750px\" \/><\/p>\n<p><strong><span style=\"font-size: 14pt;\">Im\u00e1genes del producto:<\/span><\/strong><\/p>\n<p><img loading=\"lazy\" decoding=\"async\" class=\"alignnone size-full wp-image-3728\" src=\"https:\/\/jblcorten.com\/wp-content\/uploads\/2025\/07\/fire-pit-cooking-tripod.jpg\" alt=\"tr\u00edpode de cocina fire pit\" width=\"750\" height=\"422\" title=\"\" srcset=\"https:\/\/jblcorten.com\/wp-content\/uploads\/2025\/07\/fire-pit-cooking-tripod.jpg 750w, https:\/\/jblcorten.com\/wp-content\/uploads\/2025\/07\/fire-pit-cooking-tripod-300x169.jpg 300w, https:\/\/jblcorten.com\/wp-content\/uploads\/2025\/07\/fire-pit-cooking-tripod-18x10.jpg 18w, https:\/\/jblcorten.com\/wp-content\/uploads\/2025\/07\/fire-pit-cooking-tripod-600x338.jpg 600w\" sizes=\"(max-width: 750px) 100vw, 750px\" \/><\/p>\n<p><img loading=\"lazy\" decoding=\"async\" class=\"alignnone size-full wp-image-3729\" src=\"https:\/\/jblcorten.com\/wp-content\/uploads\/2025\/07\/tripod-bbq-and-fire-pit.jpg\" alt=\"barbacoa y hoguera tr\u00edpode\" width=\"750\" height=\"562\" title=\"\"><\/p>","protected":false},"excerpt":{"rendered":"<p>Esta hoguera tr\u00edpode est\u00e1 fabricada en acero revestido de alta temperatura y es adecuada para una gran variedad de escenarios, como hogueras en la playa, fiestas en el patio trasero, cocina de acampada, etc. La cadena ajustable controla la altura, que puede utilizarse tanto para calentar como para cocinar con llama abierta. La estructura es estable y f\u00e1cil de transportar, por lo que es una opci\u00f3n ideal para la vida al aire libre.<\/p>","protected":false},"featured_media":3722,"template":"","meta":{"site-sidebar-layout":"default","site-content-layout":"","ast-site-content-layout":"default","site-content-style":"default","site-sidebar-style":"default","ast-global-header-display":"","ast-banner-title-visibility":"","ast-main-header-display":"","ast-hfb-above-header-display":"","ast-hfb-below-header-display":"","ast-hfb-mobile-header-display":"","site-post-title":"","ast-breadcrumbs-content":"","ast-featured-img":"","footer-sml-layout":"","ast-disable-related-posts":"","theme-transparent-header-meta":"default","adv-header-id-meta":"","stick-header-meta":"","header-above-stick-meta":"","header-main-stick-meta":"","header-below-stick-meta":"","astra-migrate-meta-layouts":"set","ast-page-background-enabled":"default","ast-page-background-meta":{"desktop":{"background-color":"var(--ast-global-color-4)","background-image":"","background-repeat":"repeat","background-position":"center center","background-size":"auto","background-attachment":"scroll","background-type":"","background-media":"","overlay-type":"","overlay-color":"","overlay-opacity":"","overlay-gradient":""},"tablet":{"background-color":"","background-image":"","background-repeat":"repeat","background-position":"center center","background-size":"auto","background-attachment":"scroll","background-type":"","background-media":"","overlay-type":"","overlay-color":"","overlay-opacity":"","overlay-gradient":""},"mobile":{"background-color":"","background-image":"","background-repeat":"repeat","background-position":"center center","background-size":"auto","background-attachment":"scroll","background-type":"","background-media":"","overlay-type":"","overlay-color":"","overlay-opacity":"","overlay-gradient":""}},"ast-content-background-meta":{"desktop":{"background-color":"var(--ast-global-color-5)","background-image":"","background-repeat":"repeat","background-position":"center center","background-size":"auto","background-attachment":"scroll","background-type":"","background-media":"","overlay-type":"","overlay-color":"","overlay-opacity":"","overlay-gradient":""},"tablet":{"background-color":"var(--ast-global-color-5)","background-image":"","background-repeat":"repeat","background-position":"center center","background-size":"auto","background-attachment":"scroll","background-type":"","background-media":"","overlay-type":"","overlay-color":"","overlay-opacity":"","overlay-gradient":""},"mobile":{"background-color":"var(--ast-global-color-5)","background-image":"","background-repeat":"repeat","background-position":"center center","background-size":"auto","background-attachment":"scroll","background-type":"","background-media":"","overlay-type":"","overlay-color":"","overlay-opacity":"","overlay-gradient":""}}},"product_brand":[],"product_cat":[29,45],"product_tag":[],"class_list":{"0":"post-3720","1":"product","2":"type-product","3":"status-publish","4":"has-post-thumbnail","6":"product_cat-fire-pit","7":"product_cat-wood-burning-fire-pit","8":"desktop-align-center","9":"tablet-align-left","10":"mobile-align-left","12":"first","13":"instock","14":"shipping-taxable","15":"product-type-simple"},"_links":{"self":[{"href":"https:\/\/jblcorten.com\/es\/wp-json\/wp\/v2\/product\/3720","targetHints":{"allow":["GET"]}}],"collection":[{"href":"https:\/\/jblcorten.com\/es\/wp-json\/wp\/v2\/product"}],"about":[{"href":"https:\/\/jblcorten.com\/es\/wp-json\/wp\/v2\/types\/product"}],"wp:featuredmedia":[{"embeddable":true,"href":"https:\/\/jblcorten.com\/es\/wp-json\/wp\/v2\/media\/3722"}],"wp:attachment":[{"href":"https:\/\/jblcorten.com\/es\/wp-json\/wp\/v2\/media?parent=3720"}],"wp:term":[{"taxonomy":"product_brand","embeddable":true,"href":"https:\/\/jblcorten.com\/es\/wp-json\/wp\/v2\/product_brand?post=3720"},{"taxonomy":"product_cat","embeddable":true,"href":"https:\/\/jblcorten.com\/es\/wp-json\/wp\/v2\/product_cat?post=3720"},{"taxonomy":"product_tag","embeddable":true,"href":"https:\/\/jblcorten.com\/es\/wp-json\/wp\/v2\/product_tag?post=3720"}],"curies":[{"name":"wp","href":"https:\/\/api.w.org\/{rel}","templated":true}]}}