{"id":3689,"date":"2025-07-14T15:47:50","date_gmt":"2025-07-14T07:47:50","guid":{"rendered":"https:\/\/jblcorten.com\/?post_type=product&#038;p=3689"},"modified":"2025-07-14T15:47:50","modified_gmt":"2025-07-14T07:47:50","slug":"mesa-de-agua-de-acero-corten","status":"publish","type":"product","link":"https:\/\/jblcorten.com\/es\/corten-steel-water-table\/","title":{"rendered":"Mesa de agua de acero corten"},"content":{"rendered":"<h2 style=\"text-align: center;\"><span style=\"font-size: 14pt;\">Mesa de agua de acero corten<\/span><\/h2>\n<p>Esta mesa de agua de acero corten est\u00e1 fabricada en acero corten de alta calidad, con un aspecto \u00fanico de color rojo \u00f3xido que combina a la perfecci\u00f3n con el entorno natural. El sencillo dise\u00f1o rectangular es moderno y elegante, adecuado para una gran variedad de estilos de dise\u00f1o de patios y jardines.<\/p>\n<p>La mesa de agua de acero corten tiene un sistema de circulaci\u00f3n de agua cuidadosamente dise\u00f1ado en su interior, y el agua fluye lentamente desde el centro para formar una tranquila fuente de agua. No solo a\u00f1ade un elemento din\u00e1mico al espacio, sino que tambi\u00e9n crea un ambiente relajante.<\/p>\n<p>El material de acero corten ha sido especialmente tratado para soportar diversas condiciones clim\u00e1ticas adversas y puede permanecer en buen estado durante muchos a\u00f1os sin mantenimiento adicional. Es una opci\u00f3n ideal para la decoraci\u00f3n paisaj\u00edstica de patios de alto nivel.<\/p>\n<p><img fetchpriority=\"high\" decoding=\"async\" class=\"alignnone size-full wp-image-3690\" src=\"https:\/\/jblcorten.com\/wp-content\/uploads\/2025\/07\/Corten-Steel-Water-Table.jpg\" alt=\"Mesa de agua de acero corten\" width=\"750\" height=\"503\" title=\"\" srcset=\"https:\/\/jblcorten.com\/wp-content\/uploads\/2025\/07\/Corten-Steel-Water-Table.jpg 750w, https:\/\/jblcorten.com\/wp-content\/uploads\/2025\/07\/Corten-Steel-Water-Table-300x201.jpg 300w, https:\/\/jblcorten.com\/wp-content\/uploads\/2025\/07\/Corten-Steel-Water-Table-18x12.jpg 18w, https:\/\/jblcorten.com\/wp-content\/uploads\/2025\/07\/Corten-Steel-Water-Table-600x402.jpg 600w\" sizes=\"(max-width: 750px) 100vw, 750px\" \/><\/p>\n<p><span style=\"font-size: 14pt;\"><strong>Caracter\u00edsticas principales:<\/strong><\/span><\/p>\n<ul>\n<li><span style=\"color: #db6d1f;\"><strong>Material de alta calidad:<\/strong> <\/span>Fabricado con acero de alta calidad, tiene una excelente resistencia a la corrosi\u00f3n y a la intemperie, y su vida \u00fatil puede durar d\u00e9cadas.<\/li>\n<li><strong><span style=\"color: #db6d1f;\">Dise\u00f1o moderno:<\/span><\/strong> Dise\u00f1o rectangular sencillo con l\u00edneas suaves, se adapta perfectamente al estilo arquitect\u00f3nico moderno, mejorando la calidad del espacio<\/li>\n<li><span style=\"color: #db6d1f;\"><strong>Efecto de paisaje acu\u00e1tico:<\/strong><\/span> Sistema de circulaci\u00f3n de agua incorporado, el agua fluye de forma natural, creando un ambiente tranquilo y relajante<\/li>\n<li><span style=\"color: #db6d1f;\"><strong>F\u00e1cil de mantener:<\/strong><\/span> El material de acero resistente a la intemperie no requiere mantenimiento regular, lo que ahorra costes de mantenimiento a largo plazo<\/li>\n<\/ul>\n<p><strong><span style=\"font-size: 14pt;\">Especificaci\u00f3n del producto:<\/span><\/strong><\/p>\n<table style=\"border-collapse: collapse; width: 100%; height: 265px;\">\n<tbody>\n<tr style=\"height: 53px;\">\n<td style=\"width: 30.0299%; height: 53px; background-color: #f5f5f5;\">Nombre del producto<\/td>\n<td style=\"width: 69.9701%; height: 53px; background-color: #f5f5f5;\">Mesa de agua de acero corten<\/td>\n<\/tr>\n<tr style=\"height: 53px;\">\n<td style=\"width: 30.0299%; height: 53px;\">Forma<\/td>\n<td style=\"width: 69.9701%; height: 53px;\">Rectangular\/Cuadrado\/Redondo\/Personalizado<\/td>\n<\/tr>\n<tr style=\"height: 53px;\">\n<td style=\"width: 30.0299%; height: 53px; background-color: #f5f5f5;\">Material<\/td>\n<td style=\"width: 69.9701%; height: 53px; background-color: #f5f5f5;\">Acero corten<\/td>\n<\/tr>\n<tr style=\"height: 53px;\">\n<td style=\"width: 30.0299%; height: 53px;\">Talla<\/td>\n<td style=\"width: 69.9701%; height: 53px;\">L 1000 \u00d7 An 2500 \u00d7 Al 400 mm<\/td>\n<\/tr>\n<tr style=\"height: 53px;\">\n<td style=\"width: 30.0299%; height: 53px; background-color: #f5f5f5;\">Paquete<\/td>\n<td style=\"width: 69.9701%; height: 53px; background-color: #f5f5f5;\"><span class=\"magic-8\" data-spm-anchor-id=\"a2700.details-description.0.i1.764b1REx1RExij\">Interior: Papel de espuma antidesgaste,\u00a0<\/span><span class=\"magic-8\">Exterior: Caja de cart\u00f3n<\/span><\/td>\n<\/tr>\n<\/tbody>\n<\/table>\n<p><strong><span style=\"font-size: 14pt;\">Selecci\u00f3n personalizada:<\/span><\/strong><\/p>\n<p>Nuestra mesa de agua de acero corten puede configurarse con 3 \u00f3 4 boquillas, que pueden seleccionarse libremente seg\u00fan el tama\u00f1o del lugar, el efecto del flujo de agua o la est\u00e9tica del cliente para lograr un dise\u00f1o m\u00e1s flexible del paisaje acu\u00e1tico.<\/p>\n<p><img decoding=\"async\" class=\"alignnone size-full wp-image-3691\" src=\"https:\/\/jblcorten.com\/wp-content\/uploads\/2025\/07\/water-table-water-feature.jpg\" alt=\"mesa de agua fuente de agua\" width=\"750\" height=\"213\" title=\"\" srcset=\"https:\/\/jblcorten.com\/wp-content\/uploads\/2025\/07\/water-table-water-feature.jpg 750w, https:\/\/jblcorten.com\/wp-content\/uploads\/2025\/07\/water-table-water-feature-300x85.jpg 300w, https:\/\/jblcorten.com\/wp-content\/uploads\/2025\/07\/water-table-water-feature-18x5.jpg 18w, https:\/\/jblcorten.com\/wp-content\/uploads\/2025\/07\/water-table-water-feature-600x170.jpg 600w\" sizes=\"(max-width: 750px) 100vw, 750px\" \/><\/p>\n<p><strong><span style=\"font-size: 14pt;\">Paquete del producto:<\/span><\/strong><\/p>\n<p>Para proteger la fuente de agua de corten del desgaste, primero intentaremos envolver la fuente de agua con espuma y despu\u00e9s utilizaremos cajas de madera para el embalaje exterior.<\/p>\n<p><img decoding=\"async\" class=\"alignnone size-full wp-image-3695\" src=\"https:\/\/jblcorten.com\/wp-content\/uploads\/2025\/07\/corten-steel-water-tables.jpg\" alt=\"\" width=\"750\" height=\"421\" title=\"\" srcset=\"https:\/\/jblcorten.com\/wp-content\/uploads\/2025\/07\/corten-steel-water-tables.jpg 750w, https:\/\/jblcorten.com\/wp-content\/uploads\/2025\/07\/corten-steel-water-tables-300x168.jpg 300w, https:\/\/jblcorten.com\/wp-content\/uploads\/2025\/07\/corten-steel-water-tables-18x10.jpg 18w, https:\/\/jblcorten.com\/wp-content\/uploads\/2025\/07\/corten-steel-water-tables-600x337.jpg 600w\" sizes=\"(max-width: 750px) 100vw, 750px\" \/><\/p>\n<p><img loading=\"lazy\" decoding=\"async\" class=\"alignnone size-full wp-image-3696\" src=\"https:\/\/jblcorten.com\/wp-content\/uploads\/2025\/07\/Rectangular-Corten-steel-Water-Table.jpg\" alt=\"Mesa de agua rectangular de acero corten\" width=\"750\" height=\"421\" title=\"\" srcset=\"https:\/\/jblcorten.com\/wp-content\/uploads\/2025\/07\/Rectangular-Corten-steel-Water-Table.jpg 750w, https:\/\/jblcorten.com\/wp-content\/uploads\/2025\/07\/Rectangular-Corten-steel-Water-Table-300x168.jpg 300w, https:\/\/jblcorten.com\/wp-content\/uploads\/2025\/07\/Rectangular-Corten-steel-Water-Table-18x10.jpg 18w, https:\/\/jblcorten.com\/wp-content\/uploads\/2025\/07\/Rectangular-Corten-steel-Water-Table-600x337.jpg 600w\" sizes=\"(max-width: 750px) 100vw, 750px\" \/><\/p>\n<p><strong><span style=\"font-size: 14pt;\">PREGUNTAS FRECUENTES:<\/span><\/strong><\/p>\n<p><span style=\"color: #db6d1f;\">P1: \u00bfSe oxida realmente el acero corten? \u00bfEs seguro?<\/span><br \/>\nR: Se oxidar\u00e1, pero se trata de una capa de \u00f3xido natural controlada que en realidad protege el acero de una mayor corrosi\u00f3n. Se trata de un material de gama alta que suele utilizarse en arquitectura y esculturas de exterior.<\/p>\n<p><span style=\"color: #db6d1f;\">P2: \u00bfEs necesario que la plataforma acu\u00e1tica est\u00e9 conectada a una fuente de agua?<\/span><br \/>\nR: No, el producto lleva incorporado un dep\u00f3sito de agua y una bomba de circulaci\u00f3n, que es un sistema de autocirculaci\u00f3n. S\u00f3lo tiene que a\u00f1adir agua con regularidad.<\/p>\n<p><span style=\"color: #db6d1f;\">P3: \u00bfSe pueden configurar las luces LED?<\/span><br \/>\nR: S\u00ed, admitimos tiras de luz LED impermeables o proyectores en el interior o en el borde de la plataforma acu\u00e1tica para mejorar los efectos visuales nocturnos.<\/p>","protected":false},"excerpt":{"rendered":"<p>La mesa de agua de acero corten est\u00e1 fabricada en acero corten de alta calidad y tiene un elegante dise\u00f1o rectangular. La superficie de la mesa de agua es un dise\u00f1o de plataforma plana integrada, que puede presentar un efecto de \u201csuperficie de agua espejo\u201d.<\/p>\n<p>En el interior de la masa de agua se instala un sistema de bomba de agua circulante de baja presi\u00f3n, de f\u00e1cil mantenimiento y funcionamiento silencioso.<\/p>\n<p>El material de acero corten se oxida de forma natural con el tiempo para formar una capa protectora de \u00f3xido, que no s\u00f3lo es fuerte y duradera, sino que tambi\u00e9n tiene un encanto est\u00e9tico \u00fanico.<\/p>","protected":false},"featured_media":3693,"template":"","meta":{"site-sidebar-layout":"default","site-content-layout":"","ast-site-content-layout":"default","site-content-style":"default","site-sidebar-style":"default","ast-global-header-display":"","ast-banner-title-visibility":"","ast-main-header-display":"","ast-hfb-above-header-display":"","ast-hfb-below-header-display":"","ast-hfb-mobile-header-display":"","site-post-title":"","ast-breadcrumbs-content":"","ast-featured-img":"","footer-sml-layout":"","ast-disable-related-posts":"","theme-transparent-header-meta":"default","adv-header-id-meta":"","stick-header-meta":"","header-above-stick-meta":"","header-main-stick-meta":"","header-below-stick-meta":"","astra-migrate-meta-layouts":"set","ast-page-background-enabled":"default","ast-page-background-meta":{"desktop":{"background-color":"var(--ast-global-color-4)","background-image":"","background-repeat":"repeat","background-position":"center center","background-size":"auto","background-attachment":"scroll","background-type":"","background-media":"","overlay-type":"","overlay-color":"","overlay-opacity":"","overlay-gradient":""},"tablet":{"background-color":"","background-image":"","background-repeat":"repeat","background-position":"center center","background-size":"auto","background-attachment":"scroll","background-type":"","background-media":"","overlay-type":"","overlay-color":"","overlay-opacity":"","overlay-gradient":""},"mobile":{"background-color":"","background-image":"","background-repeat":"repeat","background-position":"center center","background-size":"auto","background-attachment":"scroll","background-type":"","background-media":"","overlay-type":"","overlay-color":"","overlay-opacity":"","overlay-gradient":""}},"ast-content-background-meta":{"desktop":{"background-color":"var(--ast-global-color-5)","background-image":"","background-repeat":"repeat","background-position":"center center","background-size":"auto","background-attachment":"scroll","background-type":"","background-media":"","overlay-type":"","overlay-color":"","overlay-opacity":"","overlay-gradient":""},"tablet":{"background-color":"var(--ast-global-color-5)","background-image":"","background-repeat":"repeat","background-position":"center center","background-size":"auto","background-attachment":"scroll","background-type":"","background-media":"","overlay-type":"","overlay-color":"","overlay-opacity":"","overlay-gradient":""},"mobile":{"background-color":"var(--ast-global-color-5)","background-image":"","background-repeat":"repeat","background-position":"center center","background-size":"auto","background-attachment":"scroll","background-type":"","background-media":"","overlay-type":"","overlay-color":"","overlay-opacity":"","overlay-gradient":""}}},"product_brand":[],"product_cat":[40],"product_tag":[],"class_list":{"0":"post-3689","1":"product","2":"type-product","3":"status-publish","4":"has-post-thumbnail","6":"product_cat-water-feature","7":"desktop-align-center","8":"tablet-align-left","9":"mobile-align-left","11":"first","12":"instock","13":"shipping-taxable","14":"product-type-simple"},"_links":{"self":[{"href":"https:\/\/jblcorten.com\/es\/wp-json\/wp\/v2\/product\/3689","targetHints":{"allow":["GET"]}}],"collection":[{"href":"https:\/\/jblcorten.com\/es\/wp-json\/wp\/v2\/product"}],"about":[{"href":"https:\/\/jblcorten.com\/es\/wp-json\/wp\/v2\/types\/product"}],"wp:featuredmedia":[{"embeddable":true,"href":"https:\/\/jblcorten.com\/es\/wp-json\/wp\/v2\/media\/3693"}],"wp:attachment":[{"href":"https:\/\/jblcorten.com\/es\/wp-json\/wp\/v2\/media?parent=3689"}],"wp:term":[{"taxonomy":"product_brand","embeddable":true,"href":"https:\/\/jblcorten.com\/es\/wp-json\/wp\/v2\/product_brand?post=3689"},{"taxonomy":"product_cat","embeddable":true,"href":"https:\/\/jblcorten.com\/es\/wp-json\/wp\/v2\/product_cat?post=3689"},{"taxonomy":"product_tag","embeddable":true,"href":"https:\/\/jblcorten.com\/es\/wp-json\/wp\/v2\/product_tag?post=3689"}],"curies":[{"name":"wp","href":"https:\/\/api.w.org\/{rel}","templated":true}]}}