{"id":3649,"date":"2025-07-09T17:14:00","date_gmt":"2025-07-09T09:14:00","guid":{"rendered":"https:\/\/jblcorten.com\/?post_type=product&#038;p=3649"},"modified":"2025-07-09T17:14:00","modified_gmt":"2025-07-09T09:14:00","slug":"muro-de-agua-de-acero-corten","status":"publish","type":"product","link":"https:\/\/jblcorten.com\/es\/corten-steel-water-wall\/","title":{"rendered":"Pared de agua de acero corten"},"content":{"rendered":"<h2 style=\"text-align: center;\"><span style=\"font-size: 14pt;\">Pared de agua de acero corten<\/span><\/h2>\n<p>El muro de agua de acero corten es un elemento acu\u00e1tico vertical independiente. Fabricada en acero corten de alta calidad, la estructura est\u00e1 dise\u00f1ada para desarrollar de forma natural un \u00f3xido rico que madura con el tiempo, haciendo que cada unidad tenga una belleza \u00fanica, sin necesidad de tratamiento superficial o pintura.<\/p>\n<p>El agua fluye continua y suavemente desde el borde superior del muro, desliz\u00e1ndose uniformemente por la superficie de acero oxidado y confluyendo finalmente en el fondo. En la parte inferior se ha dise\u00f1ado una piscina rectangular, y una bomba de agua oculta mantiene el agua circulando. No requiere fontaner\u00eda, s\u00f3lo una conexi\u00f3n el\u00e9ctrica, lo que la convierte en una pr\u00e1ctica fuente de agua para espacios exteriores modernos.<\/p>\n<p><img fetchpriority=\"high\" decoding=\"async\" class=\"alignnone size-full wp-image-3654\" src=\"https:\/\/jblcorten.com\/wp-content\/uploads\/2025\/07\/Corten-Steel-Water-Wall-1.jpg\" alt=\"Pared de agua de acero corten\" width=\"750\" height=\"350\" title=\"\" srcset=\"https:\/\/jblcorten.com\/wp-content\/uploads\/2025\/07\/Corten-Steel-Water-Wall-1.jpg 750w, https:\/\/jblcorten.com\/wp-content\/uploads\/2025\/07\/Corten-Steel-Water-Wall-1-300x140.jpg 300w, https:\/\/jblcorten.com\/wp-content\/uploads\/2025\/07\/Corten-Steel-Water-Wall-1-18x8.jpg 18w, https:\/\/jblcorten.com\/wp-content\/uploads\/2025\/07\/Corten-Steel-Water-Wall-1-600x280.jpg 600w\" sizes=\"(max-width: 750px) 100vw, 750px\" \/><\/p>\n<table style=\"border-collapse: collapse; width: 100%;\">\n<tbody>\n<tr>\n<td style=\"width: 34.742%; background-color: #f5f5f5;\">Tipo de producto<\/td>\n<td style=\"width: 65.258%; background-color: #f5f5f5;\">Pared vertical de acero corten<\/td>\n<\/tr>\n<tr>\n<td style=\"width: 34.742%;\">Material<\/td>\n<td style=\"width: 65.258%;\">Acero corten<\/td>\n<\/tr>\n<tr>\n<td style=\"width: 34.742%; background-color: #f5f5f5;\">Talla<\/td>\n<td style=\"width: 65.258%; background-color: #f5f5f5;\">\u00a0An 1200 \u00d7 Pr 400 \u00d7 Al 1750 mm<\/td>\n<\/tr>\n<tr>\n<td style=\"width: 34.742%;\">Peso<\/td>\n<td style=\"width: 65.258%;\">52 kg<\/td>\n<\/tr>\n<tr>\n<td style=\"width: 34.742%; background-color: #f5f5f5;\">Aplicaci\u00f3n<\/td>\n<td style=\"width: 65.258%; background-color: #f5f5f5;\">Interior o exterior<\/td>\n<\/tr>\n<\/tbody>\n<\/table>\n<p><strong><span style=\"font-size: 14pt;\">\u00bfQu\u00e9 es el acero corten?<\/span><\/strong><\/p>\n<p>El acero corten, tambi\u00e9n conocido como acero de intemperie, es un acero de baja aleaci\u00f3n con una excelente resistencia a la intemperie. Cuando se expone a la intemperie, se forma una capa de \u00f3xido en la superficie. Al principio es de color rojo anaranjado y con el tiempo se convertir\u00e1 en rojo pardo y marr\u00f3n oscuro. Esta capa de \u00f3xido es diferente del \u00f3xido flotante del acero ordinario. Puede impedir que la humedad y el ox\u00edgeno sigan penetrando en el acero, consiguiendo as\u00ed el efecto de \u201c\u00f3xido preventivo\u201d.<\/p>\n<p><img decoding=\"async\" class=\"alignnone wp-image-2518\" src=\"https:\/\/jblcorten.com\/wp-content\/uploads\/2025\/03\/Corten-Steel-vs.-Regular-Steel.jpg\" alt=\"Acero corten frente a acero normal\" width=\"750\" height=\"413\" title=\"\" srcset=\"https:\/\/jblcorten.com\/wp-content\/uploads\/2025\/03\/Corten-Steel-vs.-Regular-Steel.jpg 699w, https:\/\/jblcorten.com\/wp-content\/uploads\/2025\/03\/Corten-Steel-vs.-Regular-Steel-600x330.jpg 600w, https:\/\/jblcorten.com\/wp-content\/uploads\/2025\/03\/Corten-Steel-vs.-Regular-Steel-300x165.jpg 300w, https:\/\/jblcorten.com\/wp-content\/uploads\/2025\/03\/Corten-Steel-vs.-Regular-Steel-18x10.jpg 18w\" sizes=\"(max-width: 750px) 100vw, 750px\" \/> <img decoding=\"async\" class=\"alignnone wp-image-2519 size-full\" src=\"https:\/\/jblcorten.com\/wp-content\/uploads\/2025\/03\/corten-steel-material.jpg\" alt=\"\" width=\"750\" height=\"321\" title=\"\" srcset=\"https:\/\/jblcorten.com\/wp-content\/uploads\/2025\/03\/corten-steel-material.jpg 750w, https:\/\/jblcorten.com\/wp-content\/uploads\/2025\/03\/corten-steel-material-600x257.jpg 600w, https:\/\/jblcorten.com\/wp-content\/uploads\/2025\/03\/corten-steel-material-300x128.jpg 300w, https:\/\/jblcorten.com\/wp-content\/uploads\/2025\/03\/corten-steel-material-18x8.jpg 18w\" sizes=\"(max-width: 750px) 100vw, 750px\" \/><\/p>\n<p><strong><span style=\"font-size: 14pt;\">Im\u00e1genes del producto:<\/span><\/strong><\/p>\n<p><img loading=\"lazy\" decoding=\"async\" class=\"alignnone size-full wp-image-3655\" src=\"https:\/\/jblcorten.com\/wp-content\/uploads\/2025\/07\/corten-steel-waterfall.jpg\" alt=\"cascada de acero corten\" width=\"750\" height=\"562\" title=\"\" srcset=\"https:\/\/jblcorten.com\/wp-content\/uploads\/2025\/07\/corten-steel-waterfall.jpg 750w, https:\/\/jblcorten.com\/wp-content\/uploads\/2025\/07\/corten-steel-waterfall-300x225.jpg 300w, https:\/\/jblcorten.com\/wp-content\/uploads\/2025\/07\/corten-steel-waterfall-16x12.jpg 16w, https:\/\/jblcorten.com\/wp-content\/uploads\/2025\/07\/corten-steel-waterfall-600x450.jpg 600w\" sizes=\"(max-width: 750px) 100vw, 750px\" \/><\/p>\n<p><img loading=\"lazy\" decoding=\"async\" class=\"alignnone size-full wp-image-3656\" src=\"https:\/\/jblcorten.com\/wp-content\/uploads\/2025\/07\/water-wall-in-corten.jpg\" alt=\"muro de agua en corten\" width=\"750\" height=\"562\" title=\"\" srcset=\"https:\/\/jblcorten.com\/wp-content\/uploads\/2025\/07\/water-wall-in-corten.jpg 750w, https:\/\/jblcorten.com\/wp-content\/uploads\/2025\/07\/water-wall-in-corten-300x225.jpg 300w, https:\/\/jblcorten.com\/wp-content\/uploads\/2025\/07\/water-wall-in-corten-16x12.jpg 16w, https:\/\/jblcorten.com\/wp-content\/uploads\/2025\/07\/water-wall-in-corten-600x450.jpg 600w\" sizes=\"(max-width: 750px) 100vw, 750px\" \/><\/p>\n<p><strong><span style=\"font-size: 14pt;\">PREGUNTAS FRECUENTES:<\/span><\/strong><\/p>\n<p><span style=\"color: #e3792d;\">P1: \u00bfSe oxidar\u00e1 en exceso esta pared de agua o da\u00f1ar\u00e1 las superficies circundantes?<\/span><br \/>\nA1: El acero intemperizado formar\u00e1 una capa de \u00f3xido estable que proteger\u00e1 la superficie. La intemperizaci\u00f3n inicial puede producir algunas escorrent\u00edas, por lo que es mejor colocarlo sobre grava o piedra durante las primeras semanas.<\/p>\n<p><span style=\"color: #e3792d;\">P2: \u00bfNecesita un suministro constante de agua?<\/span><br \/>\nA2: No. Se trata de un sistema de circulaci\u00f3n de circuito cerrado: basta con llenar la piscina de agua, conectarla y listo.<\/p>\n<p><span style=\"color: #e3792d;\">P3: \u00bfSe puede equipar con luces?<\/span><br \/>\nA3: Por supuesto.<\/p>","protected":false},"excerpt":{"rendered":"<p>Este muro de agua de acero corten est\u00e1 dise\u00f1ado para ser vertical, con el agua fluyendo uniformemente desde la parte superior, formando una cortina continua de agua que circula. La superficie est\u00e1 oxidada de forma natural hasta adquirir un color marr\u00f3n rojizo, lleno de belleza industrial y textura natural. Es adecuada para espacios exteriores como jardines, patios y plazas comerciales, y es a la vez decorativa y funcional.<\/p>\n<p>Material: Acero Corten<br \/>\nColor: Oxidado<br \/>\nDimensiones: An 1200 \u00d7 Pr 400 \u00d7 Al 1750 mm<br \/>\nPeso: 52 kg<\/p>","protected":false},"featured_media":3652,"template":"","meta":{"site-sidebar-layout":"default","site-content-layout":"","ast-site-content-layout":"default","site-content-style":"default","site-sidebar-style":"default","ast-global-header-display":"","ast-banner-title-visibility":"","ast-main-header-display":"","ast-hfb-above-header-display":"","ast-hfb-below-header-display":"","ast-hfb-mobile-header-display":"","site-post-title":"","ast-breadcrumbs-content":"","ast-featured-img":"","footer-sml-layout":"","ast-disable-related-posts":"","theme-transparent-header-meta":"default","adv-header-id-meta":"","stick-header-meta":"","header-above-stick-meta":"","header-main-stick-meta":"","header-below-stick-meta":"","astra-migrate-meta-layouts":"set","ast-page-background-enabled":"default","ast-page-background-meta":{"desktop":{"background-color":"var(--ast-global-color-4)","background-image":"","background-repeat":"repeat","background-position":"center center","background-size":"auto","background-attachment":"scroll","background-type":"","background-media":"","overlay-type":"","overlay-color":"","overlay-opacity":"","overlay-gradient":""},"tablet":{"background-color":"","background-image":"","background-repeat":"repeat","background-position":"center center","background-size":"auto","background-attachment":"scroll","background-type":"","background-media":"","overlay-type":"","overlay-color":"","overlay-opacity":"","overlay-gradient":""},"mobile":{"background-color":"","background-image":"","background-repeat":"repeat","background-position":"center center","background-size":"auto","background-attachment":"scroll","background-type":"","background-media":"","overlay-type":"","overlay-color":"","overlay-opacity":"","overlay-gradient":""}},"ast-content-background-meta":{"desktop":{"background-color":"var(--ast-global-color-5)","background-image":"","background-repeat":"repeat","background-position":"center center","background-size":"auto","background-attachment":"scroll","background-type":"","background-media":"","overlay-type":"","overlay-color":"","overlay-opacity":"","overlay-gradient":""},"tablet":{"background-color":"var(--ast-global-color-5)","background-image":"","background-repeat":"repeat","background-position":"center center","background-size":"auto","background-attachment":"scroll","background-type":"","background-media":"","overlay-type":"","overlay-color":"","overlay-opacity":"","overlay-gradient":""},"mobile":{"background-color":"var(--ast-global-color-5)","background-image":"","background-repeat":"repeat","background-position":"center center","background-size":"auto","background-attachment":"scroll","background-type":"","background-media":"","overlay-type":"","overlay-color":"","overlay-opacity":"","overlay-gradient":""}}},"product_brand":[],"product_cat":[40],"product_tag":[],"class_list":{"0":"post-3649","1":"product","2":"type-product","3":"status-publish","4":"has-post-thumbnail","6":"product_cat-water-feature","7":"desktop-align-center","8":"tablet-align-left","9":"mobile-align-left","11":"first","12":"instock","13":"shipping-taxable","14":"product-type-simple"},"_links":{"self":[{"href":"https:\/\/jblcorten.com\/es\/wp-json\/wp\/v2\/product\/3649","targetHints":{"allow":["GET"]}}],"collection":[{"href":"https:\/\/jblcorten.com\/es\/wp-json\/wp\/v2\/product"}],"about":[{"href":"https:\/\/jblcorten.com\/es\/wp-json\/wp\/v2\/types\/product"}],"wp:featuredmedia":[{"embeddable":true,"href":"https:\/\/jblcorten.com\/es\/wp-json\/wp\/v2\/media\/3652"}],"wp:attachment":[{"href":"https:\/\/jblcorten.com\/es\/wp-json\/wp\/v2\/media?parent=3649"}],"wp:term":[{"taxonomy":"product_brand","embeddable":true,"href":"https:\/\/jblcorten.com\/es\/wp-json\/wp\/v2\/product_brand?post=3649"},{"taxonomy":"product_cat","embeddable":true,"href":"https:\/\/jblcorten.com\/es\/wp-json\/wp\/v2\/product_cat?post=3649"},{"taxonomy":"product_tag","embeddable":true,"href":"https:\/\/jblcorten.com\/es\/wp-json\/wp\/v2\/product_tag?post=3649"}],"curies":[{"name":"wp","href":"https:\/\/api.w.org\/{rel}","templated":true}]}}