{"id":3644,"date":"2025-07-09T15:31:27","date_gmt":"2025-07-09T07:31:27","guid":{"rendered":"https:\/\/jblcorten.com\/?post_type=product&#038;p=3644"},"modified":"2025-07-09T15:31:28","modified_gmt":"2025-07-09T07:31:28","slug":"fuente-de-corten","status":"publish","type":"product","link":"https:\/\/jblcorten.com\/es\/corten-bowl-water-feature\/","title":{"rendered":"Fuente de corten"},"content":{"rendered":"<h2 style=\"text-align: center;\"><span style=\"font-size: 14pt;\">Fuente de corten<\/span><\/h2>\n<p>Esta fuente de agua con cuenco de acero corten es una instalaci\u00f3n paisaj\u00edstica muy moderna. Fabricada en acero resistente a la intemperie, la textura de \u00f3xido rojo-marr\u00f3n que se forma de forma natural en la superficie no solo le confiere una est\u00e9tica retro \u00fanica, sino que tambi\u00e9n mejora su resistencia a la corrosi\u00f3n en exteriores, lo que la hace muy adecuada para su uso a largo plazo en espacios abiertos como jardines, patios y terrazas.<\/p>\n<p>La estructura de dise\u00f1o de esta fuente de agua con cuenco de acero cort\u00e9n se divide en dos partes: la parte inferior es un dep\u00f3sito de agua, que puede ocultarse (enterrado bajo tierra, solo queda expuesto el cuerpo de la fuente) o dejarse a la vista (la piscina queda directamente expuesta en el suelo, lo que realza la sensaci\u00f3n de jerarqu\u00eda y presencia) seg\u00fan los requisitos de instalaci\u00f3n. La parte superior es una estructura elevada parab\u00f3lica en forma de arco, como una escultura aerodin\u00e1mica de arte moderno, que no solo realza la sensaci\u00f3n tridimensional general, sino que tambi\u00e9n gu\u00eda el agua para que fluya naturalmente desde la parte superior y se deslice lentamente hacia abajo, formando un paisaje de cortina de agua suave y continuo.<\/p>\n<p><img fetchpriority=\"high\" decoding=\"async\" class=\"alignnone size-full wp-image-3645\" src=\"https:\/\/jblcorten.com\/wp-content\/uploads\/2025\/07\/corten-bowl-water-feature.jpg\" alt=\"fuente de corten\" width=\"750\" height=\"469\" title=\"\" srcset=\"https:\/\/jblcorten.com\/wp-content\/uploads\/2025\/07\/corten-bowl-water-feature.jpg 750w, https:\/\/jblcorten.com\/wp-content\/uploads\/2025\/07\/corten-bowl-water-feature-300x188.jpg 300w, https:\/\/jblcorten.com\/wp-content\/uploads\/2025\/07\/corten-bowl-water-feature-18x12.jpg 18w, https:\/\/jblcorten.com\/wp-content\/uploads\/2025\/07\/corten-bowl-water-feature-600x375.jpg 600w\" sizes=\"(max-width: 750px) 100vw, 750px\" \/><\/p>\n<p>El sistema de bomba de agua circulante integrado garantiza un flujo continuo de agua, sin necesidad de suministro externo, lo que permite ahorrar energ\u00eda, proteger el medio ambiente y facilitar el mantenimiento. El agua circula continuamente entre la escultura y la piscina, lo que no solo proporciona un agradable sonido, sino que tambi\u00e9n mejora la humedad y la vitalidad del entorno.<\/p>\n<p><strong><span style=\"font-size: 14pt;\">Especificaci\u00f3n del producto:<\/span><\/strong><\/p>\n<table style=\"border-collapse: collapse; width: 100%;\">\n<tbody>\n<tr>\n<td style=\"width: 26.2902%; background-color: #f5f5f5;\">Nombre del producto<\/td>\n<td style=\"width: 73.7098%; background-color: #f5f5f5;\">Fuente de corten<\/td>\n<\/tr>\n<tr>\n<td style=\"width: 26.2902%;\">Material<\/td>\n<td style=\"width: 73.7098%;\">Acero corten<\/td>\n<\/tr>\n<tr>\n<td style=\"width: 26.2902%; background-color: #f5f5f5;\">Talla<\/td>\n<td style=\"width: 73.7098%; background-color: #f5f5f5;\">1000 mm o personalizado<\/td>\n<\/tr>\n<tr>\n<td style=\"width: 26.2902%;\">Tecnolog\u00eda<\/td>\n<td style=\"width: 73.7098%;\">Corte por l\u00e1ser CNC &gt; Doblado de metales &gt; Soldadura y pulido &gt; Tratamiento superficial &gt; Componentes ensamblados y embalaje<\/td>\n<\/tr>\n<\/tbody>\n<\/table>\n<p><strong><span style=\"font-size: 14pt;\">Caracter\u00edsticas del producto:<\/span><\/strong><\/p>\n<ul>\n<li><span style=\"color: #ff9900;\">Material:<\/span> Acero Corten de alta calidad<\/li>\n<li><span style=\"color: #ff9900;\">Dise\u00f1o:<\/span> Ca\u00f1o arqueado con fondo redondo para una est\u00e9tica moderna.<\/li>\n<li><span style=\"color: #ff9900;\">Tratamiento de la superficie:<\/span> P\u00e1tina de \u00f3xido natural, sin necesidad de mantenimiento.<\/li>\n<li><span style=\"color: #ff9900;\">Caudal de agua:<\/span> Suave efecto cascada, relajante sonido del agua.<\/li>\n<li><span style=\"color: #ff9900;\">Instalaci\u00f3n:<\/span> En el suelo o sobre el suelo<\/li>\n<li><span style=\"color: #ff9900;\">Sistema circulatorio:<\/span> Bomba de agua integrada (plug and play)<\/li>\n<li><span style=\"color: #ff9900;\">Resistencia a la intemperie:<\/span> Apto para uso en exteriores durante todo el a\u00f1o.<\/li>\n<li><span style=\"color: #ff9900;\">Sostenibilidad:<\/span> Sistema de circulaci\u00f3n, sin desperdicio de agua<\/li>\n<\/ul>\n<p><strong><span style=\"font-size: 14pt;\">Qui\u00e9nes somos:<\/span><\/strong><\/p>\n<p><img decoding=\"async\" class=\"alignnone wp-image-1464\" src=\"https:\/\/jblcorten.com\/wp-content\/uploads\/2024\/10\/HNJBL.jpg\" alt=\"HNJBL\" width=\"750\" height=\"422\" title=\"\" srcset=\"https:\/\/jblcorten.com\/wp-content\/uploads\/2024\/10\/HNJBL.jpg 800w, https:\/\/jblcorten.com\/wp-content\/uploads\/2024\/10\/HNJBL-600x338.jpg 600w, https:\/\/jblcorten.com\/wp-content\/uploads\/2024\/10\/HNJBL-300x169.jpg 300w, https:\/\/jblcorten.com\/wp-content\/uploads\/2024\/10\/HNJBL-768x432.jpg 768w\" sizes=\"(max-width: 750px) 100vw, 750px\" \/><\/p>\n<p>Henan Jinbailai Industrial Co., Ltd. se fund\u00f3 en 2008 y est\u00e1 ubicada en Anyang, una de las ocho antiguas capitales de China. La empresa se especializa en el procesamiento y la producci\u00f3n de acero resistente a la intemperie. Con m\u00e1s de diez a\u00f1os de experiencia en el sector, no solo contamos con equipos de producci\u00f3n avanzados, sino tambi\u00e9n con un equipo t\u00e9cnico experimentado dedicado a proporcionar a los clientes productos de acero resistente a la intemperie de alta calidad.<\/p>\n<p>Nuestros productos incluyen braseros, barbacoas, chimeneas, pantallas decorativas, maceteros met\u00e1licos, fuentes met\u00e1licas, decoraciones de jard\u00edn de acero cort\u00e9n, etc.<\/p>\n<p><img decoding=\"async\" class=\"alignnone size-full wp-image-3648\" src=\"https:\/\/jblcorten.com\/wp-content\/uploads\/2025\/07\/certification.jpg\" alt=\"\" width=\"750\" height=\"695\" title=\"\" srcset=\"https:\/\/jblcorten.com\/wp-content\/uploads\/2025\/07\/certification.jpg 750w, https:\/\/jblcorten.com\/wp-content\/uploads\/2025\/07\/certification-300x278.jpg 300w, https:\/\/jblcorten.com\/wp-content\/uploads\/2025\/07\/certification-13x12.jpg 13w, https:\/\/jblcorten.com\/wp-content\/uploads\/2025\/07\/certification-600x556.jpg 600w\" sizes=\"(max-width: 750px) 100vw, 750px\" \/><\/p>\n<p><img loading=\"lazy\" decoding=\"async\" class=\"alignnone size-full wp-image-3646\" src=\"https:\/\/jblcorten.com\/wp-content\/uploads\/2025\/07\/customer-visit.jpg\" alt=\"\" width=\"750\" height=\"440\" title=\"\" srcset=\"https:\/\/jblcorten.com\/wp-content\/uploads\/2025\/07\/customer-visit.jpg 750w, https:\/\/jblcorten.com\/wp-content\/uploads\/2025\/07\/customer-visit-300x176.jpg 300w, https:\/\/jblcorten.com\/wp-content\/uploads\/2025\/07\/customer-visit-18x12.jpg 18w, https:\/\/jblcorten.com\/wp-content\/uploads\/2025\/07\/customer-visit-600x352.jpg 600w\" sizes=\"(max-width: 750px) 100vw, 750px\" \/> <img loading=\"lazy\" decoding=\"async\" class=\"alignnone size-full wp-image-3647\" src=\"https:\/\/jblcorten.com\/wp-content\/uploads\/2025\/07\/HNJBL-exhibition.jpg\" alt=\"\" width=\"750\" height=\"540\" title=\"\" srcset=\"https:\/\/jblcorten.com\/wp-content\/uploads\/2025\/07\/HNJBL-exhibition.jpg 750w, https:\/\/jblcorten.com\/wp-content\/uploads\/2025\/07\/HNJBL-exhibition-300x216.jpg 300w, https:\/\/jblcorten.com\/wp-content\/uploads\/2025\/07\/HNJBL-exhibition-18x12.jpg 18w, https:\/\/jblcorten.com\/wp-content\/uploads\/2025\/07\/HNJBL-exhibition-600x432.jpg 600w\" sizes=\"(max-width: 750px) 100vw, 750px\" \/><\/p>","protected":false},"excerpt":{"rendered":"<p>Esta moderna fuente de agua con cuenco de acero cort\u00e9n tiene un elegante surtidor curvo y una base redonda. La cascada crea un ambiente tranquilo para su jard\u00edn, patio o espacio exterior. Fabricada en acero resistente a la intemperie, con el tiempo desarrollar\u00e1 de forma natural una bonita p\u00e1tina similar al \u00f3xido.<\/p>","protected":false},"featured_media":3643,"template":"","meta":{"site-sidebar-layout":"default","site-content-layout":"","ast-site-content-layout":"default","site-content-style":"default","site-sidebar-style":"default","ast-global-header-display":"","ast-banner-title-visibility":"","ast-main-header-display":"","ast-hfb-above-header-display":"","ast-hfb-below-header-display":"","ast-hfb-mobile-header-display":"","site-post-title":"","ast-breadcrumbs-content":"","ast-featured-img":"","footer-sml-layout":"","ast-disable-related-posts":"","theme-transparent-header-meta":"default","adv-header-id-meta":"","stick-header-meta":"","header-above-stick-meta":"","header-main-stick-meta":"","header-below-stick-meta":"","astra-migrate-meta-layouts":"set","ast-page-background-enabled":"default","ast-page-background-meta":{"desktop":{"background-color":"var(--ast-global-color-4)","background-image":"","background-repeat":"repeat","background-position":"center center","background-size":"auto","background-attachment":"scroll","background-type":"","background-media":"","overlay-type":"","overlay-color":"","overlay-opacity":"","overlay-gradient":""},"tablet":{"background-color":"","background-image":"","background-repeat":"repeat","background-position":"center center","background-size":"auto","background-attachment":"scroll","background-type":"","background-media":"","overlay-type":"","overlay-color":"","overlay-opacity":"","overlay-gradient":""},"mobile":{"background-color":"","background-image":"","background-repeat":"repeat","background-position":"center center","background-size":"auto","background-attachment":"scroll","background-type":"","background-media":"","overlay-type":"","overlay-color":"","overlay-opacity":"","overlay-gradient":""}},"ast-content-background-meta":{"desktop":{"background-color":"var(--ast-global-color-5)","background-image":"","background-repeat":"repeat","background-position":"center center","background-size":"auto","background-attachment":"scroll","background-type":"","background-media":"","overlay-type":"","overlay-color":"","overlay-opacity":"","overlay-gradient":""},"tablet":{"background-color":"var(--ast-global-color-5)","background-image":"","background-repeat":"repeat","background-position":"center center","background-size":"auto","background-attachment":"scroll","background-type":"","background-media":"","overlay-type":"","overlay-color":"","overlay-opacity":"","overlay-gradient":""},"mobile":{"background-color":"var(--ast-global-color-5)","background-image":"","background-repeat":"repeat","background-position":"center center","background-size":"auto","background-attachment":"scroll","background-type":"","background-media":"","overlay-type":"","overlay-color":"","overlay-opacity":"","overlay-gradient":""}}},"product_brand":[],"product_cat":[40],"product_tag":[80],"class_list":{"0":"post-3644","1":"product","2":"type-product","3":"status-publish","4":"has-post-thumbnail","6":"product_cat-water-feature","7":"product_tag-corten-water-feature","8":"desktop-align-center","9":"tablet-align-left","10":"mobile-align-left","12":"first","13":"instock","14":"shipping-taxable","15":"product-type-simple"},"_links":{"self":[{"href":"https:\/\/jblcorten.com\/es\/wp-json\/wp\/v2\/product\/3644","targetHints":{"allow":["GET"]}}],"collection":[{"href":"https:\/\/jblcorten.com\/es\/wp-json\/wp\/v2\/product"}],"about":[{"href":"https:\/\/jblcorten.com\/es\/wp-json\/wp\/v2\/types\/product"}],"wp:featuredmedia":[{"embeddable":true,"href":"https:\/\/jblcorten.com\/es\/wp-json\/wp\/v2\/media\/3643"}],"wp:attachment":[{"href":"https:\/\/jblcorten.com\/es\/wp-json\/wp\/v2\/media?parent=3644"}],"wp:term":[{"taxonomy":"product_brand","embeddable":true,"href":"https:\/\/jblcorten.com\/es\/wp-json\/wp\/v2\/product_brand?post=3644"},{"taxonomy":"product_cat","embeddable":true,"href":"https:\/\/jblcorten.com\/es\/wp-json\/wp\/v2\/product_cat?post=3644"},{"taxonomy":"product_tag","embeddable":true,"href":"https:\/\/jblcorten.com\/es\/wp-json\/wp\/v2\/product_tag?post=3644"}],"curies":[{"name":"wp","href":"https:\/\/api.w.org\/{rel}","templated":true}]}}