{"id":3639,"date":"2025-07-14T10:59:19","date_gmt":"2025-07-14T02:59:19","guid":{"rendered":"https:\/\/jblcorten.com\/?post_type=product&#038;p=3639"},"modified":"2025-07-14T11:02:32","modified_gmt":"2025-07-14T03:02:32","slug":"fuente-de-agua-corten","status":"publish","type":"product","link":"https:\/\/jblcorten.com\/es\/corten-water-feature\/","title":{"rendered":"Fuente de agua de corten"},"content":{"rendered":"<h2 style=\"text-align: center;\"><span style=\"font-size: 14pt;\">Fuente de agua de corten<\/span><\/h2>\n<p>Esta fuente de agua de acero corten es una obra de arte decorativa de exterior que combina naturaleza y estilo moderno. Fabricada en acero corten de alta calidad, presenta un sencillo dise\u00f1o cuadrado con una delicada columna de agua en el centro, que fluye lentamente hacia arriba, a\u00f1adiendo un paisaje acu\u00e1tico din\u00e1mico y una atm\u00f3sfera tranquila al espacio. Con el tiempo, se formar\u00e1 de forma natural una capa protectora de color rojo \u00f3xido en la superficie, que no s\u00f3lo es hermosa, sino que tambi\u00e9n puede resistir la erosi\u00f3n del viento y la lluvia en exteriores, creando un punto focal paisaj\u00edstico \u00fanico.<\/p>\n<p>El dise\u00f1o de la columna de agua est\u00e1 situado en el centro, y la bomba de agua incorporada realiza la circulaci\u00f3n y el reflujo, de modo que la superficie del agua sigue fluyendo, formando un agradable sonido de agua. Todo el sistema tiene un dise\u00f1o integrado, es f\u00e1cil de instalar, tiene un bajo coste de mantenimiento y permite personalizar el tama\u00f1o y la altura de la fuente seg\u00fan las necesidades del cliente.<\/p>\n<p><img fetchpriority=\"high\" decoding=\"async\" class=\"alignnone size-full wp-image-3687\" src=\"https:\/\/jblcorten.com\/wp-content\/uploads\/2025\/07\/corten-water-feature-4.jpg\" alt=\"fuente de agua corten\" width=\"750\" height=\"283\" title=\"\" srcset=\"https:\/\/jblcorten.com\/wp-content\/uploads\/2025\/07\/corten-water-feature-4.jpg 750w, https:\/\/jblcorten.com\/wp-content\/uploads\/2025\/07\/corten-water-feature-4-300x113.jpg 300w, https:\/\/jblcorten.com\/wp-content\/uploads\/2025\/07\/corten-water-feature-4-18x7.jpg 18w, https:\/\/jblcorten.com\/wp-content\/uploads\/2025\/07\/corten-water-feature-4-600x226.jpg 600w\" sizes=\"(max-width: 750px) 100vw, 750px\" \/><\/p>\n<p><strong><span style=\"font-size: 14pt;\">Especificaci\u00f3n del producto:<\/span><\/strong><\/p>\n<table style=\"border-collapse: collapse; width: 100%;\">\n<tbody>\n<tr>\n<td style=\"width: 27.4121%; background-color: #f5f5f5;\">Nombre del producto<\/td>\n<td style=\"width: 72.5879%; background-color: #f5f5f5;\">Fuente de agua de corten<\/td>\n<\/tr>\n<tr>\n<td style=\"width: 27.4121%;\">Material<\/td>\n<td style=\"width: 72.5879%;\">Acero corten\/ Acero para intemperie<\/td>\n<\/tr>\n<tr>\n<td style=\"width: 27.4121%; background-color: #f5f5f5;\">Color<\/td>\n<td style=\"width: 72.5879%; background-color: #f5f5f5;\">Oxidado o negro<\/td>\n<\/tr>\n<tr>\n<td style=\"width: 27.4121%;\">Talla<\/td>\n<td style=\"width: 72.5879%;\">L 800 \u00d7 An 800 \u00d7 Al 400 mm<\/td>\n<\/tr>\n<tr>\n<td style=\"width: 27.4121%; background-color: #f5f5f5;\">Tecnolog\u00eda<\/td>\n<td style=\"width: 72.5879%; background-color: #f5f5f5;\">\n<div class=\"text\">Corte por l\u00e1ser, plegado, punzonado, soldadura<\/div>\n<\/td>\n<\/tr>\n<\/tbody>\n<\/table>\n<p><strong><span style=\"font-size: 14pt;\">Caracter\u00edsticas del producto:<\/span><\/strong><\/p>\n<ul>\n<li><strong><span style=\"color: #e09119;\">Elegante dise\u00f1o cuadrado:<\/span><\/strong> forma minimalista, vers\u00e1til en todos los estilos paisaj\u00edsticos<\/li>\n<li><span style=\"color: #e09119;\"><strong>Flujo de agua central din\u00e1mico:<\/strong> <\/span>suave efecto fuente, que aumenta la sensaci\u00f3n de espacio<\/li>\n<li><span style=\"color: #e09119;\"><strong>Est\u00e9tica de \u00f3xido natural:<\/strong> <\/span>textura de oxidaci\u00f3n \u00fanica, m\u00e1s encantadora con el paso del tiempo<\/li>\n<li><span style=\"color: #e09119;\"><strong>Gran resistencia a la intemperie:<\/strong> <\/span>resistente al viento y a la lluvia, resistente a la corrosi\u00f3n, no necesita pintura<\/li>\n<li><span style=\"color: #e09119;\"><strong>Sistema de autocirculaci\u00f3n:<\/strong> <\/span>Bomba de agua incorporada, circulaci\u00f3n de agua<\/li>\n<li><span style=\"color: #e09119;\"><strong>Varios tama\u00f1os disponibles:<\/strong> <\/span>responder a las necesidades de diferentes lugares y proyectos<\/li>\n<\/ul>\n<p><strong><span style=\"font-size: 14pt;\">Servicio personalizado:<\/span><\/strong><\/p>\n<p>Nuestras fuentes de agua de corten pueden personalizarse en cuanto a tama\u00f1o, color, etc. Adem\u00e1s, tambi\u00e9n tenemos una variedad de estilos de fuentes de agua de corten para elegir.<\/p>\n<p><img decoding=\"async\" class=\"alignnone size-full wp-image-3688\" src=\"https:\/\/jblcorten.com\/wp-content\/uploads\/2025\/07\/modern-square-water-feature.jpg\" alt=\"fuente cuadrada moderna\" width=\"750\" height=\"350\" title=\"\" srcset=\"https:\/\/jblcorten.com\/wp-content\/uploads\/2025\/07\/modern-square-water-feature.jpg 750w, https:\/\/jblcorten.com\/wp-content\/uploads\/2025\/07\/modern-square-water-feature-300x140.jpg 300w, https:\/\/jblcorten.com\/wp-content\/uploads\/2025\/07\/modern-square-water-feature-18x8.jpg 18w, https:\/\/jblcorten.com\/wp-content\/uploads\/2025\/07\/modern-square-water-feature-600x280.jpg 600w\" sizes=\"(max-width: 750px) 100vw, 750px\" \/><\/p>\n<p><img decoding=\"async\" class=\"alignnone size-full wp-image-3619\" src=\"https:\/\/jblcorten.com\/wp-content\/uploads\/2025\/07\/rusted-metal-water-features.jpg\" alt=\"juegos de agua de metal oxidado\" width=\"750\" height=\"760\" title=\"\" srcset=\"https:\/\/jblcorten.com\/wp-content\/uploads\/2025\/07\/rusted-metal-water-features.jpg 750w, https:\/\/jblcorten.com\/wp-content\/uploads\/2025\/07\/rusted-metal-water-features-296x300.jpg 296w, https:\/\/jblcorten.com\/wp-content\/uploads\/2025\/07\/rusted-metal-water-features-12x12.jpg 12w, https:\/\/jblcorten.com\/wp-content\/uploads\/2025\/07\/rusted-metal-water-features-600x608.jpg 600w, https:\/\/jblcorten.com\/wp-content\/uploads\/2025\/07\/rusted-metal-water-features-100x100.jpg 100w\" sizes=\"(max-width: 750px) 100vw, 750px\" \/><\/p>\n<p><strong><span style=\"font-size: 14pt;\">PREGUNTAS FRECUENTES:<\/span><\/strong><\/p>\n<p><strong><span style=\"color: #e09119;\">P1: \u00bfSe oxida el acero corten? \u00bfSe pudre?<\/span><\/strong><br \/>\nR: El \u00f3xido del acero corten es una capa protectora de \u00f3xido que impide la corrosi\u00f3n posterior. Su color de \u00f3xido forma parte del dise\u00f1o y no afecta a la resistencia estructural.<\/p>\n<p><span style=\"color: #e09119;\"><strong>P2: \u00bfC\u00f3mo se instala esta fuente de agua? \u00bfEs complicado?<\/strong><\/span><br \/>\nR: La instalaci\u00f3n es muy sencilla. Basta con colocarlo en el lugar adecuado, llenarlo de agua y enchufarlo para empezar. Tambi\u00e9n proporcionamos gu\u00edas de instalaci\u00f3n detalladas y soporte en v\u00eddeo.<\/p>\n<p><span style=\"color: #e09119;\"><strong>P3: \u00bfEs necesario a\u00f1adir agua durante el uso?<\/strong><\/span><br \/>\nR: S\u00ed, dependiendo del clima y de la evaporaci\u00f3n, es necesario a\u00f1adir agua de vez en cuando para garantizar el funcionamiento normal del sistema de circulaci\u00f3n.<\/p>","protected":false},"excerpt":{"rendered":"<p>Descubra esta fuente de agua de acero corten: un dise\u00f1o cuadrado con una peque\u00f1a columna de agua que burbujea desde el centro, adecuado para patios modernos y paisajes comerciales al aire libre. Fabricada en acero corten, es duradera, personalizable y f\u00e1cil de instalar y mantener.<\/p>\n<p>Forma del producto: Cuadrado<br \/>\nMaterial: Acero Corten<br \/>\nDimensiones: L 800 \u00d7 An 800 \u00d7 Al 400 mm<br \/>\nColor: oxidado o negro<\/p>","protected":false},"featured_media":3686,"template":"","meta":{"site-sidebar-layout":"default","site-content-layout":"","ast-site-content-layout":"default","site-content-style":"default","site-sidebar-style":"default","ast-global-header-display":"","ast-banner-title-visibility":"","ast-main-header-display":"","ast-hfb-above-header-display":"","ast-hfb-below-header-display":"","ast-hfb-mobile-header-display":"","site-post-title":"","ast-breadcrumbs-content":"","ast-featured-img":"","footer-sml-layout":"","ast-disable-related-posts":"","theme-transparent-header-meta":"default","adv-header-id-meta":"","stick-header-meta":"","header-above-stick-meta":"","header-main-stick-meta":"","header-below-stick-meta":"","astra-migrate-meta-layouts":"set","ast-page-background-enabled":"default","ast-page-background-meta":{"desktop":{"background-color":"var(--ast-global-color-4)","background-image":"","background-repeat":"repeat","background-position":"center center","background-size":"auto","background-attachment":"scroll","background-type":"","background-media":"","overlay-type":"","overlay-color":"","overlay-opacity":"","overlay-gradient":""},"tablet":{"background-color":"","background-image":"","background-repeat":"repeat","background-position":"center center","background-size":"auto","background-attachment":"scroll","background-type":"","background-media":"","overlay-type":"","overlay-color":"","overlay-opacity":"","overlay-gradient":""},"mobile":{"background-color":"","background-image":"","background-repeat":"repeat","background-position":"center center","background-size":"auto","background-attachment":"scroll","background-type":"","background-media":"","overlay-type":"","overlay-color":"","overlay-opacity":"","overlay-gradient":""}},"ast-content-background-meta":{"desktop":{"background-color":"var(--ast-global-color-5)","background-image":"","background-repeat":"repeat","background-position":"center center","background-size":"auto","background-attachment":"scroll","background-type":"","background-media":"","overlay-type":"","overlay-color":"","overlay-opacity":"","overlay-gradient":""},"tablet":{"background-color":"var(--ast-global-color-5)","background-image":"","background-repeat":"repeat","background-position":"center center","background-size":"auto","background-attachment":"scroll","background-type":"","background-media":"","overlay-type":"","overlay-color":"","overlay-opacity":"","overlay-gradient":""},"mobile":{"background-color":"var(--ast-global-color-5)","background-image":"","background-repeat":"repeat","background-position":"center center","background-size":"auto","background-attachment":"scroll","background-type":"","background-media":"","overlay-type":"","overlay-color":"","overlay-opacity":"","overlay-gradient":""}}},"product_brand":[],"product_cat":[40],"product_tag":[],"class_list":{"0":"post-3639","1":"product","2":"type-product","3":"status-publish","4":"has-post-thumbnail","6":"product_cat-water-feature","7":"desktop-align-center","8":"tablet-align-left","9":"mobile-align-left","11":"first","12":"instock","13":"shipping-taxable","14":"product-type-simple"},"_links":{"self":[{"href":"https:\/\/jblcorten.com\/es\/wp-json\/wp\/v2\/product\/3639","targetHints":{"allow":["GET"]}}],"collection":[{"href":"https:\/\/jblcorten.com\/es\/wp-json\/wp\/v2\/product"}],"about":[{"href":"https:\/\/jblcorten.com\/es\/wp-json\/wp\/v2\/types\/product"}],"wp:featuredmedia":[{"embeddable":true,"href":"https:\/\/jblcorten.com\/es\/wp-json\/wp\/v2\/media\/3686"}],"wp:attachment":[{"href":"https:\/\/jblcorten.com\/es\/wp-json\/wp\/v2\/media?parent=3639"}],"wp:term":[{"taxonomy":"product_brand","embeddable":true,"href":"https:\/\/jblcorten.com\/es\/wp-json\/wp\/v2\/product_brand?post=3639"},{"taxonomy":"product_cat","embeddable":true,"href":"https:\/\/jblcorten.com\/es\/wp-json\/wp\/v2\/product_cat?post=3639"},{"taxonomy":"product_tag","embeddable":true,"href":"https:\/\/jblcorten.com\/es\/wp-json\/wp\/v2\/product_tag?post=3639"}],"curies":[{"name":"wp","href":"https:\/\/api.w.org\/{rel}","templated":true}]}}