{"id":3613,"date":"2025-07-08T10:26:43","date_gmt":"2025-07-08T02:26:43","guid":{"rendered":"https:\/\/jblcorten.com\/?post_type=product&#038;p=3613"},"modified":"2025-07-08T10:26:43","modified_gmt":"2025-07-08T02:26:43","slug":"cortina-de-lluvia-fuente-de-agua","status":"publish","type":"product","link":"https:\/\/jblcorten.com\/es\/rain-curtain-water-feature\/","title":{"rendered":"Cortina de lluvia"},"content":{"rendered":"<h2 style=\"text-align: center;\"><span style=\"font-size: 14pt;\">Cortina de lluvia<\/span><\/h2>\n<p>La estructura general de este dispositivo de cortina de agua para lluvia presenta una elegante forma curva en L, con l\u00edneas suaves y din\u00e1micas, que reflejan la esencia del dise\u00f1o industrial contempor\u00e1neo. La parte superior del dispositivo est\u00e1 equipada con un amplio sistema de cortina de agua, que utiliza una precisa tecnolog\u00eda de distribuci\u00f3n del caudal de agua para garantizar que el flujo de agua se distribuya uniformemente desde la parte superior, formando un efecto de cortina de agua sedosa y continua.<\/p>\n<p>El agua fluye lentamente hacia abajo desde un lugar elevado, formando una cortina de agua vertical perfecta bajo la acci\u00f3n de la gravedad. La parte inferior del dispositivo est\u00e1 dise\u00f1ada con un dep\u00f3sito de agua oculto y equipado con un avanzado sistema de bomba de agua circulante para garantizar un reciclaje eficaz de los recursos h\u00eddricos y un funcionamiento continuo durante 24 horas.<\/p>\n<p><strong><span style=\"font-size: 14pt;\">Especificaci\u00f3n del producto:<\/span><\/strong><\/p>\n<table style=\"border-collapse: collapse; width: 100%;\">\n<tbody>\n<tr>\n<td style=\"width: 32.5729%; background-color: #f5f5f5;\">Nombre del producto<\/td>\n<td style=\"width: 67.4271%; background-color: #f5f5f5;\">Cortina de lluvia<\/td>\n<\/tr>\n<tr>\n<td style=\"width: 32.5729%;\">Material<\/td>\n<td style=\"width: 67.4271%;\">Acero o metal corten<\/td>\n<\/tr>\n<tr>\n<td style=\"width: 32.5729%; background-color: #f5f5f5;\">Talla<\/td>\n<td style=\"width: 67.4271%; background-color: #f5f5f5;\">Personalizado<\/td>\n<\/tr>\n<tr>\n<td style=\"width: 32.5729%;\">Color<\/td>\n<td style=\"width: 67.4271%;\">Rojo \u00f3xido<\/td>\n<\/tr>\n<\/tbody>\n<\/table>\n<p><strong><span style=\"font-size: 14pt;\">Nuestro servicio:<\/span><\/strong><\/p>\n<p>Utilizamos tecnolog\u00eda de soldadura integral para procesar las juntas de los juegos de agua. De este modo, el elemento acu\u00e1tico no se oxida f\u00e1cilmente y es m\u00e1s resistente. (La mayor\u00eda de las dem\u00e1s empresas utilizan soldadura por puntos). Los juegos de agua fabricados por HNJBL pueden resistir la prueba incluso en los detalles.<\/p>\n<p><img fetchpriority=\"high\" decoding=\"async\" class=\"alignnone size-full wp-image-3614\" src=\"https:\/\/jblcorten.com\/wp-content\/uploads\/2025\/07\/HNJBL.jpg\" alt=\"Fabricante HNJBL \" width=\"750\" height=\"335\" title=\"\" srcset=\"https:\/\/jblcorten.com\/wp-content\/uploads\/2025\/07\/HNJBL.jpg 750w, https:\/\/jblcorten.com\/wp-content\/uploads\/2025\/07\/HNJBL-300x134.jpg 300w, https:\/\/jblcorten.com\/wp-content\/uploads\/2025\/07\/HNJBL-18x8.jpg 18w, https:\/\/jblcorten.com\/wp-content\/uploads\/2025\/07\/HNJBL-600x268.jpg 600w\" sizes=\"(max-width: 750px) 100vw, 750px\" \/><\/p>\n<p><strong><span style=\"font-size: 14pt;\">\u00bfPor qu\u00e9 es necesario un tratamiento previo a la oxidaci\u00f3n? (Proceso de tratamiento del acero corten)?<\/span><\/strong><\/p>\n<p>Normalmente, el acero para intemperie tarda mucho tiempo en formar de forma natural una capa de \u00f3xido estable. Esto afecta en gran medida al uso del acero para intemperie, especialmente cuando se utiliza por primera vez, el goteo de l\u00edquido de \u00f3xido y la formaci\u00f3n de \u00f3xido. El tratamiento antioxidante puede ayudar al acero de intemperie a completar el tratamiento de intemperismo en poco tiempo, y tambi\u00e9n se puede controlar el color.<\/p>\n<p><img decoding=\"async\" class=\"alignnone size-full wp-image-2519\" src=\"https:\/\/jblcorten.com\/wp-content\/uploads\/2025\/03\/corten-steel-material.jpg\" alt=\"\" width=\"750\" height=\"321\" title=\"\" srcset=\"https:\/\/jblcorten.com\/wp-content\/uploads\/2025\/03\/corten-steel-material.jpg 750w, https:\/\/jblcorten.com\/wp-content\/uploads\/2025\/03\/corten-steel-material-600x257.jpg 600w, https:\/\/jblcorten.com\/wp-content\/uploads\/2025\/03\/corten-steel-material-300x128.jpg 300w, https:\/\/jblcorten.com\/wp-content\/uploads\/2025\/03\/corten-steel-material-18x8.jpg 18w\" sizes=\"(max-width: 750px) 100vw, 750px\" \/><\/p>\n<p><strong><span style=\"font-size: 14pt;\">M\u00e1s estilos:<\/span><\/strong><\/p>\n<p>Somos fabricantes y proveedores de acero corten, nuestros productos pueden ser personalizados<\/p>\n<p><img decoding=\"async\" class=\"alignnone size-full wp-image-3619\" src=\"https:\/\/jblcorten.com\/wp-content\/uploads\/2025\/07\/rusted-metal-water-features.jpg\" alt=\"\" width=\"750\" height=\"760\" title=\"\" srcset=\"https:\/\/jblcorten.com\/wp-content\/uploads\/2025\/07\/rusted-metal-water-features.jpg 750w, https:\/\/jblcorten.com\/wp-content\/uploads\/2025\/07\/rusted-metal-water-features-296x300.jpg 296w, https:\/\/jblcorten.com\/wp-content\/uploads\/2025\/07\/rusted-metal-water-features-12x12.jpg 12w, https:\/\/jblcorten.com\/wp-content\/uploads\/2025\/07\/rusted-metal-water-features-600x608.jpg 600w, https:\/\/jblcorten.com\/wp-content\/uploads\/2025\/07\/rusted-metal-water-features-100x100.jpg 100w\" sizes=\"(max-width: 750px) 100vw, 750px\" \/><\/p>","protected":false},"excerpt":{"rendered":"<p>La fuente de agua con cortina de lluvia muestra un concepto de dise\u00f1o \u00fanico con su singular forma de L, su brillante iluminaci\u00f3n LED nocturna y su efecto de cortina de agua, as\u00ed como las caracter\u00edsticas del material de acero corten. Si est\u00e1 interesado en esta fuente de agua de acero corten, no dude en ponerse en contacto con nosotros.<\/p>\n<p>Material: Acero corten o materiales met\u00e1licos personalizados<br \/>\nTalla: Personalizado<br \/>\nEmbalaje: Estuches de madera resistentes<br \/>\nServicios: Dise\u00f1o, creaci\u00f3n y entrega a domicilio gratuitos<\/p>","protected":false},"featured_media":3615,"template":"","meta":{"site-sidebar-layout":"default","site-content-layout":"","ast-site-content-layout":"default","site-content-style":"default","site-sidebar-style":"default","ast-global-header-display":"","ast-banner-title-visibility":"","ast-main-header-display":"","ast-hfb-above-header-display":"","ast-hfb-below-header-display":"","ast-hfb-mobile-header-display":"","site-post-title":"","ast-breadcrumbs-content":"","ast-featured-img":"","footer-sml-layout":"","ast-disable-related-posts":"","theme-transparent-header-meta":"default","adv-header-id-meta":"","stick-header-meta":"","header-above-stick-meta":"","header-main-stick-meta":"","header-below-stick-meta":"","astra-migrate-meta-layouts":"set","ast-page-background-enabled":"default","ast-page-background-meta":{"desktop":{"background-color":"var(--ast-global-color-4)","background-image":"","background-repeat":"repeat","background-position":"center center","background-size":"auto","background-attachment":"scroll","background-type":"","background-media":"","overlay-type":"","overlay-color":"","overlay-opacity":"","overlay-gradient":""},"tablet":{"background-color":"","background-image":"","background-repeat":"repeat","background-position":"center center","background-size":"auto","background-attachment":"scroll","background-type":"","background-media":"","overlay-type":"","overlay-color":"","overlay-opacity":"","overlay-gradient":""},"mobile":{"background-color":"","background-image":"","background-repeat":"repeat","background-position":"center center","background-size":"auto","background-attachment":"scroll","background-type":"","background-media":"","overlay-type":"","overlay-color":"","overlay-opacity":"","overlay-gradient":""}},"ast-content-background-meta":{"desktop":{"background-color":"var(--ast-global-color-5)","background-image":"","background-repeat":"repeat","background-position":"center center","background-size":"auto","background-attachment":"scroll","background-type":"","background-media":"","overlay-type":"","overlay-color":"","overlay-opacity":"","overlay-gradient":""},"tablet":{"background-color":"var(--ast-global-color-5)","background-image":"","background-repeat":"repeat","background-position":"center center","background-size":"auto","background-attachment":"scroll","background-type":"","background-media":"","overlay-type":"","overlay-color":"","overlay-opacity":"","overlay-gradient":""},"mobile":{"background-color":"var(--ast-global-color-5)","background-image":"","background-repeat":"repeat","background-position":"center center","background-size":"auto","background-attachment":"scroll","background-type":"","background-media":"","overlay-type":"","overlay-color":"","overlay-opacity":"","overlay-gradient":""}}},"product_brand":[],"product_cat":[40],"product_tag":[],"class_list":{"0":"post-3613","1":"product","2":"type-product","3":"status-publish","4":"has-post-thumbnail","6":"product_cat-water-feature","7":"desktop-align-center","8":"tablet-align-left","9":"mobile-align-left","11":"first","12":"instock","13":"shipping-taxable","14":"product-type-simple"},"_links":{"self":[{"href":"https:\/\/jblcorten.com\/es\/wp-json\/wp\/v2\/product\/3613","targetHints":{"allow":["GET"]}}],"collection":[{"href":"https:\/\/jblcorten.com\/es\/wp-json\/wp\/v2\/product"}],"about":[{"href":"https:\/\/jblcorten.com\/es\/wp-json\/wp\/v2\/types\/product"}],"wp:featuredmedia":[{"embeddable":true,"href":"https:\/\/jblcorten.com\/es\/wp-json\/wp\/v2\/media\/3615"}],"wp:attachment":[{"href":"https:\/\/jblcorten.com\/es\/wp-json\/wp\/v2\/media?parent=3613"}],"wp:term":[{"taxonomy":"product_brand","embeddable":true,"href":"https:\/\/jblcorten.com\/es\/wp-json\/wp\/v2\/product_brand?post=3613"},{"taxonomy":"product_cat","embeddable":true,"href":"https:\/\/jblcorten.com\/es\/wp-json\/wp\/v2\/product_cat?post=3613"},{"taxonomy":"product_tag","embeddable":true,"href":"https:\/\/jblcorten.com\/es\/wp-json\/wp\/v2\/product_tag?post=3613"}],"curies":[{"name":"wp","href":"https:\/\/api.w.org\/{rel}","templated":true}]}}