{"id":3605,"date":"2025-07-07T16:22:25","date_gmt":"2025-07-07T08:22:25","guid":{"rendered":"https:\/\/jblcorten.com\/?post_type=product&#038;p=3605"},"modified":"2025-07-07T16:22:25","modified_gmt":"2025-07-07T08:22:25","slug":"fuente-de-agua-de-acero-corten-2","status":"publish","type":"product","link":"https:\/\/jblcorten.com\/es\/corten-steel-water-fountain\/","title":{"rendered":"Fuente de agua de acero corten"},"content":{"rendered":"<h2 style=\"text-align: center;\"><span style=\"font-size: 14pt;\">Fuente de agua de acero corten<\/span><\/h2>\n<p>El concepto de dise\u00f1o de esta fuente de agua de acero cort\u00e9n se basa en la forma de un caracol. La parte inferior est\u00e1 equipada con un sistema especial de bomba de agua circulante, que puede transportar el agua desde la estructura de almacenamiento de agua (como una piscina, un tanque de agua u otra estructura de almacenamiento de agua) hasta la parte superior de la escultura a trav\u00e9s de una tuber\u00eda. El agua fluye lentamente desde la abertura superior, formando un efecto de cascada.<\/p>\n<p>Todo el sistema funciona de forma continua mediante un m\u00e9todo de circulaci\u00f3n. Visualmente, es una decoraci\u00f3n escult\u00f3rica y aporta un sonido natural suave y relajante al sentido auditivo, creando de forma eficaz una atm\u00f3sfera relajante, tranquila y serena en el espacio.<\/p>\n<p><img fetchpriority=\"high\" decoding=\"async\" class=\"alignnone size-full wp-image-3610\" src=\"https:\/\/jblcorten.com\/wp-content\/uploads\/2025\/07\/corten-fountain.jpg\" alt=\"fuente de corten\" width=\"750\" height=\"500\" title=\"\" srcset=\"https:\/\/jblcorten.com\/wp-content\/uploads\/2025\/07\/corten-fountain.jpg 750w, https:\/\/jblcorten.com\/wp-content\/uploads\/2025\/07\/corten-fountain-300x200.jpg 300w, https:\/\/jblcorten.com\/wp-content\/uploads\/2025\/07\/corten-fountain-18x12.jpg 18w, https:\/\/jblcorten.com\/wp-content\/uploads\/2025\/07\/corten-fountain-600x400.jpg 600w\" sizes=\"(max-width: 750px) 100vw, 750px\" \/><\/p>\n<p><strong><span style=\"font-size: 14pt;\">Especificaci\u00f3n del producto:<\/span><\/strong><\/p>\n<table style=\"border-collapse: collapse; width: 100%;\">\n<tbody>\n<tr>\n<td style=\"width: 30.9274%; background-color: #f5f5f5;\">Nombre del producto<\/td>\n<td style=\"width: 69.0726%; background-color: #f5f5f5;\">Fuente de agua de acero corten<\/td>\n<\/tr>\n<tr>\n<td style=\"width: 30.9274%;\">Material<\/td>\n<td style=\"width: 69.0726%;\">Acero cort\u00e9n o acero inoxidable<\/td>\n<\/tr>\n<tr>\n<td style=\"width: 30.9274%; background-color: #f5f5f5;\">Talla<\/td>\n<td style=\"width: 69.0726%; background-color: #f5f5f5;\">600 mm (alto) \u00d7 400 mm (ancho) \u00d7 300 mm (profundidad)<\/td>\n<\/tr>\n<tr>\n<td style=\"width: 30.9274%;\">Espesor<\/td>\n<td style=\"width: 69.0726%;\">2 mm<\/td>\n<\/tr>\n<tr>\n<td style=\"width: 30.9274%; background-color: #f5f5f5;\">Accesorios<\/td>\n<td style=\"width: 69.0726%; background-color: #f5f5f5;\">Columna de agua, tuber\u00eda de agua, bomba de agua<\/td>\n<\/tr>\n<\/tbody>\n<\/table>\n<p><span style=\"font-size: 14pt;\"><strong>Escenarios de aplicaci\u00f3n: <\/strong><\/span><\/p>\n<p>Esta fuente es adecuada para una gran variedad de lugares, como patios, parques, piscinas, balcones residenciales, vest\u00edbulos comerciales o delante de muros paisaj\u00edsticos. Se puede utilizar como escultura paisaj\u00edstica por s\u00ed sola o en combinaci\u00f3n con otros sistemas de paisajes acu\u00e1ticos.<\/p>\n<p><img decoding=\"async\" class=\"alignnone size-full wp-image-3611\" src=\"https:\/\/jblcorten.com\/wp-content\/uploads\/2025\/07\/rust-water-feature.jpg\" alt=\"fuente de agua oxidada\" width=\"750\" height=\"300\" title=\"\" srcset=\"https:\/\/jblcorten.com\/wp-content\/uploads\/2025\/07\/rust-water-feature.jpg 750w, https:\/\/jblcorten.com\/wp-content\/uploads\/2025\/07\/rust-water-feature-300x120.jpg 300w, https:\/\/jblcorten.com\/wp-content\/uploads\/2025\/07\/rust-water-feature-18x7.jpg 18w, https:\/\/jblcorten.com\/wp-content\/uploads\/2025\/07\/rust-water-feature-600x240.jpg 600w\" sizes=\"(max-width: 750px) 100vw, 750px\" \/><\/p>\n<p><strong><span style=\"font-size: 14pt;\">Servicio personalizado:<\/span><\/strong><\/p>\n<p>Nuestra fuente de agua met\u00e1lica se puede personalizar, incluyendo el material, el tama\u00f1o, el color, etc., y se puede fabricar seg\u00fan los requisitos del cliente.<\/p>\n<p><img decoding=\"async\" class=\"alignnone size-full wp-image-3612\" src=\"https:\/\/jblcorten.com\/wp-content\/uploads\/2025\/07\/corten-steel-garden-water-features.jpg\" alt=\"juegos de agua de acero corten\" width=\"750\" height=\"421\" title=\"\" srcset=\"https:\/\/jblcorten.com\/wp-content\/uploads\/2025\/07\/corten-steel-garden-water-features.jpg 750w, https:\/\/jblcorten.com\/wp-content\/uploads\/2025\/07\/corten-steel-garden-water-features-300x168.jpg 300w, https:\/\/jblcorten.com\/wp-content\/uploads\/2025\/07\/corten-steel-garden-water-features-18x10.jpg 18w, https:\/\/jblcorten.com\/wp-content\/uploads\/2025\/07\/corten-steel-garden-water-features-600x337.jpg 600w\" sizes=\"(max-width: 750px) 100vw, 750px\" \/><\/p>\n<p><strong><span style=\"font-size: 14pt;\">PREGUNTAS FRECUENTES:<\/span><\/strong><\/p>\n<p>P1: \u00bfSe puede utilizar esta fuente de agua de acero cort\u00e9n en exteriores durante todo el a\u00f1o?<br \/>\nR1: S\u00ed. El acero resistente a la intemperie es extremadamente resistente a las condiciones clim\u00e1ticas y adecuado para la exposici\u00f3n prolongada a entornos exteriores, y no se ve afectado por el viento ni el sol.<\/p>\n<p>P2: \u00bfLa bomba de agua est\u00e1 incluida en el producto?<br \/>\nR2: S\u00ed, el producto est\u00e1 equipado con una bomba de agua, que se instala en la parte inferior cuando se utiliza. Solo hay que conectarla a la fuente de agua y a la fuente de alimentaci\u00f3n.<\/p>\n<p>P4: \u00bfSe oxidar\u00e1 esta fuente de agua de acero corten?<br \/>\nR4: La capa exterior de \u00f3xido es una capa protectora exclusiva del acero resistente a la intemperie, que tiene un efecto anticorrosivo y presenta un bonito color \u00f3xido natural sin afectar a la estructura en s\u00ed.<\/p>","protected":false},"excerpt":{"rendered":"<p>Esta fuente de agua de acero cort\u00e9n tiene forma de caracol o la forma abstracta del n\u00famero \u201c6\u201d. Fabricada en acero cort\u00e9n de alta calidad, no solo es una fuente de agua funcional, sino tambi\u00e9n una escultura art\u00edstica que puede a\u00f1adir un encanto \u00fanico a cualquier espacio interior o exterior.<\/p>","protected":false},"featured_media":3607,"template":"","meta":{"site-sidebar-layout":"default","site-content-layout":"","ast-site-content-layout":"default","site-content-style":"default","site-sidebar-style":"default","ast-global-header-display":"","ast-banner-title-visibility":"","ast-main-header-display":"","ast-hfb-above-header-display":"","ast-hfb-below-header-display":"","ast-hfb-mobile-header-display":"","site-post-title":"","ast-breadcrumbs-content":"","ast-featured-img":"","footer-sml-layout":"","ast-disable-related-posts":"","theme-transparent-header-meta":"default","adv-header-id-meta":"","stick-header-meta":"","header-above-stick-meta":"","header-main-stick-meta":"","header-below-stick-meta":"","astra-migrate-meta-layouts":"set","ast-page-background-enabled":"default","ast-page-background-meta":{"desktop":{"background-color":"var(--ast-global-color-4)","background-image":"","background-repeat":"repeat","background-position":"center center","background-size":"auto","background-attachment":"scroll","background-type":"","background-media":"","overlay-type":"","overlay-color":"","overlay-opacity":"","overlay-gradient":""},"tablet":{"background-color":"","background-image":"","background-repeat":"repeat","background-position":"center center","background-size":"auto","background-attachment":"scroll","background-type":"","background-media":"","overlay-type":"","overlay-color":"","overlay-opacity":"","overlay-gradient":""},"mobile":{"background-color":"","background-image":"","background-repeat":"repeat","background-position":"center center","background-size":"auto","background-attachment":"scroll","background-type":"","background-media":"","overlay-type":"","overlay-color":"","overlay-opacity":"","overlay-gradient":""}},"ast-content-background-meta":{"desktop":{"background-color":"var(--ast-global-color-5)","background-image":"","background-repeat":"repeat","background-position":"center center","background-size":"auto","background-attachment":"scroll","background-type":"","background-media":"","overlay-type":"","overlay-color":"","overlay-opacity":"","overlay-gradient":""},"tablet":{"background-color":"var(--ast-global-color-5)","background-image":"","background-repeat":"repeat","background-position":"center center","background-size":"auto","background-attachment":"scroll","background-type":"","background-media":"","overlay-type":"","overlay-color":"","overlay-opacity":"","overlay-gradient":""},"mobile":{"background-color":"var(--ast-global-color-5)","background-image":"","background-repeat":"repeat","background-position":"center center","background-size":"auto","background-attachment":"scroll","background-type":"","background-media":"","overlay-type":"","overlay-color":"","overlay-opacity":"","overlay-gradient":""}}},"product_brand":[],"product_cat":[40],"product_tag":[],"class_list":{"0":"post-3605","1":"product","2":"type-product","3":"status-publish","4":"has-post-thumbnail","6":"product_cat-water-feature","7":"desktop-align-center","8":"tablet-align-left","9":"mobile-align-left","11":"first","12":"instock","13":"shipping-taxable","14":"product-type-simple"},"_links":{"self":[{"href":"https:\/\/jblcorten.com\/es\/wp-json\/wp\/v2\/product\/3605","targetHints":{"allow":["GET"]}}],"collection":[{"href":"https:\/\/jblcorten.com\/es\/wp-json\/wp\/v2\/product"}],"about":[{"href":"https:\/\/jblcorten.com\/es\/wp-json\/wp\/v2\/types\/product"}],"wp:featuredmedia":[{"embeddable":true,"href":"https:\/\/jblcorten.com\/es\/wp-json\/wp\/v2\/media\/3607"}],"wp:attachment":[{"href":"https:\/\/jblcorten.com\/es\/wp-json\/wp\/v2\/media?parent=3605"}],"wp:term":[{"taxonomy":"product_brand","embeddable":true,"href":"https:\/\/jblcorten.com\/es\/wp-json\/wp\/v2\/product_brand?post=3605"},{"taxonomy":"product_cat","embeddable":true,"href":"https:\/\/jblcorten.com\/es\/wp-json\/wp\/v2\/product_cat?post=3605"},{"taxonomy":"product_tag","embeddable":true,"href":"https:\/\/jblcorten.com\/es\/wp-json\/wp\/v2\/product_tag?post=3605"}],"curies":[{"name":"wp","href":"https:\/\/api.w.org\/{rel}","templated":true}]}}