{"id":3594,"date":"2025-07-07T14:17:40","date_gmt":"2025-07-07T06:17:40","guid":{"rendered":"https:\/\/jblcorten.com\/?post_type=product&#038;p=3594"},"modified":"2025-07-07T14:17:40","modified_gmt":"2025-07-07T06:17:40","slug":"mosquitera-con-jardinera","status":"publish","type":"product","link":"https:\/\/jblcorten.com\/es\/privacy-screen-with-planter-box\/","title":{"rendered":"Biombo con jardinera"},"content":{"rendered":"<h2 style=\"text-align: center;\"><span style=\"font-size: 14pt;\">Biombo con jardinera<\/span><\/h2>\n<p>Esta pantalla de privacidad con jardinera es un producto a la vez pr\u00e1ctico y decorativo que puede utilizarse tanto en interiores como en exteriores. Est\u00e1 hecho de material met\u00e1lico de alta resistencia, y la superficie est\u00e1 tratada con pulverizaci\u00f3n antioxidante, presentando un elegante aspecto blanco, adecuado para patios, balcones y salas de estar de varios estilos. La parte superior es un dise\u00f1o de pantalla con patr\u00f3n hueco, que tiene las funciones de ventilaci\u00f3n, transmisi\u00f3n de luz y bloqueo de la vista; la parte inferior es una zona de macetas, que puede utilizarse para plantar diversas plantas verdes o flores. La parte inferior est\u00e1 equipada con cuatro ruedas universales de alta calidad, que pueden mover la maceta de pantalla a cualquier posici\u00f3n seg\u00fan nuestras necesidades.<\/p>\n<p><img fetchpriority=\"high\" decoding=\"async\" class=\"alignnone size-full wp-image-3596\" src=\"https:\/\/jblcorten.com\/wp-content\/uploads\/2025\/07\/privacy-screen-with-planter-box.jpg\" alt=\"mosquitera con jardinera\" width=\"1000\" height=\"400\" title=\"\" srcset=\"https:\/\/jblcorten.com\/wp-content\/uploads\/2025\/07\/privacy-screen-with-planter-box.jpg 1000w, https:\/\/jblcorten.com\/wp-content\/uploads\/2025\/07\/privacy-screen-with-planter-box-300x120.jpg 300w, https:\/\/jblcorten.com\/wp-content\/uploads\/2025\/07\/privacy-screen-with-planter-box-768x307.jpg 768w, https:\/\/jblcorten.com\/wp-content\/uploads\/2025\/07\/privacy-screen-with-planter-box-18x7.jpg 18w, https:\/\/jblcorten.com\/wp-content\/uploads\/2025\/07\/privacy-screen-with-planter-box-600x240.jpg 600w\" sizes=\"(max-width: 1000px) 100vw, 1000px\" \/><\/p>\n<table style=\"border-collapse: collapse; width: 100%;\">\n<tbody>\n<tr>\n<td style=\"width: 31.2266%; background-color: #f5f5f5;\">Nombre del producto<\/td>\n<td style=\"width: 68.7734%; background-color: #f5f5f5;\">Biombo con jardinera<\/td>\n<\/tr>\n<tr>\n<td style=\"width: 31.2266%;\">Color<\/td>\n<td style=\"width: 68.7734%;\">Blanco<\/td>\n<\/tr>\n<tr>\n<td style=\"width: 31.2266%; background-color: #f5f5f5;\">Material<\/td>\n<td style=\"width: 68.7734%; background-color: #f5f5f5;\">Metal<\/td>\n<\/tr>\n<tr>\n<td style=\"width: 31.2266%;\">Tama\u00f1o (cm)<\/td>\n<td style=\"width: 68.7734%;\">L 80 \u00d7 AN 30 \u00d7 AL 160<\/td>\n<\/tr>\n<tr>\n<td style=\"width: 31.2266%; background-color: #f5f5f5;\">Tratamiento de superficies<\/td>\n<td style=\"width: 68.7734%; background-color: #f5f5f5;\">Recubrimiento en polvo<\/td>\n<\/tr>\n<\/tbody>\n<\/table>\n<p><span style=\"font-size: 14pt;\"><strong>\u00bfPor qu\u00e9 elegir la pantalla de privacidad con jardinera?<\/strong><\/span><\/p>\n<ul>\n<li><strong>Versatilidad:<\/strong> Una cosa con dos usos, se puede utilizar como biombo y como maceta, aprovechando al m\u00e1ximo el espacio<\/li>\n<li><strong>F\u00e1cil de mover:<\/strong> Cuatro ruedas universales (con funci\u00f3n de freno) que pueden desplazarse f\u00e1cilmente a cualquier posici\u00f3n<\/li>\n<li><strong>Material superior:<\/strong> El material met\u00e1lico es resistente y duradero, con una larga vida \u00fatil<\/li>\n<li><strong>F\u00e1cil mantenimiento:<\/strong> La superficie es lisa y f\u00e1cil de limpiar, y el mantenimiento diario no supone ninguna preocupaci\u00f3n<\/li>\n<li><strong>Preciosa:<\/strong> La sencilla apariencia blanca se combina con el exquisito patr\u00f3n de la pantalla para mejorar la est\u00e9tica general<\/li>\n<\/ul>\n<p><strong><span style=\"font-size: 14pt;\">Detalles del producto:<\/span><\/strong><\/p>\n<p><img decoding=\"async\" class=\"alignnone wp-image-3597\" src=\"https:\/\/jblcorten.com\/wp-content\/uploads\/2025\/07\/decorative-screen-with-planter-box.jpg\" alt=\"pantalla decorativa con jardinera\" width=\"750\" height=\"500\" title=\"\" srcset=\"https:\/\/jblcorten.com\/wp-content\/uploads\/2025\/07\/decorative-screen-with-planter-box.jpg 1000w, https:\/\/jblcorten.com\/wp-content\/uploads\/2025\/07\/decorative-screen-with-planter-box-300x200.jpg 300w, https:\/\/jblcorten.com\/wp-content\/uploads\/2025\/07\/decorative-screen-with-planter-box-768x511.jpg 768w, https:\/\/jblcorten.com\/wp-content\/uploads\/2025\/07\/decorative-screen-with-planter-box-18x12.jpg 18w, https:\/\/jblcorten.com\/wp-content\/uploads\/2025\/07\/decorative-screen-with-planter-box-600x400.jpg 600w\" sizes=\"(max-width: 750px) 100vw, 750px\" \/><\/p>\n<p><img decoding=\"async\" class=\"alignnone wp-image-3598\" src=\"https:\/\/jblcorten.com\/wp-content\/uploads\/2025\/07\/planter-box-with-privacy-screen.jpg\" alt=\"jardinera con mosquitera\" width=\"750\" height=\"500\" title=\"\" srcset=\"https:\/\/jblcorten.com\/wp-content\/uploads\/2025\/07\/planter-box-with-privacy-screen.jpg 1000w, https:\/\/jblcorten.com\/wp-content\/uploads\/2025\/07\/planter-box-with-privacy-screen-300x200.jpg 300w, https:\/\/jblcorten.com\/wp-content\/uploads\/2025\/07\/planter-box-with-privacy-screen-768x511.jpg 768w, https:\/\/jblcorten.com\/wp-content\/uploads\/2025\/07\/planter-box-with-privacy-screen-18x12.jpg 18w, https:\/\/jblcorten.com\/wp-content\/uploads\/2025\/07\/planter-box-with-privacy-screen-600x400.jpg 600w\" sizes=\"(max-width: 750px) 100vw, 750px\" \/><\/p>\n<p><img loading=\"lazy\" decoding=\"async\" class=\"alignnone wp-image-3599\" src=\"https:\/\/jblcorten.com\/wp-content\/uploads\/2025\/07\/screen-with-planter-box.jpg\" alt=\"pantalla con jardinera\" width=\"750\" height=\"500\" title=\"\" srcset=\"https:\/\/jblcorten.com\/wp-content\/uploads\/2025\/07\/screen-with-planter-box.jpg 1000w, https:\/\/jblcorten.com\/wp-content\/uploads\/2025\/07\/screen-with-planter-box-300x200.jpg 300w, https:\/\/jblcorten.com\/wp-content\/uploads\/2025\/07\/screen-with-planter-box-768x511.jpg 768w, https:\/\/jblcorten.com\/wp-content\/uploads\/2025\/07\/screen-with-planter-box-18x12.jpg 18w, https:\/\/jblcorten.com\/wp-content\/uploads\/2025\/07\/screen-with-planter-box-600x400.jpg 600w\" sizes=\"(max-width: 750px) 100vw, 750px\" \/><\/p>","protected":false},"excerpt":{"rendered":"<p>Este biombo con jardinera adopta un concepto de dise\u00f1o integrado, combinando inteligentemente la funci\u00f3n de biombo con la de jardinera. La parte de la pantalla proporciona privacidad y decoraci\u00f3n, mientras que la parte de la jardinera satisface las necesidades de la jardiner\u00eda. La estructura met\u00e1lica es estable y duradera, y el aspecto blanco es sencillo y elegante, que se puede aplicar a diversos estilos de decoraci\u00f3n.<\/p>","protected":false},"featured_media":3604,"template":"","meta":{"site-sidebar-layout":"default","site-content-layout":"","ast-site-content-layout":"default","site-content-style":"default","site-sidebar-style":"default","ast-global-header-display":"","ast-banner-title-visibility":"","ast-main-header-display":"","ast-hfb-above-header-display":"","ast-hfb-below-header-display":"","ast-hfb-mobile-header-display":"","site-post-title":"","ast-breadcrumbs-content":"","ast-featured-img":"","footer-sml-layout":"","ast-disable-related-posts":"","theme-transparent-header-meta":"default","adv-header-id-meta":"","stick-header-meta":"","header-above-stick-meta":"","header-main-stick-meta":"","header-below-stick-meta":"","astra-migrate-meta-layouts":"set","ast-page-background-enabled":"default","ast-page-background-meta":{"desktop":{"background-color":"var(--ast-global-color-4)","background-image":"","background-repeat":"repeat","background-position":"center center","background-size":"auto","background-attachment":"scroll","background-type":"","background-media":"","overlay-type":"","overlay-color":"","overlay-opacity":"","overlay-gradient":""},"tablet":{"background-color":"","background-image":"","background-repeat":"repeat","background-position":"center center","background-size":"auto","background-attachment":"scroll","background-type":"","background-media":"","overlay-type":"","overlay-color":"","overlay-opacity":"","overlay-gradient":""},"mobile":{"background-color":"","background-image":"","background-repeat":"repeat","background-position":"center center","background-size":"auto","background-attachment":"scroll","background-type":"","background-media":"","overlay-type":"","overlay-color":"","overlay-opacity":"","overlay-gradient":""}},"ast-content-background-meta":{"desktop":{"background-color":"var(--ast-global-color-5)","background-image":"","background-repeat":"repeat","background-position":"center center","background-size":"auto","background-attachment":"scroll","background-type":"","background-media":"","overlay-type":"","overlay-color":"","overlay-opacity":"","overlay-gradient":""},"tablet":{"background-color":"var(--ast-global-color-5)","background-image":"","background-repeat":"repeat","background-position":"center center","background-size":"auto","background-attachment":"scroll","background-type":"","background-media":"","overlay-type":"","overlay-color":"","overlay-opacity":"","overlay-gradient":""},"mobile":{"background-color":"var(--ast-global-color-5)","background-image":"","background-repeat":"repeat","background-position":"center center","background-size":"auto","background-attachment":"scroll","background-type":"","background-media":"","overlay-type":"","overlay-color":"","overlay-opacity":"","overlay-gradient":""}}},"product_brand":[],"product_cat":[31],"product_tag":[],"class_list":{"0":"post-3594","1":"product","2":"type-product","3":"status-publish","4":"has-post-thumbnail","6":"product_cat-garden-screens","7":"desktop-align-center","8":"tablet-align-left","9":"mobile-align-left","11":"first","12":"instock","13":"shipping-taxable","14":"product-type-simple"},"_links":{"self":[{"href":"https:\/\/jblcorten.com\/es\/wp-json\/wp\/v2\/product\/3594","targetHints":{"allow":["GET"]}}],"collection":[{"href":"https:\/\/jblcorten.com\/es\/wp-json\/wp\/v2\/product"}],"about":[{"href":"https:\/\/jblcorten.com\/es\/wp-json\/wp\/v2\/types\/product"}],"wp:featuredmedia":[{"embeddable":true,"href":"https:\/\/jblcorten.com\/es\/wp-json\/wp\/v2\/media\/3604"}],"wp:attachment":[{"href":"https:\/\/jblcorten.com\/es\/wp-json\/wp\/v2\/media?parent=3594"}],"wp:term":[{"taxonomy":"product_brand","embeddable":true,"href":"https:\/\/jblcorten.com\/es\/wp-json\/wp\/v2\/product_brand?post=3594"},{"taxonomy":"product_cat","embeddable":true,"href":"https:\/\/jblcorten.com\/es\/wp-json\/wp\/v2\/product_cat?post=3594"},{"taxonomy":"product_tag","embeddable":true,"href":"https:\/\/jblcorten.com\/es\/wp-json\/wp\/v2\/product_tag?post=3594"}],"curies":[{"name":"wp","href":"https:\/\/api.w.org\/{rel}","templated":true}]}}