{"id":3558,"date":"2025-07-02T16:16:05","date_gmt":"2025-07-02T08:16:05","guid":{"rendered":"https:\/\/jblcorten.com\/?post_type=product&#038;p=3558"},"modified":"2025-07-02T16:16:05","modified_gmt":"2025-07-02T08:16:05","slug":"maceta-hexagonal","status":"publish","type":"product","link":"https:\/\/jblcorten.com\/es\/hexagonal-flower-pot\/","title":{"rendered":"Maceta hexagonal"},"content":{"rendered":"<h2 style=\"text-align: center;\"><span style=\"font-size: 14pt;\">Maceta hexagonal<\/span><\/h2>\n<p>Esta maceta hexagonal de acero corten est\u00e1 fabricada con chapa de acero corten de alta calidad de 3 mm de grosor. Mediante corte por l\u00e1ser CNC y tecnolog\u00eda de soldadura, se crea una estructura geom\u00e9trica poliedro \u00fanica. El volumen interno de la maceta alcanza los 85-180 litros (dependiendo del tama\u00f1o), y en la parte inferior se reservan orificios de drenaje para garantizar el crecimiento saludable de las ra\u00edces de las plantas.<\/p>\n<p>El peso de la maceta oscila entre 12 y 35 kg. El dise\u00f1o estable del fondo garantiza una colocaci\u00f3n segura. Es adecuado para plantar suculentas, peque\u00f1os arbustos, plantas de follaje y otras plantas verdes. No s\u00f3lo es un pr\u00e1ctico recipiente de jardiner\u00eda, sino tambi\u00e9n una bonita decoraci\u00f3n.<\/p>\n<p><strong><span style=\"font-size: 14pt;\">Especificaci\u00f3n del producto:<\/span><\/strong><\/p>\n<table style=\"border-collapse: collapse; width: 100%;\">\n<tbody>\n<tr>\n<td style=\"width: 40.0699%; background-color: #f5f5f5;\">Nombre del producto<\/td>\n<td style=\"width: 59.9301%; background-color: #f5f5f5;\">Maceta hexagonal<\/td>\n<\/tr>\n<tr>\n<td style=\"width: 40.0699%;\">Material<\/td>\n<td style=\"width: 59.9301%;\">Acero corten\/Acero resistente a la intemperie<\/td>\n<\/tr>\n<tr>\n<td style=\"width: 40.0699%; background-color: #f5f5f5;\">Color<\/td>\n<td style=\"width: 59.9301%; background-color: #f5f5f5;\">Rusty<\/td>\n<\/tr>\n<tr>\n<td style=\"width: 40.0699%;\">Talla<\/td>\n<td style=\"width: 59.9301%;\">Alto 100 cm \u00d7 Ancho 54 cm<\/td>\n<\/tr>\n<tr>\n<td style=\"width: 40.0699%; background-color: #f5f5f5;\">Pensamiento<\/td>\n<td style=\"width: 59.9301%; background-color: #f5f5f5;\">3 cm<\/td>\n<\/tr>\n<\/tbody>\n<\/table>\n<p><strong><span style=\"font-size: 14pt;\">Detalles del producto:<\/span><\/strong><\/p>\n<p>La maceta de corten presenta inicialmente una textura met\u00e1lica de color gris oscuro. Tras 2-6 meses de oxidaci\u00f3n en el medio natural, se formar\u00e1 gradualmente en la superficie una capa protectora estable de color \u00f3xido anaranjado. Esta densa pel\u00edcula de \u00f3xido no s\u00f3lo tiene un encanto est\u00e9tico industrial \u00fanico, sino que tambi\u00e9n evita eficazmente que el acero interno siga corroy\u00e9ndose, y la vida \u00fatil puede alcanzar m\u00e1s de 30 a\u00f1os. A continuaci\u00f3n se muestra una comparaci\u00f3n de esta maceta antes y despu\u00e9s de la oxidaci\u00f3n.<\/p>\n<p><img fetchpriority=\"high\" decoding=\"async\" class=\"alignnone size-full wp-image-3565\" src=\"https:\/\/jblcorten.com\/wp-content\/uploads\/2025\/07\/hexagonal-plant-pots-outdoor.jpg\" alt=\"macetas hexagonales de exterior\" width=\"1000\" height=\"354\" title=\"\" srcset=\"https:\/\/jblcorten.com\/wp-content\/uploads\/2025\/07\/hexagonal-plant-pots-outdoor.jpg 1000w, https:\/\/jblcorten.com\/wp-content\/uploads\/2025\/07\/hexagonal-plant-pots-outdoor-300x106.jpg 300w, https:\/\/jblcorten.com\/wp-content\/uploads\/2025\/07\/hexagonal-plant-pots-outdoor-768x272.jpg 768w, https:\/\/jblcorten.com\/wp-content\/uploads\/2025\/07\/hexagonal-plant-pots-outdoor-18x6.jpg 18w, https:\/\/jblcorten.com\/wp-content\/uploads\/2025\/07\/hexagonal-plant-pots-outdoor-600x212.jpg 600w\" sizes=\"(max-width: 1000px) 100vw, 1000px\" \/><\/p>\n<p><strong><span style=\"font-size: 14pt;\">Nuestro servicio:<\/span><\/strong><\/p>\n<p><span style=\"color: #e8951a;\"><strong>Personalizaci\u00f3n del tama\u00f1o:<\/strong> <\/span>Proporcionan una variedad de tama\u00f1os personalizados seg\u00fan los requisitos de espacio del cliente<br \/>\n<span style=\"color: #e8951a;\"><strong>Personalizaci\u00f3n del estilo:<\/strong><\/span> Ajuste el \u00e1ngulo de la secci\u00f3n en funci\u00f3n de la geometr\u00eda existente para crear una forma \u00fanica<br \/>\n<span style=\"color: #e8951a;\"><strong>Tratamiento de la superficie:<\/strong> <\/span>Puede elegir un tratamiento de oxidaci\u00f3n natural o de oxidaci\u00f3n artificial acelerada<br \/>\n<span style=\"color: #e8951a;\"><strong>Optimizaci\u00f3n del sistema de drenaje:<\/strong> <\/span>Ajuste el n\u00famero y la posici\u00f3n de los orificios de drenaje en funci\u00f3n de las necesidades de plantaci\u00f3n<\/p>\n<p><img decoding=\"async\" class=\"alignnone size-full wp-image-3566\" src=\"https:\/\/jblcorten.com\/wp-content\/uploads\/2025\/07\/large-hexagon-plant-pot.jpg\" alt=\"maceta hexagonal grande\" width=\"1000\" height=\"400\" title=\"\" srcset=\"https:\/\/jblcorten.com\/wp-content\/uploads\/2025\/07\/large-hexagon-plant-pot.jpg 1000w, https:\/\/jblcorten.com\/wp-content\/uploads\/2025\/07\/large-hexagon-plant-pot-300x120.jpg 300w, https:\/\/jblcorten.com\/wp-content\/uploads\/2025\/07\/large-hexagon-plant-pot-768x307.jpg 768w, https:\/\/jblcorten.com\/wp-content\/uploads\/2025\/07\/large-hexagon-plant-pot-18x7.jpg 18w, https:\/\/jblcorten.com\/wp-content\/uploads\/2025\/07\/large-hexagon-plant-pot-600x240.jpg 600w\" sizes=\"(max-width: 1000px) 100vw, 1000px\" \/><\/p>","protected":false},"excerpt":{"rendered":"<p>El dise\u00f1o poliedro de la maceta hexagonal se inspira en la est\u00e9tica de corte geom\u00e9trico de la arquitectura moderna. Cada cara tiene un \u00e1ngulo cuidadosamente calculado para formar una sensaci\u00f3n visual tridimensional de estratificaci\u00f3n.<\/p>\n<p>Esta forma geom\u00e9trica irregular rompe las limitaciones de la forma redonda o cuadrada de las macetas tradicionales, creando una obra de arte espacial llena de tensi\u00f3n.<\/p>","protected":false},"featured_media":3562,"template":"","meta":{"site-sidebar-layout":"default","site-content-layout":"","ast-site-content-layout":"default","site-content-style":"default","site-sidebar-style":"default","ast-global-header-display":"","ast-banner-title-visibility":"","ast-main-header-display":"","ast-hfb-above-header-display":"","ast-hfb-below-header-display":"","ast-hfb-mobile-header-display":"","site-post-title":"","ast-breadcrumbs-content":"","ast-featured-img":"","footer-sml-layout":"","ast-disable-related-posts":"","theme-transparent-header-meta":"default","adv-header-id-meta":"","stick-header-meta":"","header-above-stick-meta":"","header-main-stick-meta":"","header-below-stick-meta":"","astra-migrate-meta-layouts":"set","ast-page-background-enabled":"default","ast-page-background-meta":{"desktop":{"background-color":"var(--ast-global-color-4)","background-image":"","background-repeat":"repeat","background-position":"center center","background-size":"auto","background-attachment":"scroll","background-type":"","background-media":"","overlay-type":"","overlay-color":"","overlay-opacity":"","overlay-gradient":""},"tablet":{"background-color":"","background-image":"","background-repeat":"repeat","background-position":"center center","background-size":"auto","background-attachment":"scroll","background-type":"","background-media":"","overlay-type":"","overlay-color":"","overlay-opacity":"","overlay-gradient":""},"mobile":{"background-color":"","background-image":"","background-repeat":"repeat","background-position":"center center","background-size":"auto","background-attachment":"scroll","background-type":"","background-media":"","overlay-type":"","overlay-color":"","overlay-opacity":"","overlay-gradient":""}},"ast-content-background-meta":{"desktop":{"background-color":"var(--ast-global-color-5)","background-image":"","background-repeat":"repeat","background-position":"center center","background-size":"auto","background-attachment":"scroll","background-type":"","background-media":"","overlay-type":"","overlay-color":"","overlay-opacity":"","overlay-gradient":""},"tablet":{"background-color":"var(--ast-global-color-5)","background-image":"","background-repeat":"repeat","background-position":"center center","background-size":"auto","background-attachment":"scroll","background-type":"","background-media":"","overlay-type":"","overlay-color":"","overlay-opacity":"","overlay-gradient":""},"mobile":{"background-color":"var(--ast-global-color-5)","background-image":"","background-repeat":"repeat","background-position":"center center","background-size":"auto","background-attachment":"scroll","background-type":"","background-media":"","overlay-type":"","overlay-color":"","overlay-opacity":"","overlay-gradient":""}}},"product_brand":[],"product_cat":[34],"product_tag":[],"class_list":{"0":"post-3558","1":"product","2":"type-product","3":"status-publish","4":"has-post-thumbnail","6":"product_cat-planter-pots","7":"desktop-align-center","8":"tablet-align-left","9":"mobile-align-left","11":"first","12":"instock","13":"shipping-taxable","14":"product-type-simple"},"_links":{"self":[{"href":"https:\/\/jblcorten.com\/es\/wp-json\/wp\/v2\/product\/3558","targetHints":{"allow":["GET"]}}],"collection":[{"href":"https:\/\/jblcorten.com\/es\/wp-json\/wp\/v2\/product"}],"about":[{"href":"https:\/\/jblcorten.com\/es\/wp-json\/wp\/v2\/types\/product"}],"wp:featuredmedia":[{"embeddable":true,"href":"https:\/\/jblcorten.com\/es\/wp-json\/wp\/v2\/media\/3562"}],"wp:attachment":[{"href":"https:\/\/jblcorten.com\/es\/wp-json\/wp\/v2\/media?parent=3558"}],"wp:term":[{"taxonomy":"product_brand","embeddable":true,"href":"https:\/\/jblcorten.com\/es\/wp-json\/wp\/v2\/product_brand?post=3558"},{"taxonomy":"product_cat","embeddable":true,"href":"https:\/\/jblcorten.com\/es\/wp-json\/wp\/v2\/product_cat?post=3558"},{"taxonomy":"product_tag","embeddable":true,"href":"https:\/\/jblcorten.com\/es\/wp-json\/wp\/v2\/product_tag?post=3558"}],"curies":[{"name":"wp","href":"https:\/\/api.w.org\/{rel}","templated":true}]}}