{"id":3526,"date":"2025-06-30T17:42:50","date_gmt":"2025-06-30T09:42:50","guid":{"rendered":"https:\/\/jblcorten.com\/?post_type=product&#038;p=3526"},"modified":"2025-06-30T17:42:51","modified_gmt":"2025-06-30T09:42:51","slug":"chimenea-de-lena-colgante","status":"publish","type":"product","link":"https:\/\/jblcorten.com\/es\/hanging-wood-burning-fireplace\/","title":{"rendered":"Chimenea de le\u00f1a colgante"},"content":{"rendered":"<h2 style=\"text-align: center;\"><span style=\"font-size: 14pt;\">Chimenea de le\u00f1a colgante<\/span><\/h2>\n<p>Esta chimenea de le\u00f1a colgante est\u00e1 suspendida del techo y completamente libre de las limitaciones del suelo, liberando cada cent\u00edmetro de preciosa superficie para su espacio vital, haciendo que la distribuci\u00f3n interior sea m\u00e1s flexible y libre, especialmente adecuada para las necesidades de calefacci\u00f3n de las modernas residencias urbanas y los espacios de peque\u00f1o tama\u00f1o.<\/p>\n<p>El cuerpo de la chimenea est\u00e1 fabricado con material de acero al carbono de alta calidad, y ha sido sometido a rigurosas pruebas de resistencia y verificaci\u00f3n de resistencia a altas temperaturas para garantizar un rendimiento estructural estable en uso a largo plazo. La superficie se ha tratado profesionalmente con negro mate, que no solo tiene excelentes propiedades antioxidantes y anticorrosi\u00f3n, sino que tambi\u00e9n presenta un estilo est\u00e9tico industrial tranquilo y atmosf\u00e9rico, que combina a la perfecci\u00f3n con diversos estilos de decoraci\u00f3n modernos.<\/p>\n<p><img fetchpriority=\"high\" decoding=\"async\" class=\"alignnone size-full wp-image-3531\" src=\"https:\/\/jblcorten.com\/wp-content\/uploads\/2025\/06\/fireplace-hanging-from-ceiling.jpg\" alt=\"chimenea colgada del techo\" width=\"750\" height=\"391\" title=\"\" srcset=\"https:\/\/jblcorten.com\/wp-content\/uploads\/2025\/06\/fireplace-hanging-from-ceiling.jpg 750w, https:\/\/jblcorten.com\/wp-content\/uploads\/2025\/06\/fireplace-hanging-from-ceiling-300x156.jpg 300w, https:\/\/jblcorten.com\/wp-content\/uploads\/2025\/06\/fireplace-hanging-from-ceiling-18x9.jpg 18w, https:\/\/jblcorten.com\/wp-content\/uploads\/2025\/06\/fireplace-hanging-from-ceiling-600x313.jpg 600w\" sizes=\"(max-width: 750px) 100vw, 750px\" \/><\/p>\n<p>Lo m\u00e1s destacado de la chimenea es la exclusiva funci\u00f3n de rotaci\u00f3n total de 360 grados de la boca de la estufa. Los usuarios pueden ajustar la direcci\u00f3n de la boca de la estufa a voluntad seg\u00fan la distribuci\u00f3n interior y las necesidades de calefacci\u00f3n para conseguir una calefacci\u00f3n direccional precisa. No importa en qu\u00e9 parte de la habitaci\u00f3n se encuentre, puede dirigir con precisi\u00f3n el flujo de calor a la zona deseada mediante una sencilla operaci\u00f3n de rotaci\u00f3n, lo que mejora enormemente la flexibilidad y el confort de la calefacci\u00f3n.<\/p>\n<p>La puerta de la chimenea est\u00e1 fabricada con cristal ign\u00edfugo transparente de alta calidad, que permite ver claramente las llamas de la le\u00f1a encendida, creando un ambiente hogare\u00f1o c\u00e1lido y rom\u00e1ntico, a la vez que a\u00edsla eficazmente la fuente de fuego para garantizar un uso seguro. La puerta de cristal est\u00e1 equipada con un tirador antiquemaduras de dise\u00f1o profesional fabricado con materiales aislantes del calor. Puede abrirse y cerrarse con seguridad incluso cuando el cuerpo de la estufa est\u00e1 funcionando a alta temperatura, lo que proporciona comodidad para la adici\u00f3n diaria de combustible y la limpieza y el mantenimiento.<\/p>\n<p><strong><span style=\"font-size: 14pt;\">Especificaci\u00f3n del producto:<\/span><\/strong><\/p>\n<table style=\"border-collapse: collapse; width: 100%;\">\n<tbody>\n<tr>\n<td style=\"width: 25.6171%; background-color: #f5f5f5;\">Material<\/td>\n<td style=\"width: 74.3829%; background-color: #f5f5f5;\">Acero al carbono de alta calidad<\/td>\n<\/tr>\n<tr>\n<td style=\"width: 25.6171%;\">Combustible<\/td>\n<td style=\"width: 74.3829%;\">Madera<\/td>\n<\/tr>\n<tr>\n<td style=\"width: 25.6171%; background-color: #f5f5f5;\">M\u00e9todo de instalaci\u00f3n<\/td>\n<td style=\"width: 74.3829%; background-color: #f5f5f5;\">Colgar del techo<\/td>\n<\/tr>\n<tr>\n<td style=\"width: 25.6171%;\">Di\u00e1metro<\/td>\n<td style=\"width: 74.3829%;\">700mm\/800mm\/900mm\/1000mm\/1200 o personalizado<\/td>\n<\/tr>\n<tr>\n<td style=\"width: 25.6171%; background-color: #f5f5f5;\">Chimenea<\/td>\n<td style=\"width: 74.3829%; background-color: #f5f5f5;\">Di\u00e1metro 219 mm, altura est\u00e1ndar 2000-2200 mm<\/td>\n<\/tr>\n<tr>\n<td style=\"width: 25.6171%;\">Tratamiento de superficies<\/td>\n<td style=\"width: 74.3829%;\">Negro anti alta temperatura o personalizado<\/td>\n<\/tr>\n<\/tbody>\n<\/table>\n<p><strong><span style=\"font-size: 14pt;\">M\u00e1s opciones:<\/span><\/strong><\/p>\n<p>Tenemos muchos tipos diferentes de chimeneas colgantes, como chimeneas colgantes de le\u00f1a, chimeneas colgantes de bioetanol, chimeneas colgantes el\u00e9ctricas, etc. <span style=\"color: #ff0000;\"><a style=\"color: #ff0000;\" href=\"\/es\/contacto\/\">P\u00f3ngase en contacto con nosotros para m\u00e1s informaci\u00f3n.<\/a><\/span><\/p>\n<p><img decoding=\"async\" class=\"alignnone size-full wp-image-3533\" style=\"font-style: inherit; font-weight: inherit;\" src=\"https:\/\/jblcorten.com\/wp-content\/uploads\/2025\/06\/suspended-stoves.jpg\" alt=\"estufas suspendidas\" width=\"750\" height=\"505\" title=\"\" srcset=\"https:\/\/jblcorten.com\/wp-content\/uploads\/2025\/06\/suspended-stoves.jpg 750w, https:\/\/jblcorten.com\/wp-content\/uploads\/2025\/06\/suspended-stoves-300x202.jpg 300w, https:\/\/jblcorten.com\/wp-content\/uploads\/2025\/06\/suspended-stoves-18x12.jpg 18w, https:\/\/jblcorten.com\/wp-content\/uploads\/2025\/06\/suspended-stoves-600x404.jpg 600w\" sizes=\"(max-width: 750px) 100vw, 750px\" \/><\/p>\n<p><strong><span style=\"font-size: 14pt;\">Paquete del producto:<\/span><\/strong><\/p>\n<p>Nuestra chimenea colgante se embala por separado (cuerpo del horno + tubo del horno + piezas de instalaci\u00f3n); adem\u00e1s, el m\u00e9todo de embalaje utilizado para nuestros productos es que la parte exterior es una caja de madera, y la parte interior est\u00e1 rodeada de espuma. Como se muestra en la siguiente figura:<\/p>\n<p><img decoding=\"async\" class=\"alignnone size-full wp-image-3534\" src=\"https:\/\/jblcorten.com\/wp-content\/uploads\/2025\/06\/hanging-fireplace-buy-online.jpg\" alt=\"chimenea colgante comprar online\" width=\"750\" height=\"562\" title=\"\" srcset=\"https:\/\/jblcorten.com\/wp-content\/uploads\/2025\/06\/hanging-fireplace-buy-online.jpg 750w, https:\/\/jblcorten.com\/wp-content\/uploads\/2025\/06\/hanging-fireplace-buy-online-300x225.jpg 300w, https:\/\/jblcorten.com\/wp-content\/uploads\/2025\/06\/hanging-fireplace-buy-online-16x12.jpg 16w, https:\/\/jblcorten.com\/wp-content\/uploads\/2025\/06\/hanging-fireplace-buy-online-600x450.jpg 600w\" sizes=\"(max-width: 750px) 100vw, 750px\" \/><\/p>\n<p><img loading=\"lazy\" decoding=\"async\" class=\"alignnone size-full wp-image-3535\" src=\"https:\/\/jblcorten.com\/wp-content\/uploads\/2025\/06\/hanging-fireplace-for-sale.jpg\" alt=\"venta de chimeneas colgantes\" width=\"750\" height=\"562\" title=\"\" srcset=\"https:\/\/jblcorten.com\/wp-content\/uploads\/2025\/06\/hanging-fireplace-for-sale.jpg 750w, https:\/\/jblcorten.com\/wp-content\/uploads\/2025\/06\/hanging-fireplace-for-sale-300x225.jpg 300w, https:\/\/jblcorten.com\/wp-content\/uploads\/2025\/06\/hanging-fireplace-for-sale-16x12.jpg 16w, https:\/\/jblcorten.com\/wp-content\/uploads\/2025\/06\/hanging-fireplace-for-sale-600x450.jpg 600w\" sizes=\"(max-width: 750px) 100vw, 750px\" \/><\/p>\n<p><img loading=\"lazy\" decoding=\"async\" class=\"alignnone size-full wp-image-3536\" src=\"https:\/\/jblcorten.com\/wp-content\/uploads\/2025\/06\/Hanging-Fireplace.jpg\" alt=\"Chimenea colgante\" width=\"750\" height=\"562\" title=\"\" srcset=\"https:\/\/jblcorten.com\/wp-content\/uploads\/2025\/06\/Hanging-Fireplace.jpg 750w, https:\/\/jblcorten.com\/wp-content\/uploads\/2025\/06\/Hanging-Fireplace-300x225.jpg 300w, https:\/\/jblcorten.com\/wp-content\/uploads\/2025\/06\/Hanging-Fireplace-16x12.jpg 16w, https:\/\/jblcorten.com\/wp-content\/uploads\/2025\/06\/Hanging-Fireplace-600x450.jpg 600w\" sizes=\"(max-width: 750px) 100vw, 750px\" \/><\/p>\n<p><strong><span style=\"font-size: 14pt;\">PREGUNTAS FRECUENTES:<\/span><\/strong><\/p>\n<p>P1: \u00bfNecesita profesionales para la instalaci\u00f3n?<br \/>\nR: Se recomienda que instaladores profesionales realicen el izado y la fijaci\u00f3n para garantizar la seguridad.<\/p>\n<p>P2: \u00bfSe puede personalizar la talla o el color?<br \/>\nR: Se admite la personalizaci\u00f3n, incluido el color del cuerpo del horno, el tama\u00f1o, la longitud del tubo del horno, etc.<\/p>\n<p>P3: \u00bfEs f\u00e1cil de limpiar y mantener?<br \/>\nR: La superficie puede limpiarse, y las cenizas del interior de la cavidad del horno pueden retirarse con regularidad.<\/p>","protected":false},"excerpt":{"rendered":"<p>La chimenea de le\u00f1a colgante tiene un dise\u00f1o que no deja huella y libera espacio interior. El material de acero al carbono y la artesan\u00eda en negro son resistentes y hermosos. La rotaci\u00f3n manual de 360 grados del cabezal del quemador permite un calentamiento direccional preciso. La puerta de cristal transparente est\u00e1 equipada con un asa a prueba de quemaduras para ver el fuego con seguridad.<\/p>","protected":false},"featured_media":3529,"template":"","meta":{"site-sidebar-layout":"default","site-content-layout":"","ast-site-content-layout":"default","site-content-style":"default","site-sidebar-style":"default","ast-global-header-display":"","ast-banner-title-visibility":"","ast-main-header-display":"","ast-hfb-above-header-display":"","ast-hfb-below-header-display":"","ast-hfb-mobile-header-display":"","site-post-title":"","ast-breadcrumbs-content":"","ast-featured-img":"","footer-sml-layout":"","ast-disable-related-posts":"","theme-transparent-header-meta":"default","adv-header-id-meta":"","stick-header-meta":"","header-above-stick-meta":"","header-main-stick-meta":"","header-below-stick-meta":"","astra-migrate-meta-layouts":"set","ast-page-background-enabled":"default","ast-page-background-meta":{"desktop":{"background-color":"var(--ast-global-color-4)","background-image":"","background-repeat":"repeat","background-position":"center center","background-size":"auto","background-attachment":"scroll","background-type":"","background-media":"","overlay-type":"","overlay-color":"","overlay-opacity":"","overlay-gradient":""},"tablet":{"background-color":"","background-image":"","background-repeat":"repeat","background-position":"center center","background-size":"auto","background-attachment":"scroll","background-type":"","background-media":"","overlay-type":"","overlay-color":"","overlay-opacity":"","overlay-gradient":""},"mobile":{"background-color":"","background-image":"","background-repeat":"repeat","background-position":"center center","background-size":"auto","background-attachment":"scroll","background-type":"","background-media":"","overlay-type":"","overlay-color":"","overlay-opacity":"","overlay-gradient":""}},"ast-content-background-meta":{"desktop":{"background-color":"var(--ast-global-color-5)","background-image":"","background-repeat":"repeat","background-position":"center center","background-size":"auto","background-attachment":"scroll","background-type":"","background-media":"","overlay-type":"","overlay-color":"","overlay-opacity":"","overlay-gradient":""},"tablet":{"background-color":"var(--ast-global-color-5)","background-image":"","background-repeat":"repeat","background-position":"center center","background-size":"auto","background-attachment":"scroll","background-type":"","background-media":"","overlay-type":"","overlay-color":"","overlay-opacity":"","overlay-gradient":""},"mobile":{"background-color":"var(--ast-global-color-5)","background-image":"","background-repeat":"repeat","background-position":"center center","background-size":"auto","background-attachment":"scroll","background-type":"","background-media":"","overlay-type":"","overlay-color":"","overlay-opacity":"","overlay-gradient":""}}},"product_brand":[],"product_cat":[30],"product_tag":[],"class_list":{"0":"post-3526","1":"product","2":"type-product","3":"status-publish","4":"has-post-thumbnail","6":"product_cat-fireplace","7":"desktop-align-center","8":"tablet-align-left","9":"mobile-align-left","11":"first","12":"instock","13":"shipping-taxable","14":"product-type-simple"},"_links":{"self":[{"href":"https:\/\/jblcorten.com\/es\/wp-json\/wp\/v2\/product\/3526","targetHints":{"allow":["GET"]}}],"collection":[{"href":"https:\/\/jblcorten.com\/es\/wp-json\/wp\/v2\/product"}],"about":[{"href":"https:\/\/jblcorten.com\/es\/wp-json\/wp\/v2\/types\/product"}],"wp:featuredmedia":[{"embeddable":true,"href":"https:\/\/jblcorten.com\/es\/wp-json\/wp\/v2\/media\/3529"}],"wp:attachment":[{"href":"https:\/\/jblcorten.com\/es\/wp-json\/wp\/v2\/media?parent=3526"}],"wp:term":[{"taxonomy":"product_brand","embeddable":true,"href":"https:\/\/jblcorten.com\/es\/wp-json\/wp\/v2\/product_brand?post=3526"},{"taxonomy":"product_cat","embeddable":true,"href":"https:\/\/jblcorten.com\/es\/wp-json\/wp\/v2\/product_cat?post=3526"},{"taxonomy":"product_tag","embeddable":true,"href":"https:\/\/jblcorten.com\/es\/wp-json\/wp\/v2\/product_tag?post=3526"}],"curies":[{"name":"wp","href":"https:\/\/api.w.org\/{rel}","templated":true}]}}