{"id":3518,"date":"2025-06-30T15:24:40","date_gmt":"2025-06-30T07:24:40","guid":{"rendered":"https:\/\/jblcorten.com\/?post_type=product&#038;p=3518"},"modified":"2025-06-30T15:24:41","modified_gmt":"2025-06-30T07:24:41","slug":"parrilla-de-plancha","status":"publish","type":"product","link":"https:\/\/jblcorten.com\/es\/plancha-barbecue-grill\/","title":{"rendered":"Plancha Barbacoa"},"content":{"rendered":"<h2 style=\"text-align: center;\"><span style=\"font-size: 14pt;\">Plancha Barbacoa<\/span><\/h2>\n<p>La parrilla Plancha Barbecue Grill es un dispositivo para cocinar al aire libre. La plataforma superior doble est\u00e1 equipada con una parrilla de alta precisi\u00f3n y una parrilla multifuncional, que puede satisfacer las diferentes necesidades de fre\u00edr y asar a la parrilla tradicional al mismo tiempo. El espacio de almacenamiento de le\u00f1a, ingeniosamente dise\u00f1ado en el nivel inferior, no solo proporciona suficiente espacio para almacenar combustible, sino que tambi\u00e9n garantiza que la le\u00f1a se mantenga seca, lo que proporciona una fuente de calor estable para cocinar en cualquier momento.<\/p>\n<p>Las im\u00e1genes que se muestran a continuaci\u00f3n son los resultados obtenidos por nuestros clientes suizos al utilizar este producto. Este producto ha demostrado un excelente rendimiento en su uso real. Nuestros clientes suizos realizaron pruebas de campo inmediatamente despu\u00e9s de recibir el producto y enviaron im\u00e1genes para mostrar su satisfacci\u00f3n con nuestros productos.<\/p>\n<p><img fetchpriority=\"high\" decoding=\"async\" class=\"alignnone size-full wp-image-3522\" src=\"https:\/\/jblcorten.com\/wp-content\/uploads\/2025\/06\/Plancha-Barbecue-Grill.jpg\" alt=\"Plancha Barbacoa\" width=\"1000\" height=\"400\" title=\"\" srcset=\"https:\/\/jblcorten.com\/wp-content\/uploads\/2025\/06\/Plancha-Barbecue-Grill.jpg 1000w, https:\/\/jblcorten.com\/wp-content\/uploads\/2025\/06\/Plancha-Barbecue-Grill-300x120.jpg 300w, https:\/\/jblcorten.com\/wp-content\/uploads\/2025\/06\/Plancha-Barbecue-Grill-768x307.jpg 768w, https:\/\/jblcorten.com\/wp-content\/uploads\/2025\/06\/Plancha-Barbecue-Grill-18x7.jpg 18w, https:\/\/jblcorten.com\/wp-content\/uploads\/2025\/06\/Plancha-Barbecue-Grill-600x240.jpg 600w\" sizes=\"(max-width: 1000px) 100vw, 1000px\" \/><\/p>\n<p><strong><span style=\"font-size: 14pt;\">Caracter\u00edsticas del producto:<\/span><\/strong><\/p>\n<p><span style=\"color: #e38c12;\">Excelente durabilidad:<\/span> El acero resistente a la intemperie ha sido sometido a un tratamiento especial para formar una capa protectora de oxidaci\u00f3n estable, que resiste eficazmente la erosi\u00f3n natural, como la lluvia, la nieve, las heladas y los rayos ultravioleta. Su vida \u00fatil puede alcanzar d\u00e9cadas, lo que supone entre 3 y 5 veces m\u00e1s que la de los equipos de barbacoa normales.<\/p>\n<p><span style=\"color: #e38c12;\">Experiencia profesional en cocina:<\/span> Los dos m\u00e9todos de cocci\u00f3n satisfacen diferentes necesidades culinarias, ya sea teppanyaki fino o barbacoa tradicional con carb\u00f3n, se puede manejar f\u00e1cilmente. El sabor ahumado natural que produce la le\u00f1a hace que la comida sea m\u00e1s arom\u00e1tica y deliciosa.<\/p>\n<p><span style=\"color: #e38c12;\">Dise\u00f1o c\u00f3modo y pr\u00e1ctico:<\/span> Dise\u00f1o con una altura razonable, ergon\u00f3mico, c\u00f3modo y que no cansa al usarlo. El dise\u00f1o del espacio inferior para guardar le\u00f1a es pr\u00e1ctico y bien pensado, ya que mantiene la le\u00f1a seca y lista para usar en cualquier momento. La estructura general es estable y f\u00e1cil de mover.<\/p>\n<p><span style=\"color: #e38c12;\">Respetuoso con el medio ambiente:<\/span> Al utilizar madera natural como combustible y evitar las sustancias nocivas presentes en los combustibles qu\u00edmicos, el proceso de cocci\u00f3n es m\u00e1s saludable y respetuoso con el medio ambiente. El acero resistente a la intemperie es un material reciclable y acorde con el concepto de desarrollo sostenible.<\/p>\n<p><span style=\"color: #e38c12;\">Hermosa y generosa:<\/span> Dise\u00f1o industrial \u00fanico y est\u00e9tico, con una textura de color \u00f3xido que combina a la perfecci\u00f3n con los patios y jardines modernos. No es solo un utensilio de cocina, sino tambi\u00e9n un elemento decorativo que realza el espacio exterior.<\/p>\n<p><strong><span style=\"font-size: 14pt;\">Especificaci\u00f3n del producto:<\/span><\/strong><\/p>\n<table style=\"border-collapse: collapse; width: 100%;\">\n<tbody>\n<tr>\n<td style=\"width: 24.9439%; background-color: #f5f5f5;\">Tama\u00f1o del producto<\/td>\n<td style=\"width: 75.0561%; background-color: #f5f5f5;\">100 cm de ancho x 100 cm de alto<\/td>\n<\/tr>\n<tr>\n<td style=\"width: 24.9439%;\">\u00c1rea de cocina<\/td>\n<td style=\"width: 75.0561%;\">100D *30 H cm<\/td>\n<\/tr>\n<tr>\n<td style=\"width: 24.9439%; background-color: #f5f5f5;\">Material<\/td>\n<td style=\"width: 75.0561%; background-color: #f5f5f5;\">Acero corten<\/td>\n<\/tr>\n<tr>\n<td style=\"width: 24.9439%;\">Combustible<\/td>\n<td style=\"width: 75.0561%;\">Madera, carb\u00f3n vegetal<\/td>\n<\/tr>\n<tr>\n<td style=\"width: 24.9439%; background-color: #f5f5f5;\">Tratamiento de superficies<\/td>\n<td style=\"width: 75.0561%; background-color: #f5f5f5;\">Tratamiento de oxidaci\u00f3n natural<\/td>\n<\/tr>\n<\/tbody>\n<\/table>\n<p><span style=\"font-size: 14pt;\"><strong>Incluye los accesorios necesarios:<\/strong><\/span><\/p>\n<p>Esta parrilla para barbacoa incluye algunas herramientas necesarias: bandeja para parrilla, parrilla central, asas, etc., todas ellas desmontables.<\/p>\n<p><img decoding=\"async\" class=\"alignnone size-full wp-image-3520\" src=\"https:\/\/jblcorten.com\/wp-content\/uploads\/2025\/06\/bbq-grill-accessories.jpg\" alt=\"Accesorios para barbacoas\" width=\"1000\" height=\"266\" title=\"\" srcset=\"https:\/\/jblcorten.com\/wp-content\/uploads\/2025\/06\/bbq-grill-accessories.jpg 1000w, https:\/\/jblcorten.com\/wp-content\/uploads\/2025\/06\/bbq-grill-accessories-300x80.jpg 300w, https:\/\/jblcorten.com\/wp-content\/uploads\/2025\/06\/bbq-grill-accessories-768x204.jpg 768w, https:\/\/jblcorten.com\/wp-content\/uploads\/2025\/06\/bbq-grill-accessories-18x5.jpg 18w, https:\/\/jblcorten.com\/wp-content\/uploads\/2025\/06\/bbq-grill-accessories-600x160.jpg 600w\" sizes=\"(max-width: 1000px) 100vw, 1000px\" \/><\/p>\n<p><strong><span style=\"font-size: 14pt;\">M\u00e9todos de embalaje:<\/span><\/strong><\/p>\n<p><img decoding=\"async\" class=\"alignnone size-full wp-image-3521\" src=\"https:\/\/jblcorten.com\/wp-content\/uploads\/2025\/06\/bbq-grill-packing.jpg\" alt=\"Embalaje para barbacoa\" width=\"1000\" height=\"381\" title=\"\" srcset=\"https:\/\/jblcorten.com\/wp-content\/uploads\/2025\/06\/bbq-grill-packing.jpg 1000w, https:\/\/jblcorten.com\/wp-content\/uploads\/2025\/06\/bbq-grill-packing-300x114.jpg 300w, https:\/\/jblcorten.com\/wp-content\/uploads\/2025\/06\/bbq-grill-packing-768x293.jpg 768w, https:\/\/jblcorten.com\/wp-content\/uploads\/2025\/06\/bbq-grill-packing-18x7.jpg 18w, https:\/\/jblcorten.com\/wp-content\/uploads\/2025\/06\/bbq-grill-packing-600x229.jpg 600w\" sizes=\"(max-width: 1000px) 100vw, 1000px\" \/><\/p>","protected":false},"excerpt":{"rendered":"<p>La parrilla Plancha Barbecue Grill es un equipo profesional para barbacoas al aire libre fabricado en acero resistente a la intemperie de alta calidad. La capa superior est\u00e1 equipada con una parrilla y una rejilla de alto rendimiento, y la capa inferior cuenta con un espacio espec\u00edfico para almacenar le\u00f1a, lo que le permite disfrutar de la aut\u00e9ntica diversi\u00f3n de cocinar al aire libre.<\/p>\n<p>Material: Corten<br \/>\nTama\u00f1o: 100 cm de ancho x 100 cm de alto<br \/>\nEspesor: 3 mm<br \/>\nAcabado: Acabado oxidado<br \/>\nEmbalaje: Caja de madera<\/p>","protected":false},"featured_media":3525,"template":"","meta":{"site-sidebar-layout":"default","site-content-layout":"","ast-site-content-layout":"default","site-content-style":"default","site-sidebar-style":"default","ast-global-header-display":"","ast-banner-title-visibility":"","ast-main-header-display":"","ast-hfb-above-header-display":"","ast-hfb-below-header-display":"","ast-hfb-mobile-header-display":"","site-post-title":"","ast-breadcrumbs-content":"","ast-featured-img":"","footer-sml-layout":"","ast-disable-related-posts":"","theme-transparent-header-meta":"default","adv-header-id-meta":"","stick-header-meta":"","header-above-stick-meta":"","header-main-stick-meta":"","header-below-stick-meta":"","astra-migrate-meta-layouts":"set","ast-page-background-enabled":"default","ast-page-background-meta":{"desktop":{"background-color":"var(--ast-global-color-4)","background-image":"","background-repeat":"repeat","background-position":"center center","background-size":"auto","background-attachment":"scroll","background-type":"","background-media":"","overlay-type":"","overlay-color":"","overlay-opacity":"","overlay-gradient":""},"tablet":{"background-color":"","background-image":"","background-repeat":"repeat","background-position":"center center","background-size":"auto","background-attachment":"scroll","background-type":"","background-media":"","overlay-type":"","overlay-color":"","overlay-opacity":"","overlay-gradient":""},"mobile":{"background-color":"","background-image":"","background-repeat":"repeat","background-position":"center center","background-size":"auto","background-attachment":"scroll","background-type":"","background-media":"","overlay-type":"","overlay-color":"","overlay-opacity":"","overlay-gradient":""}},"ast-content-background-meta":{"desktop":{"background-color":"var(--ast-global-color-5)","background-image":"","background-repeat":"repeat","background-position":"center center","background-size":"auto","background-attachment":"scroll","background-type":"","background-media":"","overlay-type":"","overlay-color":"","overlay-opacity":"","overlay-gradient":""},"tablet":{"background-color":"var(--ast-global-color-5)","background-image":"","background-repeat":"repeat","background-position":"center center","background-size":"auto","background-attachment":"scroll","background-type":"","background-media":"","overlay-type":"","overlay-color":"","overlay-opacity":"","overlay-gradient":""},"mobile":{"background-color":"var(--ast-global-color-5)","background-image":"","background-repeat":"repeat","background-position":"center center","background-size":"auto","background-attachment":"scroll","background-type":"","background-media":"","overlay-type":"","overlay-color":"","overlay-opacity":"","overlay-gradient":""}}},"product_brand":[],"product_cat":[25],"product_tag":[27,70],"class_list":{"0":"post-3518","1":"product","2":"type-product","3":"status-publish","4":"has-post-thumbnail","6":"product_cat-bbq-grill","7":"product_tag-bbq-grill","8":"product_tag-corten-steel-bbq-grill","9":"desktop-align-center","10":"tablet-align-left","11":"mobile-align-left","13":"first","14":"instock","15":"shipping-taxable","16":"product-type-simple"},"_links":{"self":[{"href":"https:\/\/jblcorten.com\/es\/wp-json\/wp\/v2\/product\/3518","targetHints":{"allow":["GET"]}}],"collection":[{"href":"https:\/\/jblcorten.com\/es\/wp-json\/wp\/v2\/product"}],"about":[{"href":"https:\/\/jblcorten.com\/es\/wp-json\/wp\/v2\/types\/product"}],"wp:featuredmedia":[{"embeddable":true,"href":"https:\/\/jblcorten.com\/es\/wp-json\/wp\/v2\/media\/3525"}],"wp:attachment":[{"href":"https:\/\/jblcorten.com\/es\/wp-json\/wp\/v2\/media?parent=3518"}],"wp:term":[{"taxonomy":"product_brand","embeddable":true,"href":"https:\/\/jblcorten.com\/es\/wp-json\/wp\/v2\/product_brand?post=3518"},{"taxonomy":"product_cat","embeddable":true,"href":"https:\/\/jblcorten.com\/es\/wp-json\/wp\/v2\/product_cat?post=3518"},{"taxonomy":"product_tag","embeddable":true,"href":"https:\/\/jblcorten.com\/es\/wp-json\/wp\/v2\/product_tag?post=3518"}],"curies":[{"name":"wp","href":"https:\/\/api.w.org\/{rel}","templated":true}]}}