{"id":3483,"date":"2025-06-26T17:20:04","date_gmt":"2025-06-26T09:20:04","guid":{"rendered":"https:\/\/jblcorten.com\/?post_type=product&#038;p=3483"},"modified":"2025-06-26T17:20:04","modified_gmt":"2025-06-26T09:20:04","slug":"tanque-de-propano-oculto-hoguera","status":"publish","type":"product","link":"https:\/\/jblcorten.com\/es\/hidden-propane-tank-fire-pit\/","title":{"rendered":"Fogata oculta con dep\u00f3sito de propano"},"content":{"rendered":"<h2 style=\"text-align: center;\"><span style=\"font-size: 14pt;\">Fogata oculta con dep\u00f3sito de propano<\/span><\/h2>\n<p>Este pozo de fuego con tanque de propano oculto est\u00e1 hecho de acero corten (acero resistente a la intemperie) y desarrollar\u00e1 naturalmente una apariencia oxidada con el tiempo, que es a prueba de \u00f3xido y tiene un alto valor decorativo. El interior del pozo de fuego es un quemador de acero inoxidable, con decoraci\u00f3n de roca volc\u00e1nica en el interior, que proporciona una llama estable y hermosa, y est\u00e1 rodeado por un paravientos de vidrio templado para mejorar la seguridad y la experiencia visual.<\/p>\n<p>El pozo de fuego est\u00e1 equipado con tuber\u00edas de gas ocultas y tanques de propano en el interior, equipados con un bot\u00f3n interruptor y un dispositivo de ajuste de la llama, que es f\u00e1cil de operar. Es adecuado para patios privados, y tambi\u00e9n es muy utilizado en hoteles de alta gama, terrazas en azoteas, etc.<\/p>\n<p><img fetchpriority=\"high\" decoding=\"async\" class=\"alignnone wp-image-3484\" src=\"https:\/\/jblcorten.com\/wp-content\/uploads\/2025\/06\/hidden-propane-tank-fire-pit.jpg\" alt=\"tanque de propano oculto hoguera\" width=\"750\" height=\"470\" title=\"\" srcset=\"https:\/\/jblcorten.com\/wp-content\/uploads\/2025\/06\/hidden-propane-tank-fire-pit.jpg 1000w, https:\/\/jblcorten.com\/wp-content\/uploads\/2025\/06\/hidden-propane-tank-fire-pit-300x188.jpg 300w, https:\/\/jblcorten.com\/wp-content\/uploads\/2025\/06\/hidden-propane-tank-fire-pit-768x481.jpg 768w, https:\/\/jblcorten.com\/wp-content\/uploads\/2025\/06\/hidden-propane-tank-fire-pit-18x12.jpg 18w, https:\/\/jblcorten.com\/wp-content\/uploads\/2025\/06\/hidden-propane-tank-fire-pit-600x376.jpg 600w\" sizes=\"(max-width: 750px) 100vw, 750px\" \/><\/p>\n<p><strong><span style=\"font-size: 14pt;\">Especificaci\u00f3n del producto:<\/span><\/strong><\/p>\n<table style=\"border-collapse: collapse; width: 100%;\">\n<tbody>\n<tr>\n<td style=\"width: 29.2072%; background-color: #f5f5f5;\">Tipo de producto<\/td>\n<td style=\"width: 70.7928%; background-color: #f5f5f5;\">Fog\u00f3n de gas<\/td>\n<\/tr>\n<tr>\n<td style=\"width: 29.2072%;\">Material<\/td>\n<td style=\"width: 70.7928%;\">Acero corten, acero inoxidable<\/td>\n<\/tr>\n<tr>\n<td style=\"width: 29.2072%; background-color: #f5f5f5;\">Talla<\/td>\n<td style=\"width: 70.7928%; background-color: #f5f5f5;\">1200mm \u00d7500mm \u00d7600mm o personalizado<\/td>\n<\/tr>\n<tr>\n<td style=\"width: 29.2072%;\">Combustible<\/td>\n<td style=\"width: 70.7928%;\">Propano<\/td>\n<\/tr>\n<tr>\n<td style=\"width: 29.2072%; background-color: #f5f5f5;\">Encendido<\/td>\n<td style=\"width: 70.7928%; background-color: #f5f5f5;\">Encendido por bot\u00f3n<\/td>\n<\/tr>\n<\/tbody>\n<\/table>\n<p><strong><span style=\"font-size: 14pt;\">Accesorios:<\/span><\/strong><\/p>\n<ul>\n<li>Quemador: Fabricado en acero inoxidable, duradero<\/li>\n<li>Protector de vidrio contra el viento: Mejora la estabilidad de la llama y la visi\u00f3n de la hoguera<\/li>\n<li>Rocas de lava: Ayuda a distribuir uniformemente las llamas y mejora los efectos visuales<\/li>\n<li>Manguera de gas con conector: Conecta el pozo de fuego al tanque de propano<\/li>\n<\/ul>\n<p><img decoding=\"async\" class=\"alignnone size-full wp-image-3487\" src=\"https:\/\/jblcorten.com\/wp-content\/uploads\/2025\/06\/fire-pit-with-propane-tank-inside.jpg\" alt=\"pozo de fuego con tanque de propano en el interior\" width=\"1000\" height=\"400\" title=\"\" srcset=\"https:\/\/jblcorten.com\/wp-content\/uploads\/2025\/06\/fire-pit-with-propane-tank-inside.jpg 1000w, https:\/\/jblcorten.com\/wp-content\/uploads\/2025\/06\/fire-pit-with-propane-tank-inside-300x120.jpg 300w, https:\/\/jblcorten.com\/wp-content\/uploads\/2025\/06\/fire-pit-with-propane-tank-inside-768x307.jpg 768w, https:\/\/jblcorten.com\/wp-content\/uploads\/2025\/06\/fire-pit-with-propane-tank-inside-18x7.jpg 18w, https:\/\/jblcorten.com\/wp-content\/uploads\/2025\/06\/fire-pit-with-propane-tank-inside-600x240.jpg 600w\" sizes=\"(max-width: 1000px) 100vw, 1000px\" \/><\/p>\n<p><strong><span style=\"font-size: 14pt;\">PREGUNTAS FRECUENTES:<\/span><\/strong><\/p>\n<p>1.P: \u00bfFuma cuando se utiliza?<br \/>\nR: No, la hoguera utiliza combustible de gas, que arde limpiamente sin humo ni cenizas.<\/p>\n<p>2.P: \u00bfHay que montarlo?<br \/>\nR: B\u00e1sicamente no requiere montaje, s\u00f3lo tiene que conectar la interfaz de gas y ya puede utilizarla.<\/p>\n<p>3.P: \u00bfSe oxidar\u00e1 siempre el acero inoxidable?<br \/>\nR: Su \u201c\u00f3xido\u201d es una capa protectora, que ser\u00e1 estable y no se caer\u00e1 tras su formaci\u00f3n, y no afectar\u00e1 al uso.<\/p>\n<p>4.P: \u00bfSe puede colocar sobre un suelo de madera?<br \/>\nR: S\u00ed, pero se recomienda colocar una alfombrilla resistente al calor o un ladrillo ign\u00edfugo en el fondo de la hoguera para aumentar la seguridad.<\/p>\n<p>5.P: \u00bfSe puede personalizar el tama\u00f1o o el color?<br \/>\nR: Se admiten tama\u00f1os personalizados y accesorios a juego. Deja un mensaje en el siguiente formulario para obtener m\u00e1s informaci\u00f3n.<\/p>","protected":false},"excerpt":{"rendered":"<p>Este pozo de fuego con tanque de propano oculto est\u00e1 hecho de acero corten de alta calidad, y la superficie est\u00e1 especialmente tratada con antioxidante para formar una capa protectora de color \u00f3xido natural. Equipado con cerramiento de vidrio templado de alta temperatura, bloquea eficazmente el viento y proporciona protecci\u00f3n de seguridad.<\/p>\n<ul>\n<li>Material de acero de alta calidad resistente a la intemperie, duradero;<\/li>\n<li>Cubierta de cristal transparente resistente a altas temperaturas;<\/li>\n<li>Sistema de encendido electr\u00f3nico, f\u00e1cil de manejar;<\/li>\n<li>Ajuste de fuego multinivel;<\/li>\n<li>Dise\u00f1o de dep\u00f3sito de propano oculto.<\/li>\n<\/ul>","protected":false},"featured_media":2569,"template":"","meta":{"site-sidebar-layout":"default","site-content-layout":"","ast-site-content-layout":"default","site-content-style":"default","site-sidebar-style":"default","ast-global-header-display":"","ast-banner-title-visibility":"","ast-main-header-display":"","ast-hfb-above-header-display":"","ast-hfb-below-header-display":"","ast-hfb-mobile-header-display":"","site-post-title":"","ast-breadcrumbs-content":"","ast-featured-img":"","footer-sml-layout":"","ast-disable-related-posts":"","theme-transparent-header-meta":"default","adv-header-id-meta":"","stick-header-meta":"","header-above-stick-meta":"","header-main-stick-meta":"","header-below-stick-meta":"","astra-migrate-meta-layouts":"set","ast-page-background-enabled":"default","ast-page-background-meta":{"desktop":{"background-color":"var(--ast-global-color-4)","background-image":"","background-repeat":"repeat","background-position":"center center","background-size":"auto","background-attachment":"scroll","background-type":"","background-media":"","overlay-type":"","overlay-color":"","overlay-opacity":"","overlay-gradient":""},"tablet":{"background-color":"","background-image":"","background-repeat":"repeat","background-position":"center center","background-size":"auto","background-attachment":"scroll","background-type":"","background-media":"","overlay-type":"","overlay-color":"","overlay-opacity":"","overlay-gradient":""},"mobile":{"background-color":"","background-image":"","background-repeat":"repeat","background-position":"center center","background-size":"auto","background-attachment":"scroll","background-type":"","background-media":"","overlay-type":"","overlay-color":"","overlay-opacity":"","overlay-gradient":""}},"ast-content-background-meta":{"desktop":{"background-color":"var(--ast-global-color-5)","background-image":"","background-repeat":"repeat","background-position":"center center","background-size":"auto","background-attachment":"scroll","background-type":"","background-media":"","overlay-type":"","overlay-color":"","overlay-opacity":"","overlay-gradient":""},"tablet":{"background-color":"var(--ast-global-color-5)","background-image":"","background-repeat":"repeat","background-position":"center center","background-size":"auto","background-attachment":"scroll","background-type":"","background-media":"","overlay-type":"","overlay-color":"","overlay-opacity":"","overlay-gradient":""},"mobile":{"background-color":"var(--ast-global-color-5)","background-image":"","background-repeat":"repeat","background-position":"center center","background-size":"auto","background-attachment":"scroll","background-type":"","background-media":"","overlay-type":"","overlay-color":"","overlay-opacity":"","overlay-gradient":""}}},"product_brand":[],"product_cat":[29,47],"product_tag":[78,79],"class_list":{"0":"post-3483","1":"product","2":"type-product","3":"status-publish","4":"has-post-thumbnail","6":"product_cat-fire-pit","7":"product_cat-gas-fire-pit","8":"product_tag-gas-fire-pit","9":"product_tag-smokeless-fire-pit","10":"desktop-align-center","11":"tablet-align-left","12":"mobile-align-left","14":"first","15":"instock","16":"shipping-taxable","17":"product-type-simple"},"_links":{"self":[{"href":"https:\/\/jblcorten.com\/es\/wp-json\/wp\/v2\/product\/3483","targetHints":{"allow":["GET"]}}],"collection":[{"href":"https:\/\/jblcorten.com\/es\/wp-json\/wp\/v2\/product"}],"about":[{"href":"https:\/\/jblcorten.com\/es\/wp-json\/wp\/v2\/types\/product"}],"wp:featuredmedia":[{"embeddable":true,"href":"https:\/\/jblcorten.com\/es\/wp-json\/wp\/v2\/media\/2569"}],"wp:attachment":[{"href":"https:\/\/jblcorten.com\/es\/wp-json\/wp\/v2\/media?parent=3483"}],"wp:term":[{"taxonomy":"product_brand","embeddable":true,"href":"https:\/\/jblcorten.com\/es\/wp-json\/wp\/v2\/product_brand?post=3483"},{"taxonomy":"product_cat","embeddable":true,"href":"https:\/\/jblcorten.com\/es\/wp-json\/wp\/v2\/product_cat?post=3483"},{"taxonomy":"product_tag","embeddable":true,"href":"https:\/\/jblcorten.com\/es\/wp-json\/wp\/v2\/product_tag?post=3483"}],"curies":[{"name":"wp","href":"https:\/\/api.w.org\/{rel}","templated":true}]}}