{"id":3468,"date":"2025-06-26T11:48:08","date_gmt":"2025-06-26T03:48:08","guid":{"rendered":"https:\/\/jblcorten.com\/?post_type=product&#038;p=3468"},"modified":"2025-06-26T17:16:40","modified_gmt":"2025-06-26T09:16:40","slug":"hoguera-de-gas-portatil","status":"publish","type":"product","link":"https:\/\/jblcorten.com\/es\/portable-gas-fire-pit\/","title":{"rendered":"Hoguera de gas port\u00e1til"},"content":{"rendered":"<h2 style=\"text-align: center;\"><span style=\"font-size: 14pt;\">Hoguera de gas port\u00e1til<\/span><\/h2>\n<p>Este fog\u00f3n de gas port\u00e1til de alta calidad es el compa\u00f1ero perfecto para la vida al aire libre. Est\u00e1 fabricado en acero al carbono y la superficie est\u00e1 pintada, lo que le confiere belleza y durabilidad. El exclusivo dise\u00f1o de quemador anular de 360 grados, combinado con la tecnolog\u00eda de combusti\u00f3n importada de Alemania, garantiza que la llama se distribuya uniformemente y sea estable, y la eficiencia de combusti\u00f3n es tan alta como 95%.<\/p>\n<p>La potente potencia calor\u00edfica de 52000 BTU se puede encender en 3 segundos, y la potencia del fuego se puede ajustar con un bot\u00f3n para satisfacer las necesidades de diferentes escenas. Con el dise\u00f1o de la cubierta a prueba de viento, la llama puede mantenerse encendida de forma estable incluso con brisa.<\/p>\n<p>El dise\u00f1o port\u00e1til s\u00f3lo ocupa 20,5*20,5*12,8 cm de espacio despu\u00e9s de guardarlo, pesa s\u00f3lo 32 libras y viene con una bolsa de almacenamiento especial, para que pueda llevarlo f\u00e1cilmente a donde quiera. Diga adi\u00f3s al humo y al fuego de las hogueras tradicionales y disfrute de la experiencia del fuego moderno, limpio y sin humo.<\/p>\n<p><img fetchpriority=\"high\" decoding=\"async\" class=\"alignnone wp-image-3475 size-full\" title=\"hoguera de gas port\u00e1til\" src=\"https:\/\/jblcorten.com\/wp-content\/uploads\/2025\/06\/portable-gas-fire-pit-for-sale.jpg\" alt=\"\" width=\"1000\" height=\"588\" srcset=\"https:\/\/jblcorten.com\/wp-content\/uploads\/2025\/06\/portable-gas-fire-pit-for-sale.jpg 1000w, https:\/\/jblcorten.com\/wp-content\/uploads\/2025\/06\/portable-gas-fire-pit-for-sale-300x176.jpg 300w, https:\/\/jblcorten.com\/wp-content\/uploads\/2025\/06\/portable-gas-fire-pit-for-sale-768x452.jpg 768w, https:\/\/jblcorten.com\/wp-content\/uploads\/2025\/06\/portable-gas-fire-pit-for-sale-18x12.jpg 18w, https:\/\/jblcorten.com\/wp-content\/uploads\/2025\/06\/portable-gas-fire-pit-for-sale-600x353.jpg 600w\" sizes=\"(max-width: 1000px) 100vw, 1000px\" \/><\/p>\n<table style=\"border-collapse: collapse; width: 100%;\">\n<tbody>\n<tr>\n<td style=\"width: 38.9305%; background-color: #f5f5f5;\">Nombre del producto<\/td>\n<td style=\"width: 61.0695%; background-color: #f5f5f5;\">Hoguera de gas port\u00e1til<\/td>\n<\/tr>\n<tr>\n<td style=\"width: 38.9305%;\">Material<\/td>\n<td style=\"width: 61.0695%;\">Acero al carbono, acero inoxidable<\/td>\n<\/tr>\n<tr>\n<td style=\"width: 38.9305%; background-color: #f5f5f5;\">Color<\/td>\n<td style=\"width: 61.0695%; background-color: #f5f5f5;\">Negro<\/td>\n<\/tr>\n<tr>\n<td style=\"width: 38.9305%;\">Talla<\/td>\n<td style=\"width: 61.0695%;\">20.5*20.5*12.8cm<\/td>\n<\/tr>\n<tr>\n<td style=\"width: 38.9305%; background-color: #f5f5f5;\">Combustible<\/td>\n<td style=\"width: 61.0695%; background-color: #f5f5f5;\">Propano<\/td>\n<\/tr>\n<\/tbody>\n<\/table>\n<p style=\"text-align: center;\"><span style=\"font-size: 14pt; color: #37ab1a;\"><strong>\u00bfPor qu\u00e9 elegir el pozo de fuego de gas?<\/strong><\/span><\/p>\n<p><strong>SIN HUMO ni CENIZAS:<\/strong> Esta hoguera de gas ofrece un fuego de campamento limpio, sin humo y realista. Ya no tiene que preparar y transportar le\u00f1a cara, ni hacer fuego. Simplemente disfrute de la c\u00f3moda vida al aire libre.<\/p>\n<p><strong>PORT\u00c1TIL Y F\u00c1CIL DE TRANSPORTAR:<\/strong> Este pozo de fuego port\u00e1til hecho en tama\u00f1o compacto, ligero y ahorrar espacio. Puede ponerlo en el maletero de su coche, llev\u00e1ndolo a donde quiera ir. Tama\u00f1o: 20.5*20.5*12.8cm.<\/p>\n<p><strong>EL CENTRO DE MESA PERFECTO PARA EXTERIORES:<\/strong> El pozo de fuego de gas port\u00e1til con quemador negro mate cl\u00e1sico con salida de calor a 52.000Btu, proporciona calor y crea una atm\u00f3sfera para hablar en el patio trasero, calefacci\u00f3n de camping, viajes RV, fiesta en la playa y patio. Comparta los buenos momentos con la familia y los amigos con comodidad y estilo en cualquier lugar al aire libre.Aprobaci\u00f3n ETL y CE.<\/p>\n<p><img decoding=\"async\" class=\"alignnone size-full wp-image-3485\" src=\"https:\/\/jblcorten.com\/wp-content\/uploads\/2025\/06\/outdoor-propane-fire-pit-1.jpg\" alt=\"hoguera exterior de propano\" width=\"1000\" height=\"400\" title=\"\" srcset=\"https:\/\/jblcorten.com\/wp-content\/uploads\/2025\/06\/outdoor-propane-fire-pit-1.jpg 1000w, https:\/\/jblcorten.com\/wp-content\/uploads\/2025\/06\/outdoor-propane-fire-pit-1-300x120.jpg 300w, https:\/\/jblcorten.com\/wp-content\/uploads\/2025\/06\/outdoor-propane-fire-pit-1-768x307.jpg 768w, https:\/\/jblcorten.com\/wp-content\/uploads\/2025\/06\/outdoor-propane-fire-pit-1-18x7.jpg 18w, https:\/\/jblcorten.com\/wp-content\/uploads\/2025\/06\/outdoor-propane-fire-pit-1-600x240.jpg 600w\" sizes=\"(max-width: 1000px) 100vw, 1000px\" \/><\/p>","protected":false},"excerpt":{"rendered":"<p>Esta hoguera de gas port\u00e1til tiene una gran potencia calor\u00edfica de 52.000 BTU, puede encenderse en 3 segundos y la potencia del fuego puede ajustarse con un bot\u00f3n para satisfacer las necesidades de diferentes escenas. Con el dise\u00f1o de la cubierta a prueba de viento, la llama puede mantenerse encendida de forma estable incluso con brisa.<\/p>\n<p>&nbsp;<\/p>","protected":false},"featured_media":3473,"template":"","meta":{"site-sidebar-layout":"default","site-content-layout":"","ast-site-content-layout":"default","site-content-style":"default","site-sidebar-style":"default","ast-global-header-display":"","ast-banner-title-visibility":"","ast-main-header-display":"","ast-hfb-above-header-display":"","ast-hfb-below-header-display":"","ast-hfb-mobile-header-display":"","site-post-title":"","ast-breadcrumbs-content":"","ast-featured-img":"","footer-sml-layout":"","ast-disable-related-posts":"","theme-transparent-header-meta":"default","adv-header-id-meta":"","stick-header-meta":"","header-above-stick-meta":"","header-main-stick-meta":"","header-below-stick-meta":"","astra-migrate-meta-layouts":"set","ast-page-background-enabled":"default","ast-page-background-meta":{"desktop":{"background-color":"var(--ast-global-color-4)","background-image":"","background-repeat":"repeat","background-position":"center center","background-size":"auto","background-attachment":"scroll","background-type":"","background-media":"","overlay-type":"","overlay-color":"","overlay-opacity":"","overlay-gradient":""},"tablet":{"background-color":"","background-image":"","background-repeat":"repeat","background-position":"center center","background-size":"auto","background-attachment":"scroll","background-type":"","background-media":"","overlay-type":"","overlay-color":"","overlay-opacity":"","overlay-gradient":""},"mobile":{"background-color":"","background-image":"","background-repeat":"repeat","background-position":"center center","background-size":"auto","background-attachment":"scroll","background-type":"","background-media":"","overlay-type":"","overlay-color":"","overlay-opacity":"","overlay-gradient":""}},"ast-content-background-meta":{"desktop":{"background-color":"var(--ast-global-color-5)","background-image":"","background-repeat":"repeat","background-position":"center center","background-size":"auto","background-attachment":"scroll","background-type":"","background-media":"","overlay-type":"","overlay-color":"","overlay-opacity":"","overlay-gradient":""},"tablet":{"background-color":"var(--ast-global-color-5)","background-image":"","background-repeat":"repeat","background-position":"center center","background-size":"auto","background-attachment":"scroll","background-type":"","background-media":"","overlay-type":"","overlay-color":"","overlay-opacity":"","overlay-gradient":""},"mobile":{"background-color":"var(--ast-global-color-5)","background-image":"","background-repeat":"repeat","background-position":"center center","background-size":"auto","background-attachment":"scroll","background-type":"","background-media":"","overlay-type":"","overlay-color":"","overlay-opacity":"","overlay-gradient":""}}},"product_brand":[],"product_cat":[29,47],"product_tag":[],"class_list":{"0":"post-3468","1":"product","2":"type-product","3":"status-publish","4":"has-post-thumbnail","6":"product_cat-fire-pit","7":"product_cat-gas-fire-pit","8":"desktop-align-center","9":"tablet-align-left","10":"mobile-align-left","12":"first","13":"instock","14":"shipping-taxable","15":"product-type-simple"},"_links":{"self":[{"href":"https:\/\/jblcorten.com\/es\/wp-json\/wp\/v2\/product\/3468","targetHints":{"allow":["GET"]}}],"collection":[{"href":"https:\/\/jblcorten.com\/es\/wp-json\/wp\/v2\/product"}],"about":[{"href":"https:\/\/jblcorten.com\/es\/wp-json\/wp\/v2\/types\/product"}],"wp:featuredmedia":[{"embeddable":true,"href":"https:\/\/jblcorten.com\/es\/wp-json\/wp\/v2\/media\/3473"}],"wp:attachment":[{"href":"https:\/\/jblcorten.com\/es\/wp-json\/wp\/v2\/media?parent=3468"}],"wp:term":[{"taxonomy":"product_brand","embeddable":true,"href":"https:\/\/jblcorten.com\/es\/wp-json\/wp\/v2\/product_brand?post=3468"},{"taxonomy":"product_cat","embeddable":true,"href":"https:\/\/jblcorten.com\/es\/wp-json\/wp\/v2\/product_cat?post=3468"},{"taxonomy":"product_tag","embeddable":true,"href":"https:\/\/jblcorten.com\/es\/wp-json\/wp\/v2\/product_tag?post=3468"}],"curies":[{"name":"wp","href":"https:\/\/api.w.org\/{rel}","templated":true}]}}