{"id":3440,"date":"2025-06-23T15:50:55","date_gmt":"2025-06-23T07:50:55","guid":{"rendered":"https:\/\/jblcorten.com\/?post_type=product&#038;p=3440"},"modified":"2025-06-24T11:44:05","modified_gmt":"2025-06-24T03:44:05","slug":"hogueras-de-lena","status":"publish","type":"product","link":"https:\/\/jblcorten.com\/es\/wood-burning-fire-pits\/","title":{"rendered":"Hogueras de le\u00f1a"},"content":{"rendered":"<h2 style=\"text-align: center;\"><span style=\"font-size: 14pt;\">Hogueras de le\u00f1a<\/span><\/h2>\n<p>El dise\u00f1o de gran di\u00e1metro de 120 cm proporciona suficiente espacio de combusti\u00f3n y puede alojar una gran cantidad de le\u00f1a para garantizar una combusti\u00f3n estable a largo plazo. La estructura poco profunda de la cubeta mejora la circulaci\u00f3n del ox\u00edgeno, lo que hace que la combusti\u00f3n sea m\u00e1s completa y la llama m\u00e1s vigorosa.<\/p>\n<p>La placa de acero de alta calidad de 3 mm de grosor garantiza la durabilidad del producto, mientras que el dise\u00f1o estructural cient\u00edfico garantiza un uso seguro. El dise\u00f1o superior inferior protege eficazmente el suelo y evita da\u00f1os por altas temperaturas. Cada detalle ha sido cuidadosamente considerado para ofrecer a los usuarios la experiencia de uso m\u00e1s tranquilizadora.<\/p>\n<p>Adem\u00e1s, el material de las hogueras de le\u00f1a es acero corten, que tiene unas propiedades de autoprotecci\u00f3n \u00fanicas y forma una densa capa protectora de \u00f3xido en el entorno natural. Este \"color \u00f3xido\" es en realidad el revestimiento anticorrosi\u00f3n m\u00e1s natural. No requiere un mantenimiento regular. Con el tiempo, la textura de la superficie ser\u00e1 cada vez m\u00e1s rica, mostrando huellas \u00fanicas del paso del tiempo. La vida \u00fatil normal puede alcanzar los 20-30 a\u00f1os, varias veces superior a la de los productos de acero tradicionales.<\/p>\n<p><strong><span style=\"font-size: 14pt;\">Especificaci\u00f3n del producto:<\/span><\/strong><\/p>\n<table style=\"border-collapse: collapse; width: 100%; height: 265px;\">\n<tbody>\n<tr style=\"height: 53px;\">\n<td style=\"width: 26.2902%; height: 53px; background-color: #f5f5f5;\">Nombre del producto<\/td>\n<td style=\"width: 73.7098%; height: 53px; background-color: #f5f5f5;\">Hogueras de le\u00f1a<\/td>\n<\/tr>\n<tr style=\"height: 53px;\">\n<td style=\"width: 26.2902%; height: 53px;\">Material<\/td>\n<td style=\"width: 73.7098%; height: 53px;\">Acero corten<\/td>\n<\/tr>\n<tr style=\"height: 53px;\">\n<td style=\"width: 26.2902%; height: 53px; background-color: #f5f5f5;\">Di\u00e1metro<\/td>\n<td style=\"width: 73.7098%; height: 53px; background-color: #f5f5f5;\">120 cm o personalizado<\/td>\n<\/tr>\n<tr style=\"height: 53px;\">\n<td style=\"width: 26.2902%; height: 53px;\">Espesor<\/td>\n<td style=\"width: 73.7098%; height: 53px;\">2-3 mm<\/td>\n<\/tr>\n<tr style=\"height: 53px;\">\n<td style=\"width: 26.2902%; height: 53px; background-color: #f5f5f5;\">Acabado<\/td>\n<td style=\"width: 73.7098%; height: 53px; background-color: #f5f5f5;\">\u00d3xido natural<\/td>\n<\/tr>\n<\/tbody>\n<\/table>\n<p><strong><span style=\"font-size: 14pt;\">Ventajas del acero corten:<\/span><\/strong><\/p>\n<ul>\n<li><strong>Anticorrosi\u00f3n natural: <\/strong>El acero corten formar\u00e1 una densa pel\u00edcula de \u00f3xido en el entorno natural. Esta capa de \"\u00f3xido\" es en realidad la mejor capa protectora<\/li>\n<li><strong>Sin mantenimiento:<\/strong> No es necesario pintar ni oxidar regularmente, el proceso natural de envejecimiento es el mejor mantenimiento<\/li>\n<li><strong>Respetuoso con el medio ambiente:<\/strong> 100% materiales reciclables, en l\u00ednea con los modernos conceptos de protecci\u00f3n medioambiental<\/li>\n<li><strong>Gran durabilidad:<\/strong> El uso normal puede alcanzar los 20-30 a\u00f1os, lo que equivale a 3-5 veces la vida \u00fatil del acero ordinario.<\/li>\n<\/ul>\n<p><strong><span style=\"font-size: 14pt;\">Escenarios de aplicaci\u00f3n:<\/span><\/strong><\/p>\n<ul style=\"list-style-type: circle;\">\n<li><strong>Calefacci\u00f3n<\/strong><br \/>\nCuando cae la noche, enciende la le\u00f1a seca, las llamas saltan y bailan, emitiendo luz y calor c\u00e1lidos. La familia y los amigos se sientan alrededor y disfrutan del calor que aporta el fuego.<\/li>\n<li><strong>Barbacoa<\/strong><br \/>\nColoque una parrilla especial encima de la olla de fuego, y se convertir\u00e1 instant\u00e1neamente en un equipo profesional de barbacoa al aire libre. El carb\u00f3n o la le\u00f1a que arden constantemente debajo proporcionan una fuente de calor continua y uniforme, y la parrilla de arriba lleva una variedad de delicias.<\/li>\n<li><strong>Paisaje acu\u00e1tico<\/strong><br \/>\nLlene la pila con agua limpia para crear al instante un efecto de paisaje acu\u00e1tico moderno y sencillo. Puedes colocar unas flores de loto o lenteja de agua en el agua para a\u00f1adir un encanto natural y elegante.<\/li>\n<\/ul>\n<p><img fetchpriority=\"high\" decoding=\"async\" class=\"alignnone size-full wp-image-3446\" src=\"https:\/\/jblcorten.com\/wp-content\/uploads\/2025\/06\/wood-burning-fire-pit.jpg\" alt=\"hoguera de le\u00f1a\" width=\"750\" height=\"250\" title=\"\" srcset=\"https:\/\/jblcorten.com\/wp-content\/uploads\/2025\/06\/wood-burning-fire-pit.jpg 750w, https:\/\/jblcorten.com\/wp-content\/uploads\/2025\/06\/wood-burning-fire-pit-300x100.jpg 300w, https:\/\/jblcorten.com\/wp-content\/uploads\/2025\/06\/wood-burning-fire-pit-18x6.jpg 18w, https:\/\/jblcorten.com\/wp-content\/uploads\/2025\/06\/wood-burning-fire-pit-600x200.jpg 600w\" sizes=\"(max-width: 750px) 100vw, 750px\" \/><\/p>\n<p><strong><span style=\"font-size: 14pt;\">Embalaje del producto:<\/span><\/strong><\/p>\n<p>Nuestros m\u00e9todos de embalaje incluyen marco de madera, caja de madera y pellet de hierro, etc.<\/p>\n<p><img decoding=\"async\" class=\"alignnone wp-image-2452\" src=\"https:\/\/jblcorten.com\/wp-content\/uploads\/2024\/08\/metal-fire-pit.jpg\" alt=\"\" width=\"750\" height=\"473\" title=\"\" srcset=\"https:\/\/jblcorten.com\/wp-content\/uploads\/2024\/08\/metal-fire-pit.jpg 711w, https:\/\/jblcorten.com\/wp-content\/uploads\/2024\/08\/metal-fire-pit-600x378.jpg 600w, https:\/\/jblcorten.com\/wp-content\/uploads\/2024\/08\/metal-fire-pit-300x189.jpg 300w, https:\/\/jblcorten.com\/wp-content\/uploads\/2024\/08\/metal-fire-pit-18x12.jpg 18w\" sizes=\"(max-width: 750px) 100vw, 750px\" \/><\/p>","protected":false},"excerpt":{"rendered":"<p>El gran espacio de combusti\u00f3n puede acomodar una gran cantidad de le\u00f1a y el tiempo de combusti\u00f3n es m\u00e1s largo. Adem\u00e1s, este pozo de fuego de le\u00f1a es multifuncional y se puede utilizar como pozo de fuego, parrilla de barbacoa, decoraci\u00f3n de jard\u00edn, etc.<\/p>","protected":false},"featured_media":3442,"template":"","meta":{"site-sidebar-layout":"default","site-content-layout":"","ast-site-content-layout":"default","site-content-style":"default","site-sidebar-style":"default","ast-global-header-display":"","ast-banner-title-visibility":"","ast-main-header-display":"","ast-hfb-above-header-display":"","ast-hfb-below-header-display":"","ast-hfb-mobile-header-display":"","site-post-title":"","ast-breadcrumbs-content":"","ast-featured-img":"","footer-sml-layout":"","ast-disable-related-posts":"","theme-transparent-header-meta":"default","adv-header-id-meta":"","stick-header-meta":"","header-above-stick-meta":"","header-main-stick-meta":"","header-below-stick-meta":"","astra-migrate-meta-layouts":"set","ast-page-background-enabled":"default","ast-page-background-meta":{"desktop":{"background-color":"var(--ast-global-color-4)","background-image":"","background-repeat":"repeat","background-position":"center center","background-size":"auto","background-attachment":"scroll","background-type":"","background-media":"","overlay-type":"","overlay-color":"","overlay-opacity":"","overlay-gradient":""},"tablet":{"background-color":"","background-image":"","background-repeat":"repeat","background-position":"center center","background-size":"auto","background-attachment":"scroll","background-type":"","background-media":"","overlay-type":"","overlay-color":"","overlay-opacity":"","overlay-gradient":""},"mobile":{"background-color":"","background-image":"","background-repeat":"repeat","background-position":"center center","background-size":"auto","background-attachment":"scroll","background-type":"","background-media":"","overlay-type":"","overlay-color":"","overlay-opacity":"","overlay-gradient":""}},"ast-content-background-meta":{"desktop":{"background-color":"var(--ast-global-color-5)","background-image":"","background-repeat":"repeat","background-position":"center center","background-size":"auto","background-attachment":"scroll","background-type":"","background-media":"","overlay-type":"","overlay-color":"","overlay-opacity":"","overlay-gradient":""},"tablet":{"background-color":"var(--ast-global-color-5)","background-image":"","background-repeat":"repeat","background-position":"center center","background-size":"auto","background-attachment":"scroll","background-type":"","background-media":"","overlay-type":"","overlay-color":"","overlay-opacity":"","overlay-gradient":""},"mobile":{"background-color":"var(--ast-global-color-5)","background-image":"","background-repeat":"repeat","background-position":"center center","background-size":"auto","background-attachment":"scroll","background-type":"","background-media":"","overlay-type":"","overlay-color":"","overlay-opacity":"","overlay-gradient":""}}},"product_brand":[],"product_cat":[45,29],"product_tag":[],"class_list":{"0":"post-3440","1":"product","2":"type-product","3":"status-publish","4":"has-post-thumbnail","6":"product_cat-wood-burning-fire-pit","7":"product_cat-fire-pit","8":"desktop-align-center","9":"tablet-align-left","10":"mobile-align-left","12":"first","13":"instock","14":"shipping-taxable","15":"product-type-simple"},"_links":{"self":[{"href":"https:\/\/jblcorten.com\/es\/wp-json\/wp\/v2\/product\/3440","targetHints":{"allow":["GET"]}}],"collection":[{"href":"https:\/\/jblcorten.com\/es\/wp-json\/wp\/v2\/product"}],"about":[{"href":"https:\/\/jblcorten.com\/es\/wp-json\/wp\/v2\/types\/product"}],"wp:featuredmedia":[{"embeddable":true,"href":"https:\/\/jblcorten.com\/es\/wp-json\/wp\/v2\/media\/3442"}],"wp:attachment":[{"href":"https:\/\/jblcorten.com\/es\/wp-json\/wp\/v2\/media?parent=3440"}],"wp:term":[{"taxonomy":"product_brand","embeddable":true,"href":"https:\/\/jblcorten.com\/es\/wp-json\/wp\/v2\/product_brand?post=3440"},{"taxonomy":"product_cat","embeddable":true,"href":"https:\/\/jblcorten.com\/es\/wp-json\/wp\/v2\/product_cat?post=3440"},{"taxonomy":"product_tag","embeddable":true,"href":"https:\/\/jblcorten.com\/es\/wp-json\/wp\/v2\/product_tag?post=3440"}],"curies":[{"name":"wp","href":"https:\/\/api.w.org\/{rel}","templated":true}]}}