{"id":3430,"date":"2025-06-20T16:22:59","date_gmt":"2025-06-20T08:22:59","guid":{"rendered":"https:\/\/jblcorten.com\/?post_type=product&#038;p=3430"},"modified":"2025-06-20T16:23:42","modified_gmt":"2025-06-20T08:23:42","slug":"hoguera-de-acero-corten","status":"publish","type":"product","link":"https:\/\/jblcorten.com\/es\/corten-steel-fire-pit\/","title":{"rendered":"Chimenea de acero corten"},"content":{"rendered":"<h2><span style=\"font-size: 14pt;\">Chimenea de acero corten<\/span><\/h2>\n<p>El fog\u00f3n de acero corten no s\u00f3lo es un fog\u00f3n de exterior duradero, sino tambi\u00e9n una barbacoa port\u00e1til. Est\u00e1 fabricado con acero corten de alta calidad, y su superficie no necesita mantenimiento. Cuanto m\u00e1s tiempo se utilice, la superficie se oxidar\u00e1 de forma natural para formar una capa protectora \u00fanica de color \u00f3xido, que no s\u00f3lo da al producto un aspecto \u00fanico, sino que tambi\u00e9n mejora en gran medida su resistencia a la corrosi\u00f3n. Aunque est\u00e9 expuesto al exterior todo el a\u00f1o, apenas necesita mantenimiento.<\/p>\n<p>El pozo de fuego se forma mediante corte por l\u00e1ser, y m\u00faltiples m\u00f3dulos de chapa de acero se empalman con precisi\u00f3n. La estructura es estable, r\u00e1pida de montar, f\u00e1cil de desmontar y f\u00e1cil de transportar y almacenar. La parte superior est\u00e1 equipada con una parrilla desmontable, que puede transformarse f\u00e1cilmente en una barbacoa totalmente funcional. Hay ranuras de ventilaci\u00f3n en la parte inferior del pozo de fuego, que pueden promover eficazmente la circulaci\u00f3n del aire, hacer que la combusti\u00f3n sea m\u00e1s completa, y hacer que las llamas sean m\u00e1s vigorosas, ahorrando combustible y mejorando la eficiencia.<\/p>\n<p><img fetchpriority=\"high\" decoding=\"async\" class=\"alignnone size-full wp-image-3435\" src=\"https:\/\/jblcorten.com\/wp-content\/uploads\/2025\/06\/fire-pit-bbq.jpg\" alt=\"hoguera bbq\" width=\"750\" height=\"375\" title=\"\" srcset=\"https:\/\/jblcorten.com\/wp-content\/uploads\/2025\/06\/fire-pit-bbq.jpg 750w, https:\/\/jblcorten.com\/wp-content\/uploads\/2025\/06\/fire-pit-bbq-300x150.jpg 300w, https:\/\/jblcorten.com\/wp-content\/uploads\/2025\/06\/fire-pit-bbq-18x9.jpg 18w, https:\/\/jblcorten.com\/wp-content\/uploads\/2025\/06\/fire-pit-bbq-600x300.jpg 600w\" sizes=\"(max-width: 750px) 100vw, 750px\" \/><\/p>\n<p><strong><span style=\"font-size: 14pt;\">Especificaci\u00f3n del producto:<\/span><\/strong><\/p>\n<table style=\"border-collapse: collapse; width: 100%;\">\n<tbody>\n<tr>\n<td style=\"width: 18.8108%; background-color: #f5f5f5;\">Tipo de producto<\/td>\n<td style=\"width: 81.1892%;\">Pozo de fuego<\/td>\n<\/tr>\n<tr>\n<td style=\"width: 18.8108%; background-color: #f5f5f5;\">Material<\/td>\n<td style=\"width: 81.1892%;\">Acero corten<\/td>\n<\/tr>\n<tr>\n<td style=\"width: 18.8108%; background-color: #f5f5f5;\">Talla<\/td>\n<td style=\"width: 81.1892%;\">90*40*40cm<\/td>\n<\/tr>\n<tr>\n<td style=\"width: 18.8108%; background-color: #f5f5f5;\">Espesor<\/td>\n<td style=\"width: 81.1892%;\">3 mm<\/td>\n<\/tr>\n<tr>\n<td style=\"width: 18.8108%; background-color: #f5f5f5;\">Tratamiento de superficies<\/td>\n<td style=\"width: 81.1892%;\">Superficie de \u00f3xido oxidado original, sin necesidad de pintar<\/td>\n<\/tr>\n<tr>\n<td style=\"width: 18.8108%; background-color: #f5f5f5;\">Accesorios<\/td>\n<td style=\"width: 81.1892%;\">Parrilla extra\u00edble (acero inoxidable)<\/td>\n<\/tr>\n<\/tbody>\n<\/table>\n<p><strong><span style=\"font-size: 14pt;\">Detalles del producto:<\/span><\/strong><\/p>\n<p><img decoding=\"async\" class=\"alignnone wp-image-3438 size-full\" src=\"https:\/\/jblcorten.com\/wp-content\/uploads\/2025\/06\/Rusty-Steel-Fire-Pit.jpg\" alt=\"Hoguera de acero oxidado\" width=\"750\" height=\"730\" title=\"\" srcset=\"https:\/\/jblcorten.com\/wp-content\/uploads\/2025\/06\/Rusty-Steel-Fire-Pit.jpg 750w, https:\/\/jblcorten.com\/wp-content\/uploads\/2025\/06\/Rusty-Steel-Fire-Pit-300x292.jpg 300w, https:\/\/jblcorten.com\/wp-content\/uploads\/2025\/06\/Rusty-Steel-Fire-Pit-12x12.jpg 12w, https:\/\/jblcorten.com\/wp-content\/uploads\/2025\/06\/Rusty-Steel-Fire-Pit-600x584.jpg 600w\" sizes=\"(max-width: 750px) 100vw, 750px\" \/><\/p>\n<p><img decoding=\"async\" class=\"alignnone size-full wp-image-3432\" src=\"https:\/\/jblcorten.com\/wp-content\/uploads\/2025\/06\/Corten-Steel-Outdoor-Fireplace.jpg\" alt=\"Chimenea exterior de acero corten\" width=\"750\" height=\"750\" title=\"\" srcset=\"https:\/\/jblcorten.com\/wp-content\/uploads\/2025\/06\/Corten-Steel-Outdoor-Fireplace.jpg 750w, https:\/\/jblcorten.com\/wp-content\/uploads\/2025\/06\/Corten-Steel-Outdoor-Fireplace-300x300.jpg 300w, https:\/\/jblcorten.com\/wp-content\/uploads\/2025\/06\/Corten-Steel-Outdoor-Fireplace-150x150.jpg 150w, https:\/\/jblcorten.com\/wp-content\/uploads\/2025\/06\/Corten-Steel-Outdoor-Fireplace-12x12.jpg 12w, https:\/\/jblcorten.com\/wp-content\/uploads\/2025\/06\/Corten-Steel-Outdoor-Fireplace-600x600.jpg 600w, https:\/\/jblcorten.com\/wp-content\/uploads\/2025\/06\/Corten-Steel-Outdoor-Fireplace-100x100.jpg 100w\" sizes=\"(max-width: 750px) 100vw, 750px\" \/><\/p>","protected":false},"excerpt":{"rendered":"<p>La hoguera de acero corten tiene una estructura estable, es ligera y port\u00e1til. Est\u00e1 equipado con una parrilla y se puede utilizar tanto para calentar la hoguera como para hacer barbacoas al aire libre.<\/p>","protected":false},"featured_media":3431,"template":"","meta":{"site-sidebar-layout":"default","site-content-layout":"","ast-site-content-layout":"default","site-content-style":"default","site-sidebar-style":"default","ast-global-header-display":"","ast-banner-title-visibility":"","ast-main-header-display":"","ast-hfb-above-header-display":"","ast-hfb-below-header-display":"","ast-hfb-mobile-header-display":"","site-post-title":"","ast-breadcrumbs-content":"","ast-featured-img":"","footer-sml-layout":"","ast-disable-related-posts":"","theme-transparent-header-meta":"default","adv-header-id-meta":"","stick-header-meta":"","header-above-stick-meta":"","header-main-stick-meta":"","header-below-stick-meta":"","astra-migrate-meta-layouts":"set","ast-page-background-enabled":"default","ast-page-background-meta":{"desktop":{"background-color":"var(--ast-global-color-4)","background-image":"","background-repeat":"repeat","background-position":"center center","background-size":"auto","background-attachment":"scroll","background-type":"","background-media":"","overlay-type":"","overlay-color":"","overlay-opacity":"","overlay-gradient":""},"tablet":{"background-color":"","background-image":"","background-repeat":"repeat","background-position":"center center","background-size":"auto","background-attachment":"scroll","background-type":"","background-media":"","overlay-type":"","overlay-color":"","overlay-opacity":"","overlay-gradient":""},"mobile":{"background-color":"","background-image":"","background-repeat":"repeat","background-position":"center center","background-size":"auto","background-attachment":"scroll","background-type":"","background-media":"","overlay-type":"","overlay-color":"","overlay-opacity":"","overlay-gradient":""}},"ast-content-background-meta":{"desktop":{"background-color":"var(--ast-global-color-5)","background-image":"","background-repeat":"repeat","background-position":"center center","background-size":"auto","background-attachment":"scroll","background-type":"","background-media":"","overlay-type":"","overlay-color":"","overlay-opacity":"","overlay-gradient":""},"tablet":{"background-color":"var(--ast-global-color-5)","background-image":"","background-repeat":"repeat","background-position":"center center","background-size":"auto","background-attachment":"scroll","background-type":"","background-media":"","overlay-type":"","overlay-color":"","overlay-opacity":"","overlay-gradient":""},"mobile":{"background-color":"var(--ast-global-color-5)","background-image":"","background-repeat":"repeat","background-position":"center center","background-size":"auto","background-attachment":"scroll","background-type":"","background-media":"","overlay-type":"","overlay-color":"","overlay-opacity":"","overlay-gradient":""}}},"product_brand":[],"product_cat":[29,45],"product_tag":[77,76,75],"class_list":{"0":"post-3430","1":"product","2":"type-product","3":"status-publish","4":"has-post-thumbnail","6":"product_cat-fire-pit","7":"product_cat-wood-burning-fire-pit","8":"product_tag-bbq-fire-pit","9":"product_tag-corten-fire-pit","10":"product_tag-corten-steel-fire-pit","11":"desktop-align-center","12":"tablet-align-left","13":"mobile-align-left","15":"first","16":"instock","17":"shipping-taxable","18":"product-type-simple"},"_links":{"self":[{"href":"https:\/\/jblcorten.com\/es\/wp-json\/wp\/v2\/product\/3430","targetHints":{"allow":["GET"]}}],"collection":[{"href":"https:\/\/jblcorten.com\/es\/wp-json\/wp\/v2\/product"}],"about":[{"href":"https:\/\/jblcorten.com\/es\/wp-json\/wp\/v2\/types\/product"}],"wp:featuredmedia":[{"embeddable":true,"href":"https:\/\/jblcorten.com\/es\/wp-json\/wp\/v2\/media\/3431"}],"wp:attachment":[{"href":"https:\/\/jblcorten.com\/es\/wp-json\/wp\/v2\/media?parent=3430"}],"wp:term":[{"taxonomy":"product_brand","embeddable":true,"href":"https:\/\/jblcorten.com\/es\/wp-json\/wp\/v2\/product_brand?post=3430"},{"taxonomy":"product_cat","embeddable":true,"href":"https:\/\/jblcorten.com\/es\/wp-json\/wp\/v2\/product_cat?post=3430"},{"taxonomy":"product_tag","embeddable":true,"href":"https:\/\/jblcorten.com\/es\/wp-json\/wp\/v2\/product_tag?post=3430"}],"curies":[{"name":"wp","href":"https:\/\/api.w.org\/{rel}","templated":true}]}}