{"id":3397,"date":"2025-06-18T16:30:40","date_gmt":"2025-06-18T08:30:40","guid":{"rendered":"https:\/\/jblcorten.com\/?post_type=product&#038;p=3397"},"modified":"2025-06-18T16:43:42","modified_gmt":"2025-06-18T08:43:42","slug":"estufa-de-lena-mural","status":"publish","type":"product","link":"https:\/\/jblcorten.com\/es\/wall-mounted-wood-burning-stove\/","title":{"rendered":"Estufa mural de le\u00f1a"},"content":{"rendered":"<h2 style=\"text-align: left;\"><span style=\"font-size: 14pt;\">Estufa mural de le\u00f1a<\/span><\/h2>\n<p>Esta estufa es una chimenea de le\u00f1a con un dise\u00f1o moderno y un rendimiento pr\u00e1ctico, dise\u00f1ada para su instalaci\u00f3n mural en interiores. Toda la estufa est\u00e1 fabricada con una s\u00f3lida estructura met\u00e1lica, de aspecto redondo, estilo sencillo pero bello, y puede integrarse f\u00e1cilmente en una gran variedad de estilos de decoraci\u00f3n de interiores.<\/p>\n<p>En cuanto al m\u00e9todo de instalaci\u00f3n, la estufa de le\u00f1a montada en la pared adopta un dise\u00f1o colgante, que necesita ser fijado contra la pared, y se instala firmemente en el muro de carga con clavos de hierro fuertes, que no s\u00f3lo ahorra espacio en el suelo, sino que tambi\u00e9n se ve m\u00e1s de moda y ligero. La parte frontal de la estufa est\u00e1 equipada con una puerta redonda de vidrio transparente, que puede observar claramente el estado de combusti\u00f3n en el horno, haciendo que el salto de la llama sea una imagen viva en la habitaci\u00f3n, y evitando eficazmente que salten chispas, mejorando la seguridad de uso.<\/p>\n<p><img fetchpriority=\"high\" decoding=\"async\" class=\"alignnone wp-image-1404\" src=\"https:\/\/jblcorten.com\/wp-content\/uploads\/2024\/11\/wall-mounted-wood-burning-stove.jpg\" alt=\"\" width=\"750\" height=\"513\" title=\"\" srcset=\"https:\/\/jblcorten.com\/wp-content\/uploads\/2024\/11\/wall-mounted-wood-burning-stove.jpg 1124w, https:\/\/jblcorten.com\/wp-content\/uploads\/2024\/11\/wall-mounted-wood-burning-stove-600x410.jpg 600w, https:\/\/jblcorten.com\/wp-content\/uploads\/2024\/11\/wall-mounted-wood-burning-stove-300x205.jpg 300w, https:\/\/jblcorten.com\/wp-content\/uploads\/2024\/11\/wall-mounted-wood-burning-stove-1024x701.jpg 1024w, https:\/\/jblcorten.com\/wp-content\/uploads\/2024\/11\/wall-mounted-wood-burning-stove-768x525.jpg 768w\" sizes=\"(max-width: 750px) 100vw, 750px\" \/><\/p>\n<p>En t\u00e9rminos de combustible, esta estufa de le\u00f1a de pared es principalmente de le\u00f1a, utilizando madera natural para quemar, proporcionando una fuente de calor c\u00e1lido y confortable, y trayendo el ambiente c\u00e1lido de la quema de le\u00f1a tradicional. La estufa de le\u00f1a est\u00e1 equipada con un dispositivo de ajuste del tama\u00f1o de la llama, y los usuarios pueden controlar libremente la potencia de fuego de acuerdo a las necesidades reales de calefacci\u00f3n, que es conveniente para operar y mejora la eficiencia de uso.<\/p>\n<p>Adem\u00e1s, hay una plataforma de hierro en la parte superior de la estufa de le\u00f1a mural, que se puede utilizar para calentar un hervidor o peque\u00f1os utensilios de cocina, y puede cumplir las funciones de simple calentamiento de agua caliente o aislamiento mientras calienta, lo que aumenta la versatilidad de la chimenea. Su dise\u00f1o de chimenea incorporada extrae eficazmente el humo, garantiza un aire fresco en el interior y mejora la experiencia general del usuario.<\/p>\n<p><span style=\"color: #2bb332;\"><strong><span style=\"font-size: 14pt;\">Especificaci\u00f3n del producto:<\/span><\/strong><\/span><\/p>\n<table style=\"border-collapse: collapse; width: 100%;\">\n<tbody>\n<tr>\n<td style=\"width: 15.2767%; background-color: #f5f5f5;\">Nombre del producto<\/td>\n<td style=\"width: 84.7233%;\" colspan=\"3\">Estufa mural de le\u00f1a<\/td>\n<\/tr>\n<tr>\n<td style=\"width: 15.2767%; background-color: #f5f5f5;\">Espesor del acero<\/td>\n<td style=\"width: 28.3658%;\">6 mm, seg\u00fan sea necesario<\/td>\n<td style=\"width: 21.6343%; background-color: #f5f5f5;\">Color<\/td>\n<td style=\"width: 34.7232%;\">Negro o personalizado<\/td>\n<\/tr>\n<tr>\n<td style=\"width: 15.2767%; background-color: #f5f5f5;\">Combustible<\/td>\n<td style=\"width: 28.3658%;\">Madera<\/td>\n<td style=\"width: 21.6343%; background-color: #f5f5f5;\">Material<\/td>\n<td style=\"width: 34.7232%;\">Acero al carbono\/inoxidable, etc.<\/td>\n<\/tr>\n<tr>\n<td style=\"width: 15.2767%; background-color: #f5f5f5;\">Ventaja<\/td>\n<td style=\"width: 28.3658%;\">Ecol\u00f3gico, f\u00e1cil de instalar<\/td>\n<td style=\"width: 21.6343%; background-color: #f5f5f5;\">Modos de envasado<\/td>\n<td style=\"width: 34.7232%;\">Pal\u00e9\/caja de madera, etc.<\/td>\n<\/tr>\n<tr>\n<td style=\"width: 15.2767%; background-color: #f5f5f5;\">Talla<\/td>\n<td style=\"width: 28.3658%;\">Redondo 80cm\/ 100cm\/ etc<\/td>\n<td style=\"width: 21.6343%; background-color: #f5f5f5;\">Estilo<\/td>\n<td style=\"width: 34.7232%;\">Chimenea de interior moderna<\/td>\n<\/tr>\n<\/tbody>\n<\/table>\n<p><span style=\"font-size: 14pt; color: #2bb332;\"><strong>Consejos para utilizar la estufa de le\u00f1a mural:<\/strong><\/span><\/p>\n<ul>\n<li><strong>Elige el tama\u00f1o y la capacidad adecuados:<\/strong> Las estufas murales de le\u00f1a vienen en diferentes tama\u00f1os y capacidades de salida, por lo que es importante elegir una que se adapte al tama\u00f1o y la distribuci\u00f3n de su casa. Una estufa m\u00e1s grande producir\u00e1 m\u00e1s calor, pero tambi\u00e9n consumir\u00e1 m\u00e1s le\u00f1a y necesitar\u00e1 m\u00e1s ventilaci\u00f3n.<\/li>\n<li><strong>Mantenga limpia la chimenea:<\/strong> Es fundamental mantener la chimenea o el conducto de humos limpio y sin residuos para evitar el reflujo de humo o mon\u00f3xido de carbono.<\/li>\n<li><strong>Utilice madera seca y curada:<\/strong> La le\u00f1a h\u00fameda o sin sazonar produce menos calor y m\u00e1s humo y creosota, lo que puede obstruir la chimenea y crear un riesgo de incendio. Utilice maderas duras secas y curadas, como roble, arce o fresno, que producen m\u00e1s calor y arden de forma m\u00e1s limpia.<\/li>\n<li><strong>Controla la temperatura:<\/strong> Compruebe siempre la temperatura de la habitaci\u00f3n y cierre o abra las rejillas de ventilaci\u00f3n en consecuencia. Dejar las rejillas de ventilaci\u00f3n abiertas aumenta la potencia calor\u00edfica, mientras que cerrarlas disminuye la potencia calor\u00edfica pero aumenta la eficiencia del combustible.<\/li>\n<\/ul>\n<p><img decoding=\"async\" class=\"alignnone size-full wp-image-3405\" src=\"https:\/\/jblcorten.com\/wp-content\/uploads\/2025\/06\/wood-stove-wall-mount.jpg\" alt=\"estufa de le\u00f1a de pared\" width=\"750\" height=\"250\" title=\"\" srcset=\"https:\/\/jblcorten.com\/wp-content\/uploads\/2025\/06\/wood-stove-wall-mount.jpg 750w, https:\/\/jblcorten.com\/wp-content\/uploads\/2025\/06\/wood-stove-wall-mount-300x100.jpg 300w, https:\/\/jblcorten.com\/wp-content\/uploads\/2025\/06\/wood-stove-wall-mount-18x6.jpg 18w, https:\/\/jblcorten.com\/wp-content\/uploads\/2025\/06\/wood-stove-wall-mount-600x200.jpg 600w\" sizes=\"(max-width: 750px) 100vw, 750px\" \/><\/p>\n<p><span style=\"color: #2bb332;\"><strong><span style=\"font-size: 14pt;\">M\u00e9todo de instalaci\u00f3n:<\/span><\/strong><\/span><\/p>\n<p><img decoding=\"async\" class=\"alignnone size-full wp-image-3406\" src=\"https:\/\/jblcorten.com\/wp-content\/uploads\/2025\/06\/Installation-Diagram.jpg\" alt=\"Diagrama de instalaci\u00f3n\" width=\"750\" height=\"874\" title=\"\" srcset=\"https:\/\/jblcorten.com\/wp-content\/uploads\/2025\/06\/Installation-Diagram.jpg 750w, https:\/\/jblcorten.com\/wp-content\/uploads\/2025\/06\/Installation-Diagram-257x300.jpg 257w, https:\/\/jblcorten.com\/wp-content\/uploads\/2025\/06\/Installation-Diagram-10x12.jpg 10w, https:\/\/jblcorten.com\/wp-content\/uploads\/2025\/06\/Installation-Diagram-600x699.jpg 600w\" sizes=\"(max-width: 750px) 100vw, 750px\" \/><\/p>\n<p><span style=\"color: #2bb332;\"><strong><span style=\"font-size: 14pt;\">Detalles del producto:<\/span><\/strong><\/span><\/p>\n<p><img loading=\"lazy\" decoding=\"async\" class=\"alignnone size-full wp-image-1457\" src=\"https:\/\/jblcorten.com\/wp-content\/uploads\/2024\/10\/wall-mounted-wood-burning-stove.jpg\" alt=\"estufa de le\u00f1a mural\" width=\"750\" height=\"750\" title=\"\" srcset=\"https:\/\/jblcorten.com\/wp-content\/uploads\/2024\/10\/wall-mounted-wood-burning-stove.jpg 750w, https:\/\/jblcorten.com\/wp-content\/uploads\/2024\/10\/wall-mounted-wood-burning-stove-600x600.jpg 600w, https:\/\/jblcorten.com\/wp-content\/uploads\/2024\/10\/wall-mounted-wood-burning-stove-100x100.jpg 100w, https:\/\/jblcorten.com\/wp-content\/uploads\/2024\/10\/wall-mounted-wood-burning-stove-300x300.jpg 300w, https:\/\/jblcorten.com\/wp-content\/uploads\/2024\/10\/wall-mounted-wood-burning-stove-150x150.jpg 150w\" sizes=\"(max-width: 750px) 100vw, 750px\" \/><\/p>\n<p><img loading=\"lazy\" decoding=\"async\" class=\"alignnone size-full wp-image-3400\" src=\"https:\/\/jblcorten.com\/wp-content\/uploads\/2025\/06\/wall-hung-wood-burning-stove.jpg\" alt=\"estufa mural de le\u00f1a\" width=\"750\" height=\"750\" title=\"\" srcset=\"https:\/\/jblcorten.com\/wp-content\/uploads\/2025\/06\/wall-hung-wood-burning-stove.jpg 750w, https:\/\/jblcorten.com\/wp-content\/uploads\/2025\/06\/wall-hung-wood-burning-stove-300x300.jpg 300w, https:\/\/jblcorten.com\/wp-content\/uploads\/2025\/06\/wall-hung-wood-burning-stove-150x150.jpg 150w, https:\/\/jblcorten.com\/wp-content\/uploads\/2025\/06\/wall-hung-wood-burning-stove-12x12.jpg 12w, https:\/\/jblcorten.com\/wp-content\/uploads\/2025\/06\/wall-hung-wood-burning-stove-600x600.jpg 600w, https:\/\/jblcorten.com\/wp-content\/uploads\/2025\/06\/wall-hung-wood-burning-stove-100x100.jpg 100w\" sizes=\"(max-width: 750px) 100vw, 750px\" \/><\/p>\n<p><img loading=\"lazy\" decoding=\"async\" class=\"alignnone size-full wp-image-3402\" src=\"https:\/\/jblcorten.com\/wp-content\/uploads\/2025\/06\/wall-mounted-wood-burning-fireplace.jpg\" alt=\"chimenea mural de le\u00f1a\" width=\"750\" height=\"750\" title=\"\" srcset=\"https:\/\/jblcorten.com\/wp-content\/uploads\/2025\/06\/wall-mounted-wood-burning-fireplace.jpg 750w, https:\/\/jblcorten.com\/wp-content\/uploads\/2025\/06\/wall-mounted-wood-burning-fireplace-300x300.jpg 300w, https:\/\/jblcorten.com\/wp-content\/uploads\/2025\/06\/wall-mounted-wood-burning-fireplace-150x150.jpg 150w, https:\/\/jblcorten.com\/wp-content\/uploads\/2025\/06\/wall-mounted-wood-burning-fireplace-12x12.jpg 12w, https:\/\/jblcorten.com\/wp-content\/uploads\/2025\/06\/wall-mounted-wood-burning-fireplace-600x600.jpg 600w, https:\/\/jblcorten.com\/wp-content\/uploads\/2025\/06\/wall-mounted-wood-burning-fireplace-100x100.jpg 100w\" sizes=\"(max-width: 750px) 100vw, 750px\" \/><\/p>","protected":false},"excerpt":{"rendered":"<p>La estufa de le\u00f1a mural tiene un aspecto redondo y est\u00e1 fabricada en acero de alta calidad. Se monta directamente en la pared con robustos pernos de hierro para garantizar la estabilidad y la seguridad. Su dise\u00f1o colgante no s\u00f3lo ahorra espacio en el suelo, sino que tambi\u00e9n realza el estilo de la decoraci\u00f3n interior.<\/p>","protected":false},"featured_media":3401,"template":"","meta":{"site-sidebar-layout":"default","site-content-layout":"","ast-site-content-layout":"default","site-content-style":"default","site-sidebar-style":"default","ast-global-header-display":"","ast-banner-title-visibility":"","ast-main-header-display":"","ast-hfb-above-header-display":"","ast-hfb-below-header-display":"","ast-hfb-mobile-header-display":"","site-post-title":"","ast-breadcrumbs-content":"","ast-featured-img":"","footer-sml-layout":"","ast-disable-related-posts":"","theme-transparent-header-meta":"default","adv-header-id-meta":"","stick-header-meta":"","header-above-stick-meta":"","header-main-stick-meta":"","header-below-stick-meta":"","astra-migrate-meta-layouts":"set","ast-page-background-enabled":"default","ast-page-background-meta":{"desktop":{"background-color":"var(--ast-global-color-4)","background-image":"","background-repeat":"repeat","background-position":"center center","background-size":"auto","background-attachment":"scroll","background-type":"","background-media":"","overlay-type":"","overlay-color":"","overlay-opacity":"","overlay-gradient":""},"tablet":{"background-color":"","background-image":"","background-repeat":"repeat","background-position":"center center","background-size":"auto","background-attachment":"scroll","background-type":"","background-media":"","overlay-type":"","overlay-color":"","overlay-opacity":"","overlay-gradient":""},"mobile":{"background-color":"","background-image":"","background-repeat":"repeat","background-position":"center center","background-size":"auto","background-attachment":"scroll","background-type":"","background-media":"","overlay-type":"","overlay-color":"","overlay-opacity":"","overlay-gradient":""}},"ast-content-background-meta":{"desktop":{"background-color":"var(--ast-global-color-5)","background-image":"","background-repeat":"repeat","background-position":"center center","background-size":"auto","background-attachment":"scroll","background-type":"","background-media":"","overlay-type":"","overlay-color":"","overlay-opacity":"","overlay-gradient":""},"tablet":{"background-color":"var(--ast-global-color-5)","background-image":"","background-repeat":"repeat","background-position":"center center","background-size":"auto","background-attachment":"scroll","background-type":"","background-media":"","overlay-type":"","overlay-color":"","overlay-opacity":"","overlay-gradient":""},"mobile":{"background-color":"var(--ast-global-color-5)","background-image":"","background-repeat":"repeat","background-position":"center center","background-size":"auto","background-attachment":"scroll","background-type":"","background-media":"","overlay-type":"","overlay-color":"","overlay-opacity":"","overlay-gradient":""}}},"product_brand":[],"product_cat":[30],"product_tag":[72,73],"class_list":{"0":"post-3397","1":"product","2":"type-product","3":"status-publish","4":"has-post-thumbnail","6":"product_cat-fireplace","7":"product_tag-wall-mounted-wood-burning-stove","8":"product_tag-wood-burning-stove","9":"desktop-align-center","10":"tablet-align-left","11":"mobile-align-left","13":"first","14":"instock","15":"shipping-taxable","16":"product-type-simple"},"_links":{"self":[{"href":"https:\/\/jblcorten.com\/es\/wp-json\/wp\/v2\/product\/3397","targetHints":{"allow":["GET"]}}],"collection":[{"href":"https:\/\/jblcorten.com\/es\/wp-json\/wp\/v2\/product"}],"about":[{"href":"https:\/\/jblcorten.com\/es\/wp-json\/wp\/v2\/types\/product"}],"wp:featuredmedia":[{"embeddable":true,"href":"https:\/\/jblcorten.com\/es\/wp-json\/wp\/v2\/media\/3401"}],"wp:attachment":[{"href":"https:\/\/jblcorten.com\/es\/wp-json\/wp\/v2\/media?parent=3397"}],"wp:term":[{"taxonomy":"product_brand","embeddable":true,"href":"https:\/\/jblcorten.com\/es\/wp-json\/wp\/v2\/product_brand?post=3397"},{"taxonomy":"product_cat","embeddable":true,"href":"https:\/\/jblcorten.com\/es\/wp-json\/wp\/v2\/product_cat?post=3397"},{"taxonomy":"product_tag","embeddable":true,"href":"https:\/\/jblcorten.com\/es\/wp-json\/wp\/v2\/product_tag?post=3397"}],"curies":[{"name":"wp","href":"https:\/\/api.w.org\/{rel}","templated":true}]}}