{"id":3380,"date":"2025-06-17T16:01:49","date_gmt":"2025-06-17T08:01:49","guid":{"rendered":"https:\/\/jblcorten.com\/?post_type=product&#038;p=3380"},"modified":"2025-06-17T16:04:07","modified_gmt":"2025-06-17T08:04:07","slug":"barbacoa-automatica-giratoria","status":"publish","type":"product","link":"https:\/\/jblcorten.com\/es\/automatic-rotating-bbq-grill\/","title":{"rendered":"Barbacoa autom\u00e1tica giratoria"},"content":{"rendered":"<h2 style=\"text-align: center;\"><span style=\"font-size: 14pt;\">Barbacoa autom\u00e1tica giratoria<\/span><\/h2>\n<p>La barbacoa autom\u00e1tica giratoria est\u00e1 fabricada en acero de alta calidad resistente a la intemperie, con un dise\u00f1o industrial, que es a la vez pr\u00e1ctico y bonito. La estructura general es estable, con un cuerpo de horno en forma de cono invertido en la parte inferior. No s\u00f3lo tiene una forma \u00fanica, sino que tambi\u00e9n favorece la circulaci\u00f3n del aire y la eficacia de la combusti\u00f3n. Tambi\u00e9n proporciona un buen rendimiento de almacenamiento de calor, asegurando que la madera se queme completamente y libere continuamente calor estable.<\/p>\n<p>En cuanto a la funci\u00f3n de asado, esta barbacoa est\u00e1 equipada con una bandeja redonda de acero al carbono, que conduce el calor de forma r\u00e1pida y uniforme, adecuada para asar directamente todo tipo de ingredientes, como carne, marisco, verduras, etc., aportando el sabor puro del asado original con fuego de le\u00f1a. Al mismo tiempo, est\u00e1 equipado con una parrilla giratoria totalmente autom\u00e1tica en la parte superior, que es adecuada para piezas grandes de ingredientes como pollo asado, pato asado y muslos de cordero asados. La funci\u00f3n de rotaci\u00f3n autom\u00e1tica permite que los alimentos se calienten uniformemente, y no es necesario darles la vuelta con frecuencia durante el proceso de asado, lo que mejora enormemente la eficacia y la comodidad del asado.<\/p>\n<p>La parrilla est\u00e1 equipada con una base estable en la parte inferior para mejorar el soporte y la seguridad de la estructura general, y puede permanecer estable incluso cuando se utiliza a alta temperatura durante mucho tiempo.<\/p>\n<p><strong><span style=\"font-size: 14pt;\">Especificaci\u00f3n del producto:<\/span><\/strong><\/p>\n<table style=\"border-collapse: collapse; width: 100%;\">\n<tbody>\n<tr>\n<td style=\"width: 24.1959%; background-color: #f5f5f5;\">Nombre del producto<\/td>\n<td style=\"width: 75.8041%;\">Barbacoa autom\u00e1tica giratoria<\/td>\n<\/tr>\n<tr>\n<td style=\"width: 24.1959%; background-color: #f5f5f5;\">Material<\/td>\n<td style=\"width: 75.8041%;\">Acero corten<\/td>\n<\/tr>\n<tr>\n<td style=\"width: 24.1959%; background-color: #f5f5f5;\">Caracter\u00edstica<\/td>\n<td style=\"width: 75.8041%;\">Multifuncional, autom\u00e1tico<\/td>\n<\/tr>\n<tr>\n<td style=\"width: 24.1959%; background-color: #f5f5f5;\">Talla<\/td>\n<td style=\"width: 75.8041%;\">Personalizado<\/td>\n<\/tr>\n<tr>\n<td style=\"width: 24.1959%; background-color: #f5f5f5;\">Aplicaci\u00f3n<\/td>\n<td style=\"width: 75.8041%;\">Barbacoa exterior<\/td>\n<\/tr>\n<\/tbody>\n<\/table>\n<p><strong><span style=\"font-size: 14pt;\">\u00bfC\u00f3mo utilizar la barbacoa?<\/span><\/strong><\/p>\n<ul>\n<li>Limpiar el polvo de la bandeja de horno.<\/li>\n<li>A\u00f1ada le\u00f1a al interior del horno, enci\u00e9ndalo y comience a calentar.<\/li>\n<li>Cuando suba la temperatura, puede asar en la bandeja de acero al carbono.<\/li>\n<li>Si utiliza un grill totalmente autom\u00e1tico, introduzca un pollo entero u otros trozos grandes de alimentos, ponga en marcha el dispositivo de rotaci\u00f3n autom\u00e1tica y espere a que se horneen uniformemente.<\/li>\n<li>Puede sentarse alrededor y disfrutar del proceso de la barbacoa, comiendo mientras se asa, lo que es adecuado para varias personas.<\/li>\n<\/ul>\n<p><strong><span style=\"font-size: 14pt;\">Mantenimiento y cuidado:<\/span><\/strong><\/p>\n<ul>\n<li>Despu\u00e9s de usarla, espere a que se enfr\u00ede y limpie la bandeja de horno y la superficie exterior con un pa\u00f1o h\u00famedo.<\/li>\n<li>Limpie regularmente las cenizas y los residuos del interior del horno para garantizar la eficacia de la combusti\u00f3n.<\/li>\n<li>Despu\u00e9s de usar la bandeja de horno, aplique una fina capa de aceite de cocina para evitar que se oxide y prolongar su vida \u00fatil.<\/li>\n<li>La superficie del acero de intemperie no requiere tratamiento especial, y el color de \u00f3xido se formar\u00e1 de forma natural y constante con el paso del tiempo.<\/li>\n<\/ul>\n<p><img fetchpriority=\"high\" decoding=\"async\" class=\"alignnone size-full wp-image-3386\" src=\"https:\/\/jblcorten.com\/wp-content\/uploads\/2025\/06\/corten-automatic-rotating-bbq-grill.jpg\" alt=\"barbacoa autom\u00e1tica rotativa de corten\" width=\"750\" height=\"562\" title=\"\" srcset=\"https:\/\/jblcorten.com\/wp-content\/uploads\/2025\/06\/corten-automatic-rotating-bbq-grill.jpg 750w, https:\/\/jblcorten.com\/wp-content\/uploads\/2025\/06\/corten-automatic-rotating-bbq-grill-600x450.jpg 600w, https:\/\/jblcorten.com\/wp-content\/uploads\/2025\/06\/corten-automatic-rotating-bbq-grill-300x225.jpg 300w, https:\/\/jblcorten.com\/wp-content\/uploads\/2025\/06\/corten-automatic-rotating-bbq-grill-16x12.jpg 16w\" sizes=\"(max-width: 750px) 100vw, 750px\" \/><\/p>\n<p><img decoding=\"async\" class=\"alignnone size-full wp-image-3383\" src=\"https:\/\/jblcorten.com\/wp-content\/uploads\/2025\/06\/automatic-rotating-grill.jpg\" alt=\"parrilla giratoria autom\u00e1tica\" width=\"750\" height=\"562\" title=\"\" srcset=\"https:\/\/jblcorten.com\/wp-content\/uploads\/2025\/06\/automatic-rotating-grill.jpg 750w, https:\/\/jblcorten.com\/wp-content\/uploads\/2025\/06\/automatic-rotating-grill-600x450.jpg 600w, https:\/\/jblcorten.com\/wp-content\/uploads\/2025\/06\/automatic-rotating-grill-300x225.jpg 300w, https:\/\/jblcorten.com\/wp-content\/uploads\/2025\/06\/automatic-rotating-grill-16x12.jpg 16w\" sizes=\"(max-width: 750px) 100vw, 750px\" \/><\/p>\n<p><img decoding=\"async\" class=\"alignnone size-full wp-image-3382\" src=\"https:\/\/jblcorten.com\/wp-content\/uploads\/2025\/06\/automatic-rotating-bbq-grill.jpg\" alt=\"barbacoa autom\u00e1tica giratoria\" width=\"750\" height=\"562\" title=\"\" srcset=\"https:\/\/jblcorten.com\/wp-content\/uploads\/2025\/06\/automatic-rotating-bbq-grill.jpg 750w, https:\/\/jblcorten.com\/wp-content\/uploads\/2025\/06\/automatic-rotating-bbq-grill-600x450.jpg 600w, https:\/\/jblcorten.com\/wp-content\/uploads\/2025\/06\/automatic-rotating-bbq-grill-300x225.jpg 300w, https:\/\/jblcorten.com\/wp-content\/uploads\/2025\/06\/automatic-rotating-bbq-grill-16x12.jpg 16w\" sizes=\"(max-width: 750px) 100vw, 750px\" \/><\/p>","protected":false},"excerpt":{"rendered":"<p>La barbacoa autom\u00e1tica giratoria no s\u00f3lo es totalmente funcional y adecuada para una gran variedad de m\u00e9todos de asado, sino que tambi\u00e9n tiene en cuenta la durabilidad y la belleza art\u00edstica. El exterior de acero oxidado naturalmente a la intemperie se vuelve m\u00e1s atractivo con el tiempo y es una gran caracter\u00edstica decorativa al aire libre.<\/p>","protected":false},"featured_media":3384,"template":"","meta":{"site-sidebar-layout":"default","site-content-layout":"","ast-site-content-layout":"default","site-content-style":"default","site-sidebar-style":"default","ast-global-header-display":"","ast-banner-title-visibility":"","ast-main-header-display":"","ast-hfb-above-header-display":"","ast-hfb-below-header-display":"","ast-hfb-mobile-header-display":"","site-post-title":"","ast-breadcrumbs-content":"","ast-featured-img":"","footer-sml-layout":"","ast-disable-related-posts":"","theme-transparent-header-meta":"default","adv-header-id-meta":"","stick-header-meta":"","header-above-stick-meta":"","header-main-stick-meta":"","header-below-stick-meta":"","astra-migrate-meta-layouts":"set","ast-page-background-enabled":"default","ast-page-background-meta":{"desktop":{"background-color":"var(--ast-global-color-4)","background-image":"","background-repeat":"repeat","background-position":"center center","background-size":"auto","background-attachment":"scroll","background-type":"","background-media":"","overlay-type":"","overlay-color":"","overlay-opacity":"","overlay-gradient":""},"tablet":{"background-color":"","background-image":"","background-repeat":"repeat","background-position":"center center","background-size":"auto","background-attachment":"scroll","background-type":"","background-media":"","overlay-type":"","overlay-color":"","overlay-opacity":"","overlay-gradient":""},"mobile":{"background-color":"","background-image":"","background-repeat":"repeat","background-position":"center center","background-size":"auto","background-attachment":"scroll","background-type":"","background-media":"","overlay-type":"","overlay-color":"","overlay-opacity":"","overlay-gradient":""}},"ast-content-background-meta":{"desktop":{"background-color":"var(--ast-global-color-5)","background-image":"","background-repeat":"repeat","background-position":"center center","background-size":"auto","background-attachment":"scroll","background-type":"","background-media":"","overlay-type":"","overlay-color":"","overlay-opacity":"","overlay-gradient":""},"tablet":{"background-color":"var(--ast-global-color-5)","background-image":"","background-repeat":"repeat","background-position":"center center","background-size":"auto","background-attachment":"scroll","background-type":"","background-media":"","overlay-type":"","overlay-color":"","overlay-opacity":"","overlay-gradient":""},"mobile":{"background-color":"var(--ast-global-color-5)","background-image":"","background-repeat":"repeat","background-position":"center center","background-size":"auto","background-attachment":"scroll","background-type":"","background-media":"","overlay-type":"","overlay-color":"","overlay-opacity":"","overlay-gradient":""}}},"product_brand":[],"product_cat":[25],"product_tag":[],"class_list":{"0":"post-3380","1":"product","2":"type-product","3":"status-publish","4":"has-post-thumbnail","6":"product_cat-bbq-grill","7":"desktop-align-center","8":"tablet-align-left","9":"mobile-align-left","11":"first","12":"instock","13":"shipping-taxable","14":"product-type-simple"},"_links":{"self":[{"href":"https:\/\/jblcorten.com\/es\/wp-json\/wp\/v2\/product\/3380","targetHints":{"allow":["GET"]}}],"collection":[{"href":"https:\/\/jblcorten.com\/es\/wp-json\/wp\/v2\/product"}],"about":[{"href":"https:\/\/jblcorten.com\/es\/wp-json\/wp\/v2\/types\/product"}],"wp:featuredmedia":[{"embeddable":true,"href":"https:\/\/jblcorten.com\/es\/wp-json\/wp\/v2\/media\/3384"}],"wp:attachment":[{"href":"https:\/\/jblcorten.com\/es\/wp-json\/wp\/v2\/media?parent=3380"}],"wp:term":[{"taxonomy":"product_brand","embeddable":true,"href":"https:\/\/jblcorten.com\/es\/wp-json\/wp\/v2\/product_brand?post=3380"},{"taxonomy":"product_cat","embeddable":true,"href":"https:\/\/jblcorten.com\/es\/wp-json\/wp\/v2\/product_cat?post=3380"},{"taxonomy":"product_tag","embeddable":true,"href":"https:\/\/jblcorten.com\/es\/wp-json\/wp\/v2\/product_tag?post=3380"}],"curies":[{"name":"wp","href":"https:\/\/api.w.org\/{rel}","templated":true}]}}