{"id":3379,"date":"2025-06-18T11:49:10","date_gmt":"2025-06-18T03:49:10","guid":{"rendered":"https:\/\/jblcorten.com\/?post_type=product&#038;p=3379"},"modified":"2025-06-18T11:49:10","modified_gmt":"2025-06-18T03:49:10","slug":"parrilla-de-acero-corten-2","status":"publish","type":"product","link":"https:\/\/jblcorten.com\/es\/corten-steel-grill\/","title":{"rendered":"Parrilla de acero corten"},"content":{"rendered":"<h2 style=\"text-align: center;\"><span style=\"font-size: 14pt;\">Parrilla de acero corten<\/span><\/h2>\n<p>La parrilla de acero corten est\u00e1 fabricada con acero de alta calidad resistente a la intemperie. Tiene un dise\u00f1o semiesf\u00e9rico, una forma \u00fanica, una estructura s\u00f3lida y es a la vez art\u00edstica y pr\u00e1ctica. Es una opci\u00f3n ideal para las escenas de la vida al aire libre.<\/p>\n<p>Esta parrilla de acero corten utiliza madera como combustible principal, con un efecto de combusti\u00f3n natural y puro y una gran potencia de fuego, lo que puede aportar una aut\u00e9ntica experiencia culinaria. La parte de la parrilla es de acero al carbono, que conduce el calor r\u00e1pidamente y calienta uniformemente. Es adecuada para asar todo tipo de carnes, verduras, marisco y otros ingredientes, para satisfacer las diversas necesidades de las cenas familiares o reuniones de amigos. La superficie de la parrilla de acero al carbono es lisa y f\u00e1cil de limpiar. Es duradera y fiable tras un uso prolongado.<\/p>\n<p>Adem\u00e1s, esta barbacoa tiene un estilo personalizado que admite la instalaci\u00f3n de una estructura de parrilla elevable. Los usuarios pueden ajustar con flexibilidad la altura de la parrilla en funci\u00f3n de las necesidades reales de cocci\u00f3n, a fin de controlar con precisi\u00f3n la distancia entre los ingredientes y la llama para evitar que los ingredientes se quemen o se calienten de forma desigual. Este dise\u00f1o mejora enormemente la comodidad y profesionalidad de la barbacoa.<\/p>\n<p><img fetchpriority=\"high\" decoding=\"async\" class=\"alignnone wp-image-3390\" src=\"https:\/\/jblcorten.com\/wp-content\/uploads\/2025\/06\/best-wood-burning-bbq-grill.jpg\" alt=\"la mejor barbacoa de le\u00f1a\" width=\"375\" height=\"375\" title=\"\" srcset=\"https:\/\/jblcorten.com\/wp-content\/uploads\/2025\/06\/best-wood-burning-bbq-grill.jpg 750w, https:\/\/jblcorten.com\/wp-content\/uploads\/2025\/06\/best-wood-burning-bbq-grill-300x300.jpg 300w, https:\/\/jblcorten.com\/wp-content\/uploads\/2025\/06\/best-wood-burning-bbq-grill-150x150.jpg 150w, https:\/\/jblcorten.com\/wp-content\/uploads\/2025\/06\/best-wood-burning-bbq-grill-12x12.jpg 12w, https:\/\/jblcorten.com\/wp-content\/uploads\/2025\/06\/best-wood-burning-bbq-grill-600x600.jpg 600w, https:\/\/jblcorten.com\/wp-content\/uploads\/2025\/06\/best-wood-burning-bbq-grill-100x100.jpg 100w\" sizes=\"(max-width: 375px) 100vw, 375px\" \/> <img decoding=\"async\" class=\"alignnone wp-image-3392\" src=\"https:\/\/jblcorten.com\/wp-content\/uploads\/2025\/06\/round-bbq-grill.jpg\" alt=\"barbacoa redonda\" width=\"375\" height=\"375\" title=\"\" srcset=\"https:\/\/jblcorten.com\/wp-content\/uploads\/2025\/06\/round-bbq-grill.jpg 750w, https:\/\/jblcorten.com\/wp-content\/uploads\/2025\/06\/round-bbq-grill-300x300.jpg 300w, https:\/\/jblcorten.com\/wp-content\/uploads\/2025\/06\/round-bbq-grill-150x150.jpg 150w, https:\/\/jblcorten.com\/wp-content\/uploads\/2025\/06\/round-bbq-grill-12x12.jpg 12w, https:\/\/jblcorten.com\/wp-content\/uploads\/2025\/06\/round-bbq-grill-600x600.jpg 600w, https:\/\/jblcorten.com\/wp-content\/uploads\/2025\/06\/round-bbq-grill-100x100.jpg 100w\" sizes=\"(max-width: 375px) 100vw, 375px\" \/><\/p>\n<p><strong><span style=\"font-size: 14pt;\">Especificaci\u00f3n del producto:<\/span><\/strong><\/p>\n<table style=\"border-collapse: collapse; width: 100%; height: 265px;\">\n<tbody>\n<tr style=\"height: 53px;\">\n<td style=\"width: 21.9522%; height: 53px; background-color: #f5f5f5;\">Forma del producto<\/td>\n<td style=\"width: 78.0478%; height: 53px;\">Hemisf\u00e9rico<\/td>\n<\/tr>\n<tr style=\"height: 53px;\">\n<td style=\"width: 21.9522%; height: 53px; background-color: #f5f5f5;\">Material<\/td>\n<td style=\"width: 78.0478%; height: 53px;\">Acero corten, acero al carbono<\/td>\n<\/tr>\n<tr style=\"height: 53px;\">\n<td style=\"width: 21.9522%; height: 53px; background-color: #f5f5f5;\">Caracter\u00edstica<\/td>\n<td style=\"width: 78.0478%; height: 53px;\">Multifuncional<\/td>\n<\/tr>\n<tr style=\"height: 53px;\">\n<td style=\"width: 21.9522%; height: 53px; background-color: #f5f5f5;\">Di\u00e1metro<\/td>\n<td style=\"width: 78.0478%; height: 53px;\">\u00d8 800mm \/ \u00d8 1000mm \/ \u00d8 1200mm o a medida<\/td>\n<\/tr>\n<tr>\n<td style=\"width: 21.9522%; background-color: #f5f5f5;\">Soporte de parrilla elevable<\/td>\n<td style=\"width: 78.0478%;\">Ajuste manual de la altura<\/td>\n<\/tr>\n<tr>\n<td style=\"width: 21.9522%; background-color: #f5f5f5;\">Instalaci\u00f3n<\/td>\n<td style=\"width: 78.0478%;\">Instalaci\u00f3n gratuita, dise\u00f1o de moldura de una pieza<\/td>\n<\/tr>\n<tr style=\"height: 53px;\">\n<td style=\"width: 21.9522%; height: 53px; background-color: #f5f5f5;\">Aplicaci\u00f3n<\/td>\n<td style=\"width: 78.0478%; height: 53px;\">Barbacoa exterior<\/td>\n<\/tr>\n<\/tbody>\n<\/table>\n<p><strong><span style=\"font-size: 14pt;\">\u00bfPor qu\u00e9 elegir la parrilla de acero corten?<\/span><\/strong><\/p>\n<p>\u2705 <strong>Material de acero resistente a la intemperie:<\/strong><br \/>\nTodo el cuerpo del horno est\u00e1 fabricado con acero de intemperie de alta calidad, y la superficie formar\u00e1 con el tiempo una capa de \u00f3xido antioxidante \u00fanica, sin necesidad de pintura adicional.<\/p>\n<p>\u2705 <strong>Molde de acero al carbono, calentamiento uniforme:<\/strong><br \/>\nLa bandeja circular para hornear est\u00e1 hecha de acero al carbono, que tiene una transferencia de calor uniforme y es adecuada para hornear directamente diversas carnes, verduras y mariscos, aportando un sabor a carb\u00f3n puro.<\/p>\n<p>\u2705 <strong>Rejilla elevable, ajuste flexible:<\/strong><br \/>\nEl dise\u00f1o adicional de la parrilla circular elevable satisface las necesidades de cocci\u00f3n de diferentes requisitos de temperatura y tiempo, haciendo que las operaciones de cocci\u00f3n sean m\u00e1s libres.<\/p>\n<p>\u2705 <strong>Espacio operativo circular de 360\u00b0:<\/strong><br \/>\nSin restricciones de direcci\u00f3n, apto para que varias personas asen de forma interactiva alrededor de los fogones, coman mientras asan y disfruten de la diversi\u00f3n social.<\/p>\n<p>\u2705 <strong>Dise\u00f1o personalizable:<\/strong><br \/>\nAdmite la personalizaci\u00f3n del tama\u00f1o y el grabado del logotipo para satisfacer las necesidades del cliente.<\/p>\n<p><img decoding=\"async\" class=\"alignnone size-full wp-image-3391\" src=\"https:\/\/jblcorten.com\/wp-content\/uploads\/2025\/06\/corten-steel-grill-1.jpg\" alt=\"parrilla de acero corten\" width=\"750\" height=\"520\" title=\"\" srcset=\"https:\/\/jblcorten.com\/wp-content\/uploads\/2025\/06\/corten-steel-grill-1.jpg 750w, https:\/\/jblcorten.com\/wp-content\/uploads\/2025\/06\/corten-steel-grill-1-300x208.jpg 300w, https:\/\/jblcorten.com\/wp-content\/uploads\/2025\/06\/corten-steel-grill-1-18x12.jpg 18w, https:\/\/jblcorten.com\/wp-content\/uploads\/2025\/06\/corten-steel-grill-1-600x416.jpg 600w\" sizes=\"(max-width: 750px) 100vw, 750px\" \/><\/p>\n<p><img loading=\"lazy\" decoding=\"async\" class=\"alignnone size-full wp-image-3396\" src=\"https:\/\/jblcorten.com\/wp-content\/uploads\/2025\/06\/adjustable-charcoal-grill.jpg\" alt=\"parrilla de carb\u00f3n ajustable\" width=\"750\" height=\"562\" title=\"\" srcset=\"https:\/\/jblcorten.com\/wp-content\/uploads\/2025\/06\/adjustable-charcoal-grill.jpg 750w, https:\/\/jblcorten.com\/wp-content\/uploads\/2025\/06\/adjustable-charcoal-grill-300x225.jpg 300w, https:\/\/jblcorten.com\/wp-content\/uploads\/2025\/06\/adjustable-charcoal-grill-16x12.jpg 16w, https:\/\/jblcorten.com\/wp-content\/uploads\/2025\/06\/adjustable-charcoal-grill-600x450.jpg 600w\" sizes=\"(max-width: 750px) 100vw, 750px\" \/><\/p>","protected":false},"excerpt":{"rendered":"<p>La placa de la parrilla es de acero al carbono, que conduce el calor r\u00e1pidamente y es adecuada para asar una gran variedad de ingredientes. El puerto de fuego central utiliza troncos como combustible, y la llama es naturalmente brillante, a\u00f1adiendo un sabor original a la barbacoa.<\/p>\n<p>La parte superior de la parrilla de acero corten est\u00e1 equipada con una parrilla redonda elevable, que puede ajustar f\u00e1cilmente la altura para conseguir asar por zonas y aumentar la diversi\u00f3n de cocinar al aire libre.<\/p>","protected":false},"featured_media":3392,"template":"","meta":{"site-sidebar-layout":"default","site-content-layout":"","ast-site-content-layout":"default","site-content-style":"default","site-sidebar-style":"default","ast-global-header-display":"","ast-banner-title-visibility":"","ast-main-header-display":"","ast-hfb-above-header-display":"","ast-hfb-below-header-display":"","ast-hfb-mobile-header-display":"","site-post-title":"","ast-breadcrumbs-content":"","ast-featured-img":"","footer-sml-layout":"","ast-disable-related-posts":"","theme-transparent-header-meta":"default","adv-header-id-meta":"","stick-header-meta":"","header-above-stick-meta":"","header-main-stick-meta":"","header-below-stick-meta":"","astra-migrate-meta-layouts":"set","ast-page-background-enabled":"default","ast-page-background-meta":{"desktop":{"background-color":"var(--ast-global-color-4)","background-image":"","background-repeat":"repeat","background-position":"center center","background-size":"auto","background-attachment":"scroll","background-type":"","background-media":"","overlay-type":"","overlay-color":"","overlay-opacity":"","overlay-gradient":""},"tablet":{"background-color":"","background-image":"","background-repeat":"repeat","background-position":"center center","background-size":"auto","background-attachment":"scroll","background-type":"","background-media":"","overlay-type":"","overlay-color":"","overlay-opacity":"","overlay-gradient":""},"mobile":{"background-color":"","background-image":"","background-repeat":"repeat","background-position":"center center","background-size":"auto","background-attachment":"scroll","background-type":"","background-media":"","overlay-type":"","overlay-color":"","overlay-opacity":"","overlay-gradient":""}},"ast-content-background-meta":{"desktop":{"background-color":"var(--ast-global-color-5)","background-image":"","background-repeat":"repeat","background-position":"center center","background-size":"auto","background-attachment":"scroll","background-type":"","background-media":"","overlay-type":"","overlay-color":"","overlay-opacity":"","overlay-gradient":""},"tablet":{"background-color":"var(--ast-global-color-5)","background-image":"","background-repeat":"repeat","background-position":"center center","background-size":"auto","background-attachment":"scroll","background-type":"","background-media":"","overlay-type":"","overlay-color":"","overlay-opacity":"","overlay-gradient":""},"mobile":{"background-color":"var(--ast-global-color-5)","background-image":"","background-repeat":"repeat","background-position":"center center","background-size":"auto","background-attachment":"scroll","background-type":"","background-media":"","overlay-type":"","overlay-color":"","overlay-opacity":"","overlay-gradient":""}}},"product_brand":[],"product_cat":[25],"product_tag":[],"class_list":{"0":"post-3379","1":"product","2":"type-product","3":"status-publish","4":"has-post-thumbnail","6":"product_cat-bbq-grill","7":"desktop-align-center","8":"tablet-align-left","9":"mobile-align-left","11":"first","12":"instock","13":"shipping-taxable","14":"product-type-simple"},"_links":{"self":[{"href":"https:\/\/jblcorten.com\/es\/wp-json\/wp\/v2\/product\/3379","targetHints":{"allow":["GET"]}}],"collection":[{"href":"https:\/\/jblcorten.com\/es\/wp-json\/wp\/v2\/product"}],"about":[{"href":"https:\/\/jblcorten.com\/es\/wp-json\/wp\/v2\/types\/product"}],"wp:featuredmedia":[{"embeddable":true,"href":"https:\/\/jblcorten.com\/es\/wp-json\/wp\/v2\/media\/3392"}],"wp:attachment":[{"href":"https:\/\/jblcorten.com\/es\/wp-json\/wp\/v2\/media?parent=3379"}],"wp:term":[{"taxonomy":"product_brand","embeddable":true,"href":"https:\/\/jblcorten.com\/es\/wp-json\/wp\/v2\/product_brand?post=3379"},{"taxonomy":"product_cat","embeddable":true,"href":"https:\/\/jblcorten.com\/es\/wp-json\/wp\/v2\/product_cat?post=3379"},{"taxonomy":"product_tag","embeddable":true,"href":"https:\/\/jblcorten.com\/es\/wp-json\/wp\/v2\/product_tag?post=3379"}],"curies":[{"name":"wp","href":"https:\/\/api.w.org\/{rel}","templated":true}]}}