{"id":3350,"date":"2025-06-13T16:32:07","date_gmt":"2025-06-13T08:32:07","guid":{"rendered":"https:\/\/jblcorten.com\/?post_type=product&#038;p=3350"},"modified":"2025-06-13T16:32:44","modified_gmt":"2025-06-13T08:32:44","slug":"parrilla-de-acero-corten-en-forma-de-z","status":"publish","type":"product","link":"https:\/\/jblcorten.com\/es\/corten-steel-z%e2%80%91shaped-bbq-grill\/","title":{"rendered":"Parrilla de acero corten en forma de Z"},"content":{"rendered":"<h2 style=\"text-align: center;\"><span style=\"font-size: 14pt;\">Parrilla de acero corten en forma de Z<\/span><\/h2>\n<p>Esta parrilla de acero corten en forma de Z adopta un dise\u00f1o de estructura en forma de Z. El cuerpo principal est\u00e1 hecho de acero corten, que tiene una excelente resistencia a la corrosi\u00f3n y una fuerte resistencia estructural. Despu\u00e9s de ser oxidado por el viento y la lluvia, una capa protectora de \u00f3xido naranja \u00fanica se formar\u00e1 naturalmente en la superficie. No s\u00f3lo no necesita mantenimiento, sino que tambi\u00e9n presenta una textura natural y rugosa.<\/p>\n<p>La parte superior est\u00e1 equipada con una gruesa placa de asar cuadrada (Plancha), que est\u00e1 hecha de acero al carbono, tiene una r\u00e1pida conducci\u00f3n del calor y una alta resistencia a la temperatura. Es adecuada para diversos m\u00e9todos de cocci\u00f3n, como fre\u00edr filetes, saltear verduras y asar marisco. La parte central est\u00e1 dise\u00f1ada con una abertura de fuego directo, y se puede utilizar le\u00f1a o carb\u00f3n como combustible, lo que le permite sentir la temperatura y la atm\u00f3sfera de las llamas reales al asar.<\/p>\n<p>El lateral est\u00e1 dise\u00f1ado con plataformas de dos capas, que se pueden utilizar para colocar condimentos y utensilios, y tambi\u00e9n se pueden utilizar como zona de preparaci\u00f3n de alimentos para aumentar la practicidad. La estructura general adopta un dise\u00f1o modular, que resulta c\u00f3modo de transportar y montar. Adem\u00e1s, la zona central puede utilizarse para almacenar le\u00f1a.<img fetchpriority=\"high\" decoding=\"async\" class=\"alignnone size-full wp-image-3356\" src=\"https:\/\/jblcorten.com\/wp-content\/uploads\/2025\/06\/Corten-Steel-Z\u2011Shaped-BBQ-Grill.jpg\" alt=\"Parrilla de acero corten en forma de Z\" width=\"750\" height=\"500\" title=\"\" srcset=\"https:\/\/jblcorten.com\/wp-content\/uploads\/2025\/06\/Corten-Steel-Z\u2011Shaped-BBQ-Grill.jpg 750w, https:\/\/jblcorten.com\/wp-content\/uploads\/2025\/06\/Corten-Steel-Z\u2011Shaped-BBQ-Grill-600x400.jpg 600w, https:\/\/jblcorten.com\/wp-content\/uploads\/2025\/06\/Corten-Steel-Z\u2011Shaped-BBQ-Grill-300x200.jpg 300w, https:\/\/jblcorten.com\/wp-content\/uploads\/2025\/06\/Corten-Steel-Z\u2011Shaped-BBQ-Grill-18x12.jpg 18w\" sizes=\"(max-width: 750px) 100vw, 750px\" \/><\/p>\n<p><strong><span style=\"font-size: 14pt;\">Especificaci\u00f3n del producto:<\/span><\/strong><\/p>\n<table style=\"border-collapse: collapse; width: 100%; height: 265px;\">\n<tbody>\n<tr style=\"height: 53px;\">\n<td style=\"width: 23.7472%; height: 53px; background-color: #f5f5f5;\">Nombre del producto<\/td>\n<td style=\"width: 76.2528%; height: 53px;\">Parrilla de acero corten en forma de Z<\/td>\n<\/tr>\n<tr style=\"height: 53px;\">\n<td style=\"width: 23.7472%; height: 53px; background-color: #f5f5f5;\">Material<\/td>\n<td style=\"width: 76.2528%; height: 53px;\">Acero corten<\/td>\n<\/tr>\n<tr style=\"height: 53px;\">\n<td style=\"width: 23.7472%; height: 53px; background-color: #f5f5f5;\">Talla<\/td>\n<td style=\"width: 76.2528%; height: 53px;\">Ancho 90 cm \u00d7 Largo 170 cm \u00d7 Alto 98 cm<\/td>\n<\/tr>\n<tr>\n<td style=\"width: 23.7472%; background-color: #f5f5f5;\">Espesor de la placa<\/td>\n<td style=\"width: 76.2528%;\">10 mm<\/td>\n<\/tr>\n<tr style=\"height: 53px;\">\n<td style=\"width: 23.7472%; height: 53px; background-color: #f5f5f5;\">Color<\/td>\n<td style=\"width: 76.2528%; height: 53px;\">Rusty<\/td>\n<\/tr>\n<tr style=\"height: 53px;\">\n<td style=\"width: 23.7472%; height: 53px; background-color: #f5f5f5;\">Combustible<\/td>\n<td style=\"width: 76.2528%; height: 53px;\">Madera<\/td>\n<\/tr>\n<\/tbody>\n<\/table>\n<p><strong><span style=\"font-size: 14pt;\">\u00bfPor qu\u00e9 elegir la parrilla de acero corten?<\/span><\/strong><\/p>\n<ul>\n<li><span style=\"color: #26ab33;\">Gran sentido del dise\u00f1o:<\/span> La estructura en forma de Z es diferente de las redondas habituales en el mercado y es \u00fanica<\/li>\n<li><span style=\"color: #26ab33;\">Estructura estable:<\/span> El chasis se ensancha y la plataforma se dise\u00f1a sim\u00e9tricamente, lo que puede soportar eficazmente la carga sin inclinarse.<\/li>\n<li><span style=\"color: #26ab33;\">Material duradero:<\/span> El cuerpo del horno es de acero resistente a la intemperie con una excelente resistencia a la corrosi\u00f3n<\/li>\n<li><span style=\"color: #26ab33;\">Cocina multifuncional:<\/span> Adecuado para fre\u00edr huevos, asar a la parrilla y otros platos<\/li>\n<li><span style=\"color: #26ab33;\">Servicio:<\/span> Nuestro grill admite personalizaci\u00f3n<\/li>\n<\/ul>\n<p><img decoding=\"async\" class=\"alignnone size-full wp-image-3355\" src=\"https:\/\/jblcorten.com\/wp-content\/uploads\/2025\/06\/corten-steel-z-shaped-bbq-grill-for-sale.jpg\" alt=\"parrilla de acero corten en forma de z \" width=\"750\" height=\"562\" title=\"\" srcset=\"https:\/\/jblcorten.com\/wp-content\/uploads\/2025\/06\/corten-steel-z-shaped-bbq-grill-for-sale.jpg 750w, https:\/\/jblcorten.com\/wp-content\/uploads\/2025\/06\/corten-steel-z-shaped-bbq-grill-for-sale-600x450.jpg 600w, https:\/\/jblcorten.com\/wp-content\/uploads\/2025\/06\/corten-steel-z-shaped-bbq-grill-for-sale-300x225.jpg 300w, https:\/\/jblcorten.com\/wp-content\/uploads\/2025\/06\/corten-steel-z-shaped-bbq-grill-for-sale-16x12.jpg 16w\" sizes=\"(max-width: 750px) 100vw, 750px\" \/><\/p>\n<p><strong><span style=\"font-size: 14pt;\">Embalaje del producto:<\/span><\/strong><\/p>\n<p>Nuestros m\u00e9todos de embalaje incluyen cajas de cart\u00f3n, cajas de madera, pal\u00e9s, etc.<\/p>\n<p><img decoding=\"async\" class=\"alignnone size-full wp-image-3357\" src=\"https:\/\/jblcorten.com\/wp-content\/uploads\/2025\/06\/outdoor-bbq-grill-supplier.jpg\" alt=\"proveedor de barbacoas de exterior\" width=\"750\" height=\"525\" title=\"\" srcset=\"https:\/\/jblcorten.com\/wp-content\/uploads\/2025\/06\/outdoor-bbq-grill-supplier.jpg 750w, https:\/\/jblcorten.com\/wp-content\/uploads\/2025\/06\/outdoor-bbq-grill-supplier-600x420.jpg 600w, https:\/\/jblcorten.com\/wp-content\/uploads\/2025\/06\/outdoor-bbq-grill-supplier-300x210.jpg 300w, https:\/\/jblcorten.com\/wp-content\/uploads\/2025\/06\/outdoor-bbq-grill-supplier-18x12.jpg 18w\" sizes=\"(max-width: 750px) 100vw, 750px\" \/><\/p>\n<p>&nbsp;<\/p>","protected":false},"excerpt":{"rendered":"<p>La parte superior de esta barbacoa de acero corten en forma de Z es una gruesa y plana superficie cuadrada de acero al carbono para asar a la parrilla (Plancha), con una abertura en el centro para calentar con fuego directo, adecuada para quemar le\u00f1a o carb\u00f3n. La plataforma lateral de doble capa puede utilizarse como mesa de preparaci\u00f3n de alimentos, con una estructura estable y gran capacidad de carga.<\/p>","protected":false},"featured_media":3354,"template":"","meta":{"site-sidebar-layout":"default","site-content-layout":"","ast-site-content-layout":"default","site-content-style":"default","site-sidebar-style":"default","ast-global-header-display":"","ast-banner-title-visibility":"","ast-main-header-display":"","ast-hfb-above-header-display":"","ast-hfb-below-header-display":"","ast-hfb-mobile-header-display":"","site-post-title":"","ast-breadcrumbs-content":"","ast-featured-img":"","footer-sml-layout":"","ast-disable-related-posts":"","theme-transparent-header-meta":"default","adv-header-id-meta":"","stick-header-meta":"","header-above-stick-meta":"","header-main-stick-meta":"","header-below-stick-meta":"","astra-migrate-meta-layouts":"set","ast-page-background-enabled":"default","ast-page-background-meta":{"desktop":{"background-color":"var(--ast-global-color-4)","background-image":"","background-repeat":"repeat","background-position":"center center","background-size":"auto","background-attachment":"scroll","background-type":"","background-media":"","overlay-type":"","overlay-color":"","overlay-opacity":"","overlay-gradient":""},"tablet":{"background-color":"","background-image":"","background-repeat":"repeat","background-position":"center center","background-size":"auto","background-attachment":"scroll","background-type":"","background-media":"","overlay-type":"","overlay-color":"","overlay-opacity":"","overlay-gradient":""},"mobile":{"background-color":"","background-image":"","background-repeat":"repeat","background-position":"center center","background-size":"auto","background-attachment":"scroll","background-type":"","background-media":"","overlay-type":"","overlay-color":"","overlay-opacity":"","overlay-gradient":""}},"ast-content-background-meta":{"desktop":{"background-color":"var(--ast-global-color-5)","background-image":"","background-repeat":"repeat","background-position":"center center","background-size":"auto","background-attachment":"scroll","background-type":"","background-media":"","overlay-type":"","overlay-color":"","overlay-opacity":"","overlay-gradient":""},"tablet":{"background-color":"var(--ast-global-color-5)","background-image":"","background-repeat":"repeat","background-position":"center center","background-size":"auto","background-attachment":"scroll","background-type":"","background-media":"","overlay-type":"","overlay-color":"","overlay-opacity":"","overlay-gradient":""},"mobile":{"background-color":"var(--ast-global-color-5)","background-image":"","background-repeat":"repeat","background-position":"center center","background-size":"auto","background-attachment":"scroll","background-type":"","background-media":"","overlay-type":"","overlay-color":"","overlay-opacity":"","overlay-gradient":""}}},"product_brand":[],"product_cat":[25],"product_tag":[27,70],"class_list":{"0":"post-3350","1":"product","2":"type-product","3":"status-publish","4":"has-post-thumbnail","6":"product_cat-bbq-grill","7":"product_tag-bbq-grill","8":"product_tag-corten-steel-bbq-grill","9":"desktop-align-center","10":"tablet-align-left","11":"mobile-align-left","13":"first","14":"instock","15":"shipping-taxable","16":"product-type-simple"},"_links":{"self":[{"href":"https:\/\/jblcorten.com\/es\/wp-json\/wp\/v2\/product\/3350","targetHints":{"allow":["GET"]}}],"collection":[{"href":"https:\/\/jblcorten.com\/es\/wp-json\/wp\/v2\/product"}],"about":[{"href":"https:\/\/jblcorten.com\/es\/wp-json\/wp\/v2\/types\/product"}],"wp:featuredmedia":[{"embeddable":true,"href":"https:\/\/jblcorten.com\/es\/wp-json\/wp\/v2\/media\/3354"}],"wp:attachment":[{"href":"https:\/\/jblcorten.com\/es\/wp-json\/wp\/v2\/media?parent=3350"}],"wp:term":[{"taxonomy":"product_brand","embeddable":true,"href":"https:\/\/jblcorten.com\/es\/wp-json\/wp\/v2\/product_brand?post=3350"},{"taxonomy":"product_cat","embeddable":true,"href":"https:\/\/jblcorten.com\/es\/wp-json\/wp\/v2\/product_cat?post=3350"},{"taxonomy":"product_tag","embeddable":true,"href":"https:\/\/jblcorten.com\/es\/wp-json\/wp\/v2\/product_tag?post=3350"}],"curies":[{"name":"wp","href":"https:\/\/api.w.org\/{rel}","templated":true}]}}