{"id":3341,"date":"2025-06-13T11:16:03","date_gmt":"2025-06-13T03:16:03","guid":{"rendered":"https:\/\/jblcorten.com\/?post_type=product&#038;p=3341"},"modified":"2025-06-13T11:16:03","modified_gmt":"2025-06-13T03:16:03","slug":"parrilla-corten","status":"publish","type":"product","link":"https:\/\/jblcorten.com\/es\/corten-barbecue-grill\/","title":{"rendered":"Parrilla Corten"},"content":{"rendered":"<h2 style=\"text-align: center;\"><span style=\"font-size: 14pt;\">Parrilla Corten<\/span><\/h2>\n<p>Esta parrilla corten para barbacoa est\u00e1 dise\u00f1ada con una base de acero de alta resistencia a la intemperie y una gruesa superficie de cocci\u00f3n de acero al carbono, que integra las funciones de asar, fre\u00edr y guisar. El cuerpo del horno est\u00e1 dise\u00f1ado en forma c\u00f3nica, que es estable y bonito, y la superficie tiene una capa protectora de oxidaci\u00f3n natural, sin necesidad de revestimiento adicional. Equipado con un sistema de ganchos, puede colgar utensilios como tenedores para asar, esp\u00e1tulas, pinceles y tazas para condimentar, lo que resulta c\u00f3modo y pr\u00e1ctico. Adecuado para actividades al aire libre, como reuniones familiares en el patio, acampadas y picnics.<\/p>\n<p>El dise\u00f1o de anillo de 360\u00b0 no s\u00f3lo mejora la eficacia de la cocci\u00f3n, sino que tambi\u00e9n permite a familiares y amigos sentarse alrededor de los fogones, charlar mientras se asa y disfrutar del calor del humo.<\/p>\n<p><strong><span style=\"font-size: 14pt;\">Especificaci\u00f3n del producto:<\/span><\/strong><\/p>\n<table style=\"border-collapse: collapse; width: 100%;\">\n<tbody>\n<tr>\n<td style=\"width: 21.279%; background-color: #f5f5f5;\">Tipo de producto<\/td>\n<td style=\"width: 78.721%;\">Parrilla de acero corten<\/td>\n<\/tr>\n<tr>\n<td style=\"width: 21.279%; background-color: #f5f5f5;\">Material<\/td>\n<td style=\"width: 78.721%;\">Acero corten, acero al carbono<\/td>\n<\/tr>\n<tr>\n<td style=\"width: 21.279%; background-color: #f5f5f5;\">Talla<\/td>\n<td style=\"width: 78.721%;\">\u00a0P 100 cm \u00d7 A 90 cm o a medida<\/td>\n<\/tr>\n<tr>\n<td style=\"width: 21.279%; background-color: #f5f5f5;\">Espesor<\/td>\n<td style=\"width: 78.721%;\">3-20 mm<\/td>\n<\/tr>\n<tr>\n<td style=\"width: 21.279%; background-color: #f5f5f5;\">Peso<\/td>\n<td style=\"width: 78.721%;\">115 kg<\/td>\n<\/tr>\n<tr>\n<td style=\"width: 21.279%; background-color: #f5f5f5;\">Combustible<\/td>\n<td style=\"width: 78.721%;\">Madera o carb\u00f3n vegetal<\/td>\n<\/tr>\n<\/tbody>\n<\/table>\n<p><strong><span style=\"font-size: 14pt;\">Caracter\u00edsticas del producto:<\/span><\/strong><\/p>\n<ul style=\"list-style-type: disc;\">\n<li><strong>Dise\u00f1o de cocina multifuncional:<\/strong> El horno central se utiliza para asar directamente sobre fuego de carb\u00f3n, y la placa circular exterior es adecuada para fre\u00edr y asar alimentos. Un horno equivale a muchos.<\/li>\n<li><strong>Material de acero resistente a la intemperie:<\/strong> El \u00f3xido natural forma una capa protectora resistente a la corrosi\u00f3n y a las altas temperaturas, robusta y duradera.<\/li>\n<li><strong>Dise\u00f1o circular de 360\u00b0:<\/strong> El dise\u00f1o circular es adecuado para que varias personas lo utilicen al mismo tiempo, lo que mejora la interactividad y la experiencia al aire libre.<\/li>\n<li><strong>Estructura desmontable:<\/strong> La parte superior es desmontable para facilitar la limpieza, manipulaci\u00f3n y sustituci\u00f3n de piezas.<\/li>\n<li><strong>Pr\u00e1ctico sistema de enganche:<\/strong> C\u00f3modo acceso a los utensilios de la barbacoa, funcionamiento eficaz, limpio y ordenado.<\/li>\n<\/ul>\n<p><img fetchpriority=\"high\" decoding=\"async\" class=\"alignnone wp-image-3347 size-full\" src=\"https:\/\/jblcorten.com\/wp-content\/uploads\/2025\/06\/corten-barbecue-grill.jpg\" alt=\"parrilla corten\" width=\"750\" height=\"513\" title=\"\" srcset=\"https:\/\/jblcorten.com\/wp-content\/uploads\/2025\/06\/corten-barbecue-grill.jpg 750w, https:\/\/jblcorten.com\/wp-content\/uploads\/2025\/06\/corten-barbecue-grill-600x410.jpg 600w, https:\/\/jblcorten.com\/wp-content\/uploads\/2025\/06\/corten-barbecue-grill-300x205.jpg 300w, https:\/\/jblcorten.com\/wp-content\/uploads\/2025\/06\/corten-barbecue-grill-18x12.jpg 18w\" sizes=\"(max-width: 750px) 100vw, 750px\" \/><\/p>\n<p><strong><span style=\"font-size: 14pt;\">Qui\u00e9nes somos:<\/span><\/strong><\/p>\n<p>Somos un fabricante profesional de productos de acero corten ubicado en Anyang, China. Desde su creaci\u00f3n en 2008, nos hemos centrado en el dise\u00f1o y producci\u00f3n de parrillas de acero corten para barbacoas, estufas para exteriores y decoraciones met\u00e1licas para jardines. Tenemos nuestra propia f\u00e1brica y equipo t\u00e9cnico de I + D, y nuestros productos se exportan a muchos pa\u00edses y regiones como Europa, Am\u00e9rica, Australia y Oriente Medio.<\/p>\n<p><img decoding=\"async\" class=\"alignnone size-full wp-image-3349\" src=\"https:\/\/jblcorten.com\/wp-content\/uploads\/2025\/06\/corten-steel-bbq-grill-manufacturer.jpg\" alt=\"fabricante de parrillas de acero corten\" width=\"750\" height=\"375\" title=\"\" srcset=\"https:\/\/jblcorten.com\/wp-content\/uploads\/2025\/06\/corten-steel-bbq-grill-manufacturer.jpg 750w, https:\/\/jblcorten.com\/wp-content\/uploads\/2025\/06\/corten-steel-bbq-grill-manufacturer-600x300.jpg 600w, https:\/\/jblcorten.com\/wp-content\/uploads\/2025\/06\/corten-steel-bbq-grill-manufacturer-300x150.jpg 300w, https:\/\/jblcorten.com\/wp-content\/uploads\/2025\/06\/corten-steel-bbq-grill-manufacturer-18x9.jpg 18w\" sizes=\"(max-width: 750px) 100vw, 750px\" \/><\/p>\n<p><img decoding=\"async\" class=\"alignnone size-full wp-image-3348\" src=\"https:\/\/jblcorten.com\/wp-content\/uploads\/2025\/06\/bbq-grill-in-corten.jpg\" alt=\"barbacoa en corten\" width=\"750\" height=\"500\" title=\"\" srcset=\"https:\/\/jblcorten.com\/wp-content\/uploads\/2025\/06\/bbq-grill-in-corten.jpg 750w, https:\/\/jblcorten.com\/wp-content\/uploads\/2025\/06\/bbq-grill-in-corten-600x400.jpg 600w, https:\/\/jblcorten.com\/wp-content\/uploads\/2025\/06\/bbq-grill-in-corten-300x200.jpg 300w, https:\/\/jblcorten.com\/wp-content\/uploads\/2025\/06\/bbq-grill-in-corten-18x12.jpg 18w\" sizes=\"(max-width: 750px) 100vw, 750px\" \/><\/p>\n<p><strong><span style=\"font-size: 14pt;\">PREGUNTAS FRECUENTES:<\/span><\/strong><\/p>\n<p>P1: \u00bfPuede esta barbacoa quemar le\u00f1a?<br \/>\nR1: S\u00ed, puede utilizar le\u00f1a, carb\u00f3n vegetal, madera de frutales, etc. como combustible. Se recomienda utilizar madera seca para obtener mejores resultados.<\/p>\n<p>P2: \u00bfEs f\u00e1cil que se oxide la superficie de cocci\u00f3n?<br \/>\nA2: El panel de cocci\u00f3n es de acero al carbono. Tras un uso normal, se forma una pel\u00edcula de aceite para evitar la oxidaci\u00f3n. Si necesita una mayor resistencia a la oxidaci\u00f3n, puede elegir paneles de acero inoxidable 304 o 316.<\/p>\n<p>P3: \u00bfSe puede personalizar el tama\u00f1o o el logotipo?<br \/>\nA3: Por supuesto. Ofrecemos servicios de personalizaci\u00f3n para empresas, incluidos logotipos, tama\u00f1os, accesorios y envases.<\/p>\n<p>P4: \u00bfPueden facilitarnos muestras?<br \/>\nA4: Se pueden suministrar muestras. P\u00f3ngase en contacto con nuestro asesor de ventas para obtener m\u00e1s informaci\u00f3n.<\/p>\n<p>&nbsp;<\/p>","protected":false},"excerpt":{"rendered":"<p>Esta barbacoa de acero corten utiliza acero de alta resistencia a la intemperie para crear la estructura base, y la superficie est\u00e1 oxidada de forma natural para presentar un c\u00e1lido aspecto de \u00f3xido rojo. La plataforma de cocci\u00f3n superior utiliza un plano de calentamiento de acero al carbono de 10 mm de grosor, que se calienta r\u00e1pidamente y almacena el calor durante mucho tiempo. Con la parrilla central de fuego directo, puede realizar una gran variedad de m\u00e9todos de cocci\u00f3n.<\/p>","protected":false},"featured_media":3342,"template":"","meta":{"site-sidebar-layout":"default","site-content-layout":"","ast-site-content-layout":"default","site-content-style":"default","site-sidebar-style":"default","ast-global-header-display":"","ast-banner-title-visibility":"","ast-main-header-display":"","ast-hfb-above-header-display":"","ast-hfb-below-header-display":"","ast-hfb-mobile-header-display":"","site-post-title":"","ast-breadcrumbs-content":"","ast-featured-img":"","footer-sml-layout":"","ast-disable-related-posts":"","theme-transparent-header-meta":"default","adv-header-id-meta":"","stick-header-meta":"","header-above-stick-meta":"","header-main-stick-meta":"","header-below-stick-meta":"","astra-migrate-meta-layouts":"set","ast-page-background-enabled":"default","ast-page-background-meta":{"desktop":{"background-color":"var(--ast-global-color-4)","background-image":"","background-repeat":"repeat","background-position":"center center","background-size":"auto","background-attachment":"scroll","background-type":"","background-media":"","overlay-type":"","overlay-color":"","overlay-opacity":"","overlay-gradient":""},"tablet":{"background-color":"","background-image":"","background-repeat":"repeat","background-position":"center center","background-size":"auto","background-attachment":"scroll","background-type":"","background-media":"","overlay-type":"","overlay-color":"","overlay-opacity":"","overlay-gradient":""},"mobile":{"background-color":"","background-image":"","background-repeat":"repeat","background-position":"center center","background-size":"auto","background-attachment":"scroll","background-type":"","background-media":"","overlay-type":"","overlay-color":"","overlay-opacity":"","overlay-gradient":""}},"ast-content-background-meta":{"desktop":{"background-color":"var(--ast-global-color-5)","background-image":"","background-repeat":"repeat","background-position":"center center","background-size":"auto","background-attachment":"scroll","background-type":"","background-media":"","overlay-type":"","overlay-color":"","overlay-opacity":"","overlay-gradient":""},"tablet":{"background-color":"var(--ast-global-color-5)","background-image":"","background-repeat":"repeat","background-position":"center center","background-size":"auto","background-attachment":"scroll","background-type":"","background-media":"","overlay-type":"","overlay-color":"","overlay-opacity":"","overlay-gradient":""},"mobile":{"background-color":"var(--ast-global-color-5)","background-image":"","background-repeat":"repeat","background-position":"center center","background-size":"auto","background-attachment":"scroll","background-type":"","background-media":"","overlay-type":"","overlay-color":"","overlay-opacity":"","overlay-gradient":""}}},"product_brand":[],"product_cat":[25],"product_tag":[],"class_list":{"0":"post-3341","1":"product","2":"type-product","3":"status-publish","4":"has-post-thumbnail","6":"product_cat-bbq-grill","7":"desktop-align-center","8":"tablet-align-left","9":"mobile-align-left","11":"first","12":"instock","13":"shipping-taxable","14":"product-type-simple"},"_links":{"self":[{"href":"https:\/\/jblcorten.com\/es\/wp-json\/wp\/v2\/product\/3341","targetHints":{"allow":["GET"]}}],"collection":[{"href":"https:\/\/jblcorten.com\/es\/wp-json\/wp\/v2\/product"}],"about":[{"href":"https:\/\/jblcorten.com\/es\/wp-json\/wp\/v2\/types\/product"}],"wp:featuredmedia":[{"embeddable":true,"href":"https:\/\/jblcorten.com\/es\/wp-json\/wp\/v2\/media\/3342"}],"wp:attachment":[{"href":"https:\/\/jblcorten.com\/es\/wp-json\/wp\/v2\/media?parent=3341"}],"wp:term":[{"taxonomy":"product_brand","embeddable":true,"href":"https:\/\/jblcorten.com\/es\/wp-json\/wp\/v2\/product_brand?post=3341"},{"taxonomy":"product_cat","embeddable":true,"href":"https:\/\/jblcorten.com\/es\/wp-json\/wp\/v2\/product_cat?post=3341"},{"taxonomy":"product_tag","embeddable":true,"href":"https:\/\/jblcorten.com\/es\/wp-json\/wp\/v2\/product_tag?post=3341"}],"curies":[{"name":"wp","href":"https:\/\/api.w.org\/{rel}","templated":true}]}}