{"id":3301,"date":"2025-06-11T14:13:57","date_gmt":"2025-06-11T06:13:57","guid":{"rendered":"https:\/\/jblcorten.com\/?post_type=product&#038;p=3301"},"modified":"2025-06-11T14:16:06","modified_gmt":"2025-06-11T06:16:06","slug":"corten-bbq-grill","status":"publish","type":"product","link":"https:\/\/jblcorten.com\/es\/corten-bbq-grill\/","title":{"rendered":"Parrilla Corten BBQ"},"content":{"rendered":"<h2 style=\"text-align: center;\"><span style=\"font-size: 14pt;\">Parrilla Corten BBQ<\/span><\/h2>\n<p>La parte principal de toda la parrilla corten bbq est\u00e1 hecha de acero para intemperie. En la parte de la bandeja de hornear y la parrilla, esta parrilla para barbacoa est\u00e1 fabricada con acero al carbono de alta calidad. El acero al carbono se utiliza ampliamente en la fabricaci\u00f3n de bandejas de horno debido a su excelente conductividad t\u00e9rmica y resistencia a altas temperaturas. Las bandejas de hornear de acero al carbono pueden absorber y conducir el calor r\u00e1pidamente, garantizando que la superficie de la bandeja de hornear se caliente uniformemente para evitar que los ingredientes se quemen parcialmente o se cocinen poco. Al mismo tiempo, el acero al carbono tiene una gran estabilidad estructural y no es f\u00e1cil que se deforme durante el asado a alta temperatura, lo que favorece el mantenimiento de un calentamiento uniforme de los ingredientes y un sabor estable.<\/p>\n<p>Adem\u00e1s, tras el revestimiento profesional o el tratamiento de la olla, la antiadherencia del acero al carbono tambi\u00e9n mejora en cierta medida. Con un uso y unos m\u00e9todos de mantenimiento adecuados (como el horneado y el mantenimiento de la olla antes del primer uso), puede reducir eficazmente la adherencia y facilitar la limpieza.<\/p>\n<p><strong><span style=\"font-size: 14pt;\">Especificaci\u00f3n del producto:<\/span><\/strong><\/p>\n<table style=\"border-collapse: collapse; width: 100%;\">\n<tbody>\n<tr>\n<td style=\"width: 25.3179%;\">Nombre del producto<\/td>\n<td style=\"width: 74.6821%;\">Parrilla Corten BBQ<\/td>\n<\/tr>\n<tr>\n<td style=\"width: 25.3179%;\">Material<\/td>\n<td style=\"width: 74.6821%;\">Acero corten, acero al carbono<\/td>\n<\/tr>\n<tr>\n<td style=\"width: 25.3179%;\">Tama\u00f1o (cm)<\/td>\n<td style=\"width: 74.6821%;\">100 (D) *70(H)<\/td>\n<\/tr>\n<tr>\n<td style=\"width: 25.3179%;\">Plato de cocina<\/td>\n<td style=\"width: 74.6821%;\">10 mm<\/td>\n<\/tr>\n<\/tbody>\n<\/table>\n<p><strong><span style=\"font-size: 14pt;\">Caracter\u00edsticas del producto:<\/span><\/strong><\/p>\n<p><span style=\"color: #32cd00;\">\u00a0 <strong>\u221a Resistente y duradero:<\/strong> <\/span>El cuerpo del horno est\u00e1 hecho de acero de alta resistencia a la intemperie, que es resistente a la corrosi\u00f3n y a las altas temperaturas, y es adecuado para diversos entornos al aire libre.<\/p>\n<p><strong><span style=\"color: #32cd00;\">\u00a0 \u221a Cocina eficiente:<\/span> <\/strong>Equipada con bandejas y parrillas de acero al carbono, conduce el calor de forma r\u00e1pida y uniforme, y puede hornear f\u00e1cilmente deliciosos platos.<\/p>\n<p><strong><span style=\"color: #32cd00;\">\u00a0 \u221a M\u00e9todo de combusti\u00f3n:<\/span> <\/strong>Utilizando le\u00f1a o carb\u00f3n como combustible, aporta el aroma original de los fuegos artificiales y disfruta del aut\u00e9ntico sabor de la barbacoa.<\/p>\n<p><strong><span style=\"color: #32cd00;\">\u00a0 \u221a C\u00f3modo montaje:<\/span><\/strong> Estructura modular, dise\u00f1o de desmontaje y montaje r\u00e1pidos, f\u00e1cil de llevar, transportar y limpiar.<\/p>\n<p><img fetchpriority=\"high\" decoding=\"async\" class=\"alignnone size-full wp-image-3307\" src=\"https:\/\/jblcorten.com\/wp-content\/uploads\/2025\/06\/corten-bbq-grill-1.jpg\" alt=\"corten bbq grill\" width=\"750\" height=\"500\" title=\"\" srcset=\"https:\/\/jblcorten.com\/wp-content\/uploads\/2025\/06\/corten-bbq-grill-1.jpg 750w, https:\/\/jblcorten.com\/wp-content\/uploads\/2025\/06\/corten-bbq-grill-1-600x400.jpg 600w, https:\/\/jblcorten.com\/wp-content\/uploads\/2025\/06\/corten-bbq-grill-1-300x200.jpg 300w, https:\/\/jblcorten.com\/wp-content\/uploads\/2025\/06\/corten-bbq-grill-1-18x12.jpg 18w\" sizes=\"(max-width: 750px) 100vw, 750px\" \/><\/p>\n<p><strong><span style=\"font-size: 14pt;\">\u00bfPor qu\u00e9 elegir acero corten?<\/span><\/strong><\/p>\n<p>El acero para intemperie, tambi\u00e9n conocido como acero resistente a la corrosi\u00f3n atmosf\u00e9rica, tiene una excelente resistencia a la oxidaci\u00f3n y la corrosi\u00f3n. En comparaci\u00f3n con el acero al carbono tradicional o el acero inoxidable ordinario, el acero resistente a la intemperie puede utilizarse durante mucho tiempo en entornos exteriores sin revestimiento antioxidante adicional, y no es f\u00e1cil que se oxide o deforme debido a la lluvia, la humedad del aire o la diferencia de temperatura.<\/p>\n<p><img decoding=\"async\" class=\"alignnone wp-image-2518\" src=\"https:\/\/jblcorten.com\/wp-content\/uploads\/2025\/03\/Corten-Steel-vs.-Regular-Steel.jpg\" alt=\"Acero corten frente a acero normal\" width=\"750\" height=\"413\" title=\"\" srcset=\"https:\/\/jblcorten.com\/wp-content\/uploads\/2025\/03\/Corten-Steel-vs.-Regular-Steel.jpg 699w, https:\/\/jblcorten.com\/wp-content\/uploads\/2025\/03\/Corten-Steel-vs.-Regular-Steel-600x330.jpg 600w, https:\/\/jblcorten.com\/wp-content\/uploads\/2025\/03\/Corten-Steel-vs.-Regular-Steel-300x165.jpg 300w, https:\/\/jblcorten.com\/wp-content\/uploads\/2025\/03\/Corten-Steel-vs.-Regular-Steel-18x10.jpg 18w\" sizes=\"(max-width: 750px) 100vw, 750px\" \/><\/p>\n<p>Adem\u00e1s, con el paso del tiempo, se formar\u00e1 gradualmente una capa protectora de oxidaci\u00f3n estable, la llamada \"capa protectora rojo \u00f3xido\", en la superficie del acero resistente a la intemperie. Esta capa protectora generada de forma natural no solo mejora la resistencia a la corrosi\u00f3n del material, sino que tambi\u00e9n a\u00f1ade una est\u00e9tica retro industrial \u00fanica a la parrilla de la barbacoa.<\/p>\n<p><img decoding=\"async\" class=\"alignnone wp-image-2519 size-full\" src=\"https:\/\/jblcorten.com\/wp-content\/uploads\/2025\/03\/corten-steel-material.jpg\" alt=\"\" width=\"750\" height=\"321\" title=\"\" srcset=\"https:\/\/jblcorten.com\/wp-content\/uploads\/2025\/03\/corten-steel-material.jpg 750w, https:\/\/jblcorten.com\/wp-content\/uploads\/2025\/03\/corten-steel-material-600x257.jpg 600w, https:\/\/jblcorten.com\/wp-content\/uploads\/2025\/03\/corten-steel-material-300x128.jpg 300w, https:\/\/jblcorten.com\/wp-content\/uploads\/2025\/03\/corten-steel-material-18x8.jpg 18w\" sizes=\"(max-width: 750px) 100vw, 750px\" \/><\/p>\n<p><strong><span style=\"font-size: 14pt;\">Detalles del producto:<\/span><\/strong><\/p>\n<p><img loading=\"lazy\" decoding=\"async\" class=\"alignnone size-full wp-image-3308\" src=\"https:\/\/jblcorten.com\/wp-content\/uploads\/2025\/06\/barbeque-corten.jpg\" alt=\"barbacoa corten\" width=\"750\" height=\"750\" title=\"\" srcset=\"https:\/\/jblcorten.com\/wp-content\/uploads\/2025\/06\/barbeque-corten.jpg 750w, https:\/\/jblcorten.com\/wp-content\/uploads\/2025\/06\/barbeque-corten-600x600.jpg 600w, https:\/\/jblcorten.com\/wp-content\/uploads\/2025\/06\/barbeque-corten-100x100.jpg 100w, https:\/\/jblcorten.com\/wp-content\/uploads\/2025\/06\/barbeque-corten-300x300.jpg 300w, https:\/\/jblcorten.com\/wp-content\/uploads\/2025\/06\/barbeque-corten-150x150.jpg 150w, https:\/\/jblcorten.com\/wp-content\/uploads\/2025\/06\/barbeque-corten-12x12.jpg 12w\" sizes=\"(max-width: 750px) 100vw, 750px\" \/><\/p>\n<p><img loading=\"lazy\" decoding=\"async\" class=\"alignnone size-full wp-image-3310\" src=\"https:\/\/jblcorten.com\/wp-content\/uploads\/2025\/06\/grill-corten.jpg\" alt=\"parrilla corten\" width=\"750\" height=\"750\" title=\"\" srcset=\"https:\/\/jblcorten.com\/wp-content\/uploads\/2025\/06\/grill-corten.jpg 750w, https:\/\/jblcorten.com\/wp-content\/uploads\/2025\/06\/grill-corten-600x600.jpg 600w, https:\/\/jblcorten.com\/wp-content\/uploads\/2025\/06\/grill-corten-100x100.jpg 100w, https:\/\/jblcorten.com\/wp-content\/uploads\/2025\/06\/grill-corten-300x300.jpg 300w, https:\/\/jblcorten.com\/wp-content\/uploads\/2025\/06\/grill-corten-150x150.jpg 150w, https:\/\/jblcorten.com\/wp-content\/uploads\/2025\/06\/grill-corten-12x12.jpg 12w\" sizes=\"(max-width: 750px) 100vw, 750px\" \/><\/p>\n<p><img loading=\"lazy\" decoding=\"async\" class=\"alignnone size-full wp-image-3309\" src=\"https:\/\/jblcorten.com\/wp-content\/uploads\/2025\/06\/corten-bbq.jpg\" alt=\"barbacoa corten\" width=\"750\" height=\"750\" title=\"\" srcset=\"https:\/\/jblcorten.com\/wp-content\/uploads\/2025\/06\/corten-bbq.jpg 750w, https:\/\/jblcorten.com\/wp-content\/uploads\/2025\/06\/corten-bbq-600x600.jpg 600w, https:\/\/jblcorten.com\/wp-content\/uploads\/2025\/06\/corten-bbq-100x100.jpg 100w, https:\/\/jblcorten.com\/wp-content\/uploads\/2025\/06\/corten-bbq-300x300.jpg 300w, https:\/\/jblcorten.com\/wp-content\/uploads\/2025\/06\/corten-bbq-150x150.jpg 150w, https:\/\/jblcorten.com\/wp-content\/uploads\/2025\/06\/corten-bbq-12x12.jpg 12w\" sizes=\"(max-width: 750px) 100vw, 750px\" \/><\/p>","protected":false},"excerpt":{"rendered":"<ul>\n<li>Esta parrilla corten para barbacoa est\u00e1 hecha de acero resistente a la intemperie, con una estructura s\u00f3lida y una fuerte resistencia a la corrosi\u00f3n, adecuada para su uso en diversos entornos al aire libre.<\/li>\n<li>La sart\u00e9n y la parrilla son de acero al carbono con alta conductividad t\u00e9rmica, que calienta uniformemente y tiene un excelente efecto de horneado.<\/li>\n<li>Utilice le\u00f1a o carb\u00f3n como combustible para aportar un sabor puro a fuegos artificiales.<\/li>\n<li>Tiene funciones r\u00e1pidas de montaje y desmontaje, lo que resulta c\u00f3modo de transportar y limpiar.<\/li>\n<\/ul>","protected":false},"featured_media":3306,"template":"","meta":{"site-sidebar-layout":"default","site-content-layout":"","ast-site-content-layout":"default","site-content-style":"default","site-sidebar-style":"default","ast-global-header-display":"","ast-banner-title-visibility":"","ast-main-header-display":"","ast-hfb-above-header-display":"","ast-hfb-below-header-display":"","ast-hfb-mobile-header-display":"","site-post-title":"","ast-breadcrumbs-content":"","ast-featured-img":"","footer-sml-layout":"","ast-disable-related-posts":"","theme-transparent-header-meta":"default","adv-header-id-meta":"","stick-header-meta":"","header-above-stick-meta":"","header-main-stick-meta":"","header-below-stick-meta":"","astra-migrate-meta-layouts":"set","ast-page-background-enabled":"default","ast-page-background-meta":{"desktop":{"background-color":"var(--ast-global-color-4)","background-image":"","background-repeat":"repeat","background-position":"center center","background-size":"auto","background-attachment":"scroll","background-type":"","background-media":"","overlay-type":"","overlay-color":"","overlay-opacity":"","overlay-gradient":""},"tablet":{"background-color":"","background-image":"","background-repeat":"repeat","background-position":"center center","background-size":"auto","background-attachment":"scroll","background-type":"","background-media":"","overlay-type":"","overlay-color":"","overlay-opacity":"","overlay-gradient":""},"mobile":{"background-color":"","background-image":"","background-repeat":"repeat","background-position":"center center","background-size":"auto","background-attachment":"scroll","background-type":"","background-media":"","overlay-type":"","overlay-color":"","overlay-opacity":"","overlay-gradient":""}},"ast-content-background-meta":{"desktop":{"background-color":"var(--ast-global-color-5)","background-image":"","background-repeat":"repeat","background-position":"center center","background-size":"auto","background-attachment":"scroll","background-type":"","background-media":"","overlay-type":"","overlay-color":"","overlay-opacity":"","overlay-gradient":""},"tablet":{"background-color":"var(--ast-global-color-5)","background-image":"","background-repeat":"repeat","background-position":"center center","background-size":"auto","background-attachment":"scroll","background-type":"","background-media":"","overlay-type":"","overlay-color":"","overlay-opacity":"","overlay-gradient":""},"mobile":{"background-color":"var(--ast-global-color-5)","background-image":"","background-repeat":"repeat","background-position":"center center","background-size":"auto","background-attachment":"scroll","background-type":"","background-media":"","overlay-type":"","overlay-color":"","overlay-opacity":"","overlay-gradient":""}}},"product_brand":[],"product_cat":[25],"product_tag":[],"class_list":{"0":"post-3301","1":"product","2":"type-product","3":"status-publish","4":"has-post-thumbnail","6":"product_cat-bbq-grill","7":"desktop-align-center","8":"tablet-align-left","9":"mobile-align-left","11":"first","12":"instock","13":"shipping-taxable","14":"product-type-simple"},"_links":{"self":[{"href":"https:\/\/jblcorten.com\/es\/wp-json\/wp\/v2\/product\/3301","targetHints":{"allow":["GET"]}}],"collection":[{"href":"https:\/\/jblcorten.com\/es\/wp-json\/wp\/v2\/product"}],"about":[{"href":"https:\/\/jblcorten.com\/es\/wp-json\/wp\/v2\/types\/product"}],"wp:featuredmedia":[{"embeddable":true,"href":"https:\/\/jblcorten.com\/es\/wp-json\/wp\/v2\/media\/3306"}],"wp:attachment":[{"href":"https:\/\/jblcorten.com\/es\/wp-json\/wp\/v2\/media?parent=3301"}],"wp:term":[{"taxonomy":"product_brand","embeddable":true,"href":"https:\/\/jblcorten.com\/es\/wp-json\/wp\/v2\/product_brand?post=3301"},{"taxonomy":"product_cat","embeddable":true,"href":"https:\/\/jblcorten.com\/es\/wp-json\/wp\/v2\/product_cat?post=3301"},{"taxonomy":"product_tag","embeddable":true,"href":"https:\/\/jblcorten.com\/es\/wp-json\/wp\/v2\/product_tag?post=3301"}],"curies":[{"name":"wp","href":"https:\/\/api.w.org\/{rel}","templated":true}]}}