{"id":3289,"date":"2025-06-10T17:25:22","date_gmt":"2025-06-10T09:25:22","guid":{"rendered":"https:\/\/jblcorten.com\/?post_type=product&#038;p=3289"},"modified":"2025-06-10T17:25:31","modified_gmt":"2025-06-10T09:25:31","slug":"parrilla-metalica","status":"publish","type":"product","link":"https:\/\/jblcorten.com\/es\/metal-bbq-grill\/","title":{"rendered":"Barbacoa de metal"},"content":{"rendered":"<h2 style=\"text-align: center;\"><span style=\"font-size: 14pt;\">Barbacoa de metal<\/span><\/h2>\n<p>Esta barbacoa de metal ha sido totalmente actualizada sobre la base del dise\u00f1o tradicional, con un nuevo tablero ign\u00edfugo montable. El tablero se extiende alrededor de la parrilla, lo que no s\u00f3lo aumenta la superficie \u00fatil, sino que tambi\u00e9n mejora enormemente la comodidad de uso. Los usuarios pueden colocar utensilios como frascos de condimentos, tenedores de asar, bandejas, etc. en la superficie de la mesa para evitar la molestia de llevarlos de un lado a otro. El tablero tambi\u00e9n se puede utilizar como mesa para sentarse. Los usuarios pueden sentarse con familiares y amigos durante el proceso de la barbacoa, asando y comiendo, charlando y disfrutando, lo que mejora enormemente la interactividad y la experiencia social. El tablero est\u00e1 fabricado con materiales ign\u00edfugos y resistentes a altas temperaturas para garantizar un uso seguro. No se deformar\u00e1 ni da\u00f1ar\u00e1 aunque se coloquen sobre \u00e9l ollas y platos calientes.<\/p>\n<p><strong><span style=\"font-size: 14pt;\">Especificaci\u00f3n del producto:<\/span><\/strong><\/p>\n<table style=\"border-collapse: collapse; width: 100%;\">\n<tbody>\n<tr>\n<td style=\"width: 23.2984%; background-color: #f5f5f5;\">Nombre del producto<\/td>\n<td style=\"width: 76.7016%;\">Barbacoa de metal<\/td>\n<\/tr>\n<tr>\n<td style=\"width: 23.2984%; background-color: #f5f5f5;\">Material<\/td>\n<td style=\"width: 76.7016%;\">Acero corten, acero al carbono<\/td>\n<\/tr>\n<tr>\n<td style=\"width: 23.2984%; background-color: #f5f5f5;\">Combustible<\/td>\n<td style=\"width: 76.7016%;\">Madera<\/td>\n<\/tr>\n<tr>\n<td style=\"width: 23.2984%; background-color: #f5f5f5;\">Talla<\/td>\n<td style=\"width: 76.7016%;\">800mm,1000mm,Est\u00e1ndar o Personalizado<\/td>\n<\/tr>\n<\/tbody>\n<\/table>\n<p><strong><span style=\"font-size: 14pt;\">Detalles del producto:<\/span><\/strong><\/p>\n<p>La sart\u00e9n grill est\u00e1 hecha de acero al carbono, que es grueso y duradero, con una excelente conductividad t\u00e9rmica, y puede conducir uniformemente el calor, de modo que la comida se calienta uniformemente y sabe mejor. Hay una parrilla circular extra\u00edble en el centro de la sart\u00e9n de la parrilla, que es adecuado para asar a fuego abierto, y la amplia zona de asar a su alrededor se puede utilizar para asar verduras, filetes, alas de pollo y otros ingredientes para satisfacer las necesidades de los diferentes estilos de asar a la parrilla.<\/p>\n<p><img fetchpriority=\"high\" decoding=\"async\" class=\"alignnone wp-image-3297\" src=\"https:\/\/jblcorten.com\/wp-content\/uploads\/2025\/06\/metal-bbq-grill-for-outdoor.jpg\" alt=\"barbacoa met\u00e1lica para exteriores\" width=\"750\" height=\"375\" title=\"\" srcset=\"https:\/\/jblcorten.com\/wp-content\/uploads\/2025\/06\/metal-bbq-grill-for-outdoor.jpg 1000w, https:\/\/jblcorten.com\/wp-content\/uploads\/2025\/06\/metal-bbq-grill-for-outdoor-600x300.jpg 600w, https:\/\/jblcorten.com\/wp-content\/uploads\/2025\/06\/metal-bbq-grill-for-outdoor-300x150.jpg 300w, https:\/\/jblcorten.com\/wp-content\/uploads\/2025\/06\/metal-bbq-grill-for-outdoor-768x384.jpg 768w, https:\/\/jblcorten.com\/wp-content\/uploads\/2025\/06\/metal-bbq-grill-for-outdoor-18x9.jpg 18w\" sizes=\"(max-width: 750px) 100vw, 750px\" \/><\/p>\n<p>Hay un espacio de almacenamiento de madera dise\u00f1ado debajo, que es conveniente para almacenar le\u00f1a y bloques de madera, y tambi\u00e9n se puede utilizar como un espacio decorativo, haciendo que toda la parrilla se vea m\u00e1s completa y coordinada. El espacio de almacenamiento de le\u00f1a adopta un dise\u00f1o abierto, que resulta pr\u00e1ctico para coger y colocar la le\u00f1a, al tiempo que mejora la eficacia de la circulaci\u00f3n del aire, garantizando una combusti\u00f3n m\u00e1s completa y una mayor potencia de fuego.<\/p>\n<p><strong><span style=\"font-size: 14pt;\">\u00bfQu\u00e9 es el acero corten?<\/span><\/strong><\/p>\n<p>El acero corten (tambi\u00e9n conocido como acero resistente a la intemperie) es un material met\u00e1lico con una excelente resistencia a la corrosi\u00f3n. Cuando se expone al entorno natural, formar\u00e1 gradualmente una capa estable de protecci\u00f3n contra el \u00f3xido, que puede prevenir eficazmente la corrosi\u00f3n y tiene un reconocimiento visual extremadamente alto. Este material no s\u00f3lo es extremadamente resistente a las altas temperaturas, el viento y el sol, sino que adem\u00e1s no requiere protecci\u00f3n de pintura para su uso a largo plazo en entornos exteriores. Con el tiempo, la capa superficial de \u00f3xido presentar\u00e1 un sentido art\u00edstico \u00fanico.<\/p>\n<p><img decoding=\"async\" class=\"alignnone wp-image-2519 size-full\" src=\"https:\/\/jblcorten.com\/wp-content\/uploads\/2025\/03\/corten-steel-material.jpg\" alt=\"\" width=\"750\" height=\"321\" title=\"\" srcset=\"https:\/\/jblcorten.com\/wp-content\/uploads\/2025\/03\/corten-steel-material.jpg 750w, https:\/\/jblcorten.com\/wp-content\/uploads\/2025\/03\/corten-steel-material-600x257.jpg 600w, https:\/\/jblcorten.com\/wp-content\/uploads\/2025\/03\/corten-steel-material-300x128.jpg 300w, https:\/\/jblcorten.com\/wp-content\/uploads\/2025\/03\/corten-steel-material-18x8.jpg 18w\" sizes=\"(max-width: 750px) 100vw, 750px\" \/><\/p>\n<p><strong><span style=\"font-size: 14pt;\">Im\u00e1genes del producto:<\/span><\/strong><\/p>\n<p><img decoding=\"async\" class=\"alignnone size-full wp-image-3298\" src=\"https:\/\/jblcorten.com\/wp-content\/uploads\/2025\/06\/barbecue-grill.jpg\" alt=\"parrilla de barbacoa\" width=\"750\" height=\"562\" title=\"\" srcset=\"https:\/\/jblcorten.com\/wp-content\/uploads\/2025\/06\/barbecue-grill.jpg 750w, https:\/\/jblcorten.com\/wp-content\/uploads\/2025\/06\/barbecue-grill-600x450.jpg 600w, https:\/\/jblcorten.com\/wp-content\/uploads\/2025\/06\/barbecue-grill-300x225.jpg 300w, https:\/\/jblcorten.com\/wp-content\/uploads\/2025\/06\/barbecue-grill-16x12.jpg 16w\" sizes=\"(max-width: 750px) 100vw, 750px\" \/><\/p>\n<p><img loading=\"lazy\" decoding=\"async\" class=\"alignnone size-full wp-image-3300\" src=\"https:\/\/jblcorten.com\/wp-content\/uploads\/2025\/06\/Metal-bbq-grill-with-removable-table-board.jpg\" alt=\"Parrilla de metal con tabla de mesa extra\u00edble\" width=\"750\" height=\"562\" title=\"\" srcset=\"https:\/\/jblcorten.com\/wp-content\/uploads\/2025\/06\/Metal-bbq-grill-with-removable-table-board.jpg 750w, https:\/\/jblcorten.com\/wp-content\/uploads\/2025\/06\/Metal-bbq-grill-with-removable-table-board-600x450.jpg 600w, https:\/\/jblcorten.com\/wp-content\/uploads\/2025\/06\/Metal-bbq-grill-with-removable-table-board-300x225.jpg 300w, https:\/\/jblcorten.com\/wp-content\/uploads\/2025\/06\/Metal-bbq-grill-with-removable-table-board-16x12.jpg 16w\" sizes=\"(max-width: 750px) 100vw, 750px\" \/><\/p>\n<p><img loading=\"lazy\" decoding=\"async\" class=\"alignnone size-full wp-image-3299\" src=\"https:\/\/jblcorten.com\/wp-content\/uploads\/2025\/06\/camping-bbq.jpg\" alt=\"barbacoa de camping\" width=\"750\" height=\"421\" title=\"\" srcset=\"https:\/\/jblcorten.com\/wp-content\/uploads\/2025\/06\/camping-bbq.jpg 750w, https:\/\/jblcorten.com\/wp-content\/uploads\/2025\/06\/camping-bbq-600x337.jpg 600w, https:\/\/jblcorten.com\/wp-content\/uploads\/2025\/06\/camping-bbq-300x168.jpg 300w, https:\/\/jblcorten.com\/wp-content\/uploads\/2025\/06\/camping-bbq-18x10.jpg 18w\" sizes=\"(max-width: 750px) 100vw, 750px\" \/><\/p>\n<p><strong><span style=\"font-size: 14pt;\">PREGUNTAS FRECUENTES:<\/span><\/strong><\/p>\n<p>1.\u00bfSe pueden personalizar las barbacoas?<br \/>\nPor supuesto, tenemos nuestra propia f\u00e1brica y podemos personalizar seg\u00fan los requisitos del cliente.<\/p>\n<p>2.\u00bfSe puede quitar el tablero que rodea la barbacoa?<br \/>\nS\u00ed, tambi\u00e9n es muy c\u00f3modo de instalar.<\/p>","protected":false},"excerpt":{"rendered":"<p>Esta parrilla de metal mejorada para barbacoa est\u00e1 hecha de acero resistente a la intemperie, que es duradero y se calienta uniformemente con una parrilla de acero al carbono. Hay un espacio de almacenamiento de madera debajo para almacenar le\u00f1a.<\/p>\n<p>Adem\u00e1s, se puede instalar una mesa ign\u00edfuga para conseguir una experiencia sentada de asar y comer. Esta parrilla es vers\u00e1til y especialmente adecuada para fiestas en el patio.<\/p>","protected":false},"featured_media":3293,"template":"","meta":{"site-sidebar-layout":"default","site-content-layout":"","ast-site-content-layout":"default","site-content-style":"default","site-sidebar-style":"default","ast-global-header-display":"","ast-banner-title-visibility":"","ast-main-header-display":"","ast-hfb-above-header-display":"","ast-hfb-below-header-display":"","ast-hfb-mobile-header-display":"","site-post-title":"","ast-breadcrumbs-content":"","ast-featured-img":"","footer-sml-layout":"","ast-disable-related-posts":"","theme-transparent-header-meta":"default","adv-header-id-meta":"","stick-header-meta":"","header-above-stick-meta":"","header-main-stick-meta":"","header-below-stick-meta":"","astra-migrate-meta-layouts":"set","ast-page-background-enabled":"default","ast-page-background-meta":{"desktop":{"background-color":"var(--ast-global-color-4)","background-image":"","background-repeat":"repeat","background-position":"center center","background-size":"auto","background-attachment":"scroll","background-type":"","background-media":"","overlay-type":"","overlay-color":"","overlay-opacity":"","overlay-gradient":""},"tablet":{"background-color":"","background-image":"","background-repeat":"repeat","background-position":"center center","background-size":"auto","background-attachment":"scroll","background-type":"","background-media":"","overlay-type":"","overlay-color":"","overlay-opacity":"","overlay-gradient":""},"mobile":{"background-color":"","background-image":"","background-repeat":"repeat","background-position":"center center","background-size":"auto","background-attachment":"scroll","background-type":"","background-media":"","overlay-type":"","overlay-color":"","overlay-opacity":"","overlay-gradient":""}},"ast-content-background-meta":{"desktop":{"background-color":"var(--ast-global-color-5)","background-image":"","background-repeat":"repeat","background-position":"center center","background-size":"auto","background-attachment":"scroll","background-type":"","background-media":"","overlay-type":"","overlay-color":"","overlay-opacity":"","overlay-gradient":""},"tablet":{"background-color":"var(--ast-global-color-5)","background-image":"","background-repeat":"repeat","background-position":"center center","background-size":"auto","background-attachment":"scroll","background-type":"","background-media":"","overlay-type":"","overlay-color":"","overlay-opacity":"","overlay-gradient":""},"mobile":{"background-color":"var(--ast-global-color-5)","background-image":"","background-repeat":"repeat","background-position":"center center","background-size":"auto","background-attachment":"scroll","background-type":"","background-media":"","overlay-type":"","overlay-color":"","overlay-opacity":"","overlay-gradient":""}}},"product_brand":[],"product_cat":[25],"product_tag":[],"class_list":{"0":"post-3289","1":"product","2":"type-product","3":"status-publish","4":"has-post-thumbnail","6":"product_cat-bbq-grill","7":"desktop-align-center","8":"tablet-align-left","9":"mobile-align-left","11":"first","12":"instock","13":"shipping-taxable","14":"product-type-simple"},"_links":{"self":[{"href":"https:\/\/jblcorten.com\/es\/wp-json\/wp\/v2\/product\/3289","targetHints":{"allow":["GET"]}}],"collection":[{"href":"https:\/\/jblcorten.com\/es\/wp-json\/wp\/v2\/product"}],"about":[{"href":"https:\/\/jblcorten.com\/es\/wp-json\/wp\/v2\/types\/product"}],"wp:featuredmedia":[{"embeddable":true,"href":"https:\/\/jblcorten.com\/es\/wp-json\/wp\/v2\/media\/3293"}],"wp:attachment":[{"href":"https:\/\/jblcorten.com\/es\/wp-json\/wp\/v2\/media?parent=3289"}],"wp:term":[{"taxonomy":"product_brand","embeddable":true,"href":"https:\/\/jblcorten.com\/es\/wp-json\/wp\/v2\/product_brand?post=3289"},{"taxonomy":"product_cat","embeddable":true,"href":"https:\/\/jblcorten.com\/es\/wp-json\/wp\/v2\/product_cat?post=3289"},{"taxonomy":"product_tag","embeddable":true,"href":"https:\/\/jblcorten.com\/es\/wp-json\/wp\/v2\/product_tag?post=3289"}],"curies":[{"name":"wp","href":"https:\/\/api.w.org\/{rel}","templated":true}]}}