{"id":3220,"date":"2025-05-30T17:05:11","date_gmt":"2025-05-30T09:05:11","guid":{"rendered":"https:\/\/jblcorten.com\/?post_type=product&#038;p=3220"},"modified":"2025-05-30T17:05:11","modified_gmt":"2025-05-30T09:05:11","slug":"paneles-decorativos-de-acero-corten","status":"publish","type":"product","link":"https:\/\/jblcorten.com\/es\/corten-steel-decorative-panels\/","title":{"rendered":"Paneles decorativos de acero corten"},"content":{"rendered":"<h2 style=\"text-align: center;\"><span style=\"font-size: 14pt;\">Paneles decorativos de acero corten<\/span><\/h2>\n<p>Los paneles decorativos de acero corten son tabiques o vallas decorativas hechas de material de acero corten, que se utilizan ampliamente para la separaci\u00f3n, decoraci\u00f3n o fines funcionales de espacios al aire libre. Este panel decorativo de acero corten adopta procesos de corte por l\u00e1ser, punzonado o grabado para presentar una variedad de patrones y formas, que pueden personalizarse seg\u00fan los requisitos de dise\u00f1o. Su aspecto de color rojo \u00f3xido y su dise\u00f1o de patrones diversos lo convierten en una opci\u00f3n ideal para vallas de patios y escenas de decoraci\u00f3n de paredes de patios.<\/p>\n<p>El acero resistente a la intemperie (acero corten) es una aleaci\u00f3n de acero altamente resistente a la corrosi\u00f3n. En su superficie se forma una pel\u00edcula protectora estable de color rojo \u00f3xido en el entorno natural, que no solo mejora la durabilidad del material, sino que tambi\u00e9n le confiere una belleza natural \u00fanica.<\/p>\n<p><strong><span style=\"font-size: 14pt;\">Especificaci\u00f3n del producto:<\/span><\/strong><\/p>\n<table style=\"border-collapse: collapse; width: 100%;\">\n<tbody>\n<tr>\n<td style=\"width: 28.3844%; background-color: #f5f5f5;\">Nombre del producto<\/td>\n<td style=\"width: 71.6156%;\">Paneles decorativos de acero corten<\/td>\n<\/tr>\n<tr>\n<td style=\"width: 28.3844%; background-color: #f5f5f5;\">Material<\/td>\n<td style=\"width: 71.6156%;\">Acero corten\/Acero resistente a la intemperie<\/td>\n<\/tr>\n<tr>\n<td style=\"width: 28.3844%; background-color: #f5f5f5;\">Color<\/td>\n<td style=\"width: 71.6156%;\">Rusty<\/td>\n<\/tr>\n<tr>\n<td style=\"width: 28.3844%; background-color: #f5f5f5;\">Tecnolog\u00eda<\/td>\n<td style=\"width: 71.6156%;\">Corte por l\u00e1ser<\/td>\n<\/tr>\n<tr>\n<td style=\"width: 28.3844%; background-color: #f5f5f5;\">Talla<\/td>\n<td style=\"width: 71.6156%;\">Personalizado<\/td>\n<\/tr>\n<\/tbody>\n<\/table>\n<p><strong><span style=\"font-size: 14pt;\">Detalles del producto:<\/span><\/strong><\/p>\n<p><img fetchpriority=\"high\" decoding=\"async\" class=\"alignnone size-full wp-image-3228\" src=\"https:\/\/jblcorten.com\/wp-content\/uploads\/2025\/05\/decorative-metal-garden-fence-panels.jpg\" alt=\"paneles met\u00e1licos decorativos para vallas de jard\u00edn\" width=\"750\" height=\"500\" title=\"\" srcset=\"https:\/\/jblcorten.com\/wp-content\/uploads\/2025\/05\/decorative-metal-garden-fence-panels.jpg 750w, https:\/\/jblcorten.com\/wp-content\/uploads\/2025\/05\/decorative-metal-garden-fence-panels-600x400.jpg 600w, https:\/\/jblcorten.com\/wp-content\/uploads\/2025\/05\/decorative-metal-garden-fence-panels-300x200.jpg 300w, https:\/\/jblcorten.com\/wp-content\/uploads\/2025\/05\/decorative-metal-garden-fence-panels-18x12.jpg 18w\" sizes=\"(max-width: 750px) 100vw, 750px\" \/><\/p>\n<p><img decoding=\"async\" class=\"alignnone size-full wp-image-3229\" src=\"https:\/\/jblcorten.com\/wp-content\/uploads\/2025\/05\/corten-steel-decorative-panels-for-sale.jpg\" alt=\"venta de paneles decorativos de acero corten\" width=\"750\" height=\"375\" title=\"\" srcset=\"https:\/\/jblcorten.com\/wp-content\/uploads\/2025\/05\/corten-steel-decorative-panels-for-sale.jpg 750w, https:\/\/jblcorten.com\/wp-content\/uploads\/2025\/05\/corten-steel-decorative-panels-for-sale-600x300.jpg 600w, https:\/\/jblcorten.com\/wp-content\/uploads\/2025\/05\/corten-steel-decorative-panels-for-sale-300x150.jpg 300w, https:\/\/jblcorten.com\/wp-content\/uploads\/2025\/05\/corten-steel-decorative-panels-for-sale-18x9.jpg 18w\" sizes=\"(max-width: 750px) 100vw, 750px\" \/><\/p>\n<p><img decoding=\"async\" class=\"alignnone size-full wp-image-3227\" src=\"https:\/\/jblcorten.com\/wp-content\/uploads\/2025\/05\/decorative-garden-fencing-metal.png\" alt=\"vallas met\u00e1licas decorativas para jardines\" width=\"750\" height=\"500\" title=\"\" srcset=\"https:\/\/jblcorten.com\/wp-content\/uploads\/2025\/05\/decorative-garden-fencing-metal.png 750w, https:\/\/jblcorten.com\/wp-content\/uploads\/2025\/05\/decorative-garden-fencing-metal-600x400.png 600w, https:\/\/jblcorten.com\/wp-content\/uploads\/2025\/05\/decorative-garden-fencing-metal-300x200.png 300w, https:\/\/jblcorten.com\/wp-content\/uploads\/2025\/05\/decorative-garden-fencing-metal-18x12.png 18w\" sizes=\"(max-width: 750px) 100vw, 750px\" \/><\/p>","protected":false},"excerpt":{"rendered":"<p>Estos paneles decorativos de acero corten adoptan procesos de corte por l\u00e1ser, punzonado o grabado para presentar una variedad de patrones y formas, que pueden personalizarse seg\u00fan los requisitos de dise\u00f1o.<\/p>","protected":false},"featured_media":3221,"template":"","meta":{"site-sidebar-layout":"default","site-content-layout":"","ast-site-content-layout":"default","site-content-style":"default","site-sidebar-style":"default","ast-global-header-display":"","ast-banner-title-visibility":"","ast-main-header-display":"","ast-hfb-above-header-display":"","ast-hfb-below-header-display":"","ast-hfb-mobile-header-display":"","site-post-title":"","ast-breadcrumbs-content":"","ast-featured-img":"","footer-sml-layout":"","ast-disable-related-posts":"","theme-transparent-header-meta":"default","adv-header-id-meta":"","stick-header-meta":"","header-above-stick-meta":"","header-main-stick-meta":"","header-below-stick-meta":"","astra-migrate-meta-layouts":"set","ast-page-background-enabled":"default","ast-page-background-meta":{"desktop":{"background-color":"var(--ast-global-color-4)","background-image":"","background-repeat":"repeat","background-position":"center center","background-size":"auto","background-attachment":"scroll","background-type":"","background-media":"","overlay-type":"","overlay-color":"","overlay-opacity":"","overlay-gradient":""},"tablet":{"background-color":"","background-image":"","background-repeat":"repeat","background-position":"center center","background-size":"auto","background-attachment":"scroll","background-type":"","background-media":"","overlay-type":"","overlay-color":"","overlay-opacity":"","overlay-gradient":""},"mobile":{"background-color":"","background-image":"","background-repeat":"repeat","background-position":"center center","background-size":"auto","background-attachment":"scroll","background-type":"","background-media":"","overlay-type":"","overlay-color":"","overlay-opacity":"","overlay-gradient":""}},"ast-content-background-meta":{"desktop":{"background-color":"var(--ast-global-color-5)","background-image":"","background-repeat":"repeat","background-position":"center center","background-size":"auto","background-attachment":"scroll","background-type":"","background-media":"","overlay-type":"","overlay-color":"","overlay-opacity":"","overlay-gradient":""},"tablet":{"background-color":"var(--ast-global-color-5)","background-image":"","background-repeat":"repeat","background-position":"center center","background-size":"auto","background-attachment":"scroll","background-type":"","background-media":"","overlay-type":"","overlay-color":"","overlay-opacity":"","overlay-gradient":""},"mobile":{"background-color":"var(--ast-global-color-5)","background-image":"","background-repeat":"repeat","background-position":"center center","background-size":"auto","background-attachment":"scroll","background-type":"","background-media":"","overlay-type":"","overlay-color":"","overlay-opacity":"","overlay-gradient":""}}},"product_brand":[],"product_cat":[31],"product_tag":[],"class_list":{"0":"post-3220","1":"product","2":"type-product","3":"status-publish","4":"has-post-thumbnail","6":"product_cat-garden-screens","7":"desktop-align-center","8":"tablet-align-left","9":"mobile-align-left","11":"first","12":"instock","13":"shipping-taxable","14":"product-type-simple"},"_links":{"self":[{"href":"https:\/\/jblcorten.com\/es\/wp-json\/wp\/v2\/product\/3220","targetHints":{"allow":["GET"]}}],"collection":[{"href":"https:\/\/jblcorten.com\/es\/wp-json\/wp\/v2\/product"}],"about":[{"href":"https:\/\/jblcorten.com\/es\/wp-json\/wp\/v2\/types\/product"}],"wp:featuredmedia":[{"embeddable":true,"href":"https:\/\/jblcorten.com\/es\/wp-json\/wp\/v2\/media\/3221"}],"wp:attachment":[{"href":"https:\/\/jblcorten.com\/es\/wp-json\/wp\/v2\/media?parent=3220"}],"wp:term":[{"taxonomy":"product_brand","embeddable":true,"href":"https:\/\/jblcorten.com\/es\/wp-json\/wp\/v2\/product_brand?post=3220"},{"taxonomy":"product_cat","embeddable":true,"href":"https:\/\/jblcorten.com\/es\/wp-json\/wp\/v2\/product_cat?post=3220"},{"taxonomy":"product_tag","embeddable":true,"href":"https:\/\/jblcorten.com\/es\/wp-json\/wp\/v2\/product_tag?post=3220"}],"curies":[{"name":"wp","href":"https:\/\/api.w.org\/{rel}","templated":true}]}}