{"id":3170,"date":"2025-05-29T15:10:35","date_gmt":"2025-05-29T07:10:35","guid":{"rendered":"https:\/\/jblcorten.com\/?post_type=product&#038;p=3170"},"modified":"2025-05-29T15:10:36","modified_gmt":"2025-05-29T07:10:36","slug":"chimenea-suspendida","status":"publish","type":"product","link":"https:\/\/jblcorten.com\/es\/suspended-fireplace\/","title":{"rendered":"Chimenea suspendida"},"content":{"rendered":"<h2 style=\"text-align: center;\"><span style=\"font-size: 14pt;\">Chimenea suspendida<\/span><\/h2>\n<p>Lo m\u00e1s destacado de la chimenea suspendida es su dise\u00f1o colgante. Instalada en el techo, la estufa colgante est\u00e1 completamente separada del suelo, lo que no s\u00f3lo libera espacio en el suelo, sino que tambi\u00e9n a\u00f1ade un toque de arte moderno al interior. En comparaci\u00f3n con la chimenea tradicional de pie, el dise\u00f1o colgante de la chimenea suspendida evita la acumulaci\u00f3n de residuos en el suelo, lo que facilita su limpieza, y tambi\u00e9n reduce el riesgo de que ni\u00f1os o mascotas la toquen accidentalmente, haci\u00e9ndola m\u00e1s segura.<\/p>\n<p>La chimenea colgante est\u00e1 fabricada con acero al carbono de alta calidad, que tiene una excelente resistencia a las altas temperaturas y a la corrosi\u00f3n. El acero al carbono no s\u00f3lo puede soportar la alta temperatura generada por la combusti\u00f3n de le\u00f1a, sino tambi\u00e9n mantener la estabilidad estructural durante mucho tiempo, garantizando la vida \u00fatil de la estufa colgante. Adem\u00e1s, la superficie de acero al carbono ha sido finamente procesada para presentar una textura suave y moderna. Nuestra chimenea colgante tambi\u00e9n ofrece opciones de revestimiento mate o met\u00e1lico brillante para satisfacer las necesidades est\u00e9ticas de los distintos usuarios.<\/p>\n<p><strong><span style=\"font-size: 14pt;\">Especificaci\u00f3n del producto:<\/span><\/strong><\/p>\n<table style=\"border-collapse: collapse; width: 100%;\">\n<tbody>\n<tr>\n<td style=\"width: 22.2513%; background-color: #f5f5f5;\">Nombre del producto<\/td>\n<td style=\"width: 77.7487%;\">Chimenea suspendida<\/td>\n<\/tr>\n<tr>\n<td style=\"width: 22.2513%; background-color: #f5f5f5;\">Material<\/td>\n<td style=\"width: 77.7487%;\">Acero al carbono<\/td>\n<\/tr>\n<tr>\n<td style=\"width: 22.2513%; background-color: #f5f5f5;\">Color<\/td>\n<td style=\"width: 77.7487%;\">Negro, mate, personalizado<\/td>\n<\/tr>\n<tr>\n<td style=\"width: 22.2513%; background-color: #f5f5f5;\">Combustible<\/td>\n<td style=\"width: 77.7487%;\">Madera o etanol<\/td>\n<\/tr>\n<tr>\n<td style=\"width: 22.2513%; background-color: #f5f5f5;\">Talla<\/td>\n<td style=\"width: 77.7487%;\">\u03c6600 \/ \u03c6700 \/ \u03c6800 \/ \u03c6900 \/ \u03c61000 \/ \u03c61100 \/ \u03c61200 \/ tama\u00f1o personalizable<\/td>\n<\/tr>\n<\/tbody>\n<\/table>\n<p><strong><span style=\"font-size: 14pt;\">Caracter\u00edsticas del producto:<\/span><\/strong><\/p>\n<ol>\n<li>Lejos del suelo, para ahorrar espacio;<\/li>\n<li>La forma suspendida es como una escultura, que puede utilizarse para decorar el espacio interior;<\/li>\n<li>El sonido crepitante y las llamas saltarinas de la le\u00f1a encendida a\u00f1aden una sensaci\u00f3n natural y c\u00e1lida al interior;<\/li>\n<li>El cabezal del quemador puede girar 360 grados y cambiar de direcci\u00f3n a voluntad;<\/li>\n<li>Adecuado para una gran variedad de escenarios.<\/li>\n<\/ol>\n<p><img fetchpriority=\"high\" decoding=\"async\" class=\"alignnone size-full wp-image-3176\" src=\"https:\/\/jblcorten.com\/wp-content\/uploads\/2025\/05\/ceiling-hanging-fireplace.jpg\" alt=\"chimenea colgante de techo\" width=\"750\" height=\"585\" title=\"\" srcset=\"https:\/\/jblcorten.com\/wp-content\/uploads\/2025\/05\/ceiling-hanging-fireplace.jpg 750w, https:\/\/jblcorten.com\/wp-content\/uploads\/2025\/05\/ceiling-hanging-fireplace-600x468.jpg 600w, https:\/\/jblcorten.com\/wp-content\/uploads\/2025\/05\/ceiling-hanging-fireplace-300x234.jpg 300w, https:\/\/jblcorten.com\/wp-content\/uploads\/2025\/05\/ceiling-hanging-fireplace-15x12.jpg 15w\" sizes=\"(max-width: 750px) 100vw, 750px\" \/><\/p>\n<p><strong><span style=\"font-size: 14pt;\">Detalles del producto:<\/span><\/strong><\/p>\n<p><img decoding=\"async\" class=\"alignnone size-full wp-image-3178\" src=\"https:\/\/jblcorten.com\/wp-content\/uploads\/2025\/05\/suspended-fireplace-1.jpg\" alt=\"chimenea suspendida\" width=\"750\" height=\"409\" title=\"\" srcset=\"https:\/\/jblcorten.com\/wp-content\/uploads\/2025\/05\/suspended-fireplace-1.jpg 750w, https:\/\/jblcorten.com\/wp-content\/uploads\/2025\/05\/suspended-fireplace-1-600x327.jpg 600w, https:\/\/jblcorten.com\/wp-content\/uploads\/2025\/05\/suspended-fireplace-1-300x164.jpg 300w, https:\/\/jblcorten.com\/wp-content\/uploads\/2025\/05\/suspended-fireplace-1-18x10.jpg 18w\" sizes=\"(max-width: 750px) 100vw, 750px\" \/><\/p>\n<p><img decoding=\"async\" class=\"alignnone size-full wp-image-3177\" src=\"https:\/\/jblcorten.com\/wp-content\/uploads\/2025\/05\/hanging-wood-burning-fireplace-1.jpg\" alt=\"chimenea de le\u00f1a colgante\" width=\"750\" height=\"500\" title=\"\" srcset=\"https:\/\/jblcorten.com\/wp-content\/uploads\/2025\/05\/hanging-wood-burning-fireplace-1.jpg 750w, https:\/\/jblcorten.com\/wp-content\/uploads\/2025\/05\/hanging-wood-burning-fireplace-1-600x400.jpg 600w, https:\/\/jblcorten.com\/wp-content\/uploads\/2025\/05\/hanging-wood-burning-fireplace-1-300x200.jpg 300w, https:\/\/jblcorten.com\/wp-content\/uploads\/2025\/05\/hanging-wood-burning-fireplace-1-18x12.jpg 18w\" sizes=\"(max-width: 750px) 100vw, 750px\" \/><\/p>\n<p><img loading=\"lazy\" decoding=\"async\" class=\"alignnone size-full wp-image-3179\" src=\"https:\/\/jblcorten.com\/wp-content\/uploads\/2025\/05\/suspended-wood-burning-fireplace.jpg\" alt=\"chimenea de le\u00f1a suspendida\" width=\"750\" height=\"606\" title=\"\" srcset=\"https:\/\/jblcorten.com\/wp-content\/uploads\/2025\/05\/suspended-wood-burning-fireplace.jpg 750w, https:\/\/jblcorten.com\/wp-content\/uploads\/2025\/05\/suspended-wood-burning-fireplace-600x485.jpg 600w, https:\/\/jblcorten.com\/wp-content\/uploads\/2025\/05\/suspended-wood-burning-fireplace-300x242.jpg 300w, https:\/\/jblcorten.com\/wp-content\/uploads\/2025\/05\/suspended-wood-burning-fireplace-15x12.jpg 15w\" sizes=\"(max-width: 750px) 100vw, 750px\" \/><\/p>\n<p><strong><span style=\"font-size: 14pt;\">PREGUNTAS FRECUENTES:<\/span><\/strong><\/p>\n<p>1.\u00bfEs usted una f\u00e1brica?<br \/>\nS\u00ed, tenemos nuestra propia f\u00e1brica.<\/p>\n<p>2.\u00bfAceptan personalizaciones para sus calderas murales?<br \/>\nAdmitimos la personalizaci\u00f3n de formas y tama\u00f1os. Diferentes estilos personalizados tienen diferentes precios. Bienvenido a consultar el servicio de atenci\u00f3n al cliente~<\/p>\n<p>3. \u00bfC\u00f3mo garantizar la seguridad?<br \/>\nTodos los productos que vendemos ser\u00e1n inspeccionados antes de salir de la f\u00e1brica para garantizar que cada lote de productos est\u00e1 cualificado y es seguro.<\/p>","protected":false},"excerpt":{"rendered":"<p>Esta chimenea suspendida de acero al carbono se cuelga del techo, lejos del suelo, ahorrando espacio y a\u00f1adiendo belleza. Su dise\u00f1o \u00fanico de combusti\u00f3n de le\u00f1a hace que sea respetuosa con el medio ambiente y eficiente a la vez que proporciona calor.<\/p>","protected":false},"featured_media":3174,"template":"","meta":{"site-sidebar-layout":"default","site-content-layout":"","ast-site-content-layout":"default","site-content-style":"default","site-sidebar-style":"default","ast-global-header-display":"","ast-banner-title-visibility":"","ast-main-header-display":"","ast-hfb-above-header-display":"","ast-hfb-below-header-display":"","ast-hfb-mobile-header-display":"","site-post-title":"","ast-breadcrumbs-content":"","ast-featured-img":"","footer-sml-layout":"","ast-disable-related-posts":"","theme-transparent-header-meta":"default","adv-header-id-meta":"","stick-header-meta":"","header-above-stick-meta":"","header-main-stick-meta":"","header-below-stick-meta":"","astra-migrate-meta-layouts":"set","ast-page-background-enabled":"default","ast-page-background-meta":{"desktop":{"background-color":"var(--ast-global-color-4)","background-image":"","background-repeat":"repeat","background-position":"center center","background-size":"auto","background-attachment":"scroll","background-type":"","background-media":"","overlay-type":"","overlay-color":"","overlay-opacity":"","overlay-gradient":""},"tablet":{"background-color":"","background-image":"","background-repeat":"repeat","background-position":"center center","background-size":"auto","background-attachment":"scroll","background-type":"","background-media":"","overlay-type":"","overlay-color":"","overlay-opacity":"","overlay-gradient":""},"mobile":{"background-color":"","background-image":"","background-repeat":"repeat","background-position":"center center","background-size":"auto","background-attachment":"scroll","background-type":"","background-media":"","overlay-type":"","overlay-color":"","overlay-opacity":"","overlay-gradient":""}},"ast-content-background-meta":{"desktop":{"background-color":"var(--ast-global-color-5)","background-image":"","background-repeat":"repeat","background-position":"center center","background-size":"auto","background-attachment":"scroll","background-type":"","background-media":"","overlay-type":"","overlay-color":"","overlay-opacity":"","overlay-gradient":""},"tablet":{"background-color":"var(--ast-global-color-5)","background-image":"","background-repeat":"repeat","background-position":"center center","background-size":"auto","background-attachment":"scroll","background-type":"","background-media":"","overlay-type":"","overlay-color":"","overlay-opacity":"","overlay-gradient":""},"mobile":{"background-color":"var(--ast-global-color-5)","background-image":"","background-repeat":"repeat","background-position":"center center","background-size":"auto","background-attachment":"scroll","background-type":"","background-media":"","overlay-type":"","overlay-color":"","overlay-opacity":"","overlay-gradient":""}}},"product_brand":[],"product_cat":[30],"product_tag":[],"class_list":{"0":"post-3170","1":"product","2":"type-product","3":"status-publish","4":"has-post-thumbnail","6":"product_cat-fireplace","7":"desktop-align-center","8":"tablet-align-left","9":"mobile-align-left","11":"first","12":"instock","13":"shipping-taxable","14":"product-type-simple"},"_links":{"self":[{"href":"https:\/\/jblcorten.com\/es\/wp-json\/wp\/v2\/product\/3170","targetHints":{"allow":["GET"]}}],"collection":[{"href":"https:\/\/jblcorten.com\/es\/wp-json\/wp\/v2\/product"}],"about":[{"href":"https:\/\/jblcorten.com\/es\/wp-json\/wp\/v2\/types\/product"}],"wp:featuredmedia":[{"embeddable":true,"href":"https:\/\/jblcorten.com\/es\/wp-json\/wp\/v2\/media\/3174"}],"wp:attachment":[{"href":"https:\/\/jblcorten.com\/es\/wp-json\/wp\/v2\/media?parent=3170"}],"wp:term":[{"taxonomy":"product_brand","embeddable":true,"href":"https:\/\/jblcorten.com\/es\/wp-json\/wp\/v2\/product_brand?post=3170"},{"taxonomy":"product_cat","embeddable":true,"href":"https:\/\/jblcorten.com\/es\/wp-json\/wp\/v2\/product_cat?post=3170"},{"taxonomy":"product_tag","embeddable":true,"href":"https:\/\/jblcorten.com\/es\/wp-json\/wp\/v2\/product_tag?post=3170"}],"curies":[{"name":"wp","href":"https:\/\/api.w.org\/{rel}","templated":true}]}}