{"id":3157,"date":"2025-05-28T11:34:01","date_gmt":"2025-05-28T03:34:01","guid":{"rendered":"https:\/\/jblcorten.com\/?post_type=product&#038;p=3157"},"modified":"2025-05-28T11:44:34","modified_gmt":"2025-05-28T03:44:34","slug":"jardinera-redonda-conica","status":"publish","type":"product","link":"https:\/\/jblcorten.com\/es\/tapered-round-planter\/","title":{"rendered":"Jardinera redonda c\u00f3nica"},"content":{"rendered":"<h2 style=\"text-align: center;\"><span style=\"font-size: 14pt;\">Jardinera redonda c\u00f3nica<\/span><\/h2>\n<p>La jardinera redonda c\u00f3nica es un producto decorativo de exterior de alta calidad que combina funcionalidad y sentido art\u00edstico. Su dise\u00f1o se inspira en la est\u00e9tica geom\u00e9trica minimalista. Se basa en un cono invertido y presenta un contorno \u00fanico que es ancho en la parte superior y estrecho en la inferior. A diferencia de la estructura c\u00f3nica tradicional, esta maceta abandona ingeniosamente los \u00e1ngulos agudos de la parte inferior y adopta un dise\u00f1o plano, para que pueda colocarse firmemente en el suelo. Si se coloca en un patio, balc\u00f3n o espacio exterior, puede mostrar un efecto visual estable y moderno. Las l\u00edneas generales son suaves y redondeadas, y los bordes no son angulosos, lo que le confiere un aspecto suave.<\/p>\n<p>El material de la jardinera redonda c\u00f3nica es acero de intemperie de alta calidad, que tiene una excelente resistencia a la corrosi\u00f3n y una resistencia a la intemperie extremadamente alta. La superficie del acero para intemperie formar\u00e1 gradualmente una capa protectora de \u00f3xido densa y estable en el entorno natural, que no s\u00f3lo confiere a la maceta un tono rojo \u00f3xido y una textura retro \u00fanicos, sino que tambi\u00e9n resiste eficazmente la erosi\u00f3n causada por la lluvia, el viento y el sol, prolonga su vida \u00fatil y no requiere pintura ni mantenimiento adicionales. Es muy adecuada para su uso prolongado en exteriores.<\/p>\n<p>Adem\u00e1s, el fondo de la maceta est\u00e1 especialmente equipado con un dise\u00f1o de orificio de drenaje para garantizar un drenaje suave, evitar la pudrici\u00f3n de las ra\u00edces de las plantas debido a la acumulaci\u00f3n de agua y mejorar la salud del crecimiento de las plantas y la comodidad del mantenimiento.<\/p>\n<p><strong><span style=\"font-size: 14pt;\">Especificaci\u00f3n del producto:<\/span><\/strong><\/p>\n<table style=\"border-collapse: collapse; width: 100%;\">\n<tbody>\n<tr>\n<td style=\"width: 21.7277%;\">Nombre del producto<\/td>\n<td style=\"width: 78.2723%;\">Jardinera redonda c\u00f3nica<\/td>\n<\/tr>\n<tr>\n<td style=\"width: 21.7277%;\">Fabricante<\/td>\n<td style=\"width: 78.2723%;\">HNJBL<\/td>\n<\/tr>\n<tr>\n<td style=\"width: 21.7277%;\">Material<\/td>\n<td style=\"width: 78.2723%;\">Acero corten\/ Acero para intemperie<\/td>\n<\/tr>\n<tr>\n<td style=\"width: 21.7277%;\">Agujero de drenaje<\/td>\n<td style=\"width: 78.2723%;\">S\u00ed<\/td>\n<\/tr>\n<tr>\n<td style=\"width: 21.7277%;\">Talla<\/td>\n<td style=\"width: 78.2723%;\">Personalizado<\/td>\n<\/tr>\n<\/tbody>\n<\/table>\n<p><strong><span style=\"font-size: 14pt;\">Caracter\u00edsticas del producto:<\/span><\/strong><\/p>\n<ul style=\"list-style-type: circle;\">\n<li>Decore su espacio exterior con un par de jardineras redondas c\u00f3nicas a ambos lados de cualquier puerta;<\/li>\n<li>Duradero, resistente a la intemperie y equipado con orificios de drenaje;<\/li>\n<li>Fabricado en acero de primera calidad resistente a la intemperie;<\/li>\n<li>En la superficie se forma una capa protectora resistente al \u00f3xido para mejorar el aspecto.<\/li>\n<\/ul>\n<p><strong><span style=\"font-size: 14pt;\">Detalles del producto:<\/span><\/strong><\/p>\n<p>Somos fabricantes de jardineras de acero corten. Podemos oxidar artificialmente las jardineras, lo que les dar\u00e1 un color m\u00e1s uniforme. Aqu\u00ed tiene algunas fotos del efecto real despu\u00e9s de la oxidaci\u00f3n.<\/p>\n<p><img fetchpriority=\"high\" decoding=\"async\" class=\"alignnone size-full wp-image-3162\" src=\"https:\/\/jblcorten.com\/wp-content\/uploads\/2025\/05\/tapered-round-planter.jpg\" alt=\"jardinera redonda c\u00f3nica\" width=\"750\" height=\"500\" title=\"\" srcset=\"https:\/\/jblcorten.com\/wp-content\/uploads\/2025\/05\/tapered-round-planter.jpg 750w, https:\/\/jblcorten.com\/wp-content\/uploads\/2025\/05\/tapered-round-planter-600x400.jpg 600w, https:\/\/jblcorten.com\/wp-content\/uploads\/2025\/05\/tapered-round-planter-300x200.jpg 300w, https:\/\/jblcorten.com\/wp-content\/uploads\/2025\/05\/tapered-round-planter-18x12.jpg 18w\" sizes=\"(max-width: 750px) 100vw, 750px\" \/><\/p>\n<p><img decoding=\"async\" class=\"alignnone size-full wp-image-3164\" src=\"https:\/\/jblcorten.com\/wp-content\/uploads\/2025\/05\/outdoor-tapered-planters.jpg\" alt=\"jardineras c\u00f3nicas de exterior\" width=\"750\" height=\"500\" title=\"\" srcset=\"https:\/\/jblcorten.com\/wp-content\/uploads\/2025\/05\/outdoor-tapered-planters.jpg 750w, https:\/\/jblcorten.com\/wp-content\/uploads\/2025\/05\/outdoor-tapered-planters-600x400.jpg 600w, https:\/\/jblcorten.com\/wp-content\/uploads\/2025\/05\/outdoor-tapered-planters-300x200.jpg 300w, https:\/\/jblcorten.com\/wp-content\/uploads\/2025\/05\/outdoor-tapered-planters-18x12.jpg 18w\" sizes=\"(max-width: 750px) 100vw, 750px\" \/><\/p>\n<p><strong><span style=\"font-size: 14pt;\">PREGUNTAS FRECUENTES:<\/span><\/strong><\/p>\n<p>1.\u00bfPueden proporcionar tama\u00f1os personalizados para satisfacer mis necesidades especiales?<br \/>\nPor supuesto, somos fabricantes y podemos fabricar jardineras seg\u00fan los requisitos del cliente.<\/p>\n<p>2.\u00bfPueden enviar muestras de lotes peque\u00f1os?<br \/>\nPor supuesto, p\u00f3ngase en contacto con nosotros para cualquier requisito.<\/p>","protected":false},"excerpt":{"rendered":"<p>Somos fabricantes de jardineras redondas c\u00f3nicas de corten. Podemos oxidar artificialmente las jardineras, y la oxidaci\u00f3n artificial har\u00e1 que el color sea m\u00e1s uniforme.<\/p>","protected":false},"featured_media":3166,"template":"","meta":{"site-sidebar-layout":"default","site-content-layout":"","ast-site-content-layout":"default","site-content-style":"default","site-sidebar-style":"default","ast-global-header-display":"","ast-banner-title-visibility":"","ast-main-header-display":"","ast-hfb-above-header-display":"","ast-hfb-below-header-display":"","ast-hfb-mobile-header-display":"","site-post-title":"","ast-breadcrumbs-content":"","ast-featured-img":"","footer-sml-layout":"","ast-disable-related-posts":"","theme-transparent-header-meta":"default","adv-header-id-meta":"","stick-header-meta":"","header-above-stick-meta":"","header-main-stick-meta":"","header-below-stick-meta":"","astra-migrate-meta-layouts":"set","ast-page-background-enabled":"default","ast-page-background-meta":{"desktop":{"background-color":"var(--ast-global-color-4)","background-image":"","background-repeat":"repeat","background-position":"center center","background-size":"auto","background-attachment":"scroll","background-type":"","background-media":"","overlay-type":"","overlay-color":"","overlay-opacity":"","overlay-gradient":""},"tablet":{"background-color":"","background-image":"","background-repeat":"repeat","background-position":"center center","background-size":"auto","background-attachment":"scroll","background-type":"","background-media":"","overlay-type":"","overlay-color":"","overlay-opacity":"","overlay-gradient":""},"mobile":{"background-color":"","background-image":"","background-repeat":"repeat","background-position":"center center","background-size":"auto","background-attachment":"scroll","background-type":"","background-media":"","overlay-type":"","overlay-color":"","overlay-opacity":"","overlay-gradient":""}},"ast-content-background-meta":{"desktop":{"background-color":"var(--ast-global-color-5)","background-image":"","background-repeat":"repeat","background-position":"center center","background-size":"auto","background-attachment":"scroll","background-type":"","background-media":"","overlay-type":"","overlay-color":"","overlay-opacity":"","overlay-gradient":""},"tablet":{"background-color":"var(--ast-global-color-5)","background-image":"","background-repeat":"repeat","background-position":"center center","background-size":"auto","background-attachment":"scroll","background-type":"","background-media":"","overlay-type":"","overlay-color":"","overlay-opacity":"","overlay-gradient":""},"mobile":{"background-color":"var(--ast-global-color-5)","background-image":"","background-repeat":"repeat","background-position":"center center","background-size":"auto","background-attachment":"scroll","background-type":"","background-media":"","overlay-type":"","overlay-color":"","overlay-opacity":"","overlay-gradient":""}}},"product_brand":[],"product_cat":[34],"product_tag":[],"class_list":{"0":"post-3157","1":"product","2":"type-product","3":"status-publish","4":"has-post-thumbnail","6":"product_cat-planter-pots","7":"desktop-align-center","8":"tablet-align-left","9":"mobile-align-left","11":"first","12":"instock","13":"shipping-taxable","14":"product-type-simple"},"_links":{"self":[{"href":"https:\/\/jblcorten.com\/es\/wp-json\/wp\/v2\/product\/3157","targetHints":{"allow":["GET"]}}],"collection":[{"href":"https:\/\/jblcorten.com\/es\/wp-json\/wp\/v2\/product"}],"about":[{"href":"https:\/\/jblcorten.com\/es\/wp-json\/wp\/v2\/types\/product"}],"wp:featuredmedia":[{"embeddable":true,"href":"https:\/\/jblcorten.com\/es\/wp-json\/wp\/v2\/media\/3166"}],"wp:attachment":[{"href":"https:\/\/jblcorten.com\/es\/wp-json\/wp\/v2\/media?parent=3157"}],"wp:term":[{"taxonomy":"product_brand","embeddable":true,"href":"https:\/\/jblcorten.com\/es\/wp-json\/wp\/v2\/product_brand?post=3157"},{"taxonomy":"product_cat","embeddable":true,"href":"https:\/\/jblcorten.com\/es\/wp-json\/wp\/v2\/product_cat?post=3157"},{"taxonomy":"product_tag","embeddable":true,"href":"https:\/\/jblcorten.com\/es\/wp-json\/wp\/v2\/product_tag?post=3157"}],"curies":[{"name":"wp","href":"https:\/\/api.w.org\/{rel}","templated":true}]}}