{"id":3122,"date":"2025-05-23T15:39:01","date_gmt":"2025-05-23T07:39:01","guid":{"rendered":"https:\/\/jblcorten.com\/?post_type=product&#038;p=3122"},"modified":"2025-05-23T15:42:50","modified_gmt":"2025-05-23T07:42:50","slug":"biombo-de-jardin-con-jardinera","status":"publish","type":"product","link":"https:\/\/jblcorten.com\/es\/garden-screen-with-planter\/","title":{"rendered":"Biombo de jard\u00edn con jardinera"},"content":{"rendered":"<h2 style=\"text-align: center;\"><span style=\"font-size: 14pt;\">Biombo de jard\u00edn con jardinera<\/span><\/h2>\n<p>Esta pantalla de jard\u00edn con jardinera adopta un dise\u00f1o integrado. El cuerpo principal consta de una maceta rectangular de acero corten y una pantalla del mismo material. La pantalla est\u00e1 firmemente soldada a un lado de la parte larga de la maceta. La estructura general es estable y las l\u00edneas n\u00edtidas, lo que demuestra plenamente la combinaci\u00f3n de la est\u00e9tica de la jardiner\u00eda moderna y el estilo industrial. Este dise\u00f1o no s\u00f3lo es sencillo y generoso, sino tambi\u00e9n m\u00e1s eficaz en el ahorro de espacio, aportando m\u00e1s posibilidades de disposici\u00f3n en diversos lugares al aire libre.<\/p>\n<p>La parte de la pantalla de este biombo para jard\u00edn con jardinera adopta la tecnolog\u00eda de corte por l\u00e1ser, con diversos patrones, transmisi\u00f3n de luz y apantallamiento, que pueden proporcionar privacidad parcial visualmente sin afectar a la circulaci\u00f3n del aire y la luz. Podemos elegir diferentes patrones seg\u00fan las preferencias personales, desde texturas de plantas naturales hasta patrones geom\u00e9tricos abstractos. El colorido dise\u00f1o a\u00f1ade capas y diversi\u00f3n al espacio del jard\u00edn. El biombo no es s\u00f3lo un simple tabique, sino tambi\u00e9n un fondo decorativo y una estructura de soporte para las plantas trepadoras, lo que da m\u00e1s funcionalidad al espacio del jard\u00edn.<\/p>\n<p><img fetchpriority=\"high\" decoding=\"async\" class=\"alignnone size-full wp-image-3123\" src=\"https:\/\/jblcorten.com\/wp-content\/uploads\/2025\/05\/garden-screen-with-planter.jpg\" alt=\"biombo de jard\u00edn con jardinera\" width=\"750\" height=\"350\" title=\"\" srcset=\"https:\/\/jblcorten.com\/wp-content\/uploads\/2025\/05\/garden-screen-with-planter.jpg 750w, https:\/\/jblcorten.com\/wp-content\/uploads\/2025\/05\/garden-screen-with-planter-600x280.jpg 600w, https:\/\/jblcorten.com\/wp-content\/uploads\/2025\/05\/garden-screen-with-planter-300x140.jpg 300w, https:\/\/jblcorten.com\/wp-content\/uploads\/2025\/05\/garden-screen-with-planter-18x8.jpg 18w\" sizes=\"(max-width: 750px) 100vw, 750px\" \/><\/p>\n<p><strong><span style=\"font-size: 14pt;\">Especificaci\u00f3n del producto:<\/span><\/strong><\/p>\n<table style=\"border-collapse: collapse; width: 100%; height: 265px;\">\n<tbody>\n<tr style=\"height: 53px;\">\n<td style=\"width: 24.3456%; height: 53px; background-color: #f5f5f5;\">Nombre del producto<\/td>\n<td style=\"width: 75.6544%; height: 53px; background-color: #f5f5f5;\">Biombo de jard\u00edn con jardinera<\/td>\n<\/tr>\n<tr style=\"height: 53px;\">\n<td style=\"width: 24.3456%; height: 53px;\">Material<\/td>\n<td style=\"width: 75.6544%; height: 53px;\">Acero corten<\/td>\n<\/tr>\n<tr style=\"height: 53px;\">\n<td style=\"width: 24.3456%; height: 106px; text-align: left; background-color: #ffffff;\" rowspan=\"2\">Tama\u00f1o general<\/td>\n<td style=\"width: 75.6544%; height: 53px; background-color: #ffffff;\">Jardinera 800*300*400mm<\/td>\n<\/tr>\n<tr style=\"height: 53px;\">\n<td style=\"width: 75.6544%; height: 53px; background-color: #ffffff;\">Pantalla 1200*800mm<\/td>\n<\/tr>\n<tr style=\"height: 53px;\">\n<td style=\"width: 24.3456%; height: 53px;\">Color<\/td>\n<td style=\"width: 75.6544%; height: 53px;\">Rusty<\/td>\n<\/tr>\n<\/tbody>\n<\/table>\n<p><strong><span style=\"font-size: 14pt;\">Caracter\u00edstica del producto:<\/span><\/strong><\/p>\n<p>Este biombo de jard\u00edn con jardinera est\u00e1 fabricado en acero de intemperie de alta calidad, que tiene una gran resistencia a la corrosi\u00f3n y a la intemperie. Despu\u00e9s de la oxidaci\u00f3n, la superficie del acero para intemperie presenta un color \u00fanico de \u00f3xido rojo intenso, que forma un contraste perfecto con el color del entorno natural y las plantas verdes. En comparaci\u00f3n con los metales tradicionales, el acero para intemperie no requiere un mantenimiento frecuente, y la capa de \u00f3xido de la superficie tambi\u00e9n puede formar una capa protectora natural para prolongar la vida \u00fatil del producto.<\/p>\n<p><img decoding=\"async\" class=\"alignnone size-full wp-image-3129\" src=\"https:\/\/jblcorten.com\/wp-content\/uploads\/2025\/05\/garden-screen-with-planter-1.jpg\" alt=\"\" width=\"750\" height=\"750\" title=\"\" srcset=\"https:\/\/jblcorten.com\/wp-content\/uploads\/2025\/05\/garden-screen-with-planter-1.jpg 750w, https:\/\/jblcorten.com\/wp-content\/uploads\/2025\/05\/garden-screen-with-planter-1-600x600.jpg 600w, https:\/\/jblcorten.com\/wp-content\/uploads\/2025\/05\/garden-screen-with-planter-1-100x100.jpg 100w, https:\/\/jblcorten.com\/wp-content\/uploads\/2025\/05\/garden-screen-with-planter-1-300x300.jpg 300w, https:\/\/jblcorten.com\/wp-content\/uploads\/2025\/05\/garden-screen-with-planter-1-150x150.jpg 150w, https:\/\/jblcorten.com\/wp-content\/uploads\/2025\/05\/garden-screen-with-planter-1-12x12.jpg 12w\" sizes=\"(max-width: 750px) 100vw, 750px\" \/><\/p>\n<p><img decoding=\"async\" class=\"alignnone size-full wp-image-3130\" src=\"https:\/\/jblcorten.com\/wp-content\/uploads\/2025\/05\/planter-box-with-screen.png\" alt=\"jardinera con rejilla\" width=\"750\" height=\"778\" title=\"\" srcset=\"https:\/\/jblcorten.com\/wp-content\/uploads\/2025\/05\/planter-box-with-screen.png 750w, https:\/\/jblcorten.com\/wp-content\/uploads\/2025\/05\/planter-box-with-screen-600x622.png 600w, https:\/\/jblcorten.com\/wp-content\/uploads\/2025\/05\/planter-box-with-screen-289x300.png 289w, https:\/\/jblcorten.com\/wp-content\/uploads\/2025\/05\/planter-box-with-screen-12x12.png 12w\" sizes=\"(max-width: 750px) 100vw, 750px\" \/><\/p>\n<p>&nbsp;<\/p>","protected":false},"excerpt":{"rendered":"<p>La parte de la pantalla de esta pantalla de jard\u00edn con jardinera adopta la tecnolog\u00eda de corte por l\u00e1ser, con varios patrones, transmisi\u00f3n de luz y blindaje, que puede proporcionar privacidad parcial visualmente sin afectar a la circulaci\u00f3n del aire y la luz.<\/p>","protected":false},"featured_media":3124,"template":"","meta":{"site-sidebar-layout":"default","site-content-layout":"","ast-site-content-layout":"default","site-content-style":"default","site-sidebar-style":"default","ast-global-header-display":"","ast-banner-title-visibility":"","ast-main-header-display":"","ast-hfb-above-header-display":"","ast-hfb-below-header-display":"","ast-hfb-mobile-header-display":"","site-post-title":"","ast-breadcrumbs-content":"","ast-featured-img":"","footer-sml-layout":"","ast-disable-related-posts":"","theme-transparent-header-meta":"default","adv-header-id-meta":"","stick-header-meta":"","header-above-stick-meta":"","header-main-stick-meta":"","header-below-stick-meta":"","astra-migrate-meta-layouts":"set","ast-page-background-enabled":"default","ast-page-background-meta":{"desktop":{"background-color":"var(--ast-global-color-4)","background-image":"","background-repeat":"repeat","background-position":"center center","background-size":"auto","background-attachment":"scroll","background-type":"","background-media":"","overlay-type":"","overlay-color":"","overlay-opacity":"","overlay-gradient":""},"tablet":{"background-color":"","background-image":"","background-repeat":"repeat","background-position":"center center","background-size":"auto","background-attachment":"scroll","background-type":"","background-media":"","overlay-type":"","overlay-color":"","overlay-opacity":"","overlay-gradient":""},"mobile":{"background-color":"","background-image":"","background-repeat":"repeat","background-position":"center center","background-size":"auto","background-attachment":"scroll","background-type":"","background-media":"","overlay-type":"","overlay-color":"","overlay-opacity":"","overlay-gradient":""}},"ast-content-background-meta":{"desktop":{"background-color":"var(--ast-global-color-5)","background-image":"","background-repeat":"repeat","background-position":"center center","background-size":"auto","background-attachment":"scroll","background-type":"","background-media":"","overlay-type":"","overlay-color":"","overlay-opacity":"","overlay-gradient":""},"tablet":{"background-color":"var(--ast-global-color-5)","background-image":"","background-repeat":"repeat","background-position":"center center","background-size":"auto","background-attachment":"scroll","background-type":"","background-media":"","overlay-type":"","overlay-color":"","overlay-opacity":"","overlay-gradient":""},"mobile":{"background-color":"var(--ast-global-color-5)","background-image":"","background-repeat":"repeat","background-position":"center center","background-size":"auto","background-attachment":"scroll","background-type":"","background-media":"","overlay-type":"","overlay-color":"","overlay-opacity":"","overlay-gradient":""}}},"product_brand":[],"product_cat":[31],"product_tag":[],"class_list":{"0":"post-3122","1":"product","2":"type-product","3":"status-publish","4":"has-post-thumbnail","6":"product_cat-garden-screens","7":"desktop-align-center","8":"tablet-align-left","9":"mobile-align-left","11":"first","12":"instock","13":"shipping-taxable","14":"product-type-simple"},"_links":{"self":[{"href":"https:\/\/jblcorten.com\/es\/wp-json\/wp\/v2\/product\/3122","targetHints":{"allow":["GET"]}}],"collection":[{"href":"https:\/\/jblcorten.com\/es\/wp-json\/wp\/v2\/product"}],"about":[{"href":"https:\/\/jblcorten.com\/es\/wp-json\/wp\/v2\/types\/product"}],"wp:featuredmedia":[{"embeddable":true,"href":"https:\/\/jblcorten.com\/es\/wp-json\/wp\/v2\/media\/3124"}],"wp:attachment":[{"href":"https:\/\/jblcorten.com\/es\/wp-json\/wp\/v2\/media?parent=3122"}],"wp:term":[{"taxonomy":"product_brand","embeddable":true,"href":"https:\/\/jblcorten.com\/es\/wp-json\/wp\/v2\/product_brand?post=3122"},{"taxonomy":"product_cat","embeddable":true,"href":"https:\/\/jblcorten.com\/es\/wp-json\/wp\/v2\/product_cat?post=3122"},{"taxonomy":"product_tag","embeddable":true,"href":"https:\/\/jblcorten.com\/es\/wp-json\/wp\/v2\/product_tag?post=3122"}],"curies":[{"name":"wp","href":"https:\/\/api.w.org\/{rel}","templated":true}]}}