{"id":3064,"date":"2025-05-15T16:33:56","date_gmt":"2025-05-15T08:33:56","guid":{"rendered":"https:\/\/jblcorten.com\/?post_type=product&#038;p=3064"},"modified":"2025-05-15T16:33:56","modified_gmt":"2025-05-15T08:33:56","slug":"jardinera-de-acero-corten-con-enrejado","status":"publish","type":"product","link":"https:\/\/jblcorten.com\/es\/corten-steel-planter-with-trellis\/","title":{"rendered":"Jardinera de acero corten con enrejado"},"content":{"rendered":"<h2 style=\"text-align: center;\"><span style=\"font-size: 14pt;\">Jardinera de acero corten con enrejado<\/span><\/h2>\n<p>Esta jardinera de acero corten con enrejado utiliza acero de alta calidad para intemperie (tambi\u00e9n conocido como acero corten) como material principal. El cuerpo principal de la jardinera es un paralelep\u00edpedo rectangular, y una rejilla met\u00e1lica con una estructura porosa se extiende verticalmente desde la parte superior, que puede utilizarse para guiar a las plantas para que trepen y crezcan hacia arriba. Todo el conjunto de macetas tiene una estructura unificada, y visualmente tiene la belleza de la integraci\u00f3n industrial y natural. Es una buena elecci\u00f3n para patios y jardines modernos.<\/p>\n<p>El dise\u00f1o de la estructura de rejilla no s\u00f3lo realza el sentido tridimensional y decorativo de la jardinera, sino que tambi\u00e9n proporciona espacio adicional para el crecimiento de las plantas. Es especialmente adecuado para plantas trepadoras como la gloria de la ma\u00f1ana, la hiedra, la enredadera trompeta, el jazm\u00edn de molino de viento, etc., que pueden lograr un efecto de verdor tridimensional de crecimiento natural desde el suelo.<\/p>\n<p><strong><span style=\"font-size: 14pt;\">Especificaci\u00f3n del producto:<\/span><\/strong><\/p>\n<table style=\"border-collapse: collapse; width: 100%; height: 265px;\">\n<tbody>\n<tr style=\"height: 53px;\">\n<td style=\"width: 21.5033%; height: 53px; background-color: #f5f5f5;\">Nombre del producto<\/td>\n<td style=\"width: 78.4967%; height: 53px; background-color: #f5f5f5;\">Jardinera de acero corten con enrejado<\/td>\n<\/tr>\n<tr style=\"height: 53px;\">\n<td style=\"width: 21.5033%; height: 53px;\">Material<\/td>\n<td style=\"width: 78.4967%; height: 53px;\">Acero corten<\/td>\n<\/tr>\n<tr style=\"height: 53px;\">\n<td style=\"width: 21.5033%; height: 53px; background-color: #f5f5f5;\">Proceso<\/td>\n<td style=\"width: 78.4967%; height: 53px; background-color: #f5f5f5;\">Corte por l\u00e1ser &gt; plegado &gt; soldadura y pulido &gt; tratamiento de superficies&gt;componentes ensamblados y embalaje<\/td>\n<\/tr>\n<tr style=\"height: 53px;\">\n<td style=\"width: 21.5033%; height: 53px;\">Tratamiento de superficies<\/td>\n<td style=\"width: 78.4967%; height: 53px;\">Natural o pretratada<\/td>\n<\/tr>\n<tr style=\"height: 53px;\">\n<td style=\"width: 21.5033%; height: 53px; background-color: #f5f5f5;\">Talla<\/td>\n<td style=\"width: 78.4967%; height: 53px; background-color: #f5f5f5;\">Personalizado<\/td>\n<\/tr>\n<\/tbody>\n<\/table>\n<p><strong><span style=\"font-size: 14pt;\">Caracter\u00edsticas principales:<\/span><\/strong><\/p>\n<ul>\n<li>La estructura general es estable: la parte inferior est\u00e1 reforzada y tiene una buena capacidad de carga<\/li>\n<li>El dise\u00f1o de la rejilla es inteligente: el espaciado de la rejilla es razonable, lo que favorece la trepada natural de las plantas y resulta c\u00f3modo para la poda y la gesti\u00f3n diarias.<\/li>\n<li>El sistema de drenaje es perfecto: el fondo de la maceta est\u00e1 equipado con un dise\u00f1o de orificios de drenaje para evitar que la acumulaci\u00f3n de agua provoque la pudrici\u00f3n de las ra\u00edces de las plantas.<\/li>\n<li>Se puede personalizar: el tama\u00f1o, la altura o el estilo de la rejilla se pueden ajustar seg\u00fan los requisitos del proyecto.<\/li>\n<li>Movible: Esta maceta puede instalarse con ruedas para facilitar su desplazamiento.<\/li>\n<\/ul>\n<p><strong><span style=\"font-size: 14pt;\">Proceso de fabricaci\u00f3n\uff1a<\/span><\/strong><\/p>\n<p>Esta jardinera de acero corten con enrejado se fabrica mediante corte CNC, plegado, soldadura, esmerilado, prevenci\u00f3n de la oxidaci\u00f3n y otros procesos de precisi\u00f3n. Despu\u00e9s de tratar el material de acero corten con un proceso de preoxidaci\u00f3n, la superficie presenta un tono rojo \u00f3xido natural, y evoluciona gradualmente hacia un color m\u00e1s estable y art\u00edstico con el paso del tiempo. La parte de la rejilla adopta un proceso de corte por l\u00e1ser para garantizar que las aberturas sean n\u00edtidas y las esquinas lisas, a fin de no ara\u00f1ar las plantas ni a los jardineros.<\/p>\n<p>Toda la estructura ser\u00e1 desengrasada y antioxidada antes de salir de f\u00e1brica, y pueden realizarse diferentes grados de preoxidaci\u00f3n seg\u00fan las necesidades del cliente.<\/p>\n<p><strong><span style=\"font-size: 14pt;\">Detalles del producto:<\/span><\/strong><\/p>\n<p><img fetchpriority=\"high\" decoding=\"async\" class=\"alignnone size-full wp-image-3069\" src=\"https:\/\/jblcorten.com\/wp-content\/uploads\/2025\/05\/planter-pot.jpg\" alt=\"maceta con agujeros de drenaje\" width=\"750\" height=\"433\" title=\"\" srcset=\"https:\/\/jblcorten.com\/wp-content\/uploads\/2025\/05\/planter-pot.jpg 750w, https:\/\/jblcorten.com\/wp-content\/uploads\/2025\/05\/planter-pot-600x346.jpg 600w, https:\/\/jblcorten.com\/wp-content\/uploads\/2025\/05\/planter-pot-300x173.jpg 300w, https:\/\/jblcorten.com\/wp-content\/uploads\/2025\/05\/planter-pot-18x10.jpg 18w\" sizes=\"(max-width: 750px) 100vw, 750px\" \/><\/p>\n<p><img decoding=\"async\" class=\"alignnone size-full wp-image-3070\" src=\"https:\/\/jblcorten.com\/wp-content\/uploads\/2025\/05\/Corten-Steel-Planter-With-grille.jpg\" alt=\"Jardinera de acero corten con rejilla\" width=\"750\" height=\"750\" title=\"\" srcset=\"https:\/\/jblcorten.com\/wp-content\/uploads\/2025\/05\/Corten-Steel-Planter-With-grille.jpg 750w, https:\/\/jblcorten.com\/wp-content\/uploads\/2025\/05\/Corten-Steel-Planter-With-grille-600x600.jpg 600w, https:\/\/jblcorten.com\/wp-content\/uploads\/2025\/05\/Corten-Steel-Planter-With-grille-100x100.jpg 100w, https:\/\/jblcorten.com\/wp-content\/uploads\/2025\/05\/Corten-Steel-Planter-With-grille-300x300.jpg 300w, https:\/\/jblcorten.com\/wp-content\/uploads\/2025\/05\/Corten-Steel-Planter-With-grille-150x150.jpg 150w, https:\/\/jblcorten.com\/wp-content\/uploads\/2025\/05\/Corten-Steel-Planter-With-grille-12x12.jpg 12w\" sizes=\"(max-width: 750px) 100vw, 750px\" \/><\/p>","protected":false},"excerpt":{"rendered":"<p>La jardinera de acero corten con enrejado adopta un dise\u00f1o rectangular, y la estructura general presenta l\u00edneas sencillas, estables y modernas. En particular, la parte superior est\u00e1 equipada con una rejilla integrada de acero corten, que proporciona un soporte natural para el crecimiento trepador de las plantas y es un socio ideal para las vides.<\/p>","protected":false},"featured_media":3065,"template":"","meta":{"site-sidebar-layout":"default","site-content-layout":"","ast-site-content-layout":"default","site-content-style":"default","site-sidebar-style":"default","ast-global-header-display":"","ast-banner-title-visibility":"","ast-main-header-display":"","ast-hfb-above-header-display":"","ast-hfb-below-header-display":"","ast-hfb-mobile-header-display":"","site-post-title":"","ast-breadcrumbs-content":"","ast-featured-img":"","footer-sml-layout":"","ast-disable-related-posts":"","theme-transparent-header-meta":"default","adv-header-id-meta":"","stick-header-meta":"","header-above-stick-meta":"","header-main-stick-meta":"","header-below-stick-meta":"","astra-migrate-meta-layouts":"set","ast-page-background-enabled":"default","ast-page-background-meta":{"desktop":{"background-color":"var(--ast-global-color-4)","background-image":"","background-repeat":"repeat","background-position":"center center","background-size":"auto","background-attachment":"scroll","background-type":"","background-media":"","overlay-type":"","overlay-color":"","overlay-opacity":"","overlay-gradient":""},"tablet":{"background-color":"","background-image":"","background-repeat":"repeat","background-position":"center center","background-size":"auto","background-attachment":"scroll","background-type":"","background-media":"","overlay-type":"","overlay-color":"","overlay-opacity":"","overlay-gradient":""},"mobile":{"background-color":"","background-image":"","background-repeat":"repeat","background-position":"center center","background-size":"auto","background-attachment":"scroll","background-type":"","background-media":"","overlay-type":"","overlay-color":"","overlay-opacity":"","overlay-gradient":""}},"ast-content-background-meta":{"desktop":{"background-color":"var(--ast-global-color-5)","background-image":"","background-repeat":"repeat","background-position":"center center","background-size":"auto","background-attachment":"scroll","background-type":"","background-media":"","overlay-type":"","overlay-color":"","overlay-opacity":"","overlay-gradient":""},"tablet":{"background-color":"var(--ast-global-color-5)","background-image":"","background-repeat":"repeat","background-position":"center center","background-size":"auto","background-attachment":"scroll","background-type":"","background-media":"","overlay-type":"","overlay-color":"","overlay-opacity":"","overlay-gradient":""},"mobile":{"background-color":"var(--ast-global-color-5)","background-image":"","background-repeat":"repeat","background-position":"center center","background-size":"auto","background-attachment":"scroll","background-type":"","background-media":"","overlay-type":"","overlay-color":"","overlay-opacity":"","overlay-gradient":""}}},"product_brand":[],"product_cat":[34],"product_tag":[],"class_list":{"0":"post-3064","1":"product","2":"type-product","3":"status-publish","4":"has-post-thumbnail","6":"product_cat-planter-pots","7":"desktop-align-center","8":"tablet-align-left","9":"mobile-align-left","11":"first","12":"instock","13":"shipping-taxable","14":"product-type-simple"},"_links":{"self":[{"href":"https:\/\/jblcorten.com\/es\/wp-json\/wp\/v2\/product\/3064","targetHints":{"allow":["GET"]}}],"collection":[{"href":"https:\/\/jblcorten.com\/es\/wp-json\/wp\/v2\/product"}],"about":[{"href":"https:\/\/jblcorten.com\/es\/wp-json\/wp\/v2\/types\/product"}],"wp:featuredmedia":[{"embeddable":true,"href":"https:\/\/jblcorten.com\/es\/wp-json\/wp\/v2\/media\/3065"}],"wp:attachment":[{"href":"https:\/\/jblcorten.com\/es\/wp-json\/wp\/v2\/media?parent=3064"}],"wp:term":[{"taxonomy":"product_brand","embeddable":true,"href":"https:\/\/jblcorten.com\/es\/wp-json\/wp\/v2\/product_brand?post=3064"},{"taxonomy":"product_cat","embeddable":true,"href":"https:\/\/jblcorten.com\/es\/wp-json\/wp\/v2\/product_cat?post=3064"},{"taxonomy":"product_tag","embeddable":true,"href":"https:\/\/jblcorten.com\/es\/wp-json\/wp\/v2\/product_tag?post=3064"}],"curies":[{"name":"wp","href":"https:\/\/api.w.org\/{rel}","templated":true}]}}