{"id":3054,"date":"2025-05-13T15:36:25","date_gmt":"2025-05-13T07:36:25","guid":{"rendered":"https:\/\/jblcorten.com\/?post_type=product&#038;p=3054"},"modified":"2025-05-13T15:36:25","modified_gmt":"2025-05-13T07:36:25","slug":"jardineras-de-acero-corten","status":"publish","type":"product","link":"https:\/\/jblcorten.com\/es\/corten-steel-planter-boxes\/","title":{"rendered":"Jardineras de acero corten"},"content":{"rendered":"<h2 style=\"text-align: center;\"><span style=\"font-size: 14pt;\">Jardineras de acero corten<\/span><\/h2>\n<p>El aspecto general de estas jardineras de acero corten es el de un peque\u00f1o cubo, con un tama\u00f1o uniforme de arriba abajo, y los cuatro lados son rectos y regulares, mostrando un fuerte sentido de la geometr\u00eda y la modernidad. Lo que m\u00e1s llama la atenci\u00f3n son las cuatro \"tapas abiertas\" de la parte superior. Cada \"tapa\" se extiende hacia fuera a lo largo del borde superior, como una caja que se abre, revelando la vitalidad oculta.<\/p>\n<p>Aunque esta jardinera de acero corten no es de gran tama\u00f1o, tiene una estructura estable y una capacidad moderada. Es muy adecuada para plantar algunas plantas verdes peque\u00f1as, como suculentas y cactus. Estas plantas no necesitan mucho espacio ni tierra, pero hay que prestar m\u00e1s atenci\u00f3n a la ventilaci\u00f3n y el drenaje. El fondo de la jardinera de acero corten puede dise\u00f1arse con una estructura de agujeros de drenaje para evitar eficazmente la acumulaci\u00f3n de agua y proteger la salud de las ra\u00edces de las plantas. Al mismo tiempo, la estructura cuadrada favorece la disposici\u00f3n de las plantas y la distribuci\u00f3n uniforme de la tierra, y tambi\u00e9n resulta pr\u00e1ctica para que los usuarios realicen plantaciones combinadas creativas.<\/p>\n<p><strong><span style=\"font-size: 14pt;\">Especificaci\u00f3n del producto:<\/span><\/strong><\/p>\n<table style=\"border-collapse: collapse; width: 100%; height: 212px;\">\n<tbody>\n<tr style=\"height: 53px;\">\n<td style=\"width: 22.1017%; height: 53px; background-color: #f5f5f5;\">Nombre del producto<\/td>\n<td style=\"width: 77.8983%; height: 53px; background-color: #f5f5f5;\">Jardineras de acero corten<\/td>\n<\/tr>\n<tr style=\"height: 53px;\">\n<td style=\"width: 22.1017%; height: 53px;\">Material<\/td>\n<td style=\"width: 77.8983%; height: 53px;\">Acero corten\/Acero resistente a la intemperie<\/td>\n<\/tr>\n<tr style=\"height: 53px;\">\n<td style=\"width: 22.1017%; height: 53px; background-color: #f5f5f5;\">Tratamiento de superficies<\/td>\n<td style=\"width: 77.8983%; height: 53px; background-color: #f5f5f5;\">Acabado preoxidado<\/td>\n<\/tr>\n<tr style=\"height: 53px;\">\n<td style=\"width: 22.1017%; height: 53px;\">Talla normal<\/td>\n<td style=\"width: 77.8983%; height: 53px;\">500*500*500 mm o personalizado<\/td>\n<\/tr>\n<\/tbody>\n<\/table>\n<p><strong><span style=\"font-size: 14pt;\">Detalles del producto:<\/span><\/strong><\/p>\n<p><img fetchpriority=\"high\" decoding=\"async\" class=\"alignnone size-full wp-image-3055\" src=\"https:\/\/jblcorten.com\/wp-content\/uploads\/2025\/05\/corten-steel-planter-boxes.jpg\" alt=\"jardineras de acero corten\" width=\"750\" height=\"499\" title=\"\" srcset=\"https:\/\/jblcorten.com\/wp-content\/uploads\/2025\/05\/corten-steel-planter-boxes.jpg 750w, https:\/\/jblcorten.com\/wp-content\/uploads\/2025\/05\/corten-steel-planter-boxes-600x399.jpg 600w, https:\/\/jblcorten.com\/wp-content\/uploads\/2025\/05\/corten-steel-planter-boxes-300x200.jpg 300w, https:\/\/jblcorten.com\/wp-content\/uploads\/2025\/05\/corten-steel-planter-boxes-18x12.jpg 18w\" sizes=\"(max-width: 750px) 100vw, 750px\" \/><\/p>\n<p><img decoding=\"async\" class=\"alignnone size-full wp-image-3056\" src=\"https:\/\/jblcorten.com\/wp-content\/uploads\/2025\/05\/corten-planter-box.jpg\" alt=\"\" width=\"750\" height=\"750\" title=\"\" srcset=\"https:\/\/jblcorten.com\/wp-content\/uploads\/2025\/05\/corten-planter-box.jpg 750w, https:\/\/jblcorten.com\/wp-content\/uploads\/2025\/05\/corten-planter-box-600x600.jpg 600w, https:\/\/jblcorten.com\/wp-content\/uploads\/2025\/05\/corten-planter-box-100x100.jpg 100w, https:\/\/jblcorten.com\/wp-content\/uploads\/2025\/05\/corten-planter-box-300x300.jpg 300w, https:\/\/jblcorten.com\/wp-content\/uploads\/2025\/05\/corten-planter-box-150x150.jpg 150w, https:\/\/jblcorten.com\/wp-content\/uploads\/2025\/05\/corten-planter-box-12x12.jpg 12w\" sizes=\"(max-width: 750px) 100vw, 750px\" \/><\/p>\n<p><img decoding=\"async\" class=\"alignnone size-full wp-image-3059\" src=\"https:\/\/jblcorten.com\/wp-content\/uploads\/2025\/05\/metallic-series-corten-steel-planter-box.jpg\" alt=\"jardinera de acero corten serie met\u00e1lica\" width=\"750\" height=\"750\" title=\"\" srcset=\"https:\/\/jblcorten.com\/wp-content\/uploads\/2025\/05\/metallic-series-corten-steel-planter-box.jpg 750w, https:\/\/jblcorten.com\/wp-content\/uploads\/2025\/05\/metallic-series-corten-steel-planter-box-600x600.jpg 600w, https:\/\/jblcorten.com\/wp-content\/uploads\/2025\/05\/metallic-series-corten-steel-planter-box-100x100.jpg 100w, https:\/\/jblcorten.com\/wp-content\/uploads\/2025\/05\/metallic-series-corten-steel-planter-box-300x300.jpg 300w, https:\/\/jblcorten.com\/wp-content\/uploads\/2025\/05\/metallic-series-corten-steel-planter-box-150x150.jpg 150w, https:\/\/jblcorten.com\/wp-content\/uploads\/2025\/05\/metallic-series-corten-steel-planter-box-12x12.jpg 12w\" sizes=\"(max-width: 750px) 100vw, 750px\" \/><\/p>\n<p><strong><span style=\"font-size: 14pt;\">PREGUNTAS FRECUENTES:<\/span><\/strong><\/p>\n<p>1. \u00bfCu\u00e1nto tarda el acero corten en oxidarse?<br \/>\nSuele tardar entre 4 y 10 meses, dependiendo de las condiciones meteorol\u00f3gicas.<\/p>\n<p>2. \u00bfPuedo acelerar el proceso de oxidaci\u00f3n?<br \/>\nS\u00ed, utilizar una soluci\u00f3n de vinagre, sal y agua puede ayudar a acelerar la oxidaci\u00f3n. (Somos fabricantes de macetas de acero corten, y tambi\u00e9n podemos oxidar las macetas).<\/p>\n<p>3. \u00bfLas macetas de acero corten son seguras para las plantas?<br \/>\nPor supuesto, una vez que el \u00f3xido est\u00e1 completamente formado, no son t\u00f3xicos y son seguros para las plantas. El \u00f3xido inicial puede liberar hierro en el suelo, pero en general es inofensivo.<\/p>","protected":false},"excerpt":{"rendered":"<p>El dise\u00f1o de esta jardinera de acero corten se inspira en una caja de papel c\u00fabica. El efecto visual de \"abrir la tapa de la caja de papel\" se restaura con precisi\u00f3n mediante la erosi\u00f3n del acero, formando una jardinera met\u00e1lica de gran creatividad y valor ornamental.<\/p>\n<p>En apariencia, es como una caja de regalo que se abre suavemente, y las tapas de las cuatro esquinas se abren de forma natural, lo que resulta muy art\u00edstico.<\/p>","protected":false},"featured_media":3061,"template":"","meta":{"site-sidebar-layout":"default","site-content-layout":"","ast-site-content-layout":"default","site-content-style":"default","site-sidebar-style":"default","ast-global-header-display":"","ast-banner-title-visibility":"","ast-main-header-display":"","ast-hfb-above-header-display":"","ast-hfb-below-header-display":"","ast-hfb-mobile-header-display":"","site-post-title":"","ast-breadcrumbs-content":"","ast-featured-img":"","footer-sml-layout":"","ast-disable-related-posts":"","theme-transparent-header-meta":"default","adv-header-id-meta":"","stick-header-meta":"","header-above-stick-meta":"","header-main-stick-meta":"","header-below-stick-meta":"","astra-migrate-meta-layouts":"set","ast-page-background-enabled":"default","ast-page-background-meta":{"desktop":{"background-color":"var(--ast-global-color-4)","background-image":"","background-repeat":"repeat","background-position":"center center","background-size":"auto","background-attachment":"scroll","background-type":"","background-media":"","overlay-type":"","overlay-color":"","overlay-opacity":"","overlay-gradient":""},"tablet":{"background-color":"","background-image":"","background-repeat":"repeat","background-position":"center center","background-size":"auto","background-attachment":"scroll","background-type":"","background-media":"","overlay-type":"","overlay-color":"","overlay-opacity":"","overlay-gradient":""},"mobile":{"background-color":"","background-image":"","background-repeat":"repeat","background-position":"center center","background-size":"auto","background-attachment":"scroll","background-type":"","background-media":"","overlay-type":"","overlay-color":"","overlay-opacity":"","overlay-gradient":""}},"ast-content-background-meta":{"desktop":{"background-color":"var(--ast-global-color-5)","background-image":"","background-repeat":"repeat","background-position":"center center","background-size":"auto","background-attachment":"scroll","background-type":"","background-media":"","overlay-type":"","overlay-color":"","overlay-opacity":"","overlay-gradient":""},"tablet":{"background-color":"var(--ast-global-color-5)","background-image":"","background-repeat":"repeat","background-position":"center center","background-size":"auto","background-attachment":"scroll","background-type":"","background-media":"","overlay-type":"","overlay-color":"","overlay-opacity":"","overlay-gradient":""},"mobile":{"background-color":"var(--ast-global-color-5)","background-image":"","background-repeat":"repeat","background-position":"center center","background-size":"auto","background-attachment":"scroll","background-type":"","background-media":"","overlay-type":"","overlay-color":"","overlay-opacity":"","overlay-gradient":""}}},"product_brand":[],"product_cat":[34],"product_tag":[],"class_list":{"0":"post-3054","1":"product","2":"type-product","3":"status-publish","4":"has-post-thumbnail","6":"product_cat-planter-pots","7":"desktop-align-center","8":"tablet-align-left","9":"mobile-align-left","11":"first","12":"instock","13":"shipping-taxable","14":"product-type-simple"},"_links":{"self":[{"href":"https:\/\/jblcorten.com\/es\/wp-json\/wp\/v2\/product\/3054","targetHints":{"allow":["GET"]}}],"collection":[{"href":"https:\/\/jblcorten.com\/es\/wp-json\/wp\/v2\/product"}],"about":[{"href":"https:\/\/jblcorten.com\/es\/wp-json\/wp\/v2\/types\/product"}],"wp:featuredmedia":[{"embeddable":true,"href":"https:\/\/jblcorten.com\/es\/wp-json\/wp\/v2\/media\/3061"}],"wp:attachment":[{"href":"https:\/\/jblcorten.com\/es\/wp-json\/wp\/v2\/media?parent=3054"}],"wp:term":[{"taxonomy":"product_brand","embeddable":true,"href":"https:\/\/jblcorten.com\/es\/wp-json\/wp\/v2\/product_brand?post=3054"},{"taxonomy":"product_cat","embeddable":true,"href":"https:\/\/jblcorten.com\/es\/wp-json\/wp\/v2\/product_cat?post=3054"},{"taxonomy":"product_tag","embeddable":true,"href":"https:\/\/jblcorten.com\/es\/wp-json\/wp\/v2\/product_tag?post=3054"}],"curies":[{"name":"wp","href":"https:\/\/api.w.org\/{rel}","templated":true}]}}